{"id":766,"date":"2024-04-27T05:59:42","date_gmt":"2024-04-27T05:59:42","guid":{"rendered":"https:\/\/spinbetter.center\/tr\/?page_id=766"},"modified":"2025-07-11T16:42:12","modified_gmt":"2025-07-11T16:42:12","slug":"games","status":"publish","type":"page","link":"https:\/\/spinbetter.center\/tr\/games\/","title":{"rendered":"Oyunlar"},"content":{"rendered":"","protected":false},"excerpt":{"rendered":"","protected":false},"author":1,"featured_media":0,"parent":0,"menu_order":0,"comment_status":"closed","ping_status":"closed","template":"","meta":{"footnotes":""},"class_list":["post-766","page","type-page","status-publish","hentry"],"yoast_head":"<!-- This site is optimized with the Yoast SEO plugin v27.4 - https:\/\/yoast.com\/product\/yoast-seo-wordpress\/ -->\n<title>SpinBetter T\u00fcrkiye Oyunlar\u0131: 10,000+ Kumar E\u011flencesi<\/title>\n<meta name=\"description\" content=\"Kendinizi SpinBetter kumar d\u00fcnyas\u0131na b\u0131rak\u0131n! 150&#039;den fazla en iyi sa\u011flay\u0131c\u0131dan 10.000&#039;den fazla heyecan verici e\u011flence ile \u015fans\u0131n\u0131z\u0131 yakalay\u0131n. Oynay\u0131n, kazan\u0131n ve e\u011flencenin yeni ufuklar\u0131n\u0131 ke\u015ffedin - adil oyunlar, inan\u0131lmaz oranlar ve sadece ger\u00e7ek duygular!\" \/>\n<meta name=\"robots\" content=\"index, follow, max-snippet:-1, max-image-preview:large, max-video-preview:-1\" \/>\n<link rel=\"canonical\" href=\"https:\/\/spinbetter.center\/tr\/games\/\" \/>\n<meta property=\"og:locale\" content=\"tr_TR\" \/>\n<meta property=\"og:type\" content=\"article\" \/>\n<meta property=\"og:title\" content=\"SpinBetter T\u00fcrkiye Oyunlar\u0131: 10,000+ Kumar E\u011flencesi\" \/>\n<meta property=\"og:description\" content=\"Kendinizi SpinBetter kumar d\u00fcnyas\u0131na b\u0131rak\u0131n! 150&#039;den fazla en iyi sa\u011flay\u0131c\u0131dan 10.000&#039;den fazla heyecan verici e\u011flence ile \u015fans\u0131n\u0131z\u0131 yakalay\u0131n. Oynay\u0131n, kazan\u0131n ve e\u011flencenin yeni ufuklar\u0131n\u0131 ke\u015ffedin - adil oyunlar, inan\u0131lmaz oranlar ve sadece ger\u00e7ek duygular!\" \/>\n<meta property=\"og:url\" content=\"https:\/\/spinbetter.center\/tr\/games\/\" \/>\n<meta property=\"og:site_name\" content=\"SpinBetter tr\" \/>\n<meta property=\"article:modified_time\" content=\"2025-07-11T16:42:12+00:00\" \/>\n<meta name=\"twitter:card\" content=\"summary_large_image\" \/>\n<script type=\"application\/ld+json\" class=\"yoast-schema-graph\">{\"@context\":\"https:\\\/\\\/schema.org\",\"@graph\":[{\"@type\":\"WebPage\",\"@id\":\"https:\\\/\\\/spinbetter.center\\\/tr\\\/games\\\/\",\"url\":\"https:\\\/\\\/spinbetter.center\\\/tr\\\/games\\\/\",\"name\":\"SpinBetter T\u00fcrkiye Oyunlar\u0131: 10,000+ Kumar E\u011flencesi\",\"isPartOf\":{\"@id\":\"https:\\\/\\\/spinbetter.center\\\/tr\\\/#website\"},\"datePublished\":\"2024-04-27T05:59:42+00:00\",\"dateModified\":\"2025-07-11T16:42:12+00:00\",\"description\":\"Kendinizi SpinBetter kumar d\u00fcnyas\u0131na b\u0131rak\u0131n! 150'den fazla en iyi sa\u011flay\u0131c\u0131dan 10.000'den fazla heyecan verici e\u011flence ile \u015fans\u0131n\u0131z\u0131 yakalay\u0131n. Oynay\u0131n, kazan\u0131n ve e\u011flencenin yeni ufuklar\u0131n\u0131 ke\u015ffedin - adil oyunlar, inan\u0131lmaz oranlar ve sadece ger\u00e7ek duygular!\",\"breadcrumb\":{\"@id\":\"https:\\\/\\\/spinbetter.center\\\/tr\\\/games\\\/#breadcrumb\"},\"inLanguage\":\"tr\",\"potentialAction\":[{\"@type\":\"ReadAction\",\"target\":[\"https:\\\/\\\/spinbetter.center\\\/tr\\\/games\\\/\"]}]},{\"@type\":\"BreadcrumbList\",\"@id\":\"https:\\\/\\\/spinbetter.center\\\/tr\\\/games\\\/#breadcrumb\",\"itemListElement\":[{\"@type\":\"ListItem\",\"position\":1,\"name\":\"Home\",\"item\":\"https:\\\/\\\/spinbetter.center\\\/tr\\\/\"},{\"@type\":\"ListItem\",\"position\":2,\"name\":\"Oyunlar\"}]},{\"@type\":\"WebSite\",\"@id\":\"https:\\\/\\\/spinbetter.center\\\/tr\\\/#website\",\"url\":\"https:\\\/\\\/spinbetter.center\\\/tr\\\/\",\"name\":\"SpinBetter\",\"description\":\"SpinBetter\",\"alternateName\":\"Spin Better\",\"potentialAction\":[{\"@type\":\"SearchAction\",\"target\":{\"@type\":\"EntryPoint\",\"urlTemplate\":\"https:\\\/\\\/spinbetter.center\\\/tr\\\/?s={search_term_string}\"},\"query-input\":{\"@type\":\"PropertyValueSpecification\",\"valueRequired\":true,\"valueName\":\"search_term_string\"}}],\"inLanguage\":\"tr\"}]}<\/script>\n<!-- \/ Yoast SEO plugin. -->","yoast_head_json":{"title":"SpinBetter T\u00fcrkiye Oyunlar\u0131: 10,000+ Kumar E\u011flencesi","description":"Kendinizi SpinBetter kumar d\u00fcnyas\u0131na b\u0131rak\u0131n! 150'den fazla en iyi sa\u011flay\u0131c\u0131dan 10.000'den fazla heyecan verici e\u011flence ile \u015fans\u0131n\u0131z\u0131 yakalay\u0131n. Oynay\u0131n, kazan\u0131n ve e\u011flencenin yeni ufuklar\u0131n\u0131 ke\u015ffedin - adil oyunlar, inan\u0131lmaz oranlar ve sadece ger\u00e7ek duygular!","robots":{"index":"index","follow":"follow","max-snippet":"max-snippet:-1","max-image-preview":"max-image-preview:large","max-video-preview":"max-video-preview:-1"},"canonical":"https:\/\/spinbetter.center\/tr\/games\/","og_locale":"tr_TR","og_type":"article","og_title":"SpinBetter T\u00fcrkiye Oyunlar\u0131: 10,000+ Kumar E\u011flencesi","og_description":"Kendinizi SpinBetter kumar d\u00fcnyas\u0131na b\u0131rak\u0131n! 150'den fazla en iyi sa\u011flay\u0131c\u0131dan 10.000'den fazla heyecan verici e\u011flence ile \u015fans\u0131n\u0131z\u0131 yakalay\u0131n. Oynay\u0131n, kazan\u0131n ve e\u011flencenin yeni ufuklar\u0131n\u0131 ke\u015ffedin - adil oyunlar, inan\u0131lmaz oranlar ve sadece ger\u00e7ek duygular!","og_url":"https:\/\/spinbetter.center\/tr\/games\/","og_site_name":"SpinBetter tr","article_modified_time":"2025-07-11T16:42:12+00:00","twitter_card":"summary_large_image","schema":{"@context":"https:\/\/schema.org","@graph":[{"@type":"WebPage","@id":"https:\/\/spinbetter.center\/tr\/games\/","url":"https:\/\/spinbetter.center\/tr\/games\/","name":"SpinBetter T\u00fcrkiye Oyunlar\u0131: 10,000+ Kumar E\u011flencesi","isPartOf":{"@id":"https:\/\/spinbetter.center\/tr\/#website"},"datePublished":"2024-04-27T05:59:42+00:00","dateModified":"2025-07-11T16:42:12+00:00","description":"Kendinizi SpinBetter kumar d\u00fcnyas\u0131na b\u0131rak\u0131n! 150'den fazla en iyi sa\u011flay\u0131c\u0131dan 10.000'den fazla heyecan verici e\u011flence ile \u015fans\u0131n\u0131z\u0131 yakalay\u0131n. Oynay\u0131n, kazan\u0131n ve e\u011flencenin yeni ufuklar\u0131n\u0131 ke\u015ffedin - adil oyunlar, inan\u0131lmaz oranlar ve sadece ger\u00e7ek duygular!","breadcrumb":{"@id":"https:\/\/spinbetter.center\/tr\/games\/#breadcrumb"},"inLanguage":"tr","potentialAction":[{"@type":"ReadAction","target":["https:\/\/spinbetter.center\/tr\/games\/"]}]},{"@type":"BreadcrumbList","@id":"https:\/\/spinbetter.center\/tr\/games\/#breadcrumb","itemListElement":[{"@type":"ListItem","position":1,"name":"Home","item":"https:\/\/spinbetter.center\/tr\/"},{"@type":"ListItem","position":2,"name":"Oyunlar"}]},{"@type":"WebSite","@id":"https:\/\/spinbetter.center\/tr\/#website","url":"https:\/\/spinbetter.center\/tr\/","name":"SpinBetter","description":"SpinBetter","alternateName":"Spin Better","potentialAction":[{"@type":"SearchAction","target":{"@type":"EntryPoint","urlTemplate":"https:\/\/spinbetter.center\/tr\/?s={search_term_string}"},"query-input":{"@type":"PropertyValueSpecification","valueRequired":true,"valueName":"search_term_string"}}],"inLanguage":"tr"}]}},"_links":{"self":[{"href":"https:\/\/spinbetter.center\/tr\/wp-json\/wp\/v2\/pages\/766","targetHints":{"allow":["GET"]}}],"collection":[{"href":"https:\/\/spinbetter.center\/tr\/wp-json\/wp\/v2\/pages"}],"about":[{"href":"https:\/\/spinbetter.center\/tr\/wp-json\/wp\/v2\/types\/page"}],"author":[{"embeddable":true,"href":"https:\/\/spinbetter.center\/tr\/wp-json\/wp\/v2\/users\/1"}],"replies":[{"embeddable":true,"href":"https:\/\/spinbetter.center\/tr\/wp-json\/wp\/v2\/comments?post=766"}],"version-history":[{"count":5,"href":"https:\/\/spinbetter.center\/tr\/wp-json\/wp\/v2\/pages\/766\/revisions"}],"predecessor-version":[{"id":817,"href":"https:\/\/spinbetter.center\/tr\/wp-json\/wp\/v2\/pages\/766\/revisions\/817"}],"wp:attachment":[{"href":"https:\/\/spinbetter.center\/tr\/wp-json\/wp\/v2\/media?parent=766"}],"curies":[{"name":"wp","href":"https:\/\/api.w.org\/{rel}","templated":true}]}}