{"id":521,"date":"2025-03-28T15:40:33","date_gmt":"2025-03-28T15:40:33","guid":{"rendered":"https:\/\/spinbetter.center\/tr\/?page_id=521"},"modified":"2025-08-06T19:04:58","modified_gmt":"2025-08-06T19:04:58","slug":"losing-bets","status":"publish","type":"page","link":"https:\/\/spinbetter.center\/tr\/bonuses\/losing-bets\/","title":{"rendered":"Kaybeden Bahisler"},"content":{"rendered":"","protected":false},"excerpt":{"rendered":"","protected":false},"author":1,"featured_media":0,"parent":272,"menu_order":0,"comment_status":"closed","ping_status":"closed","template":"","meta":{"footnotes":""},"class_list":["post-521","page","type-page","status-publish","hentry"],"yoast_head":"<!-- This site is optimized with the Yoast SEO plugin v27.4 - https:\/\/yoast.com\/product\/yoast-seo-wordpress\/ -->\n<title>Bir dizi k\u00f6t\u00fc bahis i\u00e7in SpinBetter bonusu: 20 000 TL&#039;ye kadar bahis kazan\u0131n!<\/title>\n<meta name=\"description\" content=\"Aksiliklerin sizi k\u0131rmas\u0131na izin vermeyin! SpinBetter sizi kaderinize terk etmeyecek! Bir dizi k\u00f6t\u00fc bahis i\u00e7in ekstra bir \u015fans ve 20 000 TL&#039;ye kadar tazminat kazan\u0131n. Kendinize g\u00fcveninizi geri kazan\u0131n ve di\u011ferleri panik yaparken siz kazan\u0131n!\" \/>\n<meta name=\"robots\" content=\"index, follow, max-snippet:-1, max-image-preview:large, max-video-preview:-1\" \/>\n<link rel=\"canonical\" href=\"https:\/\/spinbetter.center\/tr\/bonuses\/losing-bets\/\" \/>\n<meta property=\"og:locale\" content=\"tr_TR\" \/>\n<meta property=\"og:type\" content=\"article\" \/>\n<meta property=\"og:title\" content=\"Bir dizi k\u00f6t\u00fc bahis i\u00e7in SpinBetter bonusu: 20 000 TL&#039;ye kadar bahis kazan\u0131n!\" \/>\n<meta property=\"og:description\" content=\"Aksiliklerin sizi k\u0131rmas\u0131na izin vermeyin! SpinBetter sizi kaderinize terk etmeyecek! Bir dizi k\u00f6t\u00fc bahis i\u00e7in ekstra bir \u015fans ve 20 000 TL&#039;ye kadar tazminat kazan\u0131n. Kendinize g\u00fcveninizi geri kazan\u0131n ve di\u011ferleri panik yaparken siz kazan\u0131n!\" \/>\n<meta property=\"og:url\" content=\"https:\/\/spinbetter.center\/tr\/bonuses\/losing-bets\/\" \/>\n<meta property=\"og:site_name\" content=\"SpinBetter tr\" \/>\n<meta property=\"article:modified_time\" content=\"2025-08-06T19:04:58+00:00\" \/>\n<meta name=\"twitter:card\" content=\"summary_large_image\" \/>\n<script type=\"application\/ld+json\" class=\"yoast-schema-graph\">{\"@context\":\"https:\\\/\\\/schema.org\",\"@graph\":[{\"@type\":\"WebPage\",\"@id\":\"https:\\\/\\\/spinbetter.center\\\/tr\\\/bonuses\\\/losing-bets\\\/\",\"url\":\"https:\\\/\\\/spinbetter.center\\\/tr\\\/bonuses\\\/losing-bets\\\/\",\"name\":\"Bir dizi k\u00f6t\u00fc bahis i\u00e7in SpinBetter bonusu: 20 000 TL'ye kadar bahis kazan\u0131n!\",\"isPartOf\":{\"@id\":\"https:\\\/\\\/spinbetter.center\\\/tr\\\/#website\"},\"datePublished\":\"2025-03-28T15:40:33+00:00\",\"dateModified\":\"2025-08-06T19:04:58+00:00\",\"description\":\"Aksiliklerin sizi k\u0131rmas\u0131na izin vermeyin! SpinBetter sizi kaderinize terk etmeyecek! Bir dizi k\u00f6t\u00fc bahis i\u00e7in ekstra bir \u015fans ve 20 000 TL'ye kadar tazminat kazan\u0131n. Kendinize g\u00fcveninizi geri kazan\u0131n ve di\u011ferleri panik yaparken siz kazan\u0131n!\",\"breadcrumb\":{\"@id\":\"https:\\\/\\\/spinbetter.center\\\/tr\\\/bonuses\\\/losing-bets\\\/#breadcrumb\"},\"inLanguage\":\"tr\",\"potentialAction\":[{\"@type\":\"ReadAction\",\"target\":[\"https:\\\/\\\/spinbetter.center\\\/tr\\\/bonuses\\\/losing-bets\\\/\"]}]},{\"@type\":\"BreadcrumbList\",\"@id\":\"https:\\\/\\\/spinbetter.center\\\/tr\\\/bonuses\\\/losing-bets\\\/#breadcrumb\",\"itemListElement\":[{\"@type\":\"ListItem\",\"position\":1,\"name\":\"Home\",\"item\":\"https:\\\/\\\/spinbetter.center\\\/tr\\\/\"},{\"@type\":\"ListItem\",\"position\":2,\"name\":\"Bonuslar\",\"item\":\"https:\\\/\\\/spinbetter.center\\\/tr\\\/bonuses\\\/\"},{\"@type\":\"ListItem\",\"position\":3,\"name\":\"Kaybeden Bahisler\"}]},{\"@type\":\"WebSite\",\"@id\":\"https:\\\/\\\/spinbetter.center\\\/tr\\\/#website\",\"url\":\"https:\\\/\\\/spinbetter.center\\\/tr\\\/\",\"name\":\"SpinBetter\",\"description\":\"SpinBetter\",\"alternateName\":\"Spin Better\",\"potentialAction\":[{\"@type\":\"SearchAction\",\"target\":{\"@type\":\"EntryPoint\",\"urlTemplate\":\"https:\\\/\\\/spinbetter.center\\\/tr\\\/?s={search_term_string}\"},\"query-input\":{\"@type\":\"PropertyValueSpecification\",\"valueRequired\":true,\"valueName\":\"search_term_string\"}}],\"inLanguage\":\"tr\"}]}<\/script>\n<!-- \/ Yoast SEO plugin. -->","yoast_head_json":{"title":"Bir dizi k\u00f6t\u00fc bahis i\u00e7in SpinBetter bonusu: 20 000 TL'ye kadar bahis kazan\u0131n!","description":"Aksiliklerin sizi k\u0131rmas\u0131na izin vermeyin! SpinBetter sizi kaderinize terk etmeyecek! Bir dizi k\u00f6t\u00fc bahis i\u00e7in ekstra bir \u015fans ve 20 000 TL'ye kadar tazminat kazan\u0131n. Kendinize g\u00fcveninizi geri kazan\u0131n ve di\u011ferleri panik yaparken siz kazan\u0131n!","robots":{"index":"index","follow":"follow","max-snippet":"max-snippet:-1","max-image-preview":"max-image-preview:large","max-video-preview":"max-video-preview:-1"},"canonical":"https:\/\/spinbetter.center\/tr\/bonuses\/losing-bets\/","og_locale":"tr_TR","og_type":"article","og_title":"Bir dizi k\u00f6t\u00fc bahis i\u00e7in SpinBetter bonusu: 20 000 TL'ye kadar bahis kazan\u0131n!","og_description":"Aksiliklerin sizi k\u0131rmas\u0131na izin vermeyin! SpinBetter sizi kaderinize terk etmeyecek! Bir dizi k\u00f6t\u00fc bahis i\u00e7in ekstra bir \u015fans ve 20 000 TL'ye kadar tazminat kazan\u0131n. Kendinize g\u00fcveninizi geri kazan\u0131n ve di\u011ferleri panik yaparken siz kazan\u0131n!","og_url":"https:\/\/spinbetter.center\/tr\/bonuses\/losing-bets\/","og_site_name":"SpinBetter tr","article_modified_time":"2025-08-06T19:04:58+00:00","twitter_card":"summary_large_image","schema":{"@context":"https:\/\/schema.org","@graph":[{"@type":"WebPage","@id":"https:\/\/spinbetter.center\/tr\/bonuses\/losing-bets\/","url":"https:\/\/spinbetter.center\/tr\/bonuses\/losing-bets\/","name":"Bir dizi k\u00f6t\u00fc bahis i\u00e7in SpinBetter bonusu: 20 000 TL'ye kadar bahis kazan\u0131n!","isPartOf":{"@id":"https:\/\/spinbetter.center\/tr\/#website"},"datePublished":"2025-03-28T15:40:33+00:00","dateModified":"2025-08-06T19:04:58+00:00","description":"Aksiliklerin sizi k\u0131rmas\u0131na izin vermeyin! SpinBetter sizi kaderinize terk etmeyecek! Bir dizi k\u00f6t\u00fc bahis i\u00e7in ekstra bir \u015fans ve 20 000 TL'ye kadar tazminat kazan\u0131n. Kendinize g\u00fcveninizi geri kazan\u0131n ve di\u011ferleri panik yaparken siz kazan\u0131n!","breadcrumb":{"@id":"https:\/\/spinbetter.center\/tr\/bonuses\/losing-bets\/#breadcrumb"},"inLanguage":"tr","potentialAction":[{"@type":"ReadAction","target":["https:\/\/spinbetter.center\/tr\/bonuses\/losing-bets\/"]}]},{"@type":"BreadcrumbList","@id":"https:\/\/spinbetter.center\/tr\/bonuses\/losing-bets\/#breadcrumb","itemListElement":[{"@type":"ListItem","position":1,"name":"Home","item":"https:\/\/spinbetter.center\/tr\/"},{"@type":"ListItem","position":2,"name":"Bonuslar","item":"https:\/\/spinbetter.center\/tr\/bonuses\/"},{"@type":"ListItem","position":3,"name":"Kaybeden Bahisler"}]},{"@type":"WebSite","@id":"https:\/\/spinbetter.center\/tr\/#website","url":"https:\/\/spinbetter.center\/tr\/","name":"SpinBetter","description":"SpinBetter","alternateName":"Spin Better","potentialAction":[{"@type":"SearchAction","target":{"@type":"EntryPoint","urlTemplate":"https:\/\/spinbetter.center\/tr\/?s={search_term_string}"},"query-input":{"@type":"PropertyValueSpecification","valueRequired":true,"valueName":"search_term_string"}}],"inLanguage":"tr"}]}},"_links":{"self":[{"href":"https:\/\/spinbetter.center\/tr\/wp-json\/wp\/v2\/pages\/521","targetHints":{"allow":["GET"]}}],"collection":[{"href":"https:\/\/spinbetter.center\/tr\/wp-json\/wp\/v2\/pages"}],"about":[{"href":"https:\/\/spinbetter.center\/tr\/wp-json\/wp\/v2\/types\/page"}],"author":[{"embeddable":true,"href":"https:\/\/spinbetter.center\/tr\/wp-json\/wp\/v2\/users\/1"}],"replies":[{"embeddable":true,"href":"https:\/\/spinbetter.center\/tr\/wp-json\/wp\/v2\/comments?post=521"}],"version-history":[{"count":8,"href":"https:\/\/spinbetter.center\/tr\/wp-json\/wp\/v2\/pages\/521\/revisions"}],"predecessor-version":[{"id":842,"href":"https:\/\/spinbetter.center\/tr\/wp-json\/wp\/v2\/pages\/521\/revisions\/842"}],"up":[{"embeddable":true,"href":"https:\/\/spinbetter.center\/tr\/wp-json\/wp\/v2\/pages\/272"}],"wp:attachment":[{"href":"https:\/\/spinbetter.center\/tr\/wp-json\/wp\/v2\/media?parent=521"}],"curies":[{"name":"wp","href":"https:\/\/api.w.org\/{rel}","templated":true}]}}