{"id":519,"date":"2025-03-28T15:29:30","date_gmt":"2025-03-28T15:29:30","guid":{"rendered":"https:\/\/spinbetter.center\/tr\/?page_id=519"},"modified":"2025-08-06T19:04:36","modified_gmt":"2025-08-06T19:04:36","slug":"first-deposit","status":"publish","type":"page","link":"https:\/\/spinbetter.center\/tr\/bonuses\/first-deposit\/","title":{"rendered":"\u0130lk Para Yat\u0131rma"},"content":{"rendered":"","protected":false},"excerpt":{"rendered":"","protected":false},"author":1,"featured_media":0,"parent":272,"menu_order":0,"comment_status":"closed","ping_status":"closed","template":"","meta":{"footnotes":""},"class_list":["post-519","page","type-page","status-publish","hentry"],"yoast_head":"<!-- This site is optimized with the Yoast SEO plugin v27.4 - https:\/\/yoast.com\/product\/yoast-seo-wordpress\/ -->\n<title>SpinBetter Ho\u015f Geldiniz paketi: 70 000 TRY + 150 FS<\/title>\n<meta name=\"description\" content=\"SpinBetter&#039;dan g\u00f6z kama\u015ft\u0131r\u0131c\u0131 bir ho\u015f geldin paketi ile kumar d\u00fcnyas\u0131n\u0131n kap\u0131s\u0131n\u0131 aralay\u0131n! D\u00f6rt g\u00fc\u00e7l\u00fc kont\u00f6r, 70.000 TL&#039;ye kadar ve 150 freespin! \u015eans\u0131n\u0131z\u0131 deneme ve oyun seans\u0131n\u0131z\u0131 unutulmaz k\u0131lacak etkileyici bonuslar kazanma \u015fans\u0131n\u0131 ka\u00e7\u0131rmay\u0131n!\" \/>\n<meta name=\"robots\" content=\"index, follow, max-snippet:-1, max-image-preview:large, max-video-preview:-1\" \/>\n<link rel=\"canonical\" href=\"https:\/\/spinbetter.center\/tr\/bonuses\/first-deposit\/\" \/>\n<meta property=\"og:locale\" content=\"tr_TR\" \/>\n<meta property=\"og:type\" content=\"article\" \/>\n<meta property=\"og:title\" content=\"SpinBetter Ho\u015f Geldiniz paketi: 70 000 TRY + 150 FS\" \/>\n<meta property=\"og:description\" content=\"SpinBetter&#039;dan g\u00f6z kama\u015ft\u0131r\u0131c\u0131 bir ho\u015f geldin paketi ile kumar d\u00fcnyas\u0131n\u0131n kap\u0131s\u0131n\u0131 aralay\u0131n! D\u00f6rt g\u00fc\u00e7l\u00fc kont\u00f6r, 70.000 TL&#039;ye kadar ve 150 freespin! \u015eans\u0131n\u0131z\u0131 deneme ve oyun seans\u0131n\u0131z\u0131 unutulmaz k\u0131lacak etkileyici bonuslar kazanma \u015fans\u0131n\u0131 ka\u00e7\u0131rmay\u0131n!\" \/>\n<meta property=\"og:url\" content=\"https:\/\/spinbetter.center\/tr\/bonuses\/first-deposit\/\" \/>\n<meta property=\"og:site_name\" content=\"SpinBetter tr\" \/>\n<meta property=\"article:modified_time\" content=\"2025-08-06T19:04:36+00:00\" \/>\n<meta name=\"twitter:card\" content=\"summary_large_image\" \/>\n<script type=\"application\/ld+json\" class=\"yoast-schema-graph\">{\"@context\":\"https:\\\/\\\/schema.org\",\"@graph\":[{\"@type\":\"WebPage\",\"@id\":\"https:\\\/\\\/spinbetter.center\\\/tr\\\/bonuses\\\/first-deposit\\\/\",\"url\":\"https:\\\/\\\/spinbetter.center\\\/tr\\\/bonuses\\\/first-deposit\\\/\",\"name\":\"SpinBetter Ho\u015f Geldiniz paketi: 70 000 TRY + 150 FS\",\"isPartOf\":{\"@id\":\"https:\\\/\\\/spinbetter.center\\\/tr\\\/#website\"},\"datePublished\":\"2025-03-28T15:29:30+00:00\",\"dateModified\":\"2025-08-06T19:04:36+00:00\",\"description\":\"SpinBetter'dan g\u00f6z kama\u015ft\u0131r\u0131c\u0131 bir ho\u015f geldin paketi ile kumar d\u00fcnyas\u0131n\u0131n kap\u0131s\u0131n\u0131 aralay\u0131n! D\u00f6rt g\u00fc\u00e7l\u00fc kont\u00f6r, 70.000 TL'ye kadar ve 150 freespin! \u015eans\u0131n\u0131z\u0131 deneme ve oyun seans\u0131n\u0131z\u0131 unutulmaz k\u0131lacak etkileyici bonuslar kazanma \u015fans\u0131n\u0131 ka\u00e7\u0131rmay\u0131n!\",\"breadcrumb\":{\"@id\":\"https:\\\/\\\/spinbetter.center\\\/tr\\\/bonuses\\\/first-deposit\\\/#breadcrumb\"},\"inLanguage\":\"tr\",\"potentialAction\":[{\"@type\":\"ReadAction\",\"target\":[\"https:\\\/\\\/spinbetter.center\\\/tr\\\/bonuses\\\/first-deposit\\\/\"]}]},{\"@type\":\"BreadcrumbList\",\"@id\":\"https:\\\/\\\/spinbetter.center\\\/tr\\\/bonuses\\\/first-deposit\\\/#breadcrumb\",\"itemListElement\":[{\"@type\":\"ListItem\",\"position\":1,\"name\":\"Home\",\"item\":\"https:\\\/\\\/spinbetter.center\\\/tr\\\/\"},{\"@type\":\"ListItem\",\"position\":2,\"name\":\"Bonuslar\",\"item\":\"https:\\\/\\\/spinbetter.center\\\/tr\\\/bonuses\\\/\"},{\"@type\":\"ListItem\",\"position\":3,\"name\":\"\u0130lk Para Yat\u0131rma\"}]},{\"@type\":\"WebSite\",\"@id\":\"https:\\\/\\\/spinbetter.center\\\/tr\\\/#website\",\"url\":\"https:\\\/\\\/spinbetter.center\\\/tr\\\/\",\"name\":\"SpinBetter\",\"description\":\"SpinBetter\",\"alternateName\":\"Spin Better\",\"potentialAction\":[{\"@type\":\"SearchAction\",\"target\":{\"@type\":\"EntryPoint\",\"urlTemplate\":\"https:\\\/\\\/spinbetter.center\\\/tr\\\/?s={search_term_string}\"},\"query-input\":{\"@type\":\"PropertyValueSpecification\",\"valueRequired\":true,\"valueName\":\"search_term_string\"}}],\"inLanguage\":\"tr\"}]}<\/script>\n<!-- \/ Yoast SEO plugin. -->","yoast_head_json":{"title":"SpinBetter Ho\u015f Geldiniz paketi: 70 000 TRY + 150 FS","description":"SpinBetter'dan g\u00f6z kama\u015ft\u0131r\u0131c\u0131 bir ho\u015f geldin paketi ile kumar d\u00fcnyas\u0131n\u0131n kap\u0131s\u0131n\u0131 aralay\u0131n! D\u00f6rt g\u00fc\u00e7l\u00fc kont\u00f6r, 70.000 TL'ye kadar ve 150 freespin! \u015eans\u0131n\u0131z\u0131 deneme ve oyun seans\u0131n\u0131z\u0131 unutulmaz k\u0131lacak etkileyici bonuslar kazanma \u015fans\u0131n\u0131 ka\u00e7\u0131rmay\u0131n!","robots":{"index":"index","follow":"follow","max-snippet":"max-snippet:-1","max-image-preview":"max-image-preview:large","max-video-preview":"max-video-preview:-1"},"canonical":"https:\/\/spinbetter.center\/tr\/bonuses\/first-deposit\/","og_locale":"tr_TR","og_type":"article","og_title":"SpinBetter Ho\u015f Geldiniz paketi: 70 000 TRY + 150 FS","og_description":"SpinBetter'dan g\u00f6z kama\u015ft\u0131r\u0131c\u0131 bir ho\u015f geldin paketi ile kumar d\u00fcnyas\u0131n\u0131n kap\u0131s\u0131n\u0131 aralay\u0131n! D\u00f6rt g\u00fc\u00e7l\u00fc kont\u00f6r, 70.000 TL'ye kadar ve 150 freespin! \u015eans\u0131n\u0131z\u0131 deneme ve oyun seans\u0131n\u0131z\u0131 unutulmaz k\u0131lacak etkileyici bonuslar kazanma \u015fans\u0131n\u0131 ka\u00e7\u0131rmay\u0131n!","og_url":"https:\/\/spinbetter.center\/tr\/bonuses\/first-deposit\/","og_site_name":"SpinBetter tr","article_modified_time":"2025-08-06T19:04:36+00:00","twitter_card":"summary_large_image","schema":{"@context":"https:\/\/schema.org","@graph":[{"@type":"WebPage","@id":"https:\/\/spinbetter.center\/tr\/bonuses\/first-deposit\/","url":"https:\/\/spinbetter.center\/tr\/bonuses\/first-deposit\/","name":"SpinBetter Ho\u015f Geldiniz paketi: 70 000 TRY + 150 FS","isPartOf":{"@id":"https:\/\/spinbetter.center\/tr\/#website"},"datePublished":"2025-03-28T15:29:30+00:00","dateModified":"2025-08-06T19:04:36+00:00","description":"SpinBetter'dan g\u00f6z kama\u015ft\u0131r\u0131c\u0131 bir ho\u015f geldin paketi ile kumar d\u00fcnyas\u0131n\u0131n kap\u0131s\u0131n\u0131 aralay\u0131n! D\u00f6rt g\u00fc\u00e7l\u00fc kont\u00f6r, 70.000 TL'ye kadar ve 150 freespin! \u015eans\u0131n\u0131z\u0131 deneme ve oyun seans\u0131n\u0131z\u0131 unutulmaz k\u0131lacak etkileyici bonuslar kazanma \u015fans\u0131n\u0131 ka\u00e7\u0131rmay\u0131n!","breadcrumb":{"@id":"https:\/\/spinbetter.center\/tr\/bonuses\/first-deposit\/#breadcrumb"},"inLanguage":"tr","potentialAction":[{"@type":"ReadAction","target":["https:\/\/spinbetter.center\/tr\/bonuses\/first-deposit\/"]}]},{"@type":"BreadcrumbList","@id":"https:\/\/spinbetter.center\/tr\/bonuses\/first-deposit\/#breadcrumb","itemListElement":[{"@type":"ListItem","position":1,"name":"Home","item":"https:\/\/spinbetter.center\/tr\/"},{"@type":"ListItem","position":2,"name":"Bonuslar","item":"https:\/\/spinbetter.center\/tr\/bonuses\/"},{"@type":"ListItem","position":3,"name":"\u0130lk Para Yat\u0131rma"}]},{"@type":"WebSite","@id":"https:\/\/spinbetter.center\/tr\/#website","url":"https:\/\/spinbetter.center\/tr\/","name":"SpinBetter","description":"SpinBetter","alternateName":"Spin Better","potentialAction":[{"@type":"SearchAction","target":{"@type":"EntryPoint","urlTemplate":"https:\/\/spinbetter.center\/tr\/?s={search_term_string}"},"query-input":{"@type":"PropertyValueSpecification","valueRequired":true,"valueName":"search_term_string"}}],"inLanguage":"tr"}]}},"_links":{"self":[{"href":"https:\/\/spinbetter.center\/tr\/wp-json\/wp\/v2\/pages\/519","targetHints":{"allow":["GET"]}}],"collection":[{"href":"https:\/\/spinbetter.center\/tr\/wp-json\/wp\/v2\/pages"}],"about":[{"href":"https:\/\/spinbetter.center\/tr\/wp-json\/wp\/v2\/types\/page"}],"author":[{"embeddable":true,"href":"https:\/\/spinbetter.center\/tr\/wp-json\/wp\/v2\/users\/1"}],"replies":[{"embeddable":true,"href":"https:\/\/spinbetter.center\/tr\/wp-json\/wp\/v2\/comments?post=519"}],"version-history":[{"count":8,"href":"https:\/\/spinbetter.center\/tr\/wp-json\/wp\/v2\/pages\/519\/revisions"}],"predecessor-version":[{"id":841,"href":"https:\/\/spinbetter.center\/tr\/wp-json\/wp\/v2\/pages\/519\/revisions\/841"}],"up":[{"embeddable":true,"href":"https:\/\/spinbetter.center\/tr\/wp-json\/wp\/v2\/pages\/272"}],"wp:attachment":[{"href":"https:\/\/spinbetter.center\/tr\/wp-json\/wp\/v2\/media?parent=519"}],"curies":[{"name":"wp","href":"https:\/\/api.w.org\/{rel}","templated":true}]}}