{"id":422,"date":"2024-11-11T09:29:24","date_gmt":"2024-11-11T09:29:24","guid":{"rendered":"https:\/\/spinbetter.center\/tr\/?page_id=422"},"modified":"2025-08-06T19:11:30","modified_gmt":"2025-08-06T19:11:30","slug":"login","status":"publish","type":"page","link":"https:\/\/spinbetter.center\/tr\/login\/","title":{"rendered":"Giri\u015f"},"content":{"rendered":"","protected":false},"excerpt":{"rendered":"","protected":false},"author":1,"featured_media":0,"parent":0,"menu_order":0,"comment_status":"closed","ping_status":"closed","template":"","meta":{"footnotes":""},"class_list":["post-422","page","type-page","status-publish","hentry"],"yoast_head":"<!-- This site is optimized with the Yoast SEO plugin v27.4 - https:\/\/yoast.com\/product\/yoast-seo-wordpress\/ -->\n<title>SpinBetter Yetkilendirmesi | Eri\u015fim nas\u0131l geri y\u00fcklenir<\/title>\n<meta name=\"description\" content=\"SpinBetter T\u00fcrkiye hesab\u0131na giri\u015f yapman\u0131n temel y\u00f6ntemleri. Unutulan bir \u015fifreyi kurtarmak i\u00e7in ad\u0131m ad\u0131m k\u0131lavuz. Yayg\u0131n oturum a\u00e7ma sorunlar\u0131na \u00e7\u00f6z\u00fcmler.\" \/>\n<meta name=\"robots\" content=\"index, follow, max-snippet:-1, max-image-preview:large, max-video-preview:-1\" \/>\n<link rel=\"canonical\" href=\"https:\/\/spinbetter.center\/tr\/login\/\" \/>\n<meta property=\"og:locale\" content=\"tr_TR\" \/>\n<meta property=\"og:type\" content=\"article\" \/>\n<meta property=\"og:title\" content=\"SpinBetter Yetkilendirmesi | Eri\u015fim nas\u0131l geri y\u00fcklenir\" \/>\n<meta property=\"og:description\" content=\"SpinBetter T\u00fcrkiye hesab\u0131na giri\u015f yapman\u0131n temel y\u00f6ntemleri. Unutulan bir \u015fifreyi kurtarmak i\u00e7in ad\u0131m ad\u0131m k\u0131lavuz. Yayg\u0131n oturum a\u00e7ma sorunlar\u0131na \u00e7\u00f6z\u00fcmler.\" \/>\n<meta property=\"og:url\" content=\"https:\/\/spinbetter.center\/tr\/login\/\" \/>\n<meta property=\"og:site_name\" content=\"SpinBetter tr\" \/>\n<meta property=\"article:modified_time\" content=\"2025-08-06T19:11:30+00:00\" \/>\n<meta name=\"twitter:card\" content=\"summary_large_image\" \/>\n<script type=\"application\/ld+json\" class=\"yoast-schema-graph\">{\"@context\":\"https:\\\/\\\/schema.org\",\"@graph\":[{\"@type\":\"WebPage\",\"@id\":\"https:\\\/\\\/spinbetter.center\\\/tr\\\/login\\\/\",\"url\":\"https:\\\/\\\/spinbetter.center\\\/tr\\\/login\\\/\",\"name\":\"SpinBetter Yetkilendirmesi | Eri\u015fim nas\u0131l geri y\u00fcklenir\",\"isPartOf\":{\"@id\":\"https:\\\/\\\/spinbetter.center\\\/tr\\\/#website\"},\"datePublished\":\"2024-11-11T09:29:24+00:00\",\"dateModified\":\"2025-08-06T19:11:30+00:00\",\"description\":\"SpinBetter T\u00fcrkiye hesab\u0131na giri\u015f yapman\u0131n temel y\u00f6ntemleri. Unutulan bir \u015fifreyi kurtarmak i\u00e7in ad\u0131m ad\u0131m k\u0131lavuz. Yayg\u0131n oturum a\u00e7ma sorunlar\u0131na \u00e7\u00f6z\u00fcmler.\",\"breadcrumb\":{\"@id\":\"https:\\\/\\\/spinbetter.center\\\/tr\\\/login\\\/#breadcrumb\"},\"inLanguage\":\"tr\",\"potentialAction\":[{\"@type\":\"ReadAction\",\"target\":[\"https:\\\/\\\/spinbetter.center\\\/tr\\\/login\\\/\"]}]},{\"@type\":\"BreadcrumbList\",\"@id\":\"https:\\\/\\\/spinbetter.center\\\/tr\\\/login\\\/#breadcrumb\",\"itemListElement\":[{\"@type\":\"ListItem\",\"position\":1,\"name\":\"Home\",\"item\":\"https:\\\/\\\/spinbetter.center\\\/tr\\\/\"},{\"@type\":\"ListItem\",\"position\":2,\"name\":\"Giri\u015f\"}]},{\"@type\":\"WebSite\",\"@id\":\"https:\\\/\\\/spinbetter.center\\\/tr\\\/#website\",\"url\":\"https:\\\/\\\/spinbetter.center\\\/tr\\\/\",\"name\":\"SpinBetter\",\"description\":\"SpinBetter\",\"alternateName\":\"Spin Better\",\"potentialAction\":[{\"@type\":\"SearchAction\",\"target\":{\"@type\":\"EntryPoint\",\"urlTemplate\":\"https:\\\/\\\/spinbetter.center\\\/tr\\\/?s={search_term_string}\"},\"query-input\":{\"@type\":\"PropertyValueSpecification\",\"valueRequired\":true,\"valueName\":\"search_term_string\"}}],\"inLanguage\":\"tr\"}]}<\/script>\n<!-- \/ Yoast SEO plugin. -->","yoast_head_json":{"title":"SpinBetter Yetkilendirmesi | Eri\u015fim nas\u0131l geri y\u00fcklenir","description":"SpinBetter T\u00fcrkiye hesab\u0131na giri\u015f yapman\u0131n temel y\u00f6ntemleri. Unutulan bir \u015fifreyi kurtarmak i\u00e7in ad\u0131m ad\u0131m k\u0131lavuz. Yayg\u0131n oturum a\u00e7ma sorunlar\u0131na \u00e7\u00f6z\u00fcmler.","robots":{"index":"index","follow":"follow","max-snippet":"max-snippet:-1","max-image-preview":"max-image-preview:large","max-video-preview":"max-video-preview:-1"},"canonical":"https:\/\/spinbetter.center\/tr\/login\/","og_locale":"tr_TR","og_type":"article","og_title":"SpinBetter Yetkilendirmesi | Eri\u015fim nas\u0131l geri y\u00fcklenir","og_description":"SpinBetter T\u00fcrkiye hesab\u0131na giri\u015f yapman\u0131n temel y\u00f6ntemleri. Unutulan bir \u015fifreyi kurtarmak i\u00e7in ad\u0131m ad\u0131m k\u0131lavuz. Yayg\u0131n oturum a\u00e7ma sorunlar\u0131na \u00e7\u00f6z\u00fcmler.","og_url":"https:\/\/spinbetter.center\/tr\/login\/","og_site_name":"SpinBetter tr","article_modified_time":"2025-08-06T19:11:30+00:00","twitter_card":"summary_large_image","schema":{"@context":"https:\/\/schema.org","@graph":[{"@type":"WebPage","@id":"https:\/\/spinbetter.center\/tr\/login\/","url":"https:\/\/spinbetter.center\/tr\/login\/","name":"SpinBetter Yetkilendirmesi | Eri\u015fim nas\u0131l geri y\u00fcklenir","isPartOf":{"@id":"https:\/\/spinbetter.center\/tr\/#website"},"datePublished":"2024-11-11T09:29:24+00:00","dateModified":"2025-08-06T19:11:30+00:00","description":"SpinBetter T\u00fcrkiye hesab\u0131na giri\u015f yapman\u0131n temel y\u00f6ntemleri. Unutulan bir \u015fifreyi kurtarmak i\u00e7in ad\u0131m ad\u0131m k\u0131lavuz. Yayg\u0131n oturum a\u00e7ma sorunlar\u0131na \u00e7\u00f6z\u00fcmler.","breadcrumb":{"@id":"https:\/\/spinbetter.center\/tr\/login\/#breadcrumb"},"inLanguage":"tr","potentialAction":[{"@type":"ReadAction","target":["https:\/\/spinbetter.center\/tr\/login\/"]}]},{"@type":"BreadcrumbList","@id":"https:\/\/spinbetter.center\/tr\/login\/#breadcrumb","itemListElement":[{"@type":"ListItem","position":1,"name":"Home","item":"https:\/\/spinbetter.center\/tr\/"},{"@type":"ListItem","position":2,"name":"Giri\u015f"}]},{"@type":"WebSite","@id":"https:\/\/spinbetter.center\/tr\/#website","url":"https:\/\/spinbetter.center\/tr\/","name":"SpinBetter","description":"SpinBetter","alternateName":"Spin Better","potentialAction":[{"@type":"SearchAction","target":{"@type":"EntryPoint","urlTemplate":"https:\/\/spinbetter.center\/tr\/?s={search_term_string}"},"query-input":{"@type":"PropertyValueSpecification","valueRequired":true,"valueName":"search_term_string"}}],"inLanguage":"tr"}]}},"_links":{"self":[{"href":"https:\/\/spinbetter.center\/tr\/wp-json\/wp\/v2\/pages\/422","targetHints":{"allow":["GET"]}}],"collection":[{"href":"https:\/\/spinbetter.center\/tr\/wp-json\/wp\/v2\/pages"}],"about":[{"href":"https:\/\/spinbetter.center\/tr\/wp-json\/wp\/v2\/types\/page"}],"author":[{"embeddable":true,"href":"https:\/\/spinbetter.center\/tr\/wp-json\/wp\/v2\/users\/1"}],"replies":[{"embeddable":true,"href":"https:\/\/spinbetter.center\/tr\/wp-json\/wp\/v2\/comments?post=422"}],"version-history":[{"count":2,"href":"https:\/\/spinbetter.center\/tr\/wp-json\/wp\/v2\/pages\/422\/revisions"}],"predecessor-version":[{"id":822,"href":"https:\/\/spinbetter.center\/tr\/wp-json\/wp\/v2\/pages\/422\/revisions\/822"}],"wp:attachment":[{"href":"https:\/\/spinbetter.center\/tr\/wp-json\/wp\/v2\/media?parent=422"}],"curies":[{"name":"wp","href":"https:\/\/api.w.org\/{rel}","templated":true}]}}