{"id":404,"date":"2024-11-11T07:02:10","date_gmt":"2024-11-11T07:02:10","guid":{"rendered":"https:\/\/spinbetter.center\/tr\/?page_id=404"},"modified":"2025-07-11T17:59:48","modified_gmt":"2025-07-11T17:59:48","slug":"registration","status":"publish","type":"page","link":"https:\/\/spinbetter.center\/tr\/registration\/","title":{"rendered":"Kay\u0131t"},"content":{"rendered":"","protected":false},"excerpt":{"rendered":"","protected":false},"author":1,"featured_media":0,"parent":0,"menu_order":0,"comment_status":"closed","ping_status":"closed","template":"","meta":{"footnotes":""},"class_list":["post-404","page","type-page","status-publish","hentry"],"yoast_head":"<!-- This site is optimized with the Yoast SEO plugin v27.4 - https:\/\/yoast.com\/product\/yoast-seo-wordpress\/ -->\n<title>Ad\u0131m ad\u0131m SpinBetter T\u00fcrkiye kay\u0131t prosed\u00fcr\u00fc ve ho\u015fgeldin bonusu<\/title>\n<meta name=\"description\" content=\"SpinBetter 2025&#039;teki kay\u0131t s\u00fcrecinin ayr\u0131nt\u0131l\u0131 bir a\u00e7\u0131klamas\u0131. Neden bu \u00f6zel siteyi se\u00e7meniz gerekti\u011finin nedenleri. Do\u011frulama nedir, neden ihtiyac\u0131n\u0131z var ve nas\u0131l ge\u00e7ilir.\" \/>\n<meta name=\"robots\" content=\"index, follow, max-snippet:-1, max-image-preview:large, max-video-preview:-1\" \/>\n<link rel=\"canonical\" href=\"https:\/\/spinbetter.center\/tr\/registration\/\" \/>\n<meta property=\"og:locale\" content=\"tr_TR\" \/>\n<meta property=\"og:type\" content=\"article\" \/>\n<meta property=\"og:title\" content=\"Ad\u0131m ad\u0131m SpinBetter T\u00fcrkiye kay\u0131t prosed\u00fcr\u00fc ve ho\u015fgeldin bonusu\" \/>\n<meta property=\"og:description\" content=\"SpinBetter 2025&#039;teki kay\u0131t s\u00fcrecinin ayr\u0131nt\u0131l\u0131 bir a\u00e7\u0131klamas\u0131. Neden bu \u00f6zel siteyi se\u00e7meniz gerekti\u011finin nedenleri. Do\u011frulama nedir, neden ihtiyac\u0131n\u0131z var ve nas\u0131l ge\u00e7ilir.\" \/>\n<meta property=\"og:url\" content=\"https:\/\/spinbetter.center\/tr\/registration\/\" \/>\n<meta property=\"og:site_name\" content=\"SpinBetter tr\" \/>\n<meta property=\"article:modified_time\" content=\"2025-07-11T17:59:48+00:00\" \/>\n<meta name=\"twitter:card\" content=\"summary_large_image\" \/>\n<script type=\"application\/ld+json\" class=\"yoast-schema-graph\">{\"@context\":\"https:\\\/\\\/schema.org\",\"@graph\":[{\"@type\":\"WebPage\",\"@id\":\"https:\\\/\\\/spinbetter.center\\\/tr\\\/registration\\\/\",\"url\":\"https:\\\/\\\/spinbetter.center\\\/tr\\\/registration\\\/\",\"name\":\"Ad\u0131m ad\u0131m SpinBetter T\u00fcrkiye kay\u0131t prosed\u00fcr\u00fc ve ho\u015fgeldin bonusu\",\"isPartOf\":{\"@id\":\"https:\\\/\\\/spinbetter.center\\\/tr\\\/#website\"},\"datePublished\":\"2024-11-11T07:02:10+00:00\",\"dateModified\":\"2025-07-11T17:59:48+00:00\",\"description\":\"SpinBetter 2025'teki kay\u0131t s\u00fcrecinin ayr\u0131nt\u0131l\u0131 bir a\u00e7\u0131klamas\u0131. Neden bu \u00f6zel siteyi se\u00e7meniz gerekti\u011finin nedenleri. Do\u011frulama nedir, neden ihtiyac\u0131n\u0131z var ve nas\u0131l ge\u00e7ilir.\",\"breadcrumb\":{\"@id\":\"https:\\\/\\\/spinbetter.center\\\/tr\\\/registration\\\/#breadcrumb\"},\"inLanguage\":\"tr\",\"potentialAction\":[{\"@type\":\"ReadAction\",\"target\":[\"https:\\\/\\\/spinbetter.center\\\/tr\\\/registration\\\/\"]}]},{\"@type\":\"BreadcrumbList\",\"@id\":\"https:\\\/\\\/spinbetter.center\\\/tr\\\/registration\\\/#breadcrumb\",\"itemListElement\":[{\"@type\":\"ListItem\",\"position\":1,\"name\":\"Home\",\"item\":\"https:\\\/\\\/spinbetter.center\\\/tr\\\/\"},{\"@type\":\"ListItem\",\"position\":2,\"name\":\"Kay\u0131t\"}]},{\"@type\":\"WebSite\",\"@id\":\"https:\\\/\\\/spinbetter.center\\\/tr\\\/#website\",\"url\":\"https:\\\/\\\/spinbetter.center\\\/tr\\\/\",\"name\":\"SpinBetter\",\"description\":\"SpinBetter\",\"alternateName\":\"Spin Better\",\"potentialAction\":[{\"@type\":\"SearchAction\",\"target\":{\"@type\":\"EntryPoint\",\"urlTemplate\":\"https:\\\/\\\/spinbetter.center\\\/tr\\\/?s={search_term_string}\"},\"query-input\":{\"@type\":\"PropertyValueSpecification\",\"valueRequired\":true,\"valueName\":\"search_term_string\"}}],\"inLanguage\":\"tr\"}]}<\/script>\n<!-- \/ Yoast SEO plugin. -->","yoast_head_json":{"title":"Ad\u0131m ad\u0131m SpinBetter T\u00fcrkiye kay\u0131t prosed\u00fcr\u00fc ve ho\u015fgeldin bonusu","description":"SpinBetter 2025'teki kay\u0131t s\u00fcrecinin ayr\u0131nt\u0131l\u0131 bir a\u00e7\u0131klamas\u0131. Neden bu \u00f6zel siteyi se\u00e7meniz gerekti\u011finin nedenleri. Do\u011frulama nedir, neden ihtiyac\u0131n\u0131z var ve nas\u0131l ge\u00e7ilir.","robots":{"index":"index","follow":"follow","max-snippet":"max-snippet:-1","max-image-preview":"max-image-preview:large","max-video-preview":"max-video-preview:-1"},"canonical":"https:\/\/spinbetter.center\/tr\/registration\/","og_locale":"tr_TR","og_type":"article","og_title":"Ad\u0131m ad\u0131m SpinBetter T\u00fcrkiye kay\u0131t prosed\u00fcr\u00fc ve ho\u015fgeldin bonusu","og_description":"SpinBetter 2025'teki kay\u0131t s\u00fcrecinin ayr\u0131nt\u0131l\u0131 bir a\u00e7\u0131klamas\u0131. Neden bu \u00f6zel siteyi se\u00e7meniz gerekti\u011finin nedenleri. Do\u011frulama nedir, neden ihtiyac\u0131n\u0131z var ve nas\u0131l ge\u00e7ilir.","og_url":"https:\/\/spinbetter.center\/tr\/registration\/","og_site_name":"SpinBetter tr","article_modified_time":"2025-07-11T17:59:48+00:00","twitter_card":"summary_large_image","schema":{"@context":"https:\/\/schema.org","@graph":[{"@type":"WebPage","@id":"https:\/\/spinbetter.center\/tr\/registration\/","url":"https:\/\/spinbetter.center\/tr\/registration\/","name":"Ad\u0131m ad\u0131m SpinBetter T\u00fcrkiye kay\u0131t prosed\u00fcr\u00fc ve ho\u015fgeldin bonusu","isPartOf":{"@id":"https:\/\/spinbetter.center\/tr\/#website"},"datePublished":"2024-11-11T07:02:10+00:00","dateModified":"2025-07-11T17:59:48+00:00","description":"SpinBetter 2025'teki kay\u0131t s\u00fcrecinin ayr\u0131nt\u0131l\u0131 bir a\u00e7\u0131klamas\u0131. Neden bu \u00f6zel siteyi se\u00e7meniz gerekti\u011finin nedenleri. Do\u011frulama nedir, neden ihtiyac\u0131n\u0131z var ve nas\u0131l ge\u00e7ilir.","breadcrumb":{"@id":"https:\/\/spinbetter.center\/tr\/registration\/#breadcrumb"},"inLanguage":"tr","potentialAction":[{"@type":"ReadAction","target":["https:\/\/spinbetter.center\/tr\/registration\/"]}]},{"@type":"BreadcrumbList","@id":"https:\/\/spinbetter.center\/tr\/registration\/#breadcrumb","itemListElement":[{"@type":"ListItem","position":1,"name":"Home","item":"https:\/\/spinbetter.center\/tr\/"},{"@type":"ListItem","position":2,"name":"Kay\u0131t"}]},{"@type":"WebSite","@id":"https:\/\/spinbetter.center\/tr\/#website","url":"https:\/\/spinbetter.center\/tr\/","name":"SpinBetter","description":"SpinBetter","alternateName":"Spin Better","potentialAction":[{"@type":"SearchAction","target":{"@type":"EntryPoint","urlTemplate":"https:\/\/spinbetter.center\/tr\/?s={search_term_string}"},"query-input":{"@type":"PropertyValueSpecification","valueRequired":true,"valueName":"search_term_string"}}],"inLanguage":"tr"}]}},"amp_enabled":true,"_links":{"self":[{"href":"https:\/\/spinbetter.center\/tr\/wp-json\/wp\/v2\/pages\/404","targetHints":{"allow":["GET"]}}],"collection":[{"href":"https:\/\/spinbetter.center\/tr\/wp-json\/wp\/v2\/pages"}],"about":[{"href":"https:\/\/spinbetter.center\/tr\/wp-json\/wp\/v2\/types\/page"}],"author":[{"embeddable":true,"href":"https:\/\/spinbetter.center\/tr\/wp-json\/wp\/v2\/users\/1"}],"replies":[{"embeddable":true,"href":"https:\/\/spinbetter.center\/tr\/wp-json\/wp\/v2\/comments?post=404"}],"version-history":[{"count":2,"href":"https:\/\/spinbetter.center\/tr\/wp-json\/wp\/v2\/pages\/404\/revisions"}],"predecessor-version":[{"id":826,"href":"https:\/\/spinbetter.center\/tr\/wp-json\/wp\/v2\/pages\/404\/revisions\/826"}],"wp:attachment":[{"href":"https:\/\/spinbetter.center\/tr\/wp-json\/wp\/v2\/media?parent=404"}],"curies":[{"name":"wp","href":"https:\/\/api.w.org\/{rel}","templated":true}]}}