{"id":360,"date":"2024-12-08T07:17:25","date_gmt":"2024-12-08T07:17:25","guid":{"rendered":"https:\/\/spinbetter.center\/tr\/bd\/?page_id=360"},"modified":"2025-07-11T15:40:10","modified_gmt":"2025-07-11T15:40:10","slug":"apk","status":"publish","type":"page","link":"https:\/\/spinbetter.center\/tr\/apk\/","title":{"rendered":"Apk"},"content":{"rendered":"","protected":false},"excerpt":{"rendered":"","protected":false},"author":1,"featured_media":0,"parent":0,"menu_order":0,"comment_status":"closed","ping_status":"closed","template":"","meta":{"footnotes":""},"class_list":["post-360","page","type-page","status-publish","hentry"],"yoast_head":"<!-- This site is optimized with the Yoast SEO plugin v27.4 - https:\/\/yoast.com\/product\/yoast-seo-wordpress\/ -->\n<title>SpinBetter T\u00fcrkiye Apk Android: \u0130ndirme ve y\u00fckleme<\/title>\n<meta name=\"description\" content=\"Android i\u00e7in SpinBetter mobil uygulamas\u0131n\u0131n ana \u00f6zellikleri. Program\u0131 indirmek ve kurmak i\u00e7in ad\u0131m ad\u0131m talimatlar. SpinBetter apk&#039;n\u0131n web sitesinin mobil versiyonu ile kar\u015f\u0131la\u015ft\u0131r\u0131lmas\u0131.\" \/>\n<meta name=\"robots\" content=\"index, follow, max-snippet:-1, max-image-preview:large, max-video-preview:-1\" \/>\n<link rel=\"canonical\" href=\"https:\/\/spinbetter.center\/tr\/apk\/\" \/>\n<meta property=\"og:locale\" content=\"tr_TR\" \/>\n<meta property=\"og:type\" content=\"article\" \/>\n<meta property=\"og:title\" content=\"SpinBetter T\u00fcrkiye Apk Android: \u0130ndirme ve y\u00fckleme\" \/>\n<meta property=\"og:description\" content=\"Android i\u00e7in SpinBetter mobil uygulamas\u0131n\u0131n ana \u00f6zellikleri. Program\u0131 indirmek ve kurmak i\u00e7in ad\u0131m ad\u0131m talimatlar. SpinBetter apk&#039;n\u0131n web sitesinin mobil versiyonu ile kar\u015f\u0131la\u015ft\u0131r\u0131lmas\u0131.\" \/>\n<meta property=\"og:url\" content=\"https:\/\/spinbetter.center\/tr\/apk\/\" \/>\n<meta property=\"og:site_name\" content=\"SpinBetter tr\" \/>\n<meta property=\"article:modified_time\" content=\"2025-07-11T15:40:10+00:00\" \/>\n<meta name=\"twitter:card\" content=\"summary_large_image\" \/>\n<script type=\"application\/ld+json\" class=\"yoast-schema-graph\">{\"@context\":\"https:\\\/\\\/schema.org\",\"@graph\":[{\"@type\":\"WebPage\",\"@id\":\"https:\\\/\\\/spinbetter.center\\\/tr\\\/apk\\\/\",\"url\":\"https:\\\/\\\/spinbetter.center\\\/tr\\\/apk\\\/\",\"name\":\"SpinBetter T\u00fcrkiye Apk Android: \u0130ndirme ve y\u00fckleme\",\"isPartOf\":{\"@id\":\"https:\\\/\\\/spinbetter.center\\\/tr\\\/#website\"},\"datePublished\":\"2024-12-08T07:17:25+00:00\",\"dateModified\":\"2025-07-11T15:40:10+00:00\",\"description\":\"Android i\u00e7in SpinBetter mobil uygulamas\u0131n\u0131n ana \u00f6zellikleri. Program\u0131 indirmek ve kurmak i\u00e7in ad\u0131m ad\u0131m talimatlar. SpinBetter apk'n\u0131n web sitesinin mobil versiyonu ile kar\u015f\u0131la\u015ft\u0131r\u0131lmas\u0131.\",\"breadcrumb\":{\"@id\":\"https:\\\/\\\/spinbetter.center\\\/tr\\\/apk\\\/#breadcrumb\"},\"inLanguage\":\"tr\",\"potentialAction\":[{\"@type\":\"ReadAction\",\"target\":[\"https:\\\/\\\/spinbetter.center\\\/tr\\\/apk\\\/\"]}]},{\"@type\":\"BreadcrumbList\",\"@id\":\"https:\\\/\\\/spinbetter.center\\\/tr\\\/apk\\\/#breadcrumb\",\"itemListElement\":[{\"@type\":\"ListItem\",\"position\":1,\"name\":\"Home\",\"item\":\"https:\\\/\\\/spinbetter.center\\\/tr\\\/\"},{\"@type\":\"ListItem\",\"position\":2,\"name\":\"Apk\"}]},{\"@type\":\"WebSite\",\"@id\":\"https:\\\/\\\/spinbetter.center\\\/tr\\\/#website\",\"url\":\"https:\\\/\\\/spinbetter.center\\\/tr\\\/\",\"name\":\"SpinBetter\",\"description\":\"SpinBetter\",\"alternateName\":\"Spin Better\",\"potentialAction\":[{\"@type\":\"SearchAction\",\"target\":{\"@type\":\"EntryPoint\",\"urlTemplate\":\"https:\\\/\\\/spinbetter.center\\\/tr\\\/?s={search_term_string}\"},\"query-input\":{\"@type\":\"PropertyValueSpecification\",\"valueRequired\":true,\"valueName\":\"search_term_string\"}}],\"inLanguage\":\"tr\"}]}<\/script>\n<!-- \/ Yoast SEO plugin. -->","yoast_head_json":{"title":"SpinBetter T\u00fcrkiye Apk Android: \u0130ndirme ve y\u00fckleme","description":"Android i\u00e7in SpinBetter mobil uygulamas\u0131n\u0131n ana \u00f6zellikleri. Program\u0131 indirmek ve kurmak i\u00e7in ad\u0131m ad\u0131m talimatlar. SpinBetter apk'n\u0131n web sitesinin mobil versiyonu ile kar\u015f\u0131la\u015ft\u0131r\u0131lmas\u0131.","robots":{"index":"index","follow":"follow","max-snippet":"max-snippet:-1","max-image-preview":"max-image-preview:large","max-video-preview":"max-video-preview:-1"},"canonical":"https:\/\/spinbetter.center\/tr\/apk\/","og_locale":"tr_TR","og_type":"article","og_title":"SpinBetter T\u00fcrkiye Apk Android: \u0130ndirme ve y\u00fckleme","og_description":"Android i\u00e7in SpinBetter mobil uygulamas\u0131n\u0131n ana \u00f6zellikleri. Program\u0131 indirmek ve kurmak i\u00e7in ad\u0131m ad\u0131m talimatlar. SpinBetter apk'n\u0131n web sitesinin mobil versiyonu ile kar\u015f\u0131la\u015ft\u0131r\u0131lmas\u0131.","og_url":"https:\/\/spinbetter.center\/tr\/apk\/","og_site_name":"SpinBetter tr","article_modified_time":"2025-07-11T15:40:10+00:00","twitter_card":"summary_large_image","schema":{"@context":"https:\/\/schema.org","@graph":[{"@type":"WebPage","@id":"https:\/\/spinbetter.center\/tr\/apk\/","url":"https:\/\/spinbetter.center\/tr\/apk\/","name":"SpinBetter T\u00fcrkiye Apk Android: \u0130ndirme ve y\u00fckleme","isPartOf":{"@id":"https:\/\/spinbetter.center\/tr\/#website"},"datePublished":"2024-12-08T07:17:25+00:00","dateModified":"2025-07-11T15:40:10+00:00","description":"Android i\u00e7in SpinBetter mobil uygulamas\u0131n\u0131n ana \u00f6zellikleri. Program\u0131 indirmek ve kurmak i\u00e7in ad\u0131m ad\u0131m talimatlar. SpinBetter apk'n\u0131n web sitesinin mobil versiyonu ile kar\u015f\u0131la\u015ft\u0131r\u0131lmas\u0131.","breadcrumb":{"@id":"https:\/\/spinbetter.center\/tr\/apk\/#breadcrumb"},"inLanguage":"tr","potentialAction":[{"@type":"ReadAction","target":["https:\/\/spinbetter.center\/tr\/apk\/"]}]},{"@type":"BreadcrumbList","@id":"https:\/\/spinbetter.center\/tr\/apk\/#breadcrumb","itemListElement":[{"@type":"ListItem","position":1,"name":"Home","item":"https:\/\/spinbetter.center\/tr\/"},{"@type":"ListItem","position":2,"name":"Apk"}]},{"@type":"WebSite","@id":"https:\/\/spinbetter.center\/tr\/#website","url":"https:\/\/spinbetter.center\/tr\/","name":"SpinBetter","description":"SpinBetter","alternateName":"Spin Better","potentialAction":[{"@type":"SearchAction","target":{"@type":"EntryPoint","urlTemplate":"https:\/\/spinbetter.center\/tr\/?s={search_term_string}"},"query-input":{"@type":"PropertyValueSpecification","valueRequired":true,"valueName":"search_term_string"}}],"inLanguage":"tr"}]}},"_links":{"self":[{"href":"https:\/\/spinbetter.center\/tr\/wp-json\/wp\/v2\/pages\/360","targetHints":{"allow":["GET"]}}],"collection":[{"href":"https:\/\/spinbetter.center\/tr\/wp-json\/wp\/v2\/pages"}],"about":[{"href":"https:\/\/spinbetter.center\/tr\/wp-json\/wp\/v2\/types\/page"}],"author":[{"embeddable":true,"href":"https:\/\/spinbetter.center\/tr\/wp-json\/wp\/v2\/users\/1"}],"replies":[{"embeddable":true,"href":"https:\/\/spinbetter.center\/tr\/wp-json\/wp\/v2\/comments?post=360"}],"version-history":[{"count":5,"href":"https:\/\/spinbetter.center\/tr\/wp-json\/wp\/v2\/pages\/360\/revisions"}],"predecessor-version":[{"id":809,"href":"https:\/\/spinbetter.center\/tr\/wp-json\/wp\/v2\/pages\/360\/revisions\/809"}],"wp:attachment":[{"href":"https:\/\/spinbetter.center\/tr\/wp-json\/wp\/v2\/media?parent=360"}],"curies":[{"name":"wp","href":"https:\/\/api.w.org\/{rel}","templated":true}]}}