{"id":2,"date":"2023-05-18T17:18:34","date_gmt":"2023-05-18T17:18:34","guid":{"rendered":"https:\/\/spinbetter.center\/tr\/?page_id=2"},"modified":"2025-08-06T19:01:40","modified_gmt":"2025-08-06T19:01:40","slug":"sample-page","status":"publish","type":"page","link":"https:\/\/spinbetter.center\/tr\/","title":{"rendered":"Ev"},"content":{"rendered":"","protected":false},"excerpt":{"rendered":"","protected":false},"author":1,"featured_media":0,"parent":0,"menu_order":0,"comment_status":"closed","ping_status":"open","template":"","meta":{"footnotes":""},"class_list":["post-2","page","type-page","status-publish","hentry"],"yoast_head":"<!-- This site is optimized with the Yoast SEO plugin v27.4 - https:\/\/yoast.com\/product\/yoast-seo-wordpress\/ -->\n<title>SpinBetter \u1409 Spor ve Siber Spor Bahisleri, Online Casinolar<\/title>\n<meta name=\"description\" content=\"SpinBetter T\u00fcrkiye 2025 detayl\u0131 inceleme. 70 000 TRY kadar ve 150 freespin ho\u015fgeldin bonusu. 8000&#039;den fazla spor kar\u015f\u0131la\u015fmas\u0131 ve binlerce casino etkinli\u011fi\" \/>\n<meta name=\"robots\" content=\"index, follow, max-snippet:-1, max-image-preview:large, max-video-preview:-1\" \/>\n<link rel=\"canonical\" href=\"https:\/\/spinbetter.center\/tr\/\" \/>\n<meta property=\"og:locale\" content=\"tr_TR\" \/>\n<meta property=\"og:type\" content=\"article\" \/>\n<meta property=\"og:title\" content=\"SpinBetter \u1409 Spor ve Siber Spor Bahisleri, Online Casinolar\" \/>\n<meta property=\"og:description\" content=\"SpinBetter T\u00fcrkiye 2025 detayl\u0131 inceleme. 70 000 TRY kadar ve 150 freespin ho\u015fgeldin bonusu. 8000&#039;den fazla spor kar\u015f\u0131la\u015fmas\u0131 ve binlerce casino etkinli\u011fi\" \/>\n<meta property=\"og:url\" content=\"https:\/\/spinbetter.center\/tr\/\" \/>\n<meta property=\"og:site_name\" content=\"SpinBetter tr\" \/>\n<meta property=\"article:modified_time\" content=\"2025-08-06T19:01:40+00:00\" \/>\n<meta name=\"twitter:card\" content=\"summary_large_image\" \/>\n<script type=\"application\/ld+json\" class=\"yoast-schema-graph\">{\"@context\":\"https:\\\/\\\/schema.org\",\"@graph\":[{\"@type\":\"WebPage\",\"@id\":\"https:\\\/\\\/spinbetter.center\\\/tr\\\/\",\"url\":\"https:\\\/\\\/spinbetter.center\\\/tr\\\/\",\"name\":\"SpinBetter \u1409 Spor ve Siber Spor Bahisleri, Online Casinolar\",\"isPartOf\":{\"@id\":\"https:\\\/\\\/spinbetter.center\\\/tr\\\/#website\"},\"datePublished\":\"2023-05-18T17:18:34+00:00\",\"dateModified\":\"2025-08-06T19:01:40+00:00\",\"description\":\"SpinBetter T\u00fcrkiye 2025 detayl\u0131 inceleme. 70 000 TRY kadar ve 150 freespin ho\u015fgeldin bonusu. 8000'den fazla spor kar\u015f\u0131la\u015fmas\u0131 ve binlerce casino etkinli\u011fi\",\"breadcrumb\":{\"@id\":\"https:\\\/\\\/spinbetter.center\\\/tr\\\/#breadcrumb\"},\"inLanguage\":\"tr\",\"potentialAction\":[{\"@type\":\"ReadAction\",\"target\":[\"https:\\\/\\\/spinbetter.center\\\/tr\\\/\"]}]},{\"@type\":\"BreadcrumbList\",\"@id\":\"https:\\\/\\\/spinbetter.center\\\/tr\\\/#breadcrumb\",\"itemListElement\":[{\"@type\":\"ListItem\",\"position\":1,\"name\":\"Home\",\"item\":\"https:\\\/\\\/spinbetter.center\\\/tr\\\/\"},{\"@type\":\"ListItem\",\"position\":2,\"name\":\"Ev\"}]},{\"@type\":\"WebSite\",\"@id\":\"https:\\\/\\\/spinbetter.center\\\/tr\\\/#website\",\"url\":\"https:\\\/\\\/spinbetter.center\\\/tr\\\/\",\"name\":\"SpinBetter\",\"description\":\"SpinBetter\",\"alternateName\":\"Spin Better\",\"potentialAction\":[{\"@type\":\"SearchAction\",\"target\":{\"@type\":\"EntryPoint\",\"urlTemplate\":\"https:\\\/\\\/spinbetter.center\\\/tr\\\/?s={search_term_string}\"},\"query-input\":{\"@type\":\"PropertyValueSpecification\",\"valueRequired\":true,\"valueName\":\"search_term_string\"}}],\"inLanguage\":\"tr\"}]}<\/script>\n<!-- \/ Yoast SEO plugin. -->","yoast_head_json":{"title":"SpinBetter \u1409 Spor ve Siber Spor Bahisleri, Online Casinolar","description":"SpinBetter T\u00fcrkiye 2025 detayl\u0131 inceleme. 70 000 TRY kadar ve 150 freespin ho\u015fgeldin bonusu. 8000'den fazla spor kar\u015f\u0131la\u015fmas\u0131 ve binlerce casino etkinli\u011fi","robots":{"index":"index","follow":"follow","max-snippet":"max-snippet:-1","max-image-preview":"max-image-preview:large","max-video-preview":"max-video-preview:-1"},"canonical":"https:\/\/spinbetter.center\/tr\/","og_locale":"tr_TR","og_type":"article","og_title":"SpinBetter \u1409 Spor ve Siber Spor Bahisleri, Online Casinolar","og_description":"SpinBetter T\u00fcrkiye 2025 detayl\u0131 inceleme. 70 000 TRY kadar ve 150 freespin ho\u015fgeldin bonusu. 8000'den fazla spor kar\u015f\u0131la\u015fmas\u0131 ve binlerce casino etkinli\u011fi","og_url":"https:\/\/spinbetter.center\/tr\/","og_site_name":"SpinBetter tr","article_modified_time":"2025-08-06T19:01:40+00:00","twitter_card":"summary_large_image","schema":{"@context":"https:\/\/schema.org","@graph":[{"@type":"WebPage","@id":"https:\/\/spinbetter.center\/tr\/","url":"https:\/\/spinbetter.center\/tr\/","name":"SpinBetter \u1409 Spor ve Siber Spor Bahisleri, Online Casinolar","isPartOf":{"@id":"https:\/\/spinbetter.center\/tr\/#website"},"datePublished":"2023-05-18T17:18:34+00:00","dateModified":"2025-08-06T19:01:40+00:00","description":"SpinBetter T\u00fcrkiye 2025 detayl\u0131 inceleme. 70 000 TRY kadar ve 150 freespin ho\u015fgeldin bonusu. 8000'den fazla spor kar\u015f\u0131la\u015fmas\u0131 ve binlerce casino etkinli\u011fi","breadcrumb":{"@id":"https:\/\/spinbetter.center\/tr\/#breadcrumb"},"inLanguage":"tr","potentialAction":[{"@type":"ReadAction","target":["https:\/\/spinbetter.center\/tr\/"]}]},{"@type":"BreadcrumbList","@id":"https:\/\/spinbetter.center\/tr\/#breadcrumb","itemListElement":[{"@type":"ListItem","position":1,"name":"Home","item":"https:\/\/spinbetter.center\/tr\/"},{"@type":"ListItem","position":2,"name":"Ev"}]},{"@type":"WebSite","@id":"https:\/\/spinbetter.center\/tr\/#website","url":"https:\/\/spinbetter.center\/tr\/","name":"SpinBetter","description":"SpinBetter","alternateName":"Spin Better","potentialAction":[{"@type":"SearchAction","target":{"@type":"EntryPoint","urlTemplate":"https:\/\/spinbetter.center\/tr\/?s={search_term_string}"},"query-input":{"@type":"PropertyValueSpecification","valueRequired":true,"valueName":"search_term_string"}}],"inLanguage":"tr"}]}},"_links":{"self":[{"href":"https:\/\/spinbetter.center\/tr\/wp-json\/wp\/v2\/pages\/2","targetHints":{"allow":["GET"]}}],"collection":[{"href":"https:\/\/spinbetter.center\/tr\/wp-json\/wp\/v2\/pages"}],"about":[{"href":"https:\/\/spinbetter.center\/tr\/wp-json\/wp\/v2\/types\/page"}],"author":[{"embeddable":true,"href":"https:\/\/spinbetter.center\/tr\/wp-json\/wp\/v2\/users\/1"}],"replies":[{"embeddable":true,"href":"https:\/\/spinbetter.center\/tr\/wp-json\/wp\/v2\/comments?post=2"}],"version-history":[{"count":58,"href":"https:\/\/spinbetter.center\/tr\/wp-json\/wp\/v2\/pages\/2\/revisions"}],"predecessor-version":[{"id":839,"href":"https:\/\/spinbetter.center\/tr\/wp-json\/wp\/v2\/pages\/2\/revisions\/839"}],"wp:attachment":[{"href":"https:\/\/spinbetter.center\/tr\/wp-json\/wp\/v2\/media?parent=2"}],"curies":[{"name":"wp","href":"https:\/\/api.w.org\/{rel}","templated":true}]}}