{"id":527,"date":"2025-03-31T05:47:08","date_gmt":"2025-03-31T05:47:08","guid":{"rendered":"https:\/\/spinbetter.center\/?page_id=527"},"modified":"2025-05-24T12:59:50","modified_gmt":"2025-05-24T12:59:50","slug":"reload-bonus","status":"publish","type":"page","link":"https:\/\/spinbetter.center\/sv\/bonuses\/reload-bonus\/","title":{"rendered":"Ladda om bonus"},"content":{"rendered":"","protected":false},"excerpt":{"rendered":"","protected":false},"author":1,"featured_media":0,"parent":272,"menu_order":0,"comment_status":"closed","ping_status":"closed","template":"","meta":{"footnotes":""},"class_list":["post-527","page","type-page","status-publish","hentry"],"yoast_head":"<!-- This site is optimized with the Yoast SEO plugin v24.5 - https:\/\/yoast.com\/wordpress\/plugins\/seo\/ -->\n<title>50% Ladda om bonus + 50 gratissnurr varje onsdag!<\/title>\n<meta name=\"description\" content=\"Missa inte din spelvinst p\u00e5 onsdag! F\u00e5 en 50% bonus upp till 2000 SEK och 50 gratissnurr bara genom att s\u00e4tta in 150 SEK. Den h\u00e4r bonusen \u00e4r din chans att vinna stort! H\u00f6j dina insatser och er\u00f6vra spelautomater varje onsdag!\" \/>\n<meta name=\"robots\" content=\"index, follow, max-snippet:-1, max-image-preview:large, max-video-preview:-1\" \/>\n<link rel=\"canonical\" href=\"https:\/\/spinbetter.center\/sv\/bonuses\/reload-bonus\/\" \/>\n<meta property=\"og:locale\" content=\"sv_SE\" \/>\n<meta property=\"og:type\" content=\"article\" \/>\n<meta property=\"og:title\" content=\"50% Ladda om bonus + 50 gratissnurr varje onsdag!\" \/>\n<meta property=\"og:description\" content=\"Missa inte din spelvinst p\u00e5 onsdag! F\u00e5 en 50% bonus upp till 2000 SEK och 50 gratissnurr bara genom att s\u00e4tta in 150 SEK. Den h\u00e4r bonusen \u00e4r din chans att vinna stort! H\u00f6j dina insatser och er\u00f6vra spelautomater varje onsdag!\" \/>\n<meta property=\"og:url\" content=\"https:\/\/spinbetter.center\/sv\/bonuses\/reload-bonus\/\" \/>\n<meta property=\"og:site_name\" content=\"Spinbetter Center sv\" \/>\n<meta property=\"article:modified_time\" content=\"2025-05-24T12:59:50+00:00\" \/>\n<meta name=\"twitter:card\" content=\"summary_large_image\" \/>\n<script type=\"application\/ld+json\" class=\"yoast-schema-graph\">{\"@context\":\"https:\/\/schema.org\",\"@graph\":[{\"@type\":\"WebPage\",\"@id\":\"https:\/\/spinbetter.center\/sv\/bonuses\/reload-bonus\/\",\"url\":\"https:\/\/spinbetter.center\/sv\/bonuses\/reload-bonus\/\",\"name\":\"50% Ladda om bonus + 50 gratissnurr varje onsdag!\",\"isPartOf\":{\"@id\":\"https:\/\/spinbetter.center\/sv\/#website\"},\"datePublished\":\"2025-03-31T05:47:08+00:00\",\"dateModified\":\"2025-05-24T12:59:50+00:00\",\"description\":\"Missa inte din spelvinst p\u00e5 onsdag! F\u00e5 en 50% bonus upp till 2000 SEK och 50 gratissnurr bara genom att s\u00e4tta in 150 SEK. Den h\u00e4r bonusen \u00e4r din chans att vinna stort! H\u00f6j dina insatser och er\u00f6vra spelautomater varje onsdag!\",\"breadcrumb\":{\"@id\":\"https:\/\/spinbetter.center\/sv\/bonuses\/reload-bonus\/#breadcrumb\"},\"inLanguage\":\"sv-SE\",\"potentialAction\":[{\"@type\":\"ReadAction\",\"target\":[\"https:\/\/spinbetter.center\/sv\/bonuses\/reload-bonus\/\"]}]},{\"@type\":\"BreadcrumbList\",\"@id\":\"https:\/\/spinbetter.center\/sv\/bonuses\/reload-bonus\/#breadcrumb\",\"itemListElement\":[{\"@type\":\"ListItem\",\"position\":1,\"name\":\"Home\",\"item\":\"https:\/\/spinbetter.center\/sv\/\"},{\"@type\":\"ListItem\",\"position\":2,\"name\":\"Bonusar\",\"item\":\"https:\/\/spinbetter.center\/sv\/bonuses\/\"},{\"@type\":\"ListItem\",\"position\":3,\"name\":\"Ladda om bonus\"}]},{\"@type\":\"WebSite\",\"@id\":\"https:\/\/spinbetter.center\/sv\/#website\",\"url\":\"https:\/\/spinbetter.center\/sv\/\",\"name\":\"SpinBetter\",\"description\":\"SpinBetter\",\"alternateName\":\"Spin Better\",\"potentialAction\":[{\"@type\":\"SearchAction\",\"target\":{\"@type\":\"EntryPoint\",\"urlTemplate\":\"https:\/\/spinbetter.center\/sv\/?s={search_term_string}\"},\"query-input\":{\"@type\":\"PropertyValueSpecification\",\"valueRequired\":true,\"valueName\":\"search_term_string\"}}],\"inLanguage\":\"sv-SE\"}]}<\/script>\n<!-- \/ Yoast SEO plugin. -->","yoast_head_json":{"title":"50% Ladda om bonus + 50 gratissnurr varje onsdag!","description":"Missa inte din spelvinst p\u00e5 onsdag! F\u00e5 en 50% bonus upp till 2000 SEK och 50 gratissnurr bara genom att s\u00e4tta in 150 SEK. Den h\u00e4r bonusen \u00e4r din chans att vinna stort! H\u00f6j dina insatser och er\u00f6vra spelautomater varje onsdag!","robots":{"index":"index","follow":"follow","max-snippet":"max-snippet:-1","max-image-preview":"max-image-preview:large","max-video-preview":"max-video-preview:-1"},"canonical":"https:\/\/spinbetter.center\/sv\/bonuses\/reload-bonus\/","og_locale":"sv_SE","og_type":"article","og_title":"50% Ladda om bonus + 50 gratissnurr varje onsdag!","og_description":"Missa inte din spelvinst p\u00e5 onsdag! F\u00e5 en 50% bonus upp till 2000 SEK och 50 gratissnurr bara genom att s\u00e4tta in 150 SEK. Den h\u00e4r bonusen \u00e4r din chans att vinna stort! H\u00f6j dina insatser och er\u00f6vra spelautomater varje onsdag!","og_url":"https:\/\/spinbetter.center\/sv\/bonuses\/reload-bonus\/","og_site_name":"Spinbetter Center sv","article_modified_time":"2025-05-24T12:59:50+00:00","twitter_card":"summary_large_image","schema":{"@context":"https:\/\/schema.org","@graph":[{"@type":"WebPage","@id":"https:\/\/spinbetter.center\/sv\/bonuses\/reload-bonus\/","url":"https:\/\/spinbetter.center\/sv\/bonuses\/reload-bonus\/","name":"50% Ladda om bonus + 50 gratissnurr varje onsdag!","isPartOf":{"@id":"https:\/\/spinbetter.center\/sv\/#website"},"datePublished":"2025-03-31T05:47:08+00:00","dateModified":"2025-05-24T12:59:50+00:00","description":"Missa inte din spelvinst p\u00e5 onsdag! F\u00e5 en 50% bonus upp till 2000 SEK och 50 gratissnurr bara genom att s\u00e4tta in 150 SEK. Den h\u00e4r bonusen \u00e4r din chans att vinna stort! H\u00f6j dina insatser och er\u00f6vra spelautomater varje onsdag!","breadcrumb":{"@id":"https:\/\/spinbetter.center\/sv\/bonuses\/reload-bonus\/#breadcrumb"},"inLanguage":"sv-SE","potentialAction":[{"@type":"ReadAction","target":["https:\/\/spinbetter.center\/sv\/bonuses\/reload-bonus\/"]}]},{"@type":"BreadcrumbList","@id":"https:\/\/spinbetter.center\/sv\/bonuses\/reload-bonus\/#breadcrumb","itemListElement":[{"@type":"ListItem","position":1,"name":"Home","item":"https:\/\/spinbetter.center\/sv\/"},{"@type":"ListItem","position":2,"name":"Bonusar","item":"https:\/\/spinbetter.center\/sv\/bonuses\/"},{"@type":"ListItem","position":3,"name":"Ladda om bonus"}]},{"@type":"WebSite","@id":"https:\/\/spinbetter.center\/sv\/#website","url":"https:\/\/spinbetter.center\/sv\/","name":"SpinBetter","description":"SpinBetter","alternateName":"Spin Better","potentialAction":[{"@type":"SearchAction","target":{"@type":"EntryPoint","urlTemplate":"https:\/\/spinbetter.center\/sv\/?s={search_term_string}"},"query-input":{"@type":"PropertyValueSpecification","valueRequired":true,"valueName":"search_term_string"}}],"inLanguage":"sv-SE"}]}},"_links":{"self":[{"href":"https:\/\/spinbetter.center\/sv\/wp-json\/wp\/v2\/pages\/527","targetHints":{"allow":["GET"]}}],"collection":[{"href":"https:\/\/spinbetter.center\/sv\/wp-json\/wp\/v2\/pages"}],"about":[{"href":"https:\/\/spinbetter.center\/sv\/wp-json\/wp\/v2\/types\/page"}],"author":[{"embeddable":true,"href":"https:\/\/spinbetter.center\/sv\/wp-json\/wp\/v2\/users\/1"}],"replies":[{"embeddable":true,"href":"https:\/\/spinbetter.center\/sv\/wp-json\/wp\/v2\/comments?post=527"}],"version-history":[{"count":3,"href":"https:\/\/spinbetter.center\/sv\/wp-json\/wp\/v2\/pages\/527\/revisions"}],"predecessor-version":[{"id":764,"href":"https:\/\/spinbetter.center\/sv\/wp-json\/wp\/v2\/pages\/527\/revisions\/764"}],"up":[{"embeddable":true,"href":"https:\/\/spinbetter.center\/sv\/wp-json\/wp\/v2\/pages\/272"}],"wp:attachment":[{"href":"https:\/\/spinbetter.center\/sv\/wp-json\/wp\/v2\/media?parent=527"}],"curies":[{"name":"wp","href":"https:\/\/api.w.org\/{rel}","templated":true}]}}