{"id":525,"date":"2025-03-31T05:43:58","date_gmt":"2025-03-31T05:43:58","guid":{"rendered":"https:\/\/spinbetter.center\/?page_id=525"},"modified":"2025-05-24T12:59:17","modified_gmt":"2025-05-24T12:59:17","slug":"freespins-telegram","status":"publish","type":"page","link":"https:\/\/spinbetter.center\/sv\/bonuses\/freespins-telegram\/","title":{"rendered":"Gratis snurr"},"content":{"rendered":"","protected":false},"excerpt":{"rendered":"","protected":false},"author":1,"featured_media":0,"parent":272,"menu_order":0,"comment_status":"closed","ping_status":"closed","template":"","meta":{"footnotes":""},"class_list":["post-525","page","type-page","status-publish","hentry"],"yoast_head":"<!-- This site is optimized with the Yoast SEO plugin v24.5 - https:\/\/yoast.com\/wordpress\/plugins\/seo\/ -->\n<title>F\u00e5 100 gratissnurr av SpinBetter: \u2714\ufe0f Prenumerera p\u00e5 Telegram<\/title>\n<meta name=\"description\" content=\"Vill du ha 100 freespins? Prenumerera p\u00e5 SpinBetter&#039;s Telegram och f\u00e5 dina bonussnurr! Bli den f\u00f6rsta som f\u00e5r veta om heta nyheter och exklusiva kampanjer. Missa inte din chans att vinna - agera nu!\" \/>\n<meta name=\"robots\" content=\"index, follow, max-snippet:-1, max-image-preview:large, max-video-preview:-1\" \/>\n<link rel=\"canonical\" href=\"https:\/\/spinbetter.center\/sv\/bonuses\/freespins-telegram\/\" \/>\n<meta property=\"og:locale\" content=\"sv_SE\" \/>\n<meta property=\"og:type\" content=\"article\" \/>\n<meta property=\"og:title\" content=\"F\u00e5 100 gratissnurr av SpinBetter: \u2714\ufe0f Prenumerera p\u00e5 Telegram\" \/>\n<meta property=\"og:description\" content=\"Vill du ha 100 freespins? Prenumerera p\u00e5 SpinBetter&#039;s Telegram och f\u00e5 dina bonussnurr! Bli den f\u00f6rsta som f\u00e5r veta om heta nyheter och exklusiva kampanjer. Missa inte din chans att vinna - agera nu!\" \/>\n<meta property=\"og:url\" content=\"https:\/\/spinbetter.center\/sv\/bonuses\/freespins-telegram\/\" \/>\n<meta property=\"og:site_name\" content=\"Spinbetter Center sv\" \/>\n<meta property=\"article:modified_time\" content=\"2025-05-24T12:59:17+00:00\" \/>\n<meta name=\"twitter:card\" content=\"summary_large_image\" \/>\n<script type=\"application\/ld+json\" class=\"yoast-schema-graph\">{\"@context\":\"https:\/\/schema.org\",\"@graph\":[{\"@type\":\"WebPage\",\"@id\":\"https:\/\/spinbetter.center\/sv\/bonuses\/freespins-telegram\/\",\"url\":\"https:\/\/spinbetter.center\/sv\/bonuses\/freespins-telegram\/\",\"name\":\"F\u00e5 100 gratissnurr av SpinBetter: \u2714\ufe0f Prenumerera p\u00e5 Telegram\",\"isPartOf\":{\"@id\":\"https:\/\/spinbetter.center\/sv\/#website\"},\"datePublished\":\"2025-03-31T05:43:58+00:00\",\"dateModified\":\"2025-05-24T12:59:17+00:00\",\"description\":\"Vill du ha 100 freespins? Prenumerera p\u00e5 SpinBetter's Telegram och f\u00e5 dina bonussnurr! Bli den f\u00f6rsta som f\u00e5r veta om heta nyheter och exklusiva kampanjer. Missa inte din chans att vinna - agera nu!\",\"breadcrumb\":{\"@id\":\"https:\/\/spinbetter.center\/sv\/bonuses\/freespins-telegram\/#breadcrumb\"},\"inLanguage\":\"sv-SE\",\"potentialAction\":[{\"@type\":\"ReadAction\",\"target\":[\"https:\/\/spinbetter.center\/sv\/bonuses\/freespins-telegram\/\"]}]},{\"@type\":\"BreadcrumbList\",\"@id\":\"https:\/\/spinbetter.center\/sv\/bonuses\/freespins-telegram\/#breadcrumb\",\"itemListElement\":[{\"@type\":\"ListItem\",\"position\":1,\"name\":\"Home\",\"item\":\"https:\/\/spinbetter.center\/sv\/\"},{\"@type\":\"ListItem\",\"position\":2,\"name\":\"Bonusar\",\"item\":\"https:\/\/spinbetter.center\/sv\/bonuses\/\"},{\"@type\":\"ListItem\",\"position\":3,\"name\":\"Gratis snurr\"}]},{\"@type\":\"WebSite\",\"@id\":\"https:\/\/spinbetter.center\/sv\/#website\",\"url\":\"https:\/\/spinbetter.center\/sv\/\",\"name\":\"SpinBetter\",\"description\":\"SpinBetter\",\"alternateName\":\"Spin Better\",\"potentialAction\":[{\"@type\":\"SearchAction\",\"target\":{\"@type\":\"EntryPoint\",\"urlTemplate\":\"https:\/\/spinbetter.center\/sv\/?s={search_term_string}\"},\"query-input\":{\"@type\":\"PropertyValueSpecification\",\"valueRequired\":true,\"valueName\":\"search_term_string\"}}],\"inLanguage\":\"sv-SE\"}]}<\/script>\n<!-- \/ Yoast SEO plugin. -->","yoast_head_json":{"title":"F\u00e5 100 gratissnurr av SpinBetter: \u2714\ufe0f Prenumerera p\u00e5 Telegram","description":"Vill du ha 100 freespins? Prenumerera p\u00e5 SpinBetter's Telegram och f\u00e5 dina bonussnurr! Bli den f\u00f6rsta som f\u00e5r veta om heta nyheter och exklusiva kampanjer. Missa inte din chans att vinna - agera nu!","robots":{"index":"index","follow":"follow","max-snippet":"max-snippet:-1","max-image-preview":"max-image-preview:large","max-video-preview":"max-video-preview:-1"},"canonical":"https:\/\/spinbetter.center\/sv\/bonuses\/freespins-telegram\/","og_locale":"sv_SE","og_type":"article","og_title":"F\u00e5 100 gratissnurr av SpinBetter: \u2714\ufe0f Prenumerera p\u00e5 Telegram","og_description":"Vill du ha 100 freespins? Prenumerera p\u00e5 SpinBetter's Telegram och f\u00e5 dina bonussnurr! Bli den f\u00f6rsta som f\u00e5r veta om heta nyheter och exklusiva kampanjer. Missa inte din chans att vinna - agera nu!","og_url":"https:\/\/spinbetter.center\/sv\/bonuses\/freespins-telegram\/","og_site_name":"Spinbetter Center sv","article_modified_time":"2025-05-24T12:59:17+00:00","twitter_card":"summary_large_image","schema":{"@context":"https:\/\/schema.org","@graph":[{"@type":"WebPage","@id":"https:\/\/spinbetter.center\/sv\/bonuses\/freespins-telegram\/","url":"https:\/\/spinbetter.center\/sv\/bonuses\/freespins-telegram\/","name":"F\u00e5 100 gratissnurr av SpinBetter: \u2714\ufe0f Prenumerera p\u00e5 Telegram","isPartOf":{"@id":"https:\/\/spinbetter.center\/sv\/#website"},"datePublished":"2025-03-31T05:43:58+00:00","dateModified":"2025-05-24T12:59:17+00:00","description":"Vill du ha 100 freespins? Prenumerera p\u00e5 SpinBetter's Telegram och f\u00e5 dina bonussnurr! Bli den f\u00f6rsta som f\u00e5r veta om heta nyheter och exklusiva kampanjer. Missa inte din chans att vinna - agera nu!","breadcrumb":{"@id":"https:\/\/spinbetter.center\/sv\/bonuses\/freespins-telegram\/#breadcrumb"},"inLanguage":"sv-SE","potentialAction":[{"@type":"ReadAction","target":["https:\/\/spinbetter.center\/sv\/bonuses\/freespins-telegram\/"]}]},{"@type":"BreadcrumbList","@id":"https:\/\/spinbetter.center\/sv\/bonuses\/freespins-telegram\/#breadcrumb","itemListElement":[{"@type":"ListItem","position":1,"name":"Home","item":"https:\/\/spinbetter.center\/sv\/"},{"@type":"ListItem","position":2,"name":"Bonusar","item":"https:\/\/spinbetter.center\/sv\/bonuses\/"},{"@type":"ListItem","position":3,"name":"Gratis snurr"}]},{"@type":"WebSite","@id":"https:\/\/spinbetter.center\/sv\/#website","url":"https:\/\/spinbetter.center\/sv\/","name":"SpinBetter","description":"SpinBetter","alternateName":"Spin Better","potentialAction":[{"@type":"SearchAction","target":{"@type":"EntryPoint","urlTemplate":"https:\/\/spinbetter.center\/sv\/?s={search_term_string}"},"query-input":{"@type":"PropertyValueSpecification","valueRequired":true,"valueName":"search_term_string"}}],"inLanguage":"sv-SE"}]}},"_links":{"self":[{"href":"https:\/\/spinbetter.center\/sv\/wp-json\/wp\/v2\/pages\/525","targetHints":{"allow":["GET"]}}],"collection":[{"href":"https:\/\/spinbetter.center\/sv\/wp-json\/wp\/v2\/pages"}],"about":[{"href":"https:\/\/spinbetter.center\/sv\/wp-json\/wp\/v2\/types\/page"}],"author":[{"embeddable":true,"href":"https:\/\/spinbetter.center\/sv\/wp-json\/wp\/v2\/users\/1"}],"replies":[{"embeddable":true,"href":"https:\/\/spinbetter.center\/sv\/wp-json\/wp\/v2\/comments?post=525"}],"version-history":[{"count":2,"href":"https:\/\/spinbetter.center\/sv\/wp-json\/wp\/v2\/pages\/525\/revisions"}],"predecessor-version":[{"id":754,"href":"https:\/\/spinbetter.center\/sv\/wp-json\/wp\/v2\/pages\/525\/revisions\/754"}],"up":[{"embeddable":true,"href":"https:\/\/spinbetter.center\/sv\/wp-json\/wp\/v2\/pages\/272"}],"wp:attachment":[{"href":"https:\/\/spinbetter.center\/sv\/wp-json\/wp\/v2\/media?parent=525"}],"curies":[{"name":"wp","href":"https:\/\/api.w.org\/{rel}","templated":true}]}}