{"id":422,"date":"2024-11-11T09:29:24","date_gmt":"2024-11-11T09:29:24","guid":{"rendered":"https:\/\/spinbetter.center\/sv\/?page_id=422"},"modified":"2025-03-20T16:35:34","modified_gmt":"2025-03-20T16:35:34","slug":"login","status":"publish","type":"page","link":"https:\/\/spinbetter.center\/sv\/login\/","title":{"rendered":"Logga in"},"content":{"rendered":"","protected":false},"excerpt":{"rendered":"","protected":false},"author":1,"featured_media":0,"parent":0,"menu_order":0,"comment_status":"closed","ping_status":"closed","template":"","meta":{"footnotes":""},"class_list":["post-422","page","type-page","status-publish","hentry"],"yoast_head":"<!-- This site is optimized with the Yoast SEO plugin v24.5 - https:\/\/yoast.com\/wordpress\/plugins\/seo\/ -->\n<title>SpinBetter-auktorisation | Instruktioner om hur du \u00e5terst\u00e4ller \u00e5tkomst<\/title>\n<meta name=\"description\" content=\"Grundl\u00e4ggande metoder f\u00f6r att logga in p\u00e5 SpinBetter Sverige kontot. Steg-f\u00f6r-steg-guide f\u00f6r att \u00e5terst\u00e4lla ett gl\u00f6mt l\u00f6senord. L\u00f6sningar p\u00e5 vanliga inloggningsproblem.\" \/>\n<meta name=\"robots\" content=\"index, follow, max-snippet:-1, max-image-preview:large, max-video-preview:-1\" \/>\n<link rel=\"canonical\" href=\"https:\/\/spinbetter.center\/sv\/login\/\" \/>\n<meta property=\"og:locale\" content=\"sv_SE\" \/>\n<meta property=\"og:type\" content=\"article\" \/>\n<meta property=\"og:title\" content=\"SpinBetter-auktorisation | Instruktioner om hur du \u00e5terst\u00e4ller \u00e5tkomst\" \/>\n<meta property=\"og:description\" content=\"Grundl\u00e4ggande metoder f\u00f6r att logga in p\u00e5 SpinBetter Sverige kontot. Steg-f\u00f6r-steg-guide f\u00f6r att \u00e5terst\u00e4lla ett gl\u00f6mt l\u00f6senord. L\u00f6sningar p\u00e5 vanliga inloggningsproblem.\" \/>\n<meta property=\"og:url\" content=\"https:\/\/spinbetter.center\/sv\/login\/\" \/>\n<meta property=\"og:site_name\" content=\"Spinbetter Center sv\" \/>\n<meta property=\"article:modified_time\" content=\"2025-03-20T16:35:34+00:00\" \/>\n<meta name=\"twitter:card\" content=\"summary_large_image\" \/>\n<script type=\"application\/ld+json\" class=\"yoast-schema-graph\">{\"@context\":\"https:\/\/schema.org\",\"@graph\":[{\"@type\":\"WebPage\",\"@id\":\"https:\/\/spinbetter.center\/sv\/login\/\",\"url\":\"https:\/\/spinbetter.center\/sv\/login\/\",\"name\":\"SpinBetter-auktorisation | Instruktioner om hur du \u00e5terst\u00e4ller \u00e5tkomst\",\"isPartOf\":{\"@id\":\"https:\/\/spinbetter.center\/sv\/#website\"},\"datePublished\":\"2024-11-11T09:29:24+00:00\",\"dateModified\":\"2025-03-20T16:35:34+00:00\",\"description\":\"Grundl\u00e4ggande metoder f\u00f6r att logga in p\u00e5 SpinBetter Sverige kontot. Steg-f\u00f6r-steg-guide f\u00f6r att \u00e5terst\u00e4lla ett gl\u00f6mt l\u00f6senord. L\u00f6sningar p\u00e5 vanliga inloggningsproblem.\",\"breadcrumb\":{\"@id\":\"https:\/\/spinbetter.center\/sv\/login\/#breadcrumb\"},\"inLanguage\":\"sv-SE\",\"potentialAction\":[{\"@type\":\"ReadAction\",\"target\":[\"https:\/\/spinbetter.center\/sv\/login\/\"]}]},{\"@type\":\"BreadcrumbList\",\"@id\":\"https:\/\/spinbetter.center\/sv\/login\/#breadcrumb\",\"itemListElement\":[{\"@type\":\"ListItem\",\"position\":1,\"name\":\"Home\",\"item\":\"https:\/\/spinbetter.center\/sv\/\"},{\"@type\":\"ListItem\",\"position\":2,\"name\":\"Logga in\"}]},{\"@type\":\"WebSite\",\"@id\":\"https:\/\/spinbetter.center\/sv\/#website\",\"url\":\"https:\/\/spinbetter.center\/sv\/\",\"name\":\"SpinBetter\",\"description\":\"SpinBetter\",\"alternateName\":\"Spin Better\",\"potentialAction\":[{\"@type\":\"SearchAction\",\"target\":{\"@type\":\"EntryPoint\",\"urlTemplate\":\"https:\/\/spinbetter.center\/sv\/?s={search_term_string}\"},\"query-input\":{\"@type\":\"PropertyValueSpecification\",\"valueRequired\":true,\"valueName\":\"search_term_string\"}}],\"inLanguage\":\"sv-SE\"}]}<\/script>\n<!-- \/ Yoast SEO plugin. -->","yoast_head_json":{"title":"SpinBetter-auktorisation | Instruktioner om hur du \u00e5terst\u00e4ller \u00e5tkomst","description":"Grundl\u00e4ggande metoder f\u00f6r att logga in p\u00e5 SpinBetter Sverige kontot. Steg-f\u00f6r-steg-guide f\u00f6r att \u00e5terst\u00e4lla ett gl\u00f6mt l\u00f6senord. L\u00f6sningar p\u00e5 vanliga inloggningsproblem.","robots":{"index":"index","follow":"follow","max-snippet":"max-snippet:-1","max-image-preview":"max-image-preview:large","max-video-preview":"max-video-preview:-1"},"canonical":"https:\/\/spinbetter.center\/sv\/login\/","og_locale":"sv_SE","og_type":"article","og_title":"SpinBetter-auktorisation | Instruktioner om hur du \u00e5terst\u00e4ller \u00e5tkomst","og_description":"Grundl\u00e4ggande metoder f\u00f6r att logga in p\u00e5 SpinBetter Sverige kontot. Steg-f\u00f6r-steg-guide f\u00f6r att \u00e5terst\u00e4lla ett gl\u00f6mt l\u00f6senord. L\u00f6sningar p\u00e5 vanliga inloggningsproblem.","og_url":"https:\/\/spinbetter.center\/sv\/login\/","og_site_name":"Spinbetter Center sv","article_modified_time":"2025-03-20T16:35:34+00:00","twitter_card":"summary_large_image","schema":{"@context":"https:\/\/schema.org","@graph":[{"@type":"WebPage","@id":"https:\/\/spinbetter.center\/sv\/login\/","url":"https:\/\/spinbetter.center\/sv\/login\/","name":"SpinBetter-auktorisation | Instruktioner om hur du \u00e5terst\u00e4ller \u00e5tkomst","isPartOf":{"@id":"https:\/\/spinbetter.center\/sv\/#website"},"datePublished":"2024-11-11T09:29:24+00:00","dateModified":"2025-03-20T16:35:34+00:00","description":"Grundl\u00e4ggande metoder f\u00f6r att logga in p\u00e5 SpinBetter Sverige kontot. Steg-f\u00f6r-steg-guide f\u00f6r att \u00e5terst\u00e4lla ett gl\u00f6mt l\u00f6senord. L\u00f6sningar p\u00e5 vanliga inloggningsproblem.","breadcrumb":{"@id":"https:\/\/spinbetter.center\/sv\/login\/#breadcrumb"},"inLanguage":"sv-SE","potentialAction":[{"@type":"ReadAction","target":["https:\/\/spinbetter.center\/sv\/login\/"]}]},{"@type":"BreadcrumbList","@id":"https:\/\/spinbetter.center\/sv\/login\/#breadcrumb","itemListElement":[{"@type":"ListItem","position":1,"name":"Home","item":"https:\/\/spinbetter.center\/sv\/"},{"@type":"ListItem","position":2,"name":"Logga in"}]},{"@type":"WebSite","@id":"https:\/\/spinbetter.center\/sv\/#website","url":"https:\/\/spinbetter.center\/sv\/","name":"SpinBetter","description":"SpinBetter","alternateName":"Spin Better","potentialAction":[{"@type":"SearchAction","target":{"@type":"EntryPoint","urlTemplate":"https:\/\/spinbetter.center\/sv\/?s={search_term_string}"},"query-input":{"@type":"PropertyValueSpecification","valueRequired":true,"valueName":"search_term_string"}}],"inLanguage":"sv-SE"}]}},"_links":{"self":[{"href":"https:\/\/spinbetter.center\/sv\/wp-json\/wp\/v2\/pages\/422","targetHints":{"allow":["GET"]}}],"collection":[{"href":"https:\/\/spinbetter.center\/sv\/wp-json\/wp\/v2\/pages"}],"about":[{"href":"https:\/\/spinbetter.center\/sv\/wp-json\/wp\/v2\/types\/page"}],"author":[{"embeddable":true,"href":"https:\/\/spinbetter.center\/sv\/wp-json\/wp\/v2\/users\/1"}],"replies":[{"embeddable":true,"href":"https:\/\/spinbetter.center\/sv\/wp-json\/wp\/v2\/comments?post=422"}],"version-history":[{"count":2,"href":"https:\/\/spinbetter.center\/sv\/wp-json\/wp\/v2\/pages\/422\/revisions"}],"predecessor-version":[{"id":503,"href":"https:\/\/spinbetter.center\/sv\/wp-json\/wp\/v2\/pages\/422\/revisions\/503"}],"wp:attachment":[{"href":"https:\/\/spinbetter.center\/sv\/wp-json\/wp\/v2\/media?parent=422"}],"curies":[{"name":"wp","href":"https:\/\/api.w.org\/{rel}","templated":true}]}}