{"id":339,"date":"2024-10-22T15:10:39","date_gmt":"2024-10-22T15:10:39","guid":{"rendered":"https:\/\/spinbetter.center\/sv\/?page_id=339"},"modified":"2025-05-26T08:52:45","modified_gmt":"2025-05-26T08:52:45","slug":"promo-code","status":"publish","type":"page","link":"https:\/\/spinbetter.center\/sv\/promo-code\/","title":{"rendered":"Kampanjkod"},"content":{"rendered":"","protected":false},"excerpt":{"rendered":"","protected":false},"author":1,"featured_media":0,"parent":0,"menu_order":0,"comment_status":"closed","ping_status":"closed","template":"","meta":{"footnotes":""},"class_list":["post-339","page","type-page","status-publish","hentry"],"yoast_head":"<!-- This site is optimized with the Yoast SEO plugin v24.5 - https:\/\/yoast.com\/wordpress\/plugins\/seo\/ -->\n<title>SpinBetter Sverige Kampanjkoder: en extra chans till en bonus<\/title>\n<meta name=\"description\" content=\"Definition av SpinBetter-kampanjkoder och vad de \u00e4r v\u00e4rdefulla f\u00f6r spelaren. Var man ska leta efter den hemliga kombinationen. Ordningen p\u00e5 satsningskoder.\" \/>\n<meta name=\"robots\" content=\"index, follow, max-snippet:-1, max-image-preview:large, max-video-preview:-1\" \/>\n<link rel=\"canonical\" href=\"https:\/\/spinbetter.center\/sv\/promo-code\/\" \/>\n<meta property=\"og:locale\" content=\"sv_SE\" \/>\n<meta property=\"og:type\" content=\"article\" \/>\n<meta property=\"og:title\" content=\"SpinBetter Sverige Kampanjkoder: en extra chans till en bonus\" \/>\n<meta property=\"og:description\" content=\"Definition av SpinBetter-kampanjkoder och vad de \u00e4r v\u00e4rdefulla f\u00f6r spelaren. Var man ska leta efter den hemliga kombinationen. Ordningen p\u00e5 satsningskoder.\" \/>\n<meta property=\"og:url\" content=\"https:\/\/spinbetter.center\/sv\/promo-code\/\" \/>\n<meta property=\"og:site_name\" content=\"Spinbetter Center sv\" \/>\n<meta property=\"article:modified_time\" content=\"2025-05-26T08:52:45+00:00\" \/>\n<meta name=\"twitter:card\" content=\"summary_large_image\" \/>\n<script type=\"application\/ld+json\" class=\"yoast-schema-graph\">{\"@context\":\"https:\/\/schema.org\",\"@graph\":[{\"@type\":\"WebPage\",\"@id\":\"https:\/\/spinbetter.center\/sv\/promo-code\/\",\"url\":\"https:\/\/spinbetter.center\/sv\/promo-code\/\",\"name\":\"SpinBetter Sverige Kampanjkoder: en extra chans till en bonus\",\"isPartOf\":{\"@id\":\"https:\/\/spinbetter.center\/sv\/#website\"},\"datePublished\":\"2024-10-22T15:10:39+00:00\",\"dateModified\":\"2025-05-26T08:52:45+00:00\",\"description\":\"Definition av SpinBetter-kampanjkoder och vad de \u00e4r v\u00e4rdefulla f\u00f6r spelaren. Var man ska leta efter den hemliga kombinationen. Ordningen p\u00e5 satsningskoder.\",\"breadcrumb\":{\"@id\":\"https:\/\/spinbetter.center\/sv\/promo-code\/#breadcrumb\"},\"inLanguage\":\"sv-SE\",\"potentialAction\":[{\"@type\":\"ReadAction\",\"target\":[\"https:\/\/spinbetter.center\/sv\/promo-code\/\"]}]},{\"@type\":\"BreadcrumbList\",\"@id\":\"https:\/\/spinbetter.center\/sv\/promo-code\/#breadcrumb\",\"itemListElement\":[{\"@type\":\"ListItem\",\"position\":1,\"name\":\"Home\",\"item\":\"https:\/\/spinbetter.center\/sv\/\"},{\"@type\":\"ListItem\",\"position\":2,\"name\":\"Kampanjkod\"}]},{\"@type\":\"WebSite\",\"@id\":\"https:\/\/spinbetter.center\/sv\/#website\",\"url\":\"https:\/\/spinbetter.center\/sv\/\",\"name\":\"SpinBetter\",\"description\":\"SpinBetter\",\"alternateName\":\"Spin Better\",\"potentialAction\":[{\"@type\":\"SearchAction\",\"target\":{\"@type\":\"EntryPoint\",\"urlTemplate\":\"https:\/\/spinbetter.center\/sv\/?s={search_term_string}\"},\"query-input\":{\"@type\":\"PropertyValueSpecification\",\"valueRequired\":true,\"valueName\":\"search_term_string\"}}],\"inLanguage\":\"sv-SE\"}]}<\/script>\n<!-- \/ Yoast SEO plugin. -->","yoast_head_json":{"title":"SpinBetter Sverige Kampanjkoder: en extra chans till en bonus","description":"Definition av SpinBetter-kampanjkoder och vad de \u00e4r v\u00e4rdefulla f\u00f6r spelaren. Var man ska leta efter den hemliga kombinationen. Ordningen p\u00e5 satsningskoder.","robots":{"index":"index","follow":"follow","max-snippet":"max-snippet:-1","max-image-preview":"max-image-preview:large","max-video-preview":"max-video-preview:-1"},"canonical":"https:\/\/spinbetter.center\/sv\/promo-code\/","og_locale":"sv_SE","og_type":"article","og_title":"SpinBetter Sverige Kampanjkoder: en extra chans till en bonus","og_description":"Definition av SpinBetter-kampanjkoder och vad de \u00e4r v\u00e4rdefulla f\u00f6r spelaren. Var man ska leta efter den hemliga kombinationen. Ordningen p\u00e5 satsningskoder.","og_url":"https:\/\/spinbetter.center\/sv\/promo-code\/","og_site_name":"Spinbetter Center sv","article_modified_time":"2025-05-26T08:52:45+00:00","twitter_card":"summary_large_image","schema":{"@context":"https:\/\/schema.org","@graph":[{"@type":"WebPage","@id":"https:\/\/spinbetter.center\/sv\/promo-code\/","url":"https:\/\/spinbetter.center\/sv\/promo-code\/","name":"SpinBetter Sverige Kampanjkoder: en extra chans till en bonus","isPartOf":{"@id":"https:\/\/spinbetter.center\/sv\/#website"},"datePublished":"2024-10-22T15:10:39+00:00","dateModified":"2025-05-26T08:52:45+00:00","description":"Definition av SpinBetter-kampanjkoder och vad de \u00e4r v\u00e4rdefulla f\u00f6r spelaren. Var man ska leta efter den hemliga kombinationen. Ordningen p\u00e5 satsningskoder.","breadcrumb":{"@id":"https:\/\/spinbetter.center\/sv\/promo-code\/#breadcrumb"},"inLanguage":"sv-SE","potentialAction":[{"@type":"ReadAction","target":["https:\/\/spinbetter.center\/sv\/promo-code\/"]}]},{"@type":"BreadcrumbList","@id":"https:\/\/spinbetter.center\/sv\/promo-code\/#breadcrumb","itemListElement":[{"@type":"ListItem","position":1,"name":"Home","item":"https:\/\/spinbetter.center\/sv\/"},{"@type":"ListItem","position":2,"name":"Kampanjkod"}]},{"@type":"WebSite","@id":"https:\/\/spinbetter.center\/sv\/#website","url":"https:\/\/spinbetter.center\/sv\/","name":"SpinBetter","description":"SpinBetter","alternateName":"Spin Better","potentialAction":[{"@type":"SearchAction","target":{"@type":"EntryPoint","urlTemplate":"https:\/\/spinbetter.center\/sv\/?s={search_term_string}"},"query-input":{"@type":"PropertyValueSpecification","valueRequired":true,"valueName":"search_term_string"}}],"inLanguage":"sv-SE"}]}},"_links":{"self":[{"href":"https:\/\/spinbetter.center\/sv\/wp-json\/wp\/v2\/pages\/339","targetHints":{"allow":["GET"]}}],"collection":[{"href":"https:\/\/spinbetter.center\/sv\/wp-json\/wp\/v2\/pages"}],"about":[{"href":"https:\/\/spinbetter.center\/sv\/wp-json\/wp\/v2\/types\/page"}],"author":[{"embeddable":true,"href":"https:\/\/spinbetter.center\/sv\/wp-json\/wp\/v2\/users\/1"}],"replies":[{"embeddable":true,"href":"https:\/\/spinbetter.center\/sv\/wp-json\/wp\/v2\/comments?post=339"}],"version-history":[{"count":6,"href":"https:\/\/spinbetter.center\/sv\/wp-json\/wp\/v2\/pages\/339\/revisions"}],"predecessor-version":[{"id":770,"href":"https:\/\/spinbetter.center\/sv\/wp-json\/wp\/v2\/pages\/339\/revisions\/770"}],"wp:attachment":[{"href":"https:\/\/spinbetter.center\/sv\/wp-json\/wp\/v2\/media?parent=339"}],"curies":[{"name":"wp","href":"https:\/\/api.w.org\/{rel}","templated":true}]}}