{"id":823,"date":"2025-07-24T05:48:10","date_gmt":"2025-07-24T05:48:10","guid":{"rendered":"https:\/\/spinbetter.center\/suisse\/?page_id=823"},"modified":"2025-08-08T15:39:06","modified_gmt":"2025-08-08T15:39:06","slug":"cashback-on-football","status":"publish","type":"page","link":"https:\/\/spinbetter.center\/suisse\/bonuses\/cashback-on-football\/","title":{"rendered":"Cashback sur le football"},"content":{"rendered":"","protected":false},"excerpt":{"rendered":"","protected":false},"author":1,"featured_media":0,"parent":272,"menu_order":0,"comment_status":"closed","ping_status":"closed","template":"","meta":{"footnotes":""},"class_list":["post-823","page","type-page","status-publish","hentry"],"yoast_head":"<!-- This site is optimized with the Yoast SEO plugin v27.4 - https:\/\/yoast.com\/product\/yoast-seo-wordpress\/ -->\n<title>Cashback SpinBetter sur le football : obtenez jusqu&#039;\u00e0 20 % de compensation<\/title>\n<meta name=\"description\" content=\"Participez \u00e0 la promotion SpinBetter et obtenez jusqu&#039;\u00e0 20 % de cashback chaque semaine sur vos paris footballistiques ! Pariez \u00e0 partir de 5 CHF et ne manquez pas l&#039;occasion de r\u00e9cup\u00e9rer une partie de vos mises !\" \/>\n<meta name=\"robots\" content=\"index, follow, max-snippet:-1, max-image-preview:large, max-video-preview:-1\" \/>\n<link rel=\"canonical\" href=\"https:\/\/spinbetter.center\/suisse\/bonuses\/cashback-on-football\/\" \/>\n<meta property=\"og:locale\" content=\"fr_FR\" \/>\n<meta property=\"og:type\" content=\"article\" \/>\n<meta property=\"og:title\" content=\"Cashback SpinBetter sur le football : obtenez jusqu&#039;\u00e0 20 % de compensation\" \/>\n<meta property=\"og:description\" content=\"Participez \u00e0 la promotion SpinBetter et obtenez jusqu&#039;\u00e0 20 % de cashback chaque semaine sur vos paris footballistiques ! Pariez \u00e0 partir de 5 CHF et ne manquez pas l&#039;occasion de r\u00e9cup\u00e9rer une partie de vos mises !\" \/>\n<meta property=\"og:url\" content=\"https:\/\/spinbetter.center\/suisse\/bonuses\/cashback-on-football\/\" \/>\n<meta property=\"og:site_name\" content=\"Spinbetter center ch-FR\" \/>\n<meta property=\"article:modified_time\" content=\"2025-08-08T15:39:06+00:00\" \/>\n<meta name=\"twitter:card\" content=\"summary_large_image\" \/>\n<script type=\"application\/ld+json\" class=\"yoast-schema-graph\">{\"@context\":\"https:\\\/\\\/schema.org\",\"@graph\":[{\"@type\":\"WebPage\",\"@id\":\"https:\\\/\\\/spinbetter.center\\\/suisse\\\/bonuses\\\/cashback-on-football\\\/\",\"url\":\"https:\\\/\\\/spinbetter.center\\\/suisse\\\/bonuses\\\/cashback-on-football\\\/\",\"name\":\"Cashback SpinBetter sur le football : obtenez jusqu'\u00e0 20 % de compensation\",\"isPartOf\":{\"@id\":\"https:\\\/\\\/spinbetter.center\\\/suisse\\\/#website\"},\"datePublished\":\"2025-07-24T05:48:10+00:00\",\"dateModified\":\"2025-08-08T15:39:06+00:00\",\"description\":\"Participez \u00e0 la promotion SpinBetter et obtenez jusqu'\u00e0 20 % de cashback chaque semaine sur vos paris footballistiques ! Pariez \u00e0 partir de 5 CHF et ne manquez pas l'occasion de r\u00e9cup\u00e9rer une partie de vos mises !\",\"breadcrumb\":{\"@id\":\"https:\\\/\\\/spinbetter.center\\\/suisse\\\/bonuses\\\/cashback-on-football\\\/#breadcrumb\"},\"inLanguage\":\"fr-CH\",\"potentialAction\":[{\"@type\":\"ReadAction\",\"target\":[\"https:\\\/\\\/spinbetter.center\\\/suisse\\\/bonuses\\\/cashback-on-football\\\/\"]}]},{\"@type\":\"BreadcrumbList\",\"@id\":\"https:\\\/\\\/spinbetter.center\\\/suisse\\\/bonuses\\\/cashback-on-football\\\/#breadcrumb\",\"itemListElement\":[{\"@type\":\"ListItem\",\"position\":1,\"name\":\"Home\",\"item\":\"https:\\\/\\\/spinbetter.center\\\/suisse\\\/\"},{\"@type\":\"ListItem\",\"position\":2,\"name\":\"Bonus\",\"item\":\"https:\\\/\\\/spinbetter.center\\\/suisse\\\/bonuses\\\/\"},{\"@type\":\"ListItem\",\"position\":3,\"name\":\"Cashback sur le football\"}]},{\"@type\":\"WebSite\",\"@id\":\"https:\\\/\\\/spinbetter.center\\\/suisse\\\/#website\",\"url\":\"https:\\\/\\\/spinbetter.center\\\/suisse\\\/\",\"name\":\"SpinBetter\",\"description\":\"SpinBetter\",\"alternateName\":\"Spin Better\",\"potentialAction\":[{\"@type\":\"SearchAction\",\"target\":{\"@type\":\"EntryPoint\",\"urlTemplate\":\"https:\\\/\\\/spinbetter.center\\\/suisse\\\/?s={search_term_string}\"},\"query-input\":{\"@type\":\"PropertyValueSpecification\",\"valueRequired\":true,\"valueName\":\"search_term_string\"}}],\"inLanguage\":\"fr-CH\"}]}<\/script>\n<!-- \/ Yoast SEO plugin. -->","yoast_head_json":{"title":"Cashback SpinBetter sur le football : obtenez jusqu'\u00e0 20 % de compensation","description":"Participez \u00e0 la promotion SpinBetter et obtenez jusqu'\u00e0 20 % de cashback chaque semaine sur vos paris footballistiques ! Pariez \u00e0 partir de 5 CHF et ne manquez pas l'occasion de r\u00e9cup\u00e9rer une partie de vos mises !","robots":{"index":"index","follow":"follow","max-snippet":"max-snippet:-1","max-image-preview":"max-image-preview:large","max-video-preview":"max-video-preview:-1"},"canonical":"https:\/\/spinbetter.center\/suisse\/bonuses\/cashback-on-football\/","og_locale":"fr_FR","og_type":"article","og_title":"Cashback SpinBetter sur le football : obtenez jusqu'\u00e0 20 % de compensation","og_description":"Participez \u00e0 la promotion SpinBetter et obtenez jusqu'\u00e0 20 % de cashback chaque semaine sur vos paris footballistiques ! Pariez \u00e0 partir de 5 CHF et ne manquez pas l'occasion de r\u00e9cup\u00e9rer une partie de vos mises !","og_url":"https:\/\/spinbetter.center\/suisse\/bonuses\/cashback-on-football\/","og_site_name":"Spinbetter center ch-FR","article_modified_time":"2025-08-08T15:39:06+00:00","twitter_card":"summary_large_image","schema":{"@context":"https:\/\/schema.org","@graph":[{"@type":"WebPage","@id":"https:\/\/spinbetter.center\/suisse\/bonuses\/cashback-on-football\/","url":"https:\/\/spinbetter.center\/suisse\/bonuses\/cashback-on-football\/","name":"Cashback SpinBetter sur le football : obtenez jusqu'\u00e0 20 % de compensation","isPartOf":{"@id":"https:\/\/spinbetter.center\/suisse\/#website"},"datePublished":"2025-07-24T05:48:10+00:00","dateModified":"2025-08-08T15:39:06+00:00","description":"Participez \u00e0 la promotion SpinBetter et obtenez jusqu'\u00e0 20 % de cashback chaque semaine sur vos paris footballistiques ! Pariez \u00e0 partir de 5 CHF et ne manquez pas l'occasion de r\u00e9cup\u00e9rer une partie de vos mises !","breadcrumb":{"@id":"https:\/\/spinbetter.center\/suisse\/bonuses\/cashback-on-football\/#breadcrumb"},"inLanguage":"fr-CH","potentialAction":[{"@type":"ReadAction","target":["https:\/\/spinbetter.center\/suisse\/bonuses\/cashback-on-football\/"]}]},{"@type":"BreadcrumbList","@id":"https:\/\/spinbetter.center\/suisse\/bonuses\/cashback-on-football\/#breadcrumb","itemListElement":[{"@type":"ListItem","position":1,"name":"Home","item":"https:\/\/spinbetter.center\/suisse\/"},{"@type":"ListItem","position":2,"name":"Bonus","item":"https:\/\/spinbetter.center\/suisse\/bonuses\/"},{"@type":"ListItem","position":3,"name":"Cashback sur le football"}]},{"@type":"WebSite","@id":"https:\/\/spinbetter.center\/suisse\/#website","url":"https:\/\/spinbetter.center\/suisse\/","name":"SpinBetter","description":"SpinBetter","alternateName":"Spin Better","potentialAction":[{"@type":"SearchAction","target":{"@type":"EntryPoint","urlTemplate":"https:\/\/spinbetter.center\/suisse\/?s={search_term_string}"},"query-input":{"@type":"PropertyValueSpecification","valueRequired":true,"valueName":"search_term_string"}}],"inLanguage":"fr-CH"}]}},"amp_enabled":true,"_links":{"self":[{"href":"https:\/\/spinbetter.center\/suisse\/wp-json\/wp\/v2\/pages\/823","targetHints":{"allow":["GET"]}}],"collection":[{"href":"https:\/\/spinbetter.center\/suisse\/wp-json\/wp\/v2\/pages"}],"about":[{"href":"https:\/\/spinbetter.center\/suisse\/wp-json\/wp\/v2\/types\/page"}],"author":[{"embeddable":true,"href":"https:\/\/spinbetter.center\/suisse\/wp-json\/wp\/v2\/users\/1"}],"replies":[{"embeddable":true,"href":"https:\/\/spinbetter.center\/suisse\/wp-json\/wp\/v2\/comments?post=823"}],"version-history":[{"count":5,"href":"https:\/\/spinbetter.center\/suisse\/wp-json\/wp\/v2\/pages\/823\/revisions"}],"predecessor-version":[{"id":883,"href":"https:\/\/spinbetter.center\/suisse\/wp-json\/wp\/v2\/pages\/823\/revisions\/883"}],"up":[{"embeddable":true,"href":"https:\/\/spinbetter.center\/suisse\/wp-json\/wp\/v2\/pages\/272"}],"wp:attachment":[{"href":"https:\/\/spinbetter.center\/suisse\/wp-json\/wp\/v2\/media?parent=823"}],"curies":[{"name":"wp","href":"https:\/\/api.w.org\/{rel}","templated":true}]}}