{"id":360,"date":"2024-12-08T07:17:25","date_gmt":"2024-12-08T07:17:25","guid":{"rendered":"https:\/\/spinbetter.center\/suisse\/bd\/?page_id=360"},"modified":"2025-09-02T19:25:11","modified_gmt":"2025-09-02T19:25:11","slug":"apk","status":"publish","type":"page","link":"https:\/\/spinbetter.center\/suisse\/apk\/","title":{"rendered":"Apk"},"content":{"rendered":"","protected":false},"excerpt":{"rendered":"","protected":false},"author":1,"featured_media":0,"parent":0,"menu_order":0,"comment_status":"closed","ping_status":"closed","template":"","meta":{"footnotes":""},"class_list":["post-360","page","type-page","status-publish","hentry"],"yoast_head":"<!-- This site is optimized with the Yoast SEO plugin v24.5 - https:\/\/yoast.com\/wordpress\/plugins\/seo\/ -->\n<title>SpinBetter Apk Android: T\u00e9l\u00e9chargement et installation<\/title>\n<meta name=\"description\" content=\"Principales fonctionnalit\u00e9s de l&#039;application mobile SpinBetter pour Android. Instructions \u00e9tape par \u00e9tape pour t\u00e9l\u00e9charger et installer le programme. Comparaison entre l&#039;apk SpinBetter et la version mobile du site web.\" \/>\n<meta name=\"robots\" content=\"index, follow, max-snippet:-1, max-image-preview:large, max-video-preview:-1\" \/>\n<link rel=\"canonical\" href=\"https:\/\/spinbetter.center\/suisse\/apk\/\" \/>\n<meta property=\"og:locale\" content=\"fr_FR\" \/>\n<meta property=\"og:type\" content=\"article\" \/>\n<meta property=\"og:title\" content=\"SpinBetter Apk Android: T\u00e9l\u00e9chargement et installation\" \/>\n<meta property=\"og:description\" content=\"Principales fonctionnalit\u00e9s de l&#039;application mobile SpinBetter pour Android. Instructions \u00e9tape par \u00e9tape pour t\u00e9l\u00e9charger et installer le programme. Comparaison entre l&#039;apk SpinBetter et la version mobile du site web.\" \/>\n<meta property=\"og:url\" content=\"https:\/\/spinbetter.center\/suisse\/apk\/\" \/>\n<meta property=\"og:site_name\" content=\"Spinbetter center ch-FR\" \/>\n<meta property=\"article:modified_time\" content=\"2025-09-02T19:25:11+00:00\" \/>\n<meta name=\"twitter:card\" content=\"summary_large_image\" \/>\n<script type=\"application\/ld+json\" class=\"yoast-schema-graph\">{\"@context\":\"https:\/\/schema.org\",\"@graph\":[{\"@type\":\"WebPage\",\"@id\":\"https:\/\/spinbetter.center\/suisse\/apk\/\",\"url\":\"https:\/\/spinbetter.center\/suisse\/apk\/\",\"name\":\"SpinBetter Apk Android: T\u00e9l\u00e9chargement et installation\",\"isPartOf\":{\"@id\":\"https:\/\/spinbetter.center\/suisse\/#website\"},\"datePublished\":\"2024-12-08T07:17:25+00:00\",\"dateModified\":\"2025-09-02T19:25:11+00:00\",\"description\":\"Principales fonctionnalit\u00e9s de l'application mobile SpinBetter pour Android. Instructions \u00e9tape par \u00e9tape pour t\u00e9l\u00e9charger et installer le programme. Comparaison entre l'apk SpinBetter et la version mobile du site web.\",\"breadcrumb\":{\"@id\":\"https:\/\/spinbetter.center\/suisse\/apk\/#breadcrumb\"},\"inLanguage\":\"fr-CH\",\"potentialAction\":[{\"@type\":\"ReadAction\",\"target\":[\"https:\/\/spinbetter.center\/suisse\/apk\/\"]}]},{\"@type\":\"BreadcrumbList\",\"@id\":\"https:\/\/spinbetter.center\/suisse\/apk\/#breadcrumb\",\"itemListElement\":[{\"@type\":\"ListItem\",\"position\":1,\"name\":\"Home\",\"item\":\"https:\/\/spinbetter.center\/suisse\/\"},{\"@type\":\"ListItem\",\"position\":2,\"name\":\"Apk\"}]},{\"@type\":\"WebSite\",\"@id\":\"https:\/\/spinbetter.center\/suisse\/#website\",\"url\":\"https:\/\/spinbetter.center\/suisse\/\",\"name\":\"SpinBetter\",\"description\":\"SpinBetter\",\"alternateName\":\"Spin Better\",\"potentialAction\":[{\"@type\":\"SearchAction\",\"target\":{\"@type\":\"EntryPoint\",\"urlTemplate\":\"https:\/\/spinbetter.center\/suisse\/?s={search_term_string}\"},\"query-input\":{\"@type\":\"PropertyValueSpecification\",\"valueRequired\":true,\"valueName\":\"search_term_string\"}}],\"inLanguage\":\"fr-CH\"}]}<\/script>\n<!-- \/ Yoast SEO plugin. -->","yoast_head_json":{"title":"SpinBetter Apk Android: T\u00e9l\u00e9chargement et installation","description":"Principales fonctionnalit\u00e9s de l'application mobile SpinBetter pour Android. Instructions \u00e9tape par \u00e9tape pour t\u00e9l\u00e9charger et installer le programme. Comparaison entre l'apk SpinBetter et la version mobile du site web.","robots":{"index":"index","follow":"follow","max-snippet":"max-snippet:-1","max-image-preview":"max-image-preview:large","max-video-preview":"max-video-preview:-1"},"canonical":"https:\/\/spinbetter.center\/suisse\/apk\/","og_locale":"fr_FR","og_type":"article","og_title":"SpinBetter Apk Android: T\u00e9l\u00e9chargement et installation","og_description":"Principales fonctionnalit\u00e9s de l'application mobile SpinBetter pour Android. Instructions \u00e9tape par \u00e9tape pour t\u00e9l\u00e9charger et installer le programme. Comparaison entre l'apk SpinBetter et la version mobile du site web.","og_url":"https:\/\/spinbetter.center\/suisse\/apk\/","og_site_name":"Spinbetter center ch-FR","article_modified_time":"2025-09-02T19:25:11+00:00","twitter_card":"summary_large_image","schema":{"@context":"https:\/\/schema.org","@graph":[{"@type":"WebPage","@id":"https:\/\/spinbetter.center\/suisse\/apk\/","url":"https:\/\/spinbetter.center\/suisse\/apk\/","name":"SpinBetter Apk Android: T\u00e9l\u00e9chargement et installation","isPartOf":{"@id":"https:\/\/spinbetter.center\/suisse\/#website"},"datePublished":"2024-12-08T07:17:25+00:00","dateModified":"2025-09-02T19:25:11+00:00","description":"Principales fonctionnalit\u00e9s de l'application mobile SpinBetter pour Android. Instructions \u00e9tape par \u00e9tape pour t\u00e9l\u00e9charger et installer le programme. Comparaison entre l'apk SpinBetter et la version mobile du site web.","breadcrumb":{"@id":"https:\/\/spinbetter.center\/suisse\/apk\/#breadcrumb"},"inLanguage":"fr-CH","potentialAction":[{"@type":"ReadAction","target":["https:\/\/spinbetter.center\/suisse\/apk\/"]}]},{"@type":"BreadcrumbList","@id":"https:\/\/spinbetter.center\/suisse\/apk\/#breadcrumb","itemListElement":[{"@type":"ListItem","position":1,"name":"Home","item":"https:\/\/spinbetter.center\/suisse\/"},{"@type":"ListItem","position":2,"name":"Apk"}]},{"@type":"WebSite","@id":"https:\/\/spinbetter.center\/suisse\/#website","url":"https:\/\/spinbetter.center\/suisse\/","name":"SpinBetter","description":"SpinBetter","alternateName":"Spin Better","potentialAction":[{"@type":"SearchAction","target":{"@type":"EntryPoint","urlTemplate":"https:\/\/spinbetter.center\/suisse\/?s={search_term_string}"},"query-input":{"@type":"PropertyValueSpecification","valueRequired":true,"valueName":"search_term_string"}}],"inLanguage":"fr-CH"}]}},"_links":{"self":[{"href":"https:\/\/spinbetter.center\/suisse\/wp-json\/wp\/v2\/pages\/360","targetHints":{"allow":["GET"]}}],"collection":[{"href":"https:\/\/spinbetter.center\/suisse\/wp-json\/wp\/v2\/pages"}],"about":[{"href":"https:\/\/spinbetter.center\/suisse\/wp-json\/wp\/v2\/types\/page"}],"author":[{"embeddable":true,"href":"https:\/\/spinbetter.center\/suisse\/wp-json\/wp\/v2\/users\/1"}],"replies":[{"embeddable":true,"href":"https:\/\/spinbetter.center\/suisse\/wp-json\/wp\/v2\/comments?post=360"}],"version-history":[{"count":5,"href":"https:\/\/spinbetter.center\/suisse\/wp-json\/wp\/v2\/pages\/360\/revisions"}],"predecessor-version":[{"id":875,"href":"https:\/\/spinbetter.center\/suisse\/wp-json\/wp\/v2\/pages\/360\/revisions\/875"}],"wp:attachment":[{"href":"https:\/\/spinbetter.center\/suisse\/wp-json\/wp\/v2\/media?parent=360"}],"curies":[{"name":"wp","href":"https:\/\/api.w.org\/{rel}","templated":true}]}}