{"id":523,"date":"2025-03-31T05:35:59","date_gmt":"2025-03-31T05:35:59","guid":{"rendered":"https:\/\/spinbetter.center\/?page_id=523"},"modified":"2025-06-03T11:26:11","modified_gmt":"2025-06-03T11:26:11","slug":"betting-cashback","status":"publish","type":"page","link":"https:\/\/spinbetter.center\/sl\/bonuses\/betting-cashback\/","title":{"rendered":"Vra\u010dilo denarnih sredstev pri stavah"},"content":{"rendered":"","protected":false},"excerpt":{"rendered":"","protected":false},"author":1,"featured_media":0,"parent":272,"menu_order":0,"comment_status":"closed","ping_status":"closed","template":"","meta":{"footnotes":""},"class_list":["post-523","page","type-page","status-publish","hentry"],"yoast_head":"<!-- This site is optimized with the Yoast SEO plugin v27.4 - https:\/\/yoast.com\/product\/yoast-seo-wordpress\/ -->\n<title>SpinBetter Betting Cashback: \u2705Tedenski 3% Cashback<\/title>\n<meta name=\"description\" content=\"Po porazu ne obupajte! Z SpinBetterjem dobite 3 % povra\u010dilo denarja za \u0161portne stave in si povrnite nekaj izgub. Nau\u010dite se, kako aktivirati tedensko vra\u010dilo denarja in poskrbeti, da bo va\u0161a igra \u0161e bolj donosna!\" \/>\n<meta name=\"robots\" content=\"noindex, follow, max-snippet:-1, max-image-preview:large, max-video-preview:-1\" \/>\n<meta property=\"og:locale\" content=\"sl_SI\" \/>\n<meta property=\"og:type\" content=\"article\" \/>\n<meta property=\"og:title\" content=\"SpinBetter Betting Cashback: \u2705Tedenski 3% Cashback\" \/>\n<meta property=\"og:description\" content=\"Po porazu ne obupajte! Z SpinBetterjem dobite 3 % povra\u010dilo denarja za \u0161portne stave in si povrnite nekaj izgub. Nau\u010dite se, kako aktivirati tedensko vra\u010dilo denarja in poskrbeti, da bo va\u0161a igra \u0161e bolj donosna!\" \/>\n<meta property=\"og:url\" content=\"https:\/\/spinbetter.center\/sl\/bonuses\/betting-cashback\/\" \/>\n<meta property=\"og:site_name\" content=\"SpinBetter sl\" \/>\n<meta property=\"article:modified_time\" content=\"2025-06-03T11:26:11+00:00\" \/>\n<meta name=\"twitter:card\" content=\"summary_large_image\" \/>\n<script type=\"application\/ld+json\" class=\"yoast-schema-graph\">{\"@context\":\"https:\\\/\\\/schema.org\",\"@graph\":[{\"@type\":\"WebPage\",\"@id\":\"https:\\\/\\\/spinbetter.center\\\/sl\\\/bonuses\\\/betting-cashback\\\/\",\"url\":\"https:\\\/\\\/spinbetter.center\\\/sl\\\/bonuses\\\/betting-cashback\\\/\",\"name\":\"SpinBetter Betting Cashback: \u2705Tedenski 3% Cashback\",\"isPartOf\":{\"@id\":\"https:\\\/\\\/spinbetter.center\\\/sl\\\/#website\"},\"datePublished\":\"2025-03-31T05:35:59+00:00\",\"dateModified\":\"2025-06-03T11:26:11+00:00\",\"description\":\"Po porazu ne obupajte! Z SpinBetterjem dobite 3 % povra\u010dilo denarja za \u0161portne stave in si povrnite nekaj izgub. Nau\u010dite se, kako aktivirati tedensko vra\u010dilo denarja in poskrbeti, da bo va\u0161a igra \u0161e bolj donosna!\",\"breadcrumb\":{\"@id\":\"https:\\\/\\\/spinbetter.center\\\/sl\\\/bonuses\\\/betting-cashback\\\/#breadcrumb\"},\"inLanguage\":\"sl-SI\",\"potentialAction\":[{\"@type\":\"ReadAction\",\"target\":[\"https:\\\/\\\/spinbetter.center\\\/sl\\\/bonuses\\\/betting-cashback\\\/\"]}]},{\"@type\":\"BreadcrumbList\",\"@id\":\"https:\\\/\\\/spinbetter.center\\\/sl\\\/bonuses\\\/betting-cashback\\\/#breadcrumb\",\"itemListElement\":[{\"@type\":\"ListItem\",\"position\":1,\"name\":\"Home\",\"item\":\"https:\\\/\\\/spinbetter.center\\\/sl\\\/\"},{\"@type\":\"ListItem\",\"position\":2,\"name\":\"Bonusi\",\"item\":\"https:\\\/\\\/spinbetter.center\\\/sl\\\/bonuses\\\/\"},{\"@type\":\"ListItem\",\"position\":3,\"name\":\"Vra\u010dilo denarnih sredstev pri stavah\"}]},{\"@type\":\"WebSite\",\"@id\":\"https:\\\/\\\/spinbetter.center\\\/sl\\\/#website\",\"url\":\"https:\\\/\\\/spinbetter.center\\\/sl\\\/\",\"name\":\"SpinBetter\",\"description\":\"SpinBetter\",\"alternateName\":\"Spin Better\",\"potentialAction\":[{\"@type\":\"SearchAction\",\"target\":{\"@type\":\"EntryPoint\",\"urlTemplate\":\"https:\\\/\\\/spinbetter.center\\\/sl\\\/?s={search_term_string}\"},\"query-input\":{\"@type\":\"PropertyValueSpecification\",\"valueRequired\":true,\"valueName\":\"search_term_string\"}}],\"inLanguage\":\"sl-SI\"}]}<\/script>\n<!-- \/ Yoast SEO plugin. -->","yoast_head_json":{"title":"SpinBetter Betting Cashback: \u2705Tedenski 3% Cashback","description":"Po porazu ne obupajte! Z SpinBetterjem dobite 3 % povra\u010dilo denarja za \u0161portne stave in si povrnite nekaj izgub. Nau\u010dite se, kako aktivirati tedensko vra\u010dilo denarja in poskrbeti, da bo va\u0161a igra \u0161e bolj donosna!","robots":{"index":"noindex","follow":"follow","max-snippet":"max-snippet:-1","max-image-preview":"max-image-preview:large","max-video-preview":"max-video-preview:-1"},"og_locale":"sl_SI","og_type":"article","og_title":"SpinBetter Betting Cashback: \u2705Tedenski 3% Cashback","og_description":"Po porazu ne obupajte! Z SpinBetterjem dobite 3 % povra\u010dilo denarja za \u0161portne stave in si povrnite nekaj izgub. Nau\u010dite se, kako aktivirati tedensko vra\u010dilo denarja in poskrbeti, da bo va\u0161a igra \u0161e bolj donosna!","og_url":"https:\/\/spinbetter.center\/sl\/bonuses\/betting-cashback\/","og_site_name":"SpinBetter sl","article_modified_time":"2025-06-03T11:26:11+00:00","twitter_card":"summary_large_image","schema":{"@context":"https:\/\/schema.org","@graph":[{"@type":"WebPage","@id":"https:\/\/spinbetter.center\/sl\/bonuses\/betting-cashback\/","url":"https:\/\/spinbetter.center\/sl\/bonuses\/betting-cashback\/","name":"SpinBetter Betting Cashback: \u2705Tedenski 3% Cashback","isPartOf":{"@id":"https:\/\/spinbetter.center\/sl\/#website"},"datePublished":"2025-03-31T05:35:59+00:00","dateModified":"2025-06-03T11:26:11+00:00","description":"Po porazu ne obupajte! Z SpinBetterjem dobite 3 % povra\u010dilo denarja za \u0161portne stave in si povrnite nekaj izgub. Nau\u010dite se, kako aktivirati tedensko vra\u010dilo denarja in poskrbeti, da bo va\u0161a igra \u0161e bolj donosna!","breadcrumb":{"@id":"https:\/\/spinbetter.center\/sl\/bonuses\/betting-cashback\/#breadcrumb"},"inLanguage":"sl-SI","potentialAction":[{"@type":"ReadAction","target":["https:\/\/spinbetter.center\/sl\/bonuses\/betting-cashback\/"]}]},{"@type":"BreadcrumbList","@id":"https:\/\/spinbetter.center\/sl\/bonuses\/betting-cashback\/#breadcrumb","itemListElement":[{"@type":"ListItem","position":1,"name":"Home","item":"https:\/\/spinbetter.center\/sl\/"},{"@type":"ListItem","position":2,"name":"Bonusi","item":"https:\/\/spinbetter.center\/sl\/bonuses\/"},{"@type":"ListItem","position":3,"name":"Vra\u010dilo denarnih sredstev pri stavah"}]},{"@type":"WebSite","@id":"https:\/\/spinbetter.center\/sl\/#website","url":"https:\/\/spinbetter.center\/sl\/","name":"SpinBetter","description":"SpinBetter","alternateName":"Spin Better","potentialAction":[{"@type":"SearchAction","target":{"@type":"EntryPoint","urlTemplate":"https:\/\/spinbetter.center\/sl\/?s={search_term_string}"},"query-input":{"@type":"PropertyValueSpecification","valueRequired":true,"valueName":"search_term_string"}}],"inLanguage":"sl-SI"}]}},"amp_enabled":true,"_links":{"self":[{"href":"https:\/\/spinbetter.center\/sl\/wp-json\/wp\/v2\/pages\/523","targetHints":{"allow":["GET"]}}],"collection":[{"href":"https:\/\/spinbetter.center\/sl\/wp-json\/wp\/v2\/pages"}],"about":[{"href":"https:\/\/spinbetter.center\/sl\/wp-json\/wp\/v2\/types\/page"}],"author":[{"embeddable":true,"href":"https:\/\/spinbetter.center\/sl\/wp-json\/wp\/v2\/users\/1"}],"replies":[{"embeddable":true,"href":"https:\/\/spinbetter.center\/sl\/wp-json\/wp\/v2\/comments?post=523"}],"version-history":[{"count":3,"href":"https:\/\/spinbetter.center\/sl\/wp-json\/wp\/v2\/pages\/523\/revisions"}],"predecessor-version":[{"id":749,"href":"https:\/\/spinbetter.center\/sl\/wp-json\/wp\/v2\/pages\/523\/revisions\/749"}],"up":[{"embeddable":true,"href":"https:\/\/spinbetter.center\/sl\/wp-json\/wp\/v2\/pages\/272"}],"wp:attachment":[{"href":"https:\/\/spinbetter.center\/sl\/wp-json\/wp\/v2\/media?parent=523"}],"curies":[{"name":"wp","href":"https:\/\/api.w.org\/{rel}","templated":true}]}}