{"id":272,"date":"2024-09-18T14:55:02","date_gmt":"2024-09-18T14:55:02","guid":{"rendered":"https:\/\/spinbetter.center\/sl\/?page_id=272"},"modified":"2025-06-03T14:37:09","modified_gmt":"2025-06-03T14:37:09","slug":"bonuses","status":"publish","type":"page","link":"https:\/\/spinbetter.center\/sl\/bonuses\/","title":{"rendered":"Bonusi"},"content":{"rendered":"","protected":false},"excerpt":{"rendered":"","protected":false},"author":1,"featured_media":0,"parent":0,"menu_order":0,"comment_status":"closed","ping_status":"closed","template":"","meta":{"footnotes":""},"class_list":["post-272","page","type-page","status-publish","hentry"],"yoast_head":"<!-- This site is optimized with the Yoast SEO plugin v24.5 - https:\/\/yoast.com\/wordpress\/plugins\/seo\/ -->\n<title>SpinBetter bonusi, ponudbe in dogodki: brezpla\u010dni vrtljaji<\/title>\n<meta name=\"description\" content=\"SpinBetter Slovenija dobrodo\u0161lica za casino in \u0161portne stave. Spodbude za polog in brez pologa za obstoje\u010de stranke. Pogoji stav in drugih darilnih stav.\" \/>\n<meta name=\"robots\" content=\"noindex, follow, max-snippet:-1, max-image-preview:large, max-video-preview:-1\" \/>\n<meta property=\"og:locale\" content=\"sl_SI\" \/>\n<meta property=\"og:type\" content=\"article\" \/>\n<meta property=\"og:title\" content=\"SpinBetter bonusi, ponudbe in dogodki: brezpla\u010dni vrtljaji\" \/>\n<meta property=\"og:description\" content=\"SpinBetter Slovenija dobrodo\u0161lica za casino in \u0161portne stave. Spodbude za polog in brez pologa za obstoje\u010de stranke. Pogoji stav in drugih darilnih stav.\" \/>\n<meta property=\"og:url\" content=\"https:\/\/spinbetter.center\/sl\/bonuses\/\" \/>\n<meta property=\"og:site_name\" content=\"SpinBetter sl\" \/>\n<meta property=\"article:modified_time\" content=\"2025-06-03T14:37:09+00:00\" \/>\n<meta name=\"twitter:card\" content=\"summary_large_image\" \/>\n<script type=\"application\/ld+json\" class=\"yoast-schema-graph\">{\"@context\":\"https:\/\/schema.org\",\"@graph\":[{\"@type\":\"WebPage\",\"@id\":\"https:\/\/spinbetter.center\/sl\/bonuses\/\",\"url\":\"https:\/\/spinbetter.center\/sl\/bonuses\/\",\"name\":\"SpinBetter bonusi, ponudbe in dogodki: brezpla\u010dni vrtljaji\",\"isPartOf\":{\"@id\":\"https:\/\/spinbetter.center\/sl\/#website\"},\"datePublished\":\"2024-09-18T14:55:02+00:00\",\"dateModified\":\"2025-06-03T14:37:09+00:00\",\"description\":\"SpinBetter Slovenija dobrodo\u0161lica za casino in \u0161portne stave. Spodbude za polog in brez pologa za obstoje\u010de stranke. Pogoji stav in drugih darilnih stav.\",\"breadcrumb\":{\"@id\":\"https:\/\/spinbetter.center\/sl\/bonuses\/#breadcrumb\"},\"inLanguage\":\"sl-SI\",\"potentialAction\":[{\"@type\":\"ReadAction\",\"target\":[\"https:\/\/spinbetter.center\/sl\/bonuses\/\"]}]},{\"@type\":\"BreadcrumbList\",\"@id\":\"https:\/\/spinbetter.center\/sl\/bonuses\/#breadcrumb\",\"itemListElement\":[{\"@type\":\"ListItem\",\"position\":1,\"name\":\"Home\",\"item\":\"https:\/\/spinbetter.center\/sl\/\"},{\"@type\":\"ListItem\",\"position\":2,\"name\":\"Bonusi\"}]},{\"@type\":\"WebSite\",\"@id\":\"https:\/\/spinbetter.center\/sl\/#website\",\"url\":\"https:\/\/spinbetter.center\/sl\/\",\"name\":\"SpinBetter\",\"description\":\"SpinBetter\",\"alternateName\":\"Spin Better\",\"potentialAction\":[{\"@type\":\"SearchAction\",\"target\":{\"@type\":\"EntryPoint\",\"urlTemplate\":\"https:\/\/spinbetter.center\/sl\/?s={search_term_string}\"},\"query-input\":{\"@type\":\"PropertyValueSpecification\",\"valueRequired\":true,\"valueName\":\"search_term_string\"}}],\"inLanguage\":\"sl-SI\"}]}<\/script>\n<!-- \/ Yoast SEO plugin. -->","yoast_head_json":{"title":"SpinBetter bonusi, ponudbe in dogodki: brezpla\u010dni vrtljaji","description":"SpinBetter Slovenija dobrodo\u0161lica za casino in \u0161portne stave. Spodbude za polog in brez pologa za obstoje\u010de stranke. Pogoji stav in drugih darilnih stav.","robots":{"index":"noindex","follow":"follow","max-snippet":"max-snippet:-1","max-image-preview":"max-image-preview:large","max-video-preview":"max-video-preview:-1"},"og_locale":"sl_SI","og_type":"article","og_title":"SpinBetter bonusi, ponudbe in dogodki: brezpla\u010dni vrtljaji","og_description":"SpinBetter Slovenija dobrodo\u0161lica za casino in \u0161portne stave. Spodbude za polog in brez pologa za obstoje\u010de stranke. Pogoji stav in drugih darilnih stav.","og_url":"https:\/\/spinbetter.center\/sl\/bonuses\/","og_site_name":"SpinBetter sl","article_modified_time":"2025-06-03T14:37:09+00:00","twitter_card":"summary_large_image","schema":{"@context":"https:\/\/schema.org","@graph":[{"@type":"WebPage","@id":"https:\/\/spinbetter.center\/sl\/bonuses\/","url":"https:\/\/spinbetter.center\/sl\/bonuses\/","name":"SpinBetter bonusi, ponudbe in dogodki: brezpla\u010dni vrtljaji","isPartOf":{"@id":"https:\/\/spinbetter.center\/sl\/#website"},"datePublished":"2024-09-18T14:55:02+00:00","dateModified":"2025-06-03T14:37:09+00:00","description":"SpinBetter Slovenija dobrodo\u0161lica za casino in \u0161portne stave. Spodbude za polog in brez pologa za obstoje\u010de stranke. Pogoji stav in drugih darilnih stav.","breadcrumb":{"@id":"https:\/\/spinbetter.center\/sl\/bonuses\/#breadcrumb"},"inLanguage":"sl-SI","potentialAction":[{"@type":"ReadAction","target":["https:\/\/spinbetter.center\/sl\/bonuses\/"]}]},{"@type":"BreadcrumbList","@id":"https:\/\/spinbetter.center\/sl\/bonuses\/#breadcrumb","itemListElement":[{"@type":"ListItem","position":1,"name":"Home","item":"https:\/\/spinbetter.center\/sl\/"},{"@type":"ListItem","position":2,"name":"Bonusi"}]},{"@type":"WebSite","@id":"https:\/\/spinbetter.center\/sl\/#website","url":"https:\/\/spinbetter.center\/sl\/","name":"SpinBetter","description":"SpinBetter","alternateName":"Spin Better","potentialAction":[{"@type":"SearchAction","target":{"@type":"EntryPoint","urlTemplate":"https:\/\/spinbetter.center\/sl\/?s={search_term_string}"},"query-input":{"@type":"PropertyValueSpecification","valueRequired":true,"valueName":"search_term_string"}}],"inLanguage":"sl-SI"}]}},"_links":{"self":[{"href":"https:\/\/spinbetter.center\/sl\/wp-json\/wp\/v2\/pages\/272","targetHints":{"allow":["GET"]}}],"collection":[{"href":"https:\/\/spinbetter.center\/sl\/wp-json\/wp\/v2\/pages"}],"about":[{"href":"https:\/\/spinbetter.center\/sl\/wp-json\/wp\/v2\/types\/page"}],"author":[{"embeddable":true,"href":"https:\/\/spinbetter.center\/sl\/wp-json\/wp\/v2\/users\/1"}],"replies":[{"embeddable":true,"href":"https:\/\/spinbetter.center\/sl\/wp-json\/wp\/v2\/comments?post=272"}],"version-history":[{"count":2,"href":"https:\/\/spinbetter.center\/sl\/wp-json\/wp\/v2\/pages\/272\/revisions"}],"predecessor-version":[{"id":766,"href":"https:\/\/spinbetter.center\/sl\/wp-json\/wp\/v2\/pages\/272\/revisions\/766"}],"wp:attachment":[{"href":"https:\/\/spinbetter.center\/sl\/wp-json\/wp\/v2\/media?parent=272"}],"curies":[{"name":"wp","href":"https:\/\/api.w.org\/{rel}","templated":true}]}}