{"id":527,"date":"2025-03-31T05:47:08","date_gmt":"2025-03-31T05:47:08","guid":{"rendered":"https:\/\/spinbetter.center\/?page_id=527"},"modified":"2025-05-08T15:41:21","modified_gmt":"2025-05-08T15:41:21","slug":"reload-bonus","status":"publish","type":"page","link":"https:\/\/spinbetter.center\/sk\/bonuses\/reload-bonus\/","title":{"rendered":"Bonus za dobitie"},"content":{"rendered":"","protected":false},"excerpt":{"rendered":"","protected":false},"author":1,"featured_media":0,"parent":272,"menu_order":0,"comment_status":"closed","ping_status":"closed","template":"","meta":{"footnotes":""},"class_list":["post-527","page","type-page","status-publish","hentry"],"yoast_head":"<!-- This site is optimized with the Yoast SEO plugin v27.4 - https:\/\/yoast.com\/product\/yoast-seo-wordpress\/ -->\n<title>50% bonus za dobitie + 50 rozto\u010den\u00ed zadarmo ka\u017ed\u00fa stredu!<\/title>\n<meta name=\"description\" content=\"Nenechajte si ujs\u0165 svoju v\u00fdhru v hazardn\u00fdch hr\u00e1ch v stredu! Z\u00edskajte 50% bonus a\u017e do v\u00fd\u0161ky 200 \u20ac a 50 freespinov u\u017e pri vklade 15 \u20ac. Tento bonus je va\u0161ou \u0161ancou na ve\u013ek\u00fa v\u00fdhru! Zvy\u0161ujte svoje st\u00e1vky a dob\u00fdvajte hracie automaty ka\u017ed\u00fa stredu!\" \/>\n<meta name=\"robots\" content=\"noindex, follow, max-snippet:-1, max-image-preview:large, max-video-preview:-1\" \/>\n<meta property=\"og:locale\" content=\"sl_SI\" \/>\n<meta property=\"og:type\" content=\"article\" \/>\n<meta property=\"og:title\" content=\"50% bonus za dobitie + 50 rozto\u010den\u00ed zadarmo ka\u017ed\u00fa stredu!\" \/>\n<meta property=\"og:description\" content=\"Nenechajte si ujs\u0165 svoju v\u00fdhru v hazardn\u00fdch hr\u00e1ch v stredu! Z\u00edskajte 50% bonus a\u017e do v\u00fd\u0161ky 200 \u20ac a 50 freespinov u\u017e pri vklade 15 \u20ac. Tento bonus je va\u0161ou \u0161ancou na ve\u013ek\u00fa v\u00fdhru! Zvy\u0161ujte svoje st\u00e1vky a dob\u00fdvajte hracie automaty ka\u017ed\u00fa stredu!\" \/>\n<meta property=\"og:url\" content=\"https:\/\/spinbetter.center\/sk\/bonuses\/reload-bonus\/\" \/>\n<meta property=\"og:site_name\" content=\"Spinbetter Center sk\" \/>\n<meta property=\"article:modified_time\" content=\"2025-05-08T15:41:21+00:00\" \/>\n<meta name=\"twitter:card\" content=\"summary_large_image\" \/>\n<script type=\"application\/ld+json\" class=\"yoast-schema-graph\">{\"@context\":\"https:\\\/\\\/schema.org\",\"@graph\":[{\"@type\":\"WebPage\",\"@id\":\"https:\\\/\\\/spinbetter.center\\\/sk\\\/bonuses\\\/reload-bonus\\\/\",\"url\":\"https:\\\/\\\/spinbetter.center\\\/sk\\\/bonuses\\\/reload-bonus\\\/\",\"name\":\"50% bonus za dobitie + 50 rozto\u010den\u00ed zadarmo ka\u017ed\u00fa stredu!\",\"isPartOf\":{\"@id\":\"https:\\\/\\\/spinbetter.center\\\/sk\\\/#website\"},\"datePublished\":\"2025-03-31T05:47:08+00:00\",\"dateModified\":\"2025-05-08T15:41:21+00:00\",\"description\":\"Nenechajte si ujs\u0165 svoju v\u00fdhru v hazardn\u00fdch hr\u00e1ch v stredu! Z\u00edskajte 50% bonus a\u017e do v\u00fd\u0161ky 200 \u20ac a 50 freespinov u\u017e pri vklade 15 \u20ac. Tento bonus je va\u0161ou \u0161ancou na ve\u013ek\u00fa v\u00fdhru! Zvy\u0161ujte svoje st\u00e1vky a dob\u00fdvajte hracie automaty ka\u017ed\u00fa stredu!\",\"breadcrumb\":{\"@id\":\"https:\\\/\\\/spinbetter.center\\\/sk\\\/bonuses\\\/reload-bonus\\\/#breadcrumb\"},\"inLanguage\":\"sl-SI\",\"potentialAction\":[{\"@type\":\"ReadAction\",\"target\":[\"https:\\\/\\\/spinbetter.center\\\/sk\\\/bonuses\\\/reload-bonus\\\/\"]}]},{\"@type\":\"BreadcrumbList\",\"@id\":\"https:\\\/\\\/spinbetter.center\\\/sk\\\/bonuses\\\/reload-bonus\\\/#breadcrumb\",\"itemListElement\":[{\"@type\":\"ListItem\",\"position\":1,\"name\":\"Home\",\"item\":\"https:\\\/\\\/spinbetter.center\\\/sk\\\/\"},{\"@type\":\"ListItem\",\"position\":2,\"name\":\"Bonusy\",\"item\":\"https:\\\/\\\/spinbetter.center\\\/sk\\\/bonuses\\\/\"},{\"@type\":\"ListItem\",\"position\":3,\"name\":\"Bonus za dobitie\"}]},{\"@type\":\"WebSite\",\"@id\":\"https:\\\/\\\/spinbetter.center\\\/sk\\\/#website\",\"url\":\"https:\\\/\\\/spinbetter.center\\\/sk\\\/\",\"name\":\"SpinBetter\",\"description\":\"SpinBetter\",\"alternateName\":\"Spin Better\",\"potentialAction\":[{\"@type\":\"SearchAction\",\"target\":{\"@type\":\"EntryPoint\",\"urlTemplate\":\"https:\\\/\\\/spinbetter.center\\\/sk\\\/?s={search_term_string}\"},\"query-input\":{\"@type\":\"PropertyValueSpecification\",\"valueRequired\":true,\"valueName\":\"search_term_string\"}}],\"inLanguage\":\"sl-SI\"}]}<\/script>\n<!-- \/ Yoast SEO plugin. -->","yoast_head_json":{"title":"50% bonus za dobitie + 50 rozto\u010den\u00ed zadarmo ka\u017ed\u00fa stredu!","description":"Nenechajte si ujs\u0165 svoju v\u00fdhru v hazardn\u00fdch hr\u00e1ch v stredu! Z\u00edskajte 50% bonus a\u017e do v\u00fd\u0161ky 200 \u20ac a 50 freespinov u\u017e pri vklade 15 \u20ac. Tento bonus je va\u0161ou \u0161ancou na ve\u013ek\u00fa v\u00fdhru! Zvy\u0161ujte svoje st\u00e1vky a dob\u00fdvajte hracie automaty ka\u017ed\u00fa stredu!","robots":{"index":"noindex","follow":"follow","max-snippet":"max-snippet:-1","max-image-preview":"max-image-preview:large","max-video-preview":"max-video-preview:-1"},"og_locale":"sl_SI","og_type":"article","og_title":"50% bonus za dobitie + 50 rozto\u010den\u00ed zadarmo ka\u017ed\u00fa stredu!","og_description":"Nenechajte si ujs\u0165 svoju v\u00fdhru v hazardn\u00fdch hr\u00e1ch v stredu! Z\u00edskajte 50% bonus a\u017e do v\u00fd\u0161ky 200 \u20ac a 50 freespinov u\u017e pri vklade 15 \u20ac. Tento bonus je va\u0161ou \u0161ancou na ve\u013ek\u00fa v\u00fdhru! Zvy\u0161ujte svoje st\u00e1vky a dob\u00fdvajte hracie automaty ka\u017ed\u00fa stredu!","og_url":"https:\/\/spinbetter.center\/sk\/bonuses\/reload-bonus\/","og_site_name":"Spinbetter Center sk","article_modified_time":"2025-05-08T15:41:21+00:00","twitter_card":"summary_large_image","schema":{"@context":"https:\/\/schema.org","@graph":[{"@type":"WebPage","@id":"https:\/\/spinbetter.center\/sk\/bonuses\/reload-bonus\/","url":"https:\/\/spinbetter.center\/sk\/bonuses\/reload-bonus\/","name":"50% bonus za dobitie + 50 rozto\u010den\u00ed zadarmo ka\u017ed\u00fa stredu!","isPartOf":{"@id":"https:\/\/spinbetter.center\/sk\/#website"},"datePublished":"2025-03-31T05:47:08+00:00","dateModified":"2025-05-08T15:41:21+00:00","description":"Nenechajte si ujs\u0165 svoju v\u00fdhru v hazardn\u00fdch hr\u00e1ch v stredu! Z\u00edskajte 50% bonus a\u017e do v\u00fd\u0161ky 200 \u20ac a 50 freespinov u\u017e pri vklade 15 \u20ac. Tento bonus je va\u0161ou \u0161ancou na ve\u013ek\u00fa v\u00fdhru! Zvy\u0161ujte svoje st\u00e1vky a dob\u00fdvajte hracie automaty ka\u017ed\u00fa stredu!","breadcrumb":{"@id":"https:\/\/spinbetter.center\/sk\/bonuses\/reload-bonus\/#breadcrumb"},"inLanguage":"sl-SI","potentialAction":[{"@type":"ReadAction","target":["https:\/\/spinbetter.center\/sk\/bonuses\/reload-bonus\/"]}]},{"@type":"BreadcrumbList","@id":"https:\/\/spinbetter.center\/sk\/bonuses\/reload-bonus\/#breadcrumb","itemListElement":[{"@type":"ListItem","position":1,"name":"Home","item":"https:\/\/spinbetter.center\/sk\/"},{"@type":"ListItem","position":2,"name":"Bonusy","item":"https:\/\/spinbetter.center\/sk\/bonuses\/"},{"@type":"ListItem","position":3,"name":"Bonus za dobitie"}]},{"@type":"WebSite","@id":"https:\/\/spinbetter.center\/sk\/#website","url":"https:\/\/spinbetter.center\/sk\/","name":"SpinBetter","description":"SpinBetter","alternateName":"Spin Better","potentialAction":[{"@type":"SearchAction","target":{"@type":"EntryPoint","urlTemplate":"https:\/\/spinbetter.center\/sk\/?s={search_term_string}"},"query-input":{"@type":"PropertyValueSpecification","valueRequired":true,"valueName":"search_term_string"}}],"inLanguage":"sl-SI"}]}},"_links":{"self":[{"href":"https:\/\/spinbetter.center\/sk\/wp-json\/wp\/v2\/pages\/527","targetHints":{"allow":["GET"]}}],"collection":[{"href":"https:\/\/spinbetter.center\/sk\/wp-json\/wp\/v2\/pages"}],"about":[{"href":"https:\/\/spinbetter.center\/sk\/wp-json\/wp\/v2\/types\/page"}],"author":[{"embeddable":true,"href":"https:\/\/spinbetter.center\/sk\/wp-json\/wp\/v2\/users\/1"}],"replies":[{"embeddable":true,"href":"https:\/\/spinbetter.center\/sk\/wp-json\/wp\/v2\/comments?post=527"}],"version-history":[{"count":4,"href":"https:\/\/spinbetter.center\/sk\/wp-json\/wp\/v2\/pages\/527\/revisions"}],"predecessor-version":[{"id":551,"href":"https:\/\/spinbetter.center\/sk\/wp-json\/wp\/v2\/pages\/527\/revisions\/551"}],"up":[{"embeddable":true,"href":"https:\/\/spinbetter.center\/sk\/wp-json\/wp\/v2\/pages\/272"}],"wp:attachment":[{"href":"https:\/\/spinbetter.center\/sk\/wp-json\/wp\/v2\/media?parent=527"}],"curies":[{"name":"wp","href":"https:\/\/api.w.org\/{rel}","templated":true}]}}