{"id":525,"date":"2025-03-31T05:43:58","date_gmt":"2025-03-31T05:43:58","guid":{"rendered":"https:\/\/spinbetter.center\/?page_id=525"},"modified":"2025-05-08T14:01:58","modified_gmt":"2025-05-08T14:01:58","slug":"freespins-telegram","status":"publish","type":"page","link":"https:\/\/spinbetter.center\/sk\/bonuses\/freespins-telegram\/","title":{"rendered":"Ot\u00e1\u010danie zadarmo"},"content":{"rendered":"","protected":false},"excerpt":{"rendered":"","protected":false},"author":1,"featured_media":0,"parent":272,"menu_order":0,"comment_status":"closed","ping_status":"closed","template":"","meta":{"footnotes":""},"class_list":["post-525","page","type-page","status-publish","hentry"],"yoast_head":"<!-- This site is optimized with the Yoast SEO plugin v24.5 - https:\/\/yoast.com\/wordpress\/plugins\/seo\/ -->\n<title>Z\u00edskajte 100 Freespins od SpinBetter: \u2714\ufe0f Prihl\u00e1si\u0165 sa na Telegram<\/title>\n<meta name=\"description\" content=\"Chcete 100 freespinov? Prihl\u00e1ste sa na Telegram SpinBetter a z\u00edskajte bonusov\u00e9 rozto\u010denia! Bu\u010fte prv\u00fd, kto sa dozvie o hor\u00facich novink\u00e1ch a exkluz\u00edvnych akci\u00e1ch. Nezme\u0161kajte svoju \u0161ancu vyhra\u0165 - konajte teraz!\" \/>\n<meta name=\"robots\" content=\"noindex, follow, max-snippet:-1, max-image-preview:large, max-video-preview:-1\" \/>\n<meta property=\"og:locale\" content=\"sl_SI\" \/>\n<meta property=\"og:type\" content=\"article\" \/>\n<meta property=\"og:title\" content=\"Z\u00edskajte 100 Freespins od SpinBetter: \u2714\ufe0f Prihl\u00e1si\u0165 sa na Telegram\" \/>\n<meta property=\"og:description\" content=\"Chcete 100 freespinov? Prihl\u00e1ste sa na Telegram SpinBetter a z\u00edskajte bonusov\u00e9 rozto\u010denia! Bu\u010fte prv\u00fd, kto sa dozvie o hor\u00facich novink\u00e1ch a exkluz\u00edvnych akci\u00e1ch. Nezme\u0161kajte svoju \u0161ancu vyhra\u0165 - konajte teraz!\" \/>\n<meta property=\"og:url\" content=\"https:\/\/spinbetter.center\/sk\/bonuses\/freespins-telegram\/\" \/>\n<meta property=\"og:site_name\" content=\"Spinbetter Center sk\" \/>\n<meta property=\"article:modified_time\" content=\"2025-05-08T14:01:58+00:00\" \/>\n<meta name=\"twitter:card\" content=\"summary_large_image\" \/>\n<script type=\"application\/ld+json\" class=\"yoast-schema-graph\">{\"@context\":\"https:\/\/schema.org\",\"@graph\":[{\"@type\":\"WebPage\",\"@id\":\"https:\/\/spinbetter.center\/sk\/bonuses\/freespins-telegram\/\",\"url\":\"https:\/\/spinbetter.center\/sk\/bonuses\/freespins-telegram\/\",\"name\":\"Z\u00edskajte 100 Freespins od SpinBetter: \u2714\ufe0f Prihl\u00e1si\u0165 sa na Telegram\",\"isPartOf\":{\"@id\":\"https:\/\/spinbetter.center\/sk\/#website\"},\"datePublished\":\"2025-03-31T05:43:58+00:00\",\"dateModified\":\"2025-05-08T14:01:58+00:00\",\"description\":\"Chcete 100 freespinov? Prihl\u00e1ste sa na Telegram SpinBetter a z\u00edskajte bonusov\u00e9 rozto\u010denia! Bu\u010fte prv\u00fd, kto sa dozvie o hor\u00facich novink\u00e1ch a exkluz\u00edvnych akci\u00e1ch. Nezme\u0161kajte svoju \u0161ancu vyhra\u0165 - konajte teraz!\",\"breadcrumb\":{\"@id\":\"https:\/\/spinbetter.center\/sk\/bonuses\/freespins-telegram\/#breadcrumb\"},\"inLanguage\":\"sl-SI\",\"potentialAction\":[{\"@type\":\"ReadAction\",\"target\":[\"https:\/\/spinbetter.center\/sk\/bonuses\/freespins-telegram\/\"]}]},{\"@type\":\"BreadcrumbList\",\"@id\":\"https:\/\/spinbetter.center\/sk\/bonuses\/freespins-telegram\/#breadcrumb\",\"itemListElement\":[{\"@type\":\"ListItem\",\"position\":1,\"name\":\"Home\",\"item\":\"https:\/\/spinbetter.center\/sk\/\"},{\"@type\":\"ListItem\",\"position\":2,\"name\":\"Bonusy\",\"item\":\"https:\/\/spinbetter.center\/sk\/bonuses\/\"},{\"@type\":\"ListItem\",\"position\":3,\"name\":\"Ot\u00e1\u010danie zadarmo\"}]},{\"@type\":\"WebSite\",\"@id\":\"https:\/\/spinbetter.center\/sk\/#website\",\"url\":\"https:\/\/spinbetter.center\/sk\/\",\"name\":\"SpinBetter\",\"description\":\"SpinBetter\",\"alternateName\":\"Spin Better\",\"potentialAction\":[{\"@type\":\"SearchAction\",\"target\":{\"@type\":\"EntryPoint\",\"urlTemplate\":\"https:\/\/spinbetter.center\/sk\/?s={search_term_string}\"},\"query-input\":{\"@type\":\"PropertyValueSpecification\",\"valueRequired\":true,\"valueName\":\"search_term_string\"}}],\"inLanguage\":\"sl-SI\"}]}<\/script>\n<!-- \/ Yoast SEO plugin. -->","yoast_head_json":{"title":"Z\u00edskajte 100 Freespins od SpinBetter: \u2714\ufe0f Prihl\u00e1si\u0165 sa na Telegram","description":"Chcete 100 freespinov? Prihl\u00e1ste sa na Telegram SpinBetter a z\u00edskajte bonusov\u00e9 rozto\u010denia! Bu\u010fte prv\u00fd, kto sa dozvie o hor\u00facich novink\u00e1ch a exkluz\u00edvnych akci\u00e1ch. Nezme\u0161kajte svoju \u0161ancu vyhra\u0165 - konajte teraz!","robots":{"index":"noindex","follow":"follow","max-snippet":"max-snippet:-1","max-image-preview":"max-image-preview:large","max-video-preview":"max-video-preview:-1"},"og_locale":"sl_SI","og_type":"article","og_title":"Z\u00edskajte 100 Freespins od SpinBetter: \u2714\ufe0f Prihl\u00e1si\u0165 sa na Telegram","og_description":"Chcete 100 freespinov? Prihl\u00e1ste sa na Telegram SpinBetter a z\u00edskajte bonusov\u00e9 rozto\u010denia! Bu\u010fte prv\u00fd, kto sa dozvie o hor\u00facich novink\u00e1ch a exkluz\u00edvnych akci\u00e1ch. Nezme\u0161kajte svoju \u0161ancu vyhra\u0165 - konajte teraz!","og_url":"https:\/\/spinbetter.center\/sk\/bonuses\/freespins-telegram\/","og_site_name":"Spinbetter Center sk","article_modified_time":"2025-05-08T14:01:58+00:00","twitter_card":"summary_large_image","schema":{"@context":"https:\/\/schema.org","@graph":[{"@type":"WebPage","@id":"https:\/\/spinbetter.center\/sk\/bonuses\/freespins-telegram\/","url":"https:\/\/spinbetter.center\/sk\/bonuses\/freespins-telegram\/","name":"Z\u00edskajte 100 Freespins od SpinBetter: \u2714\ufe0f Prihl\u00e1si\u0165 sa na Telegram","isPartOf":{"@id":"https:\/\/spinbetter.center\/sk\/#website"},"datePublished":"2025-03-31T05:43:58+00:00","dateModified":"2025-05-08T14:01:58+00:00","description":"Chcete 100 freespinov? Prihl\u00e1ste sa na Telegram SpinBetter a z\u00edskajte bonusov\u00e9 rozto\u010denia! Bu\u010fte prv\u00fd, kto sa dozvie o hor\u00facich novink\u00e1ch a exkluz\u00edvnych akci\u00e1ch. Nezme\u0161kajte svoju \u0161ancu vyhra\u0165 - konajte teraz!","breadcrumb":{"@id":"https:\/\/spinbetter.center\/sk\/bonuses\/freespins-telegram\/#breadcrumb"},"inLanguage":"sl-SI","potentialAction":[{"@type":"ReadAction","target":["https:\/\/spinbetter.center\/sk\/bonuses\/freespins-telegram\/"]}]},{"@type":"BreadcrumbList","@id":"https:\/\/spinbetter.center\/sk\/bonuses\/freespins-telegram\/#breadcrumb","itemListElement":[{"@type":"ListItem","position":1,"name":"Home","item":"https:\/\/spinbetter.center\/sk\/"},{"@type":"ListItem","position":2,"name":"Bonusy","item":"https:\/\/spinbetter.center\/sk\/bonuses\/"},{"@type":"ListItem","position":3,"name":"Ot\u00e1\u010danie zadarmo"}]},{"@type":"WebSite","@id":"https:\/\/spinbetter.center\/sk\/#website","url":"https:\/\/spinbetter.center\/sk\/","name":"SpinBetter","description":"SpinBetter","alternateName":"Spin Better","potentialAction":[{"@type":"SearchAction","target":{"@type":"EntryPoint","urlTemplate":"https:\/\/spinbetter.center\/sk\/?s={search_term_string}"},"query-input":{"@type":"PropertyValueSpecification","valueRequired":true,"valueName":"search_term_string"}}],"inLanguage":"sl-SI"}]}},"_links":{"self":[{"href":"https:\/\/spinbetter.center\/sk\/wp-json\/wp\/v2\/pages\/525","targetHints":{"allow":["GET"]}}],"collection":[{"href":"https:\/\/spinbetter.center\/sk\/wp-json\/wp\/v2\/pages"}],"about":[{"href":"https:\/\/spinbetter.center\/sk\/wp-json\/wp\/v2\/types\/page"}],"author":[{"embeddable":true,"href":"https:\/\/spinbetter.center\/sk\/wp-json\/wp\/v2\/users\/1"}],"replies":[{"embeddable":true,"href":"https:\/\/spinbetter.center\/sk\/wp-json\/wp\/v2\/comments?post=525"}],"version-history":[{"count":3,"href":"https:\/\/spinbetter.center\/sk\/wp-json\/wp\/v2\/pages\/525\/revisions"}],"predecessor-version":[{"id":539,"href":"https:\/\/spinbetter.center\/sk\/wp-json\/wp\/v2\/pages\/525\/revisions\/539"}],"up":[{"embeddable":true,"href":"https:\/\/spinbetter.center\/sk\/wp-json\/wp\/v2\/pages\/272"}],"wp:attachment":[{"href":"https:\/\/spinbetter.center\/sk\/wp-json\/wp\/v2\/media?parent=525"}],"curies":[{"name":"wp","href":"https:\/\/api.w.org\/{rel}","templated":true}]}}