{"id":523,"date":"2025-03-31T05:35:59","date_gmt":"2025-03-31T05:35:59","guid":{"rendered":"https:\/\/spinbetter.center\/?page_id=523"},"modified":"2025-05-08T13:53:46","modified_gmt":"2025-05-08T13:53:46","slug":"betting-cashback","status":"publish","type":"page","link":"https:\/\/spinbetter.center\/sk\/bonuses\/betting-cashback\/","title":{"rendered":"Cashback pri st\u00e1vkovan\u00ed"},"content":{"rendered":"","protected":false},"excerpt":{"rendered":"","protected":false},"author":1,"featured_media":0,"parent":272,"menu_order":0,"comment_status":"closed","ping_status":"closed","template":"","meta":{"footnotes":""},"class_list":["post-523","page","type-page","status-publish","hentry"],"yoast_head":"<!-- This site is optimized with the Yoast SEO plugin v24.5 - https:\/\/yoast.com\/wordpress\/plugins\/seo\/ -->\n<title>SpinBetter St\u00e1vky Cashback: \u2705T\u00fd\u017edenn\u00fd 3% Cashback<\/title>\n<meta name=\"description\" content=\"Nevzd\u00e1vajte sa po prehre! Z\u00edskajte 3 % cashback na \u0161portov\u00e9 st\u00e1vky so SpinBetter a z\u00edskajte sp\u00e4\u0165 \u010das\u0165 svojich prehier. Zistite, ako si aktivova\u0165 t\u00fd\u017edenn\u00fd cashback a urobi\u0165 svoju hru e\u0161te v\u00fdnosnej\u0161ou!\" \/>\n<meta name=\"robots\" content=\"noindex, follow, max-snippet:-1, max-image-preview:large, max-video-preview:-1\" \/>\n<meta property=\"og:locale\" content=\"sl_SI\" \/>\n<meta property=\"og:type\" content=\"article\" \/>\n<meta property=\"og:title\" content=\"SpinBetter St\u00e1vky Cashback: \u2705T\u00fd\u017edenn\u00fd 3% Cashback\" \/>\n<meta property=\"og:description\" content=\"Nevzd\u00e1vajte sa po prehre! Z\u00edskajte 3 % cashback na \u0161portov\u00e9 st\u00e1vky so SpinBetter a z\u00edskajte sp\u00e4\u0165 \u010das\u0165 svojich prehier. Zistite, ako si aktivova\u0165 t\u00fd\u017edenn\u00fd cashback a urobi\u0165 svoju hru e\u0161te v\u00fdnosnej\u0161ou!\" \/>\n<meta property=\"og:url\" content=\"https:\/\/spinbetter.center\/sk\/bonuses\/betting-cashback\/\" \/>\n<meta property=\"og:site_name\" content=\"Spinbetter Center sk\" \/>\n<meta property=\"article:modified_time\" content=\"2025-05-08T13:53:46+00:00\" \/>\n<meta name=\"twitter:card\" content=\"summary_large_image\" \/>\n<script type=\"application\/ld+json\" class=\"yoast-schema-graph\">{\"@context\":\"https:\/\/schema.org\",\"@graph\":[{\"@type\":\"WebPage\",\"@id\":\"https:\/\/spinbetter.center\/sk\/bonuses\/betting-cashback\/\",\"url\":\"https:\/\/spinbetter.center\/sk\/bonuses\/betting-cashback\/\",\"name\":\"SpinBetter St\u00e1vky Cashback: \u2705T\u00fd\u017edenn\u00fd 3% Cashback\",\"isPartOf\":{\"@id\":\"https:\/\/spinbetter.center\/sk\/#website\"},\"datePublished\":\"2025-03-31T05:35:59+00:00\",\"dateModified\":\"2025-05-08T13:53:46+00:00\",\"description\":\"Nevzd\u00e1vajte sa po prehre! Z\u00edskajte 3 % cashback na \u0161portov\u00e9 st\u00e1vky so SpinBetter a z\u00edskajte sp\u00e4\u0165 \u010das\u0165 svojich prehier. Zistite, ako si aktivova\u0165 t\u00fd\u017edenn\u00fd cashback a urobi\u0165 svoju hru e\u0161te v\u00fdnosnej\u0161ou!\",\"breadcrumb\":{\"@id\":\"https:\/\/spinbetter.center\/sk\/bonuses\/betting-cashback\/#breadcrumb\"},\"inLanguage\":\"sl-SI\",\"potentialAction\":[{\"@type\":\"ReadAction\",\"target\":[\"https:\/\/spinbetter.center\/sk\/bonuses\/betting-cashback\/\"]}]},{\"@type\":\"BreadcrumbList\",\"@id\":\"https:\/\/spinbetter.center\/sk\/bonuses\/betting-cashback\/#breadcrumb\",\"itemListElement\":[{\"@type\":\"ListItem\",\"position\":1,\"name\":\"Home\",\"item\":\"https:\/\/spinbetter.center\/sk\/\"},{\"@type\":\"ListItem\",\"position\":2,\"name\":\"Bonusy\",\"item\":\"https:\/\/spinbetter.center\/sk\/bonuses\/\"},{\"@type\":\"ListItem\",\"position\":3,\"name\":\"Cashback pri st\u00e1vkovan\u00ed\"}]},{\"@type\":\"WebSite\",\"@id\":\"https:\/\/spinbetter.center\/sk\/#website\",\"url\":\"https:\/\/spinbetter.center\/sk\/\",\"name\":\"SpinBetter\",\"description\":\"SpinBetter\",\"alternateName\":\"Spin Better\",\"potentialAction\":[{\"@type\":\"SearchAction\",\"target\":{\"@type\":\"EntryPoint\",\"urlTemplate\":\"https:\/\/spinbetter.center\/sk\/?s={search_term_string}\"},\"query-input\":{\"@type\":\"PropertyValueSpecification\",\"valueRequired\":true,\"valueName\":\"search_term_string\"}}],\"inLanguage\":\"sl-SI\"}]}<\/script>\n<!-- \/ Yoast SEO plugin. -->","yoast_head_json":{"title":"SpinBetter St\u00e1vky Cashback: \u2705T\u00fd\u017edenn\u00fd 3% Cashback","description":"Nevzd\u00e1vajte sa po prehre! Z\u00edskajte 3 % cashback na \u0161portov\u00e9 st\u00e1vky so SpinBetter a z\u00edskajte sp\u00e4\u0165 \u010das\u0165 svojich prehier. Zistite, ako si aktivova\u0165 t\u00fd\u017edenn\u00fd cashback a urobi\u0165 svoju hru e\u0161te v\u00fdnosnej\u0161ou!","robots":{"index":"noindex","follow":"follow","max-snippet":"max-snippet:-1","max-image-preview":"max-image-preview:large","max-video-preview":"max-video-preview:-1"},"og_locale":"sl_SI","og_type":"article","og_title":"SpinBetter St\u00e1vky Cashback: \u2705T\u00fd\u017edenn\u00fd 3% Cashback","og_description":"Nevzd\u00e1vajte sa po prehre! Z\u00edskajte 3 % cashback na \u0161portov\u00e9 st\u00e1vky so SpinBetter a z\u00edskajte sp\u00e4\u0165 \u010das\u0165 svojich prehier. Zistite, ako si aktivova\u0165 t\u00fd\u017edenn\u00fd cashback a urobi\u0165 svoju hru e\u0161te v\u00fdnosnej\u0161ou!","og_url":"https:\/\/spinbetter.center\/sk\/bonuses\/betting-cashback\/","og_site_name":"Spinbetter Center sk","article_modified_time":"2025-05-08T13:53:46+00:00","twitter_card":"summary_large_image","schema":{"@context":"https:\/\/schema.org","@graph":[{"@type":"WebPage","@id":"https:\/\/spinbetter.center\/sk\/bonuses\/betting-cashback\/","url":"https:\/\/spinbetter.center\/sk\/bonuses\/betting-cashback\/","name":"SpinBetter St\u00e1vky Cashback: \u2705T\u00fd\u017edenn\u00fd 3% Cashback","isPartOf":{"@id":"https:\/\/spinbetter.center\/sk\/#website"},"datePublished":"2025-03-31T05:35:59+00:00","dateModified":"2025-05-08T13:53:46+00:00","description":"Nevzd\u00e1vajte sa po prehre! Z\u00edskajte 3 % cashback na \u0161portov\u00e9 st\u00e1vky so SpinBetter a z\u00edskajte sp\u00e4\u0165 \u010das\u0165 svojich prehier. Zistite, ako si aktivova\u0165 t\u00fd\u017edenn\u00fd cashback a urobi\u0165 svoju hru e\u0161te v\u00fdnosnej\u0161ou!","breadcrumb":{"@id":"https:\/\/spinbetter.center\/sk\/bonuses\/betting-cashback\/#breadcrumb"},"inLanguage":"sl-SI","potentialAction":[{"@type":"ReadAction","target":["https:\/\/spinbetter.center\/sk\/bonuses\/betting-cashback\/"]}]},{"@type":"BreadcrumbList","@id":"https:\/\/spinbetter.center\/sk\/bonuses\/betting-cashback\/#breadcrumb","itemListElement":[{"@type":"ListItem","position":1,"name":"Home","item":"https:\/\/spinbetter.center\/sk\/"},{"@type":"ListItem","position":2,"name":"Bonusy","item":"https:\/\/spinbetter.center\/sk\/bonuses\/"},{"@type":"ListItem","position":3,"name":"Cashback pri st\u00e1vkovan\u00ed"}]},{"@type":"WebSite","@id":"https:\/\/spinbetter.center\/sk\/#website","url":"https:\/\/spinbetter.center\/sk\/","name":"SpinBetter","description":"SpinBetter","alternateName":"Spin Better","potentialAction":[{"@type":"SearchAction","target":{"@type":"EntryPoint","urlTemplate":"https:\/\/spinbetter.center\/sk\/?s={search_term_string}"},"query-input":{"@type":"PropertyValueSpecification","valueRequired":true,"valueName":"search_term_string"}}],"inLanguage":"sl-SI"}]}},"_links":{"self":[{"href":"https:\/\/spinbetter.center\/sk\/wp-json\/wp\/v2\/pages\/523","targetHints":{"allow":["GET"]}}],"collection":[{"href":"https:\/\/spinbetter.center\/sk\/wp-json\/wp\/v2\/pages"}],"about":[{"href":"https:\/\/spinbetter.center\/sk\/wp-json\/wp\/v2\/types\/page"}],"author":[{"embeddable":true,"href":"https:\/\/spinbetter.center\/sk\/wp-json\/wp\/v2\/users\/1"}],"replies":[{"embeddable":true,"href":"https:\/\/spinbetter.center\/sk\/wp-json\/wp\/v2\/comments?post=523"}],"version-history":[{"count":4,"href":"https:\/\/spinbetter.center\/sk\/wp-json\/wp\/v2\/pages\/523\/revisions"}],"predecessor-version":[{"id":533,"href":"https:\/\/spinbetter.center\/sk\/wp-json\/wp\/v2\/pages\/523\/revisions\/533"}],"up":[{"embeddable":true,"href":"https:\/\/spinbetter.center\/sk\/wp-json\/wp\/v2\/pages\/272"}],"wp:attachment":[{"href":"https:\/\/spinbetter.center\/sk\/wp-json\/wp\/v2\/media?parent=523"}],"curies":[{"name":"wp","href":"https:\/\/api.w.org\/{rel}","templated":true}]}}