{"id":521,"date":"2025-03-28T15:40:33","date_gmt":"2025-03-28T15:40:33","guid":{"rendered":"https:\/\/spinbetter.center\/?page_id=521"},"modified":"2025-05-08T14:07:47","modified_gmt":"2025-05-08T14:07:47","slug":"losing-bets","status":"publish","type":"page","link":"https:\/\/spinbetter.center\/sk\/bonuses\/losing-bets\/","title":{"rendered":"Stratov\u00e9 st\u00e1vky"},"content":{"rendered":"","protected":false},"excerpt":{"rendered":"","protected":false},"author":1,"featured_media":0,"parent":272,"menu_order":0,"comment_status":"closed","ping_status":"closed","template":"","meta":{"footnotes":""},"class_list":["post-521","page","type-page","status-publish","hentry"],"yoast_head":"<!-- This site is optimized with the Yoast SEO plugin v27.4 - https:\/\/yoast.com\/product\/yoast-seo-wordpress\/ -->\n<title>Bonus SpinBetter za s\u00e9riu zl\u00fdch st\u00e1vok: z\u00edskajte a\u017e 500 \u20ac na st\u00e1vkovanie!<\/title>\n<meta name=\"description\" content=\"Nedovo\u013ete, aby v\u00e1s ne\u00faspech zlomil! SpinBetter v\u00e1s nenech\u00e1 napospas osudu! Z\u00edskajte extra \u0161ancu a kompenz\u00e1ciu a\u017e do v\u00fd\u0161ky 500 \u20ac za s\u00e9riu zl\u00fdch st\u00e1vok. Z\u00edskajte sp\u00e4\u0165 svoje sebavedomie a vyhrajte, zatia\u013e \u010do ostatn\u00ed panik\u00e1ria!\" \/>\n<meta name=\"robots\" content=\"noindex, follow, max-snippet:-1, max-image-preview:large, max-video-preview:-1\" \/>\n<meta property=\"og:locale\" content=\"sl_SI\" \/>\n<meta property=\"og:type\" content=\"article\" \/>\n<meta property=\"og:title\" content=\"Bonus SpinBetter za s\u00e9riu zl\u00fdch st\u00e1vok: z\u00edskajte a\u017e 500 \u20ac na st\u00e1vkovanie!\" \/>\n<meta property=\"og:description\" content=\"Nedovo\u013ete, aby v\u00e1s ne\u00faspech zlomil! SpinBetter v\u00e1s nenech\u00e1 napospas osudu! Z\u00edskajte extra \u0161ancu a kompenz\u00e1ciu a\u017e do v\u00fd\u0161ky 500 \u20ac za s\u00e9riu zl\u00fdch st\u00e1vok. Z\u00edskajte sp\u00e4\u0165 svoje sebavedomie a vyhrajte, zatia\u013e \u010do ostatn\u00ed panik\u00e1ria!\" \/>\n<meta property=\"og:url\" content=\"https:\/\/spinbetter.center\/sk\/bonuses\/losing-bets\/\" \/>\n<meta property=\"og:site_name\" content=\"Spinbetter Center sk\" \/>\n<meta property=\"article:modified_time\" content=\"2025-05-08T14:07:47+00:00\" \/>\n<meta name=\"twitter:card\" content=\"summary_large_image\" \/>\n<script type=\"application\/ld+json\" class=\"yoast-schema-graph\">{\"@context\":\"https:\\\/\\\/schema.org\",\"@graph\":[{\"@type\":\"WebPage\",\"@id\":\"https:\\\/\\\/spinbetter.center\\\/sk\\\/bonuses\\\/losing-bets\\\/\",\"url\":\"https:\\\/\\\/spinbetter.center\\\/sk\\\/bonuses\\\/losing-bets\\\/\",\"name\":\"Bonus SpinBetter za s\u00e9riu zl\u00fdch st\u00e1vok: z\u00edskajte a\u017e 500 \u20ac na st\u00e1vkovanie!\",\"isPartOf\":{\"@id\":\"https:\\\/\\\/spinbetter.center\\\/sk\\\/#website\"},\"datePublished\":\"2025-03-28T15:40:33+00:00\",\"dateModified\":\"2025-05-08T14:07:47+00:00\",\"description\":\"Nedovo\u013ete, aby v\u00e1s ne\u00faspech zlomil! SpinBetter v\u00e1s nenech\u00e1 napospas osudu! Z\u00edskajte extra \u0161ancu a kompenz\u00e1ciu a\u017e do v\u00fd\u0161ky 500 \u20ac za s\u00e9riu zl\u00fdch st\u00e1vok. Z\u00edskajte sp\u00e4\u0165 svoje sebavedomie a vyhrajte, zatia\u013e \u010do ostatn\u00ed panik\u00e1ria!\",\"breadcrumb\":{\"@id\":\"https:\\\/\\\/spinbetter.center\\\/sk\\\/bonuses\\\/losing-bets\\\/#breadcrumb\"},\"inLanguage\":\"sl-SI\",\"potentialAction\":[{\"@type\":\"ReadAction\",\"target\":[\"https:\\\/\\\/spinbetter.center\\\/sk\\\/bonuses\\\/losing-bets\\\/\"]}]},{\"@type\":\"BreadcrumbList\",\"@id\":\"https:\\\/\\\/spinbetter.center\\\/sk\\\/bonuses\\\/losing-bets\\\/#breadcrumb\",\"itemListElement\":[{\"@type\":\"ListItem\",\"position\":1,\"name\":\"Home\",\"item\":\"https:\\\/\\\/spinbetter.center\\\/sk\\\/\"},{\"@type\":\"ListItem\",\"position\":2,\"name\":\"Bonusy\",\"item\":\"https:\\\/\\\/spinbetter.center\\\/sk\\\/bonuses\\\/\"},{\"@type\":\"ListItem\",\"position\":3,\"name\":\"Stratov\u00e9 st\u00e1vky\"}]},{\"@type\":\"WebSite\",\"@id\":\"https:\\\/\\\/spinbetter.center\\\/sk\\\/#website\",\"url\":\"https:\\\/\\\/spinbetter.center\\\/sk\\\/\",\"name\":\"SpinBetter\",\"description\":\"SpinBetter\",\"alternateName\":\"Spin Better\",\"potentialAction\":[{\"@type\":\"SearchAction\",\"target\":{\"@type\":\"EntryPoint\",\"urlTemplate\":\"https:\\\/\\\/spinbetter.center\\\/sk\\\/?s={search_term_string}\"},\"query-input\":{\"@type\":\"PropertyValueSpecification\",\"valueRequired\":true,\"valueName\":\"search_term_string\"}}],\"inLanguage\":\"sl-SI\"}]}<\/script>\n<!-- \/ Yoast SEO plugin. -->","yoast_head_json":{"title":"Bonus SpinBetter za s\u00e9riu zl\u00fdch st\u00e1vok: z\u00edskajte a\u017e 500 \u20ac na st\u00e1vkovanie!","description":"Nedovo\u013ete, aby v\u00e1s ne\u00faspech zlomil! SpinBetter v\u00e1s nenech\u00e1 napospas osudu! Z\u00edskajte extra \u0161ancu a kompenz\u00e1ciu a\u017e do v\u00fd\u0161ky 500 \u20ac za s\u00e9riu zl\u00fdch st\u00e1vok. Z\u00edskajte sp\u00e4\u0165 svoje sebavedomie a vyhrajte, zatia\u013e \u010do ostatn\u00ed panik\u00e1ria!","robots":{"index":"noindex","follow":"follow","max-snippet":"max-snippet:-1","max-image-preview":"max-image-preview:large","max-video-preview":"max-video-preview:-1"},"og_locale":"sl_SI","og_type":"article","og_title":"Bonus SpinBetter za s\u00e9riu zl\u00fdch st\u00e1vok: z\u00edskajte a\u017e 500 \u20ac na st\u00e1vkovanie!","og_description":"Nedovo\u013ete, aby v\u00e1s ne\u00faspech zlomil! SpinBetter v\u00e1s nenech\u00e1 napospas osudu! Z\u00edskajte extra \u0161ancu a kompenz\u00e1ciu a\u017e do v\u00fd\u0161ky 500 \u20ac za s\u00e9riu zl\u00fdch st\u00e1vok. Z\u00edskajte sp\u00e4\u0165 svoje sebavedomie a vyhrajte, zatia\u013e \u010do ostatn\u00ed panik\u00e1ria!","og_url":"https:\/\/spinbetter.center\/sk\/bonuses\/losing-bets\/","og_site_name":"Spinbetter Center sk","article_modified_time":"2025-05-08T14:07:47+00:00","twitter_card":"summary_large_image","schema":{"@context":"https:\/\/schema.org","@graph":[{"@type":"WebPage","@id":"https:\/\/spinbetter.center\/sk\/bonuses\/losing-bets\/","url":"https:\/\/spinbetter.center\/sk\/bonuses\/losing-bets\/","name":"Bonus SpinBetter za s\u00e9riu zl\u00fdch st\u00e1vok: z\u00edskajte a\u017e 500 \u20ac na st\u00e1vkovanie!","isPartOf":{"@id":"https:\/\/spinbetter.center\/sk\/#website"},"datePublished":"2025-03-28T15:40:33+00:00","dateModified":"2025-05-08T14:07:47+00:00","description":"Nedovo\u013ete, aby v\u00e1s ne\u00faspech zlomil! SpinBetter v\u00e1s nenech\u00e1 napospas osudu! Z\u00edskajte extra \u0161ancu a kompenz\u00e1ciu a\u017e do v\u00fd\u0161ky 500 \u20ac za s\u00e9riu zl\u00fdch st\u00e1vok. Z\u00edskajte sp\u00e4\u0165 svoje sebavedomie a vyhrajte, zatia\u013e \u010do ostatn\u00ed panik\u00e1ria!","breadcrumb":{"@id":"https:\/\/spinbetter.center\/sk\/bonuses\/losing-bets\/#breadcrumb"},"inLanguage":"sl-SI","potentialAction":[{"@type":"ReadAction","target":["https:\/\/spinbetter.center\/sk\/bonuses\/losing-bets\/"]}]},{"@type":"BreadcrumbList","@id":"https:\/\/spinbetter.center\/sk\/bonuses\/losing-bets\/#breadcrumb","itemListElement":[{"@type":"ListItem","position":1,"name":"Home","item":"https:\/\/spinbetter.center\/sk\/"},{"@type":"ListItem","position":2,"name":"Bonusy","item":"https:\/\/spinbetter.center\/sk\/bonuses\/"},{"@type":"ListItem","position":3,"name":"Stratov\u00e9 st\u00e1vky"}]},{"@type":"WebSite","@id":"https:\/\/spinbetter.center\/sk\/#website","url":"https:\/\/spinbetter.center\/sk\/","name":"SpinBetter","description":"SpinBetter","alternateName":"Spin Better","potentialAction":[{"@type":"SearchAction","target":{"@type":"EntryPoint","urlTemplate":"https:\/\/spinbetter.center\/sk\/?s={search_term_string}"},"query-input":{"@type":"PropertyValueSpecification","valueRequired":true,"valueName":"search_term_string"}}],"inLanguage":"sl-SI"}]}},"_links":{"self":[{"href":"https:\/\/spinbetter.center\/sk\/wp-json\/wp\/v2\/pages\/521","targetHints":{"allow":["GET"]}}],"collection":[{"href":"https:\/\/spinbetter.center\/sk\/wp-json\/wp\/v2\/pages"}],"about":[{"href":"https:\/\/spinbetter.center\/sk\/wp-json\/wp\/v2\/types\/page"}],"author":[{"embeddable":true,"href":"https:\/\/spinbetter.center\/sk\/wp-json\/wp\/v2\/users\/1"}],"replies":[{"embeddable":true,"href":"https:\/\/spinbetter.center\/sk\/wp-json\/wp\/v2\/comments?post=521"}],"version-history":[{"count":3,"href":"https:\/\/spinbetter.center\/sk\/wp-json\/wp\/v2\/pages\/521\/revisions"}],"predecessor-version":[{"id":542,"href":"https:\/\/spinbetter.center\/sk\/wp-json\/wp\/v2\/pages\/521\/revisions\/542"}],"up":[{"embeddable":true,"href":"https:\/\/spinbetter.center\/sk\/wp-json\/wp\/v2\/pages\/272"}],"wp:attachment":[{"href":"https:\/\/spinbetter.center\/sk\/wp-json\/wp\/v2\/media?parent=521"}],"curies":[{"name":"wp","href":"https:\/\/api.w.org\/{rel}","templated":true}]}}