{"id":519,"date":"2025-03-28T15:29:30","date_gmt":"2025-03-28T15:29:30","guid":{"rendered":"https:\/\/spinbetter.center\/?page_id=519"},"modified":"2025-05-08T13:57:06","modified_gmt":"2025-05-08T13:57:06","slug":"first-deposit","status":"publish","type":"page","link":"https:\/\/spinbetter.center\/sk\/bonuses\/first-deposit\/","title":{"rendered":"Prv\u00fd vklad"},"content":{"rendered":"","protected":false},"excerpt":{"rendered":"","protected":false},"author":1,"featured_media":0,"parent":272,"menu_order":0,"comment_status":"closed","ping_status":"closed","template":"","meta":{"footnotes":""},"class_list":["post-519","page","type-page","status-publish","hentry"],"yoast_head":"<!-- This site is optimized with the Yoast SEO plugin v27.4 - https:\/\/yoast.com\/product\/yoast-seo-wordpress\/ -->\n<title>SpinBetter Welcome package: \u20ac1750 &amp;150 Freespins v kas\u00edne!<\/title>\n<meta name=\"description\" content=\"Otvorte dvere do sveta hazardn\u00fdch hier s oslniv\u00fdm uv\u00edtac\u00edm bal\u00edkom od SpinBetter! \u0160tyri siln\u00e9 dob\u00edjania a\u017e do v\u00fd\u0161ky 1750 \u20ac a 150 vo\u013en\u00fdch spinov! Nenechajte si ujs\u0165 \u0161ancu vysk\u00fa\u0161a\u0165 svoje \u0161\u0165astie a z\u00edska\u0165 p\u00f4sobiv\u00e9 bonusy, v\u010faka ktor\u00fdm bude va\u0161e hern\u00e9 sedenie nezabudnute\u013en\u00e9!\" \/>\n<meta name=\"robots\" content=\"noindex, follow, max-snippet:-1, max-image-preview:large, max-video-preview:-1\" \/>\n<meta property=\"og:locale\" content=\"sl_SI\" \/>\n<meta property=\"og:type\" content=\"article\" \/>\n<meta property=\"og:title\" content=\"SpinBetter Welcome package: \u20ac1750 &amp;150 Freespins v kas\u00edne!\" \/>\n<meta property=\"og:description\" content=\"Otvorte dvere do sveta hazardn\u00fdch hier s oslniv\u00fdm uv\u00edtac\u00edm bal\u00edkom od SpinBetter! \u0160tyri siln\u00e9 dob\u00edjania a\u017e do v\u00fd\u0161ky 1750 \u20ac a 150 vo\u013en\u00fdch spinov! Nenechajte si ujs\u0165 \u0161ancu vysk\u00fa\u0161a\u0165 svoje \u0161\u0165astie a z\u00edska\u0165 p\u00f4sobiv\u00e9 bonusy, v\u010faka ktor\u00fdm bude va\u0161e hern\u00e9 sedenie nezabudnute\u013en\u00e9!\" \/>\n<meta property=\"og:url\" content=\"https:\/\/spinbetter.center\/sk\/bonuses\/first-deposit\/\" \/>\n<meta property=\"og:site_name\" content=\"Spinbetter Center sk\" \/>\n<meta property=\"article:modified_time\" content=\"2025-05-08T13:57:06+00:00\" \/>\n<meta name=\"twitter:card\" content=\"summary_large_image\" \/>\n<script type=\"application\/ld+json\" class=\"yoast-schema-graph\">{\"@context\":\"https:\\\/\\\/schema.org\",\"@graph\":[{\"@type\":\"WebPage\",\"@id\":\"https:\\\/\\\/spinbetter.center\\\/sk\\\/bonuses\\\/first-deposit\\\/\",\"url\":\"https:\\\/\\\/spinbetter.center\\\/sk\\\/bonuses\\\/first-deposit\\\/\",\"name\":\"SpinBetter Welcome package: \u20ac1750 &150 Freespins v kas\u00edne!\",\"isPartOf\":{\"@id\":\"https:\\\/\\\/spinbetter.center\\\/sk\\\/#website\"},\"datePublished\":\"2025-03-28T15:29:30+00:00\",\"dateModified\":\"2025-05-08T13:57:06+00:00\",\"description\":\"Otvorte dvere do sveta hazardn\u00fdch hier s oslniv\u00fdm uv\u00edtac\u00edm bal\u00edkom od SpinBetter! \u0160tyri siln\u00e9 dob\u00edjania a\u017e do v\u00fd\u0161ky 1750 \u20ac a 150 vo\u013en\u00fdch spinov! Nenechajte si ujs\u0165 \u0161ancu vysk\u00fa\u0161a\u0165 svoje \u0161\u0165astie a z\u00edska\u0165 p\u00f4sobiv\u00e9 bonusy, v\u010faka ktor\u00fdm bude va\u0161e hern\u00e9 sedenie nezabudnute\u013en\u00e9!\",\"breadcrumb\":{\"@id\":\"https:\\\/\\\/spinbetter.center\\\/sk\\\/bonuses\\\/first-deposit\\\/#breadcrumb\"},\"inLanguage\":\"sl-SI\",\"potentialAction\":[{\"@type\":\"ReadAction\",\"target\":[\"https:\\\/\\\/spinbetter.center\\\/sk\\\/bonuses\\\/first-deposit\\\/\"]}]},{\"@type\":\"BreadcrumbList\",\"@id\":\"https:\\\/\\\/spinbetter.center\\\/sk\\\/bonuses\\\/first-deposit\\\/#breadcrumb\",\"itemListElement\":[{\"@type\":\"ListItem\",\"position\":1,\"name\":\"Home\",\"item\":\"https:\\\/\\\/spinbetter.center\\\/sk\\\/\"},{\"@type\":\"ListItem\",\"position\":2,\"name\":\"Bonusy\",\"item\":\"https:\\\/\\\/spinbetter.center\\\/sk\\\/bonuses\\\/\"},{\"@type\":\"ListItem\",\"position\":3,\"name\":\"Prv\u00fd vklad\"}]},{\"@type\":\"WebSite\",\"@id\":\"https:\\\/\\\/spinbetter.center\\\/sk\\\/#website\",\"url\":\"https:\\\/\\\/spinbetter.center\\\/sk\\\/\",\"name\":\"SpinBetter\",\"description\":\"SpinBetter\",\"alternateName\":\"Spin Better\",\"potentialAction\":[{\"@type\":\"SearchAction\",\"target\":{\"@type\":\"EntryPoint\",\"urlTemplate\":\"https:\\\/\\\/spinbetter.center\\\/sk\\\/?s={search_term_string}\"},\"query-input\":{\"@type\":\"PropertyValueSpecification\",\"valueRequired\":true,\"valueName\":\"search_term_string\"}}],\"inLanguage\":\"sl-SI\"}]}<\/script>\n<!-- \/ Yoast SEO plugin. -->","yoast_head_json":{"title":"SpinBetter Welcome package: \u20ac1750 &150 Freespins v kas\u00edne!","description":"Otvorte dvere do sveta hazardn\u00fdch hier s oslniv\u00fdm uv\u00edtac\u00edm bal\u00edkom od SpinBetter! \u0160tyri siln\u00e9 dob\u00edjania a\u017e do v\u00fd\u0161ky 1750 \u20ac a 150 vo\u013en\u00fdch spinov! Nenechajte si ujs\u0165 \u0161ancu vysk\u00fa\u0161a\u0165 svoje \u0161\u0165astie a z\u00edska\u0165 p\u00f4sobiv\u00e9 bonusy, v\u010faka ktor\u00fdm bude va\u0161e hern\u00e9 sedenie nezabudnute\u013en\u00e9!","robots":{"index":"noindex","follow":"follow","max-snippet":"max-snippet:-1","max-image-preview":"max-image-preview:large","max-video-preview":"max-video-preview:-1"},"og_locale":"sl_SI","og_type":"article","og_title":"SpinBetter Welcome package: \u20ac1750 &150 Freespins v kas\u00edne!","og_description":"Otvorte dvere do sveta hazardn\u00fdch hier s oslniv\u00fdm uv\u00edtac\u00edm bal\u00edkom od SpinBetter! \u0160tyri siln\u00e9 dob\u00edjania a\u017e do v\u00fd\u0161ky 1750 \u20ac a 150 vo\u013en\u00fdch spinov! Nenechajte si ujs\u0165 \u0161ancu vysk\u00fa\u0161a\u0165 svoje \u0161\u0165astie a z\u00edska\u0165 p\u00f4sobiv\u00e9 bonusy, v\u010faka ktor\u00fdm bude va\u0161e hern\u00e9 sedenie nezabudnute\u013en\u00e9!","og_url":"https:\/\/spinbetter.center\/sk\/bonuses\/first-deposit\/","og_site_name":"Spinbetter Center sk","article_modified_time":"2025-05-08T13:57:06+00:00","twitter_card":"summary_large_image","schema":{"@context":"https:\/\/schema.org","@graph":[{"@type":"WebPage","@id":"https:\/\/spinbetter.center\/sk\/bonuses\/first-deposit\/","url":"https:\/\/spinbetter.center\/sk\/bonuses\/first-deposit\/","name":"SpinBetter Welcome package: \u20ac1750 &150 Freespins v kas\u00edne!","isPartOf":{"@id":"https:\/\/spinbetter.center\/sk\/#website"},"datePublished":"2025-03-28T15:29:30+00:00","dateModified":"2025-05-08T13:57:06+00:00","description":"Otvorte dvere do sveta hazardn\u00fdch hier s oslniv\u00fdm uv\u00edtac\u00edm bal\u00edkom od SpinBetter! \u0160tyri siln\u00e9 dob\u00edjania a\u017e do v\u00fd\u0161ky 1750 \u20ac a 150 vo\u013en\u00fdch spinov! Nenechajte si ujs\u0165 \u0161ancu vysk\u00fa\u0161a\u0165 svoje \u0161\u0165astie a z\u00edska\u0165 p\u00f4sobiv\u00e9 bonusy, v\u010faka ktor\u00fdm bude va\u0161e hern\u00e9 sedenie nezabudnute\u013en\u00e9!","breadcrumb":{"@id":"https:\/\/spinbetter.center\/sk\/bonuses\/first-deposit\/#breadcrumb"},"inLanguage":"sl-SI","potentialAction":[{"@type":"ReadAction","target":["https:\/\/spinbetter.center\/sk\/bonuses\/first-deposit\/"]}]},{"@type":"BreadcrumbList","@id":"https:\/\/spinbetter.center\/sk\/bonuses\/first-deposit\/#breadcrumb","itemListElement":[{"@type":"ListItem","position":1,"name":"Home","item":"https:\/\/spinbetter.center\/sk\/"},{"@type":"ListItem","position":2,"name":"Bonusy","item":"https:\/\/spinbetter.center\/sk\/bonuses\/"},{"@type":"ListItem","position":3,"name":"Prv\u00fd vklad"}]},{"@type":"WebSite","@id":"https:\/\/spinbetter.center\/sk\/#website","url":"https:\/\/spinbetter.center\/sk\/","name":"SpinBetter","description":"SpinBetter","alternateName":"Spin Better","potentialAction":[{"@type":"SearchAction","target":{"@type":"EntryPoint","urlTemplate":"https:\/\/spinbetter.center\/sk\/?s={search_term_string}"},"query-input":{"@type":"PropertyValueSpecification","valueRequired":true,"valueName":"search_term_string"}}],"inLanguage":"sl-SI"}]}},"amp_enabled":true,"_links":{"self":[{"href":"https:\/\/spinbetter.center\/sk\/wp-json\/wp\/v2\/pages\/519","targetHints":{"allow":["GET"]}}],"collection":[{"href":"https:\/\/spinbetter.center\/sk\/wp-json\/wp\/v2\/pages"}],"about":[{"href":"https:\/\/spinbetter.center\/sk\/wp-json\/wp\/v2\/types\/page"}],"author":[{"embeddable":true,"href":"https:\/\/spinbetter.center\/sk\/wp-json\/wp\/v2\/users\/1"}],"replies":[{"embeddable":true,"href":"https:\/\/spinbetter.center\/sk\/wp-json\/wp\/v2\/comments?post=519"}],"version-history":[{"count":3,"href":"https:\/\/spinbetter.center\/sk\/wp-json\/wp\/v2\/pages\/519\/revisions"}],"predecessor-version":[{"id":536,"href":"https:\/\/spinbetter.center\/sk\/wp-json\/wp\/v2\/pages\/519\/revisions\/536"}],"up":[{"embeddable":true,"href":"https:\/\/spinbetter.center\/sk\/wp-json\/wp\/v2\/pages\/272"}],"wp:attachment":[{"href":"https:\/\/spinbetter.center\/sk\/wp-json\/wp\/v2\/media?parent=519"}],"curies":[{"name":"wp","href":"https:\/\/api.w.org\/{rel}","templated":true}]}}