{"id":404,"date":"2024-11-11T07:02:10","date_gmt":"2024-11-11T07:02:10","guid":{"rendered":"https:\/\/spinbetter.center\/sk\/?page_id=404"},"modified":"2025-03-13T11:57:27","modified_gmt":"2025-03-13T11:57:27","slug":"registration","status":"publish","type":"page","link":"https:\/\/spinbetter.center\/sk\/registration\/","title":{"rendered":"Registr\u00e1cia"},"content":{"rendered":"","protected":false},"excerpt":{"rendered":"","protected":false},"author":1,"featured_media":0,"parent":0,"menu_order":0,"comment_status":"closed","ping_status":"closed","template":"","meta":{"footnotes":""},"class_list":["post-404","page","type-page","status-publish","hentry"],"yoast_head":"<!-- This site is optimized with the Yoast SEO plugin v27.4 - https:\/\/yoast.com\/product\/yoast-seo-wordpress\/ -->\n<title>Postup registr\u00e1cie SpinBetter krok za krokom a uv\u00edtac\u00ed bonus<\/title>\n<meta name=\"description\" content=\"Podrobn\u00fd opis procesu registr\u00e1cie v SpinBetter Slovensko 2025. D\u00f4vody, pre\u010do by ste si mali vybra\u0165 pr\u00e1ve t\u00fato str\u00e1nku. \u010co je to overovanie, pre\u010do ho potrebujete a ako ho absolvova\u0165.\" \/>\n<meta name=\"robots\" content=\"noindex, follow, max-snippet:-1, max-image-preview:large, max-video-preview:-1\" \/>\n<meta property=\"og:locale\" content=\"sl_SI\" \/>\n<meta property=\"og:type\" content=\"article\" \/>\n<meta property=\"og:title\" content=\"Postup registr\u00e1cie SpinBetter krok za krokom a uv\u00edtac\u00ed bonus\" \/>\n<meta property=\"og:description\" content=\"Podrobn\u00fd opis procesu registr\u00e1cie v SpinBetter Slovensko 2025. D\u00f4vody, pre\u010do by ste si mali vybra\u0165 pr\u00e1ve t\u00fato str\u00e1nku. \u010co je to overovanie, pre\u010do ho potrebujete a ako ho absolvova\u0165.\" \/>\n<meta property=\"og:url\" content=\"https:\/\/spinbetter.center\/sk\/registration\/\" \/>\n<meta property=\"og:site_name\" content=\"Spinbetter Center sk\" \/>\n<meta property=\"article:modified_time\" content=\"2025-03-13T11:57:27+00:00\" \/>\n<meta name=\"twitter:card\" content=\"summary_large_image\" \/>\n<script type=\"application\/ld+json\" class=\"yoast-schema-graph\">{\"@context\":\"https:\\\/\\\/schema.org\",\"@graph\":[{\"@type\":\"WebPage\",\"@id\":\"https:\\\/\\\/spinbetter.center\\\/sk\\\/registration\\\/\",\"url\":\"https:\\\/\\\/spinbetter.center\\\/sk\\\/registration\\\/\",\"name\":\"Postup registr\u00e1cie SpinBetter krok za krokom a uv\u00edtac\u00ed bonus\",\"isPartOf\":{\"@id\":\"https:\\\/\\\/spinbetter.center\\\/sk\\\/#website\"},\"datePublished\":\"2024-11-11T07:02:10+00:00\",\"dateModified\":\"2025-03-13T11:57:27+00:00\",\"description\":\"Podrobn\u00fd opis procesu registr\u00e1cie v SpinBetter Slovensko 2025. D\u00f4vody, pre\u010do by ste si mali vybra\u0165 pr\u00e1ve t\u00fato str\u00e1nku. \u010co je to overovanie, pre\u010do ho potrebujete a ako ho absolvova\u0165.\",\"breadcrumb\":{\"@id\":\"https:\\\/\\\/spinbetter.center\\\/sk\\\/registration\\\/#breadcrumb\"},\"inLanguage\":\"sl-SI\",\"potentialAction\":[{\"@type\":\"ReadAction\",\"target\":[\"https:\\\/\\\/spinbetter.center\\\/sk\\\/registration\\\/\"]}]},{\"@type\":\"BreadcrumbList\",\"@id\":\"https:\\\/\\\/spinbetter.center\\\/sk\\\/registration\\\/#breadcrumb\",\"itemListElement\":[{\"@type\":\"ListItem\",\"position\":1,\"name\":\"Home\",\"item\":\"https:\\\/\\\/spinbetter.center\\\/sk\\\/\"},{\"@type\":\"ListItem\",\"position\":2,\"name\":\"Registr\u00e1cia\"}]},{\"@type\":\"WebSite\",\"@id\":\"https:\\\/\\\/spinbetter.center\\\/sk\\\/#website\",\"url\":\"https:\\\/\\\/spinbetter.center\\\/sk\\\/\",\"name\":\"SpinBetter\",\"description\":\"SpinBetter\",\"alternateName\":\"Spin Better\",\"potentialAction\":[{\"@type\":\"SearchAction\",\"target\":{\"@type\":\"EntryPoint\",\"urlTemplate\":\"https:\\\/\\\/spinbetter.center\\\/sk\\\/?s={search_term_string}\"},\"query-input\":{\"@type\":\"PropertyValueSpecification\",\"valueRequired\":true,\"valueName\":\"search_term_string\"}}],\"inLanguage\":\"sl-SI\"}]}<\/script>\n<!-- \/ Yoast SEO plugin. -->","yoast_head_json":{"title":"Postup registr\u00e1cie SpinBetter krok za krokom a uv\u00edtac\u00ed bonus","description":"Podrobn\u00fd opis procesu registr\u00e1cie v SpinBetter Slovensko 2025. D\u00f4vody, pre\u010do by ste si mali vybra\u0165 pr\u00e1ve t\u00fato str\u00e1nku. \u010co je to overovanie, pre\u010do ho potrebujete a ako ho absolvova\u0165.","robots":{"index":"noindex","follow":"follow","max-snippet":"max-snippet:-1","max-image-preview":"max-image-preview:large","max-video-preview":"max-video-preview:-1"},"og_locale":"sl_SI","og_type":"article","og_title":"Postup registr\u00e1cie SpinBetter krok za krokom a uv\u00edtac\u00ed bonus","og_description":"Podrobn\u00fd opis procesu registr\u00e1cie v SpinBetter Slovensko 2025. D\u00f4vody, pre\u010do by ste si mali vybra\u0165 pr\u00e1ve t\u00fato str\u00e1nku. \u010co je to overovanie, pre\u010do ho potrebujete a ako ho absolvova\u0165.","og_url":"https:\/\/spinbetter.center\/sk\/registration\/","og_site_name":"Spinbetter Center sk","article_modified_time":"2025-03-13T11:57:27+00:00","twitter_card":"summary_large_image","schema":{"@context":"https:\/\/schema.org","@graph":[{"@type":"WebPage","@id":"https:\/\/spinbetter.center\/sk\/registration\/","url":"https:\/\/spinbetter.center\/sk\/registration\/","name":"Postup registr\u00e1cie SpinBetter krok za krokom a uv\u00edtac\u00ed bonus","isPartOf":{"@id":"https:\/\/spinbetter.center\/sk\/#website"},"datePublished":"2024-11-11T07:02:10+00:00","dateModified":"2025-03-13T11:57:27+00:00","description":"Podrobn\u00fd opis procesu registr\u00e1cie v SpinBetter Slovensko 2025. D\u00f4vody, pre\u010do by ste si mali vybra\u0165 pr\u00e1ve t\u00fato str\u00e1nku. \u010co je to overovanie, pre\u010do ho potrebujete a ako ho absolvova\u0165.","breadcrumb":{"@id":"https:\/\/spinbetter.center\/sk\/registration\/#breadcrumb"},"inLanguage":"sl-SI","potentialAction":[{"@type":"ReadAction","target":["https:\/\/spinbetter.center\/sk\/registration\/"]}]},{"@type":"BreadcrumbList","@id":"https:\/\/spinbetter.center\/sk\/registration\/#breadcrumb","itemListElement":[{"@type":"ListItem","position":1,"name":"Home","item":"https:\/\/spinbetter.center\/sk\/"},{"@type":"ListItem","position":2,"name":"Registr\u00e1cia"}]},{"@type":"WebSite","@id":"https:\/\/spinbetter.center\/sk\/#website","url":"https:\/\/spinbetter.center\/sk\/","name":"SpinBetter","description":"SpinBetter","alternateName":"Spin Better","potentialAction":[{"@type":"SearchAction","target":{"@type":"EntryPoint","urlTemplate":"https:\/\/spinbetter.center\/sk\/?s={search_term_string}"},"query-input":{"@type":"PropertyValueSpecification","valueRequired":true,"valueName":"search_term_string"}}],"inLanguage":"sl-SI"}]}},"_links":{"self":[{"href":"https:\/\/spinbetter.center\/sk\/wp-json\/wp\/v2\/pages\/404","targetHints":{"allow":["GET"]}}],"collection":[{"href":"https:\/\/spinbetter.center\/sk\/wp-json\/wp\/v2\/pages"}],"about":[{"href":"https:\/\/spinbetter.center\/sk\/wp-json\/wp\/v2\/types\/page"}],"author":[{"embeddable":true,"href":"https:\/\/spinbetter.center\/sk\/wp-json\/wp\/v2\/users\/1"}],"replies":[{"embeddable":true,"href":"https:\/\/spinbetter.center\/sk\/wp-json\/wp\/v2\/comments?post=404"}],"version-history":[{"count":2,"href":"https:\/\/spinbetter.center\/sk\/wp-json\/wp\/v2\/pages\/404\/revisions"}],"predecessor-version":[{"id":506,"href":"https:\/\/spinbetter.center\/sk\/wp-json\/wp\/v2\/pages\/404\/revisions\/506"}],"wp:attachment":[{"href":"https:\/\/spinbetter.center\/sk\/wp-json\/wp\/v2\/media?parent=404"}],"curies":[{"name":"wp","href":"https:\/\/api.w.org\/{rel}","templated":true}]}}