{"id":382,"date":"2024-11-08T08:39:19","date_gmt":"2024-11-08T08:39:19","guid":{"rendered":"https:\/\/spinbetter.center\/sk\/?page_id=382"},"modified":"2025-03-18T10:20:18","modified_gmt":"2025-03-18T10:20:18","slug":"partners","status":"publish","type":"page","link":"https:\/\/spinbetter.center\/sk\/partners\/","title":{"rendered":"Affiliate"},"content":{"rendered":"","protected":false},"excerpt":{"rendered":"","protected":false},"author":1,"featured_media":0,"parent":0,"menu_order":0,"comment_status":"closed","ping_status":"closed","template":"","meta":{"footnotes":""},"class_list":["post-382","page","type-page","status-publish","hentry"],"yoast_head":"<!-- This site is optimized with the Yoast SEO plugin v24.5 - https:\/\/yoast.com\/wordpress\/plugins\/seo\/ -->\n<title>Partnersk\u00fd program SpinBetter Slovensko: Stabiln\u00fd pas\u00edvny pr\u00edjem<\/title>\n<meta name=\"description\" content=\"Vlastnosti partnersk\u00e9ho programu SpinBetter. Povolen\u00e9 sp\u00f4soby z\u00edskavania klientov a partnersk\u00e9 platobn\u00e9 sch\u00e9my. Tipy, ako maximalizova\u0165 svoje partnersk\u00e9 pr\u00edjmy.\" \/>\n<meta name=\"robots\" content=\"noindex, follow, max-snippet:-1, max-image-preview:large, max-video-preview:-1\" \/>\n<meta property=\"og:locale\" content=\"sl_SI\" \/>\n<meta property=\"og:type\" content=\"article\" \/>\n<meta property=\"og:title\" content=\"Partnersk\u00fd program SpinBetter Slovensko: Stabiln\u00fd pas\u00edvny pr\u00edjem\" \/>\n<meta property=\"og:description\" content=\"Vlastnosti partnersk\u00e9ho programu SpinBetter. Povolen\u00e9 sp\u00f4soby z\u00edskavania klientov a partnersk\u00e9 platobn\u00e9 sch\u00e9my. Tipy, ako maximalizova\u0165 svoje partnersk\u00e9 pr\u00edjmy.\" \/>\n<meta property=\"og:url\" content=\"https:\/\/spinbetter.center\/sk\/partners\/\" \/>\n<meta property=\"og:site_name\" content=\"Spinbetter Center sk\" \/>\n<meta property=\"article:modified_time\" content=\"2025-03-18T10:20:18+00:00\" \/>\n<meta name=\"twitter:card\" content=\"summary_large_image\" \/>\n<script type=\"application\/ld+json\" class=\"yoast-schema-graph\">{\"@context\":\"https:\/\/schema.org\",\"@graph\":[{\"@type\":\"WebPage\",\"@id\":\"https:\/\/spinbetter.center\/sk\/partners\/\",\"url\":\"https:\/\/spinbetter.center\/sk\/partners\/\",\"name\":\"Partnersk\u00fd program SpinBetter Slovensko: Stabiln\u00fd pas\u00edvny pr\u00edjem\",\"isPartOf\":{\"@id\":\"https:\/\/spinbetter.center\/sk\/#website\"},\"datePublished\":\"2024-11-08T08:39:19+00:00\",\"dateModified\":\"2025-03-18T10:20:18+00:00\",\"description\":\"Vlastnosti partnersk\u00e9ho programu SpinBetter. Povolen\u00e9 sp\u00f4soby z\u00edskavania klientov a partnersk\u00e9 platobn\u00e9 sch\u00e9my. Tipy, ako maximalizova\u0165 svoje partnersk\u00e9 pr\u00edjmy.\",\"breadcrumb\":{\"@id\":\"https:\/\/spinbetter.center\/sk\/partners\/#breadcrumb\"},\"inLanguage\":\"sl-SI\",\"potentialAction\":[{\"@type\":\"ReadAction\",\"target\":[\"https:\/\/spinbetter.center\/sk\/partners\/\"]}]},{\"@type\":\"BreadcrumbList\",\"@id\":\"https:\/\/spinbetter.center\/sk\/partners\/#breadcrumb\",\"itemListElement\":[{\"@type\":\"ListItem\",\"position\":1,\"name\":\"Home\",\"item\":\"https:\/\/spinbetter.center\/sk\/\"},{\"@type\":\"ListItem\",\"position\":2,\"name\":\"Affiliate\"}]},{\"@type\":\"WebSite\",\"@id\":\"https:\/\/spinbetter.center\/sk\/#website\",\"url\":\"https:\/\/spinbetter.center\/sk\/\",\"name\":\"SpinBetter\",\"description\":\"SpinBetter\",\"alternateName\":\"Spin Better\",\"potentialAction\":[{\"@type\":\"SearchAction\",\"target\":{\"@type\":\"EntryPoint\",\"urlTemplate\":\"https:\/\/spinbetter.center\/sk\/?s={search_term_string}\"},\"query-input\":{\"@type\":\"PropertyValueSpecification\",\"valueRequired\":true,\"valueName\":\"search_term_string\"}}],\"inLanguage\":\"sl-SI\"}]}<\/script>\n<!-- \/ Yoast SEO plugin. -->","yoast_head_json":{"title":"Partnersk\u00fd program SpinBetter Slovensko: Stabiln\u00fd pas\u00edvny pr\u00edjem","description":"Vlastnosti partnersk\u00e9ho programu SpinBetter. Povolen\u00e9 sp\u00f4soby z\u00edskavania klientov a partnersk\u00e9 platobn\u00e9 sch\u00e9my. Tipy, ako maximalizova\u0165 svoje partnersk\u00e9 pr\u00edjmy.","robots":{"index":"noindex","follow":"follow","max-snippet":"max-snippet:-1","max-image-preview":"max-image-preview:large","max-video-preview":"max-video-preview:-1"},"og_locale":"sl_SI","og_type":"article","og_title":"Partnersk\u00fd program SpinBetter Slovensko: Stabiln\u00fd pas\u00edvny pr\u00edjem","og_description":"Vlastnosti partnersk\u00e9ho programu SpinBetter. Povolen\u00e9 sp\u00f4soby z\u00edskavania klientov a partnersk\u00e9 platobn\u00e9 sch\u00e9my. Tipy, ako maximalizova\u0165 svoje partnersk\u00e9 pr\u00edjmy.","og_url":"https:\/\/spinbetter.center\/sk\/partners\/","og_site_name":"Spinbetter Center sk","article_modified_time":"2025-03-18T10:20:18+00:00","twitter_card":"summary_large_image","schema":{"@context":"https:\/\/schema.org","@graph":[{"@type":"WebPage","@id":"https:\/\/spinbetter.center\/sk\/partners\/","url":"https:\/\/spinbetter.center\/sk\/partners\/","name":"Partnersk\u00fd program SpinBetter Slovensko: Stabiln\u00fd pas\u00edvny pr\u00edjem","isPartOf":{"@id":"https:\/\/spinbetter.center\/sk\/#website"},"datePublished":"2024-11-08T08:39:19+00:00","dateModified":"2025-03-18T10:20:18+00:00","description":"Vlastnosti partnersk\u00e9ho programu SpinBetter. Povolen\u00e9 sp\u00f4soby z\u00edskavania klientov a partnersk\u00e9 platobn\u00e9 sch\u00e9my. Tipy, ako maximalizova\u0165 svoje partnersk\u00e9 pr\u00edjmy.","breadcrumb":{"@id":"https:\/\/spinbetter.center\/sk\/partners\/#breadcrumb"},"inLanguage":"sl-SI","potentialAction":[{"@type":"ReadAction","target":["https:\/\/spinbetter.center\/sk\/partners\/"]}]},{"@type":"BreadcrumbList","@id":"https:\/\/spinbetter.center\/sk\/partners\/#breadcrumb","itemListElement":[{"@type":"ListItem","position":1,"name":"Home","item":"https:\/\/spinbetter.center\/sk\/"},{"@type":"ListItem","position":2,"name":"Affiliate"}]},{"@type":"WebSite","@id":"https:\/\/spinbetter.center\/sk\/#website","url":"https:\/\/spinbetter.center\/sk\/","name":"SpinBetter","description":"SpinBetter","alternateName":"Spin Better","potentialAction":[{"@type":"SearchAction","target":{"@type":"EntryPoint","urlTemplate":"https:\/\/spinbetter.center\/sk\/?s={search_term_string}"},"query-input":{"@type":"PropertyValueSpecification","valueRequired":true,"valueName":"search_term_string"}}],"inLanguage":"sl-SI"}]}},"_links":{"self":[{"href":"https:\/\/spinbetter.center\/sk\/wp-json\/wp\/v2\/pages\/382","targetHints":{"allow":["GET"]}}],"collection":[{"href":"https:\/\/spinbetter.center\/sk\/wp-json\/wp\/v2\/pages"}],"about":[{"href":"https:\/\/spinbetter.center\/sk\/wp-json\/wp\/v2\/types\/page"}],"author":[{"embeddable":true,"href":"https:\/\/spinbetter.center\/sk\/wp-json\/wp\/v2\/users\/1"}],"replies":[{"embeddable":true,"href":"https:\/\/spinbetter.center\/sk\/wp-json\/wp\/v2\/comments?post=382"}],"version-history":[{"count":6,"href":"https:\/\/spinbetter.center\/sk\/wp-json\/wp\/v2\/pages\/382\/revisions"}],"predecessor-version":[{"id":507,"href":"https:\/\/spinbetter.center\/sk\/wp-json\/wp\/v2\/pages\/382\/revisions\/507"}],"wp:attachment":[{"href":"https:\/\/spinbetter.center\/sk\/wp-json\/wp\/v2\/media?parent=382"}],"curies":[{"name":"wp","href":"https:\/\/api.w.org\/{rel}","templated":true}]}}