{"id":339,"date":"2024-10-22T15:10:39","date_gmt":"2024-10-22T15:10:39","guid":{"rendered":"https:\/\/spinbetter.center\/sk\/?page_id=339"},"modified":"2025-05-26T08:50:55","modified_gmt":"2025-05-26T08:50:55","slug":"promo-code","status":"publish","type":"page","link":"https:\/\/spinbetter.center\/sk\/promo-code\/","title":{"rendered":"Propaga\u010dn\u00fd k\u00f3d"},"content":{"rendered":"","protected":false},"excerpt":{"rendered":"","protected":false},"author":1,"featured_media":0,"parent":0,"menu_order":0,"comment_status":"closed","ping_status":"closed","template":"","meta":{"footnotes":""},"class_list":["post-339","page","type-page","status-publish","hentry"],"yoast_head":"<!-- This site is optimized with the Yoast SEO plugin v27.4 - https:\/\/yoast.com\/product\/yoast-seo-wordpress\/ -->\n<title>SpinBetter 2025 Promo k\u00f3dy: extra \u0161anca na bonus<\/title>\n<meta name=\"description\" content=\"Defin\u00edcia promo k\u00f3dov SpinBetter a ich hodnota pre hr\u00e1\u010da. Kde h\u013eada\u0165 tajn\u00fa kombin\u00e1ciu. Poradie st\u00e1vkov\u00fdch k\u00f3dov.\" \/>\n<meta name=\"robots\" content=\"noindex, follow, max-snippet:-1, max-image-preview:large, max-video-preview:-1\" \/>\n<meta property=\"og:locale\" content=\"sl_SI\" \/>\n<meta property=\"og:type\" content=\"article\" \/>\n<meta property=\"og:title\" content=\"SpinBetter 2025 Promo k\u00f3dy: extra \u0161anca na bonus\" \/>\n<meta property=\"og:description\" content=\"Defin\u00edcia promo k\u00f3dov SpinBetter a ich hodnota pre hr\u00e1\u010da. Kde h\u013eada\u0165 tajn\u00fa kombin\u00e1ciu. Poradie st\u00e1vkov\u00fdch k\u00f3dov.\" \/>\n<meta property=\"og:url\" content=\"https:\/\/spinbetter.center\/sk\/promo-code\/\" \/>\n<meta property=\"og:site_name\" content=\"Spinbetter Center sk\" \/>\n<meta property=\"article:modified_time\" content=\"2025-05-26T08:50:55+00:00\" \/>\n<meta name=\"twitter:card\" content=\"summary_large_image\" \/>\n<script type=\"application\/ld+json\" class=\"yoast-schema-graph\">{\"@context\":\"https:\\\/\\\/schema.org\",\"@graph\":[{\"@type\":\"WebPage\",\"@id\":\"https:\\\/\\\/spinbetter.center\\\/sk\\\/promo-code\\\/\",\"url\":\"https:\\\/\\\/spinbetter.center\\\/sk\\\/promo-code\\\/\",\"name\":\"SpinBetter 2025 Promo k\u00f3dy: extra \u0161anca na bonus\",\"isPartOf\":{\"@id\":\"https:\\\/\\\/spinbetter.center\\\/sk\\\/#website\"},\"datePublished\":\"2024-10-22T15:10:39+00:00\",\"dateModified\":\"2025-05-26T08:50:55+00:00\",\"description\":\"Defin\u00edcia promo k\u00f3dov SpinBetter a ich hodnota pre hr\u00e1\u010da. Kde h\u013eada\u0165 tajn\u00fa kombin\u00e1ciu. Poradie st\u00e1vkov\u00fdch k\u00f3dov.\",\"breadcrumb\":{\"@id\":\"https:\\\/\\\/spinbetter.center\\\/sk\\\/promo-code\\\/#breadcrumb\"},\"inLanguage\":\"sl-SI\",\"potentialAction\":[{\"@type\":\"ReadAction\",\"target\":[\"https:\\\/\\\/spinbetter.center\\\/sk\\\/promo-code\\\/\"]}]},{\"@type\":\"BreadcrumbList\",\"@id\":\"https:\\\/\\\/spinbetter.center\\\/sk\\\/promo-code\\\/#breadcrumb\",\"itemListElement\":[{\"@type\":\"ListItem\",\"position\":1,\"name\":\"Home\",\"item\":\"https:\\\/\\\/spinbetter.center\\\/sk\\\/\"},{\"@type\":\"ListItem\",\"position\":2,\"name\":\"Propaga\u010dn\u00fd k\u00f3d\"}]},{\"@type\":\"WebSite\",\"@id\":\"https:\\\/\\\/spinbetter.center\\\/sk\\\/#website\",\"url\":\"https:\\\/\\\/spinbetter.center\\\/sk\\\/\",\"name\":\"SpinBetter\",\"description\":\"SpinBetter\",\"alternateName\":\"Spin Better\",\"potentialAction\":[{\"@type\":\"SearchAction\",\"target\":{\"@type\":\"EntryPoint\",\"urlTemplate\":\"https:\\\/\\\/spinbetter.center\\\/sk\\\/?s={search_term_string}\"},\"query-input\":{\"@type\":\"PropertyValueSpecification\",\"valueRequired\":true,\"valueName\":\"search_term_string\"}}],\"inLanguage\":\"sl-SI\"}]}<\/script>\n<!-- \/ Yoast SEO plugin. -->","yoast_head_json":{"title":"SpinBetter 2025 Promo k\u00f3dy: extra \u0161anca na bonus","description":"Defin\u00edcia promo k\u00f3dov SpinBetter a ich hodnota pre hr\u00e1\u010da. Kde h\u013eada\u0165 tajn\u00fa kombin\u00e1ciu. Poradie st\u00e1vkov\u00fdch k\u00f3dov.","robots":{"index":"noindex","follow":"follow","max-snippet":"max-snippet:-1","max-image-preview":"max-image-preview:large","max-video-preview":"max-video-preview:-1"},"og_locale":"sl_SI","og_type":"article","og_title":"SpinBetter 2025 Promo k\u00f3dy: extra \u0161anca na bonus","og_description":"Defin\u00edcia promo k\u00f3dov SpinBetter a ich hodnota pre hr\u00e1\u010da. Kde h\u013eada\u0165 tajn\u00fa kombin\u00e1ciu. Poradie st\u00e1vkov\u00fdch k\u00f3dov.","og_url":"https:\/\/spinbetter.center\/sk\/promo-code\/","og_site_name":"Spinbetter Center sk","article_modified_time":"2025-05-26T08:50:55+00:00","twitter_card":"summary_large_image","schema":{"@context":"https:\/\/schema.org","@graph":[{"@type":"WebPage","@id":"https:\/\/spinbetter.center\/sk\/promo-code\/","url":"https:\/\/spinbetter.center\/sk\/promo-code\/","name":"SpinBetter 2025 Promo k\u00f3dy: extra \u0161anca na bonus","isPartOf":{"@id":"https:\/\/spinbetter.center\/sk\/#website"},"datePublished":"2024-10-22T15:10:39+00:00","dateModified":"2025-05-26T08:50:55+00:00","description":"Defin\u00edcia promo k\u00f3dov SpinBetter a ich hodnota pre hr\u00e1\u010da. Kde h\u013eada\u0165 tajn\u00fa kombin\u00e1ciu. Poradie st\u00e1vkov\u00fdch k\u00f3dov.","breadcrumb":{"@id":"https:\/\/spinbetter.center\/sk\/promo-code\/#breadcrumb"},"inLanguage":"sl-SI","potentialAction":[{"@type":"ReadAction","target":["https:\/\/spinbetter.center\/sk\/promo-code\/"]}]},{"@type":"BreadcrumbList","@id":"https:\/\/spinbetter.center\/sk\/promo-code\/#breadcrumb","itemListElement":[{"@type":"ListItem","position":1,"name":"Home","item":"https:\/\/spinbetter.center\/sk\/"},{"@type":"ListItem","position":2,"name":"Propaga\u010dn\u00fd k\u00f3d"}]},{"@type":"WebSite","@id":"https:\/\/spinbetter.center\/sk\/#website","url":"https:\/\/spinbetter.center\/sk\/","name":"SpinBetter","description":"SpinBetter","alternateName":"Spin Better","potentialAction":[{"@type":"SearchAction","target":{"@type":"EntryPoint","urlTemplate":"https:\/\/spinbetter.center\/sk\/?s={search_term_string}"},"query-input":{"@type":"PropertyValueSpecification","valueRequired":true,"valueName":"search_term_string"}}],"inLanguage":"sl-SI"}]}},"amp_enabled":true,"_links":{"self":[{"href":"https:\/\/spinbetter.center\/sk\/wp-json\/wp\/v2\/pages\/339","targetHints":{"allow":["GET"]}}],"collection":[{"href":"https:\/\/spinbetter.center\/sk\/wp-json\/wp\/v2\/pages"}],"about":[{"href":"https:\/\/spinbetter.center\/sk\/wp-json\/wp\/v2\/types\/page"}],"author":[{"embeddable":true,"href":"https:\/\/spinbetter.center\/sk\/wp-json\/wp\/v2\/users\/1"}],"replies":[{"embeddable":true,"href":"https:\/\/spinbetter.center\/sk\/wp-json\/wp\/v2\/comments?post=339"}],"version-history":[{"count":5,"href":"https:\/\/spinbetter.center\/sk\/wp-json\/wp\/v2\/pages\/339\/revisions"}],"predecessor-version":[{"id":564,"href":"https:\/\/spinbetter.center\/sk\/wp-json\/wp\/v2\/pages\/339\/revisions\/564"}],"wp:attachment":[{"href":"https:\/\/spinbetter.center\/sk\/wp-json\/wp\/v2\/media?parent=339"}],"curies":[{"name":"wp","href":"https:\/\/api.w.org\/{rel}","templated":true}]}}