{"id":319,"date":"2024-10-22T13:42:47","date_gmt":"2024-10-22T13:42:47","guid":{"rendered":"https:\/\/spinbetter.center\/sk\/?page_id=319"},"modified":"2025-03-13T08:32:04","modified_gmt":"2025-03-13T08:32:04","slug":"app","status":"publish","type":"page","link":"https:\/\/spinbetter.center\/sk\/app\/","title":{"rendered":"Aplik\u00e1cia"},"content":{"rendered":"","protected":false},"excerpt":{"rendered":"","protected":false},"author":1,"featured_media":0,"parent":0,"menu_order":0,"comment_status":"closed","ping_status":"closed","template":"","meta":{"footnotes":""},"class_list":["post-319","page","type-page","status-publish","hentry"],"yoast_head":"<!-- This site is optimized with the Yoast SEO plugin v27.4 - https:\/\/yoast.com\/product\/yoast-seo-wordpress\/ -->\n<title>Mobiln\u00e1 aplik\u00e1cia SpinBetter pre Android a iOS<\/title>\n<meta name=\"description\" content=\"Funkcie mobilnej aplik\u00e1cie SpinBetter. Pokyny na stiahnutie a in\u0161tal\u00e1ciu. Ako z\u00edska\u0165 bonus v aplik\u00e1cii a vyrie\u0161i\u0165 probl\u00e9my so spusten\u00edm?\" \/>\n<meta name=\"robots\" content=\"noindex, follow, max-snippet:-1, max-image-preview:large, max-video-preview:-1\" \/>\n<meta property=\"og:locale\" content=\"sl_SI\" \/>\n<meta property=\"og:type\" content=\"article\" \/>\n<meta property=\"og:title\" content=\"Mobiln\u00e1 aplik\u00e1cia SpinBetter pre Android a iOS\" \/>\n<meta property=\"og:description\" content=\"Funkcie mobilnej aplik\u00e1cie SpinBetter. Pokyny na stiahnutie a in\u0161tal\u00e1ciu. Ako z\u00edska\u0165 bonus v aplik\u00e1cii a vyrie\u0161i\u0165 probl\u00e9my so spusten\u00edm?\" \/>\n<meta property=\"og:url\" content=\"https:\/\/spinbetter.center\/sk\/app\/\" \/>\n<meta property=\"og:site_name\" content=\"Spinbetter Center sk\" \/>\n<meta property=\"article:modified_time\" content=\"2025-03-13T08:32:04+00:00\" \/>\n<meta name=\"twitter:card\" content=\"summary_large_image\" \/>\n<script type=\"application\/ld+json\" class=\"yoast-schema-graph\">{\"@context\":\"https:\\\/\\\/schema.org\",\"@graph\":[{\"@type\":\"WebPage\",\"@id\":\"https:\\\/\\\/spinbetter.center\\\/sk\\\/app\\\/\",\"url\":\"https:\\\/\\\/spinbetter.center\\\/sk\\\/app\\\/\",\"name\":\"Mobiln\u00e1 aplik\u00e1cia SpinBetter pre Android a iOS\",\"isPartOf\":{\"@id\":\"https:\\\/\\\/spinbetter.center\\\/sk\\\/#website\"},\"datePublished\":\"2024-10-22T13:42:47+00:00\",\"dateModified\":\"2025-03-13T08:32:04+00:00\",\"description\":\"Funkcie mobilnej aplik\u00e1cie SpinBetter. Pokyny na stiahnutie a in\u0161tal\u00e1ciu. Ako z\u00edska\u0165 bonus v aplik\u00e1cii a vyrie\u0161i\u0165 probl\u00e9my so spusten\u00edm?\",\"breadcrumb\":{\"@id\":\"https:\\\/\\\/spinbetter.center\\\/sk\\\/app\\\/#breadcrumb\"},\"inLanguage\":\"sl-SI\",\"potentialAction\":[{\"@type\":\"ReadAction\",\"target\":[\"https:\\\/\\\/spinbetter.center\\\/sk\\\/app\\\/\"]}]},{\"@type\":\"BreadcrumbList\",\"@id\":\"https:\\\/\\\/spinbetter.center\\\/sk\\\/app\\\/#breadcrumb\",\"itemListElement\":[{\"@type\":\"ListItem\",\"position\":1,\"name\":\"Home\",\"item\":\"https:\\\/\\\/spinbetter.center\\\/sk\\\/\"},{\"@type\":\"ListItem\",\"position\":2,\"name\":\"Aplik\u00e1cia\"}]},{\"@type\":\"WebSite\",\"@id\":\"https:\\\/\\\/spinbetter.center\\\/sk\\\/#website\",\"url\":\"https:\\\/\\\/spinbetter.center\\\/sk\\\/\",\"name\":\"SpinBetter\",\"description\":\"SpinBetter\",\"alternateName\":\"Spin Better\",\"potentialAction\":[{\"@type\":\"SearchAction\",\"target\":{\"@type\":\"EntryPoint\",\"urlTemplate\":\"https:\\\/\\\/spinbetter.center\\\/sk\\\/?s={search_term_string}\"},\"query-input\":{\"@type\":\"PropertyValueSpecification\",\"valueRequired\":true,\"valueName\":\"search_term_string\"}}],\"inLanguage\":\"sl-SI\"}]}<\/script>\n<!-- \/ Yoast SEO plugin. -->","yoast_head_json":{"title":"Mobiln\u00e1 aplik\u00e1cia SpinBetter pre Android a iOS","description":"Funkcie mobilnej aplik\u00e1cie SpinBetter. Pokyny na stiahnutie a in\u0161tal\u00e1ciu. Ako z\u00edska\u0165 bonus v aplik\u00e1cii a vyrie\u0161i\u0165 probl\u00e9my so spusten\u00edm?","robots":{"index":"noindex","follow":"follow","max-snippet":"max-snippet:-1","max-image-preview":"max-image-preview:large","max-video-preview":"max-video-preview:-1"},"og_locale":"sl_SI","og_type":"article","og_title":"Mobiln\u00e1 aplik\u00e1cia SpinBetter pre Android a iOS","og_description":"Funkcie mobilnej aplik\u00e1cie SpinBetter. Pokyny na stiahnutie a in\u0161tal\u00e1ciu. Ako z\u00edska\u0165 bonus v aplik\u00e1cii a vyrie\u0161i\u0165 probl\u00e9my so spusten\u00edm?","og_url":"https:\/\/spinbetter.center\/sk\/app\/","og_site_name":"Spinbetter Center sk","article_modified_time":"2025-03-13T08:32:04+00:00","twitter_card":"summary_large_image","schema":{"@context":"https:\/\/schema.org","@graph":[{"@type":"WebPage","@id":"https:\/\/spinbetter.center\/sk\/app\/","url":"https:\/\/spinbetter.center\/sk\/app\/","name":"Mobiln\u00e1 aplik\u00e1cia SpinBetter pre Android a iOS","isPartOf":{"@id":"https:\/\/spinbetter.center\/sk\/#website"},"datePublished":"2024-10-22T13:42:47+00:00","dateModified":"2025-03-13T08:32:04+00:00","description":"Funkcie mobilnej aplik\u00e1cie SpinBetter. Pokyny na stiahnutie a in\u0161tal\u00e1ciu. Ako z\u00edska\u0165 bonus v aplik\u00e1cii a vyrie\u0161i\u0165 probl\u00e9my so spusten\u00edm?","breadcrumb":{"@id":"https:\/\/spinbetter.center\/sk\/app\/#breadcrumb"},"inLanguage":"sl-SI","potentialAction":[{"@type":"ReadAction","target":["https:\/\/spinbetter.center\/sk\/app\/"]}]},{"@type":"BreadcrumbList","@id":"https:\/\/spinbetter.center\/sk\/app\/#breadcrumb","itemListElement":[{"@type":"ListItem","position":1,"name":"Home","item":"https:\/\/spinbetter.center\/sk\/"},{"@type":"ListItem","position":2,"name":"Aplik\u00e1cia"}]},{"@type":"WebSite","@id":"https:\/\/spinbetter.center\/sk\/#website","url":"https:\/\/spinbetter.center\/sk\/","name":"SpinBetter","description":"SpinBetter","alternateName":"Spin Better","potentialAction":[{"@type":"SearchAction","target":{"@type":"EntryPoint","urlTemplate":"https:\/\/spinbetter.center\/sk\/?s={search_term_string}"},"query-input":{"@type":"PropertyValueSpecification","valueRequired":true,"valueName":"search_term_string"}}],"inLanguage":"sl-SI"}]}},"_links":{"self":[{"href":"https:\/\/spinbetter.center\/sk\/wp-json\/wp\/v2\/pages\/319","targetHints":{"allow":["GET"]}}],"collection":[{"href":"https:\/\/spinbetter.center\/sk\/wp-json\/wp\/v2\/pages"}],"about":[{"href":"https:\/\/spinbetter.center\/sk\/wp-json\/wp\/v2\/types\/page"}],"author":[{"embeddable":true,"href":"https:\/\/spinbetter.center\/sk\/wp-json\/wp\/v2\/users\/1"}],"replies":[{"embeddable":true,"href":"https:\/\/spinbetter.center\/sk\/wp-json\/wp\/v2\/comments?post=319"}],"version-history":[{"count":4,"href":"https:\/\/spinbetter.center\/sk\/wp-json\/wp\/v2\/pages\/319\/revisions"}],"predecessor-version":[{"id":495,"href":"https:\/\/spinbetter.center\/sk\/wp-json\/wp\/v2\/pages\/319\/revisions\/495"}],"wp:attachment":[{"href":"https:\/\/spinbetter.center\/sk\/wp-json\/wp\/v2\/media?parent=319"}],"curies":[{"name":"wp","href":"https:\/\/api.w.org\/{rel}","templated":true}]}}