{"id":274,"date":"2024-09-18T14:59:05","date_gmt":"2024-09-18T14:59:05","guid":{"rendered":"https:\/\/spinbetter.center\/sk\/?page_id=274"},"modified":"2025-03-13T09:13:10","modified_gmt":"2025-03-13T09:13:10","slug":"casino","status":"publish","type":"page","link":"https:\/\/spinbetter.center\/sk\/casino\/","title":{"rendered":"Kas\u00edno"},"content":{"rendered":"","protected":false},"excerpt":{"rendered":"","protected":false},"author":1,"featured_media":0,"parent":0,"menu_order":0,"comment_status":"closed","ping_status":"closed","template":"","meta":{"footnotes":""},"class_list":["post-274","page","type-page","status-publish","hentry"],"yoast_head":"<!-- This site is optimized with the Yoast SEO plugin v24.5 - https:\/\/yoast.com\/wordpress\/plugins\/seo\/ -->\n<title>SpinBetter Casino: Sloty, \u017eiv\u00e9 kas\u00edno, Aviator<\/title>\n<meta name=\"description\" content=\"Nieko\u013eko tis\u00edc kas\u00edno z\u00e1bava pre ka\u017ed\u00fd vkus. N\u00e1vod krok za krokom, ako sa zaregistrova\u0165 v online kas\u00edne SpinBetter. Uv\u00edtac\u00ed bonus a stimuly pre existuj\u00facich z\u00e1kazn\u00edkov.\" \/>\n<meta name=\"robots\" content=\"noindex, follow, max-snippet:-1, max-image-preview:large, max-video-preview:-1\" \/>\n<meta property=\"og:locale\" content=\"sl_SI\" \/>\n<meta property=\"og:type\" content=\"article\" \/>\n<meta property=\"og:title\" content=\"SpinBetter Casino: Sloty, \u017eiv\u00e9 kas\u00edno, Aviator\" \/>\n<meta property=\"og:description\" content=\"Nieko\u013eko tis\u00edc kas\u00edno z\u00e1bava pre ka\u017ed\u00fd vkus. N\u00e1vod krok za krokom, ako sa zaregistrova\u0165 v online kas\u00edne SpinBetter. Uv\u00edtac\u00ed bonus a stimuly pre existuj\u00facich z\u00e1kazn\u00edkov.\" \/>\n<meta property=\"og:url\" content=\"https:\/\/spinbetter.center\/sk\/casino\/\" \/>\n<meta property=\"og:site_name\" content=\"Spinbetter Center sk\" \/>\n<meta property=\"article:modified_time\" content=\"2025-03-13T09:13:10+00:00\" \/>\n<meta name=\"twitter:card\" content=\"summary_large_image\" \/>\n<script type=\"application\/ld+json\" class=\"yoast-schema-graph\">{\"@context\":\"https:\/\/schema.org\",\"@graph\":[{\"@type\":\"WebPage\",\"@id\":\"https:\/\/spinbetter.center\/sk\/casino\/\",\"url\":\"https:\/\/spinbetter.center\/sk\/casino\/\",\"name\":\"SpinBetter Casino: Sloty, \u017eiv\u00e9 kas\u00edno, Aviator\",\"isPartOf\":{\"@id\":\"https:\/\/spinbetter.center\/sk\/#website\"},\"datePublished\":\"2024-09-18T14:59:05+00:00\",\"dateModified\":\"2025-03-13T09:13:10+00:00\",\"description\":\"Nieko\u013eko tis\u00edc kas\u00edno z\u00e1bava pre ka\u017ed\u00fd vkus. N\u00e1vod krok za krokom, ako sa zaregistrova\u0165 v online kas\u00edne SpinBetter. Uv\u00edtac\u00ed bonus a stimuly pre existuj\u00facich z\u00e1kazn\u00edkov.\",\"breadcrumb\":{\"@id\":\"https:\/\/spinbetter.center\/sk\/casino\/#breadcrumb\"},\"inLanguage\":\"sl-SI\",\"potentialAction\":[{\"@type\":\"ReadAction\",\"target\":[\"https:\/\/spinbetter.center\/sk\/casino\/\"]}]},{\"@type\":\"BreadcrumbList\",\"@id\":\"https:\/\/spinbetter.center\/sk\/casino\/#breadcrumb\",\"itemListElement\":[{\"@type\":\"ListItem\",\"position\":1,\"name\":\"Home\",\"item\":\"https:\/\/spinbetter.center\/sk\/\"},{\"@type\":\"ListItem\",\"position\":2,\"name\":\"Kas\u00edno\"}]},{\"@type\":\"WebSite\",\"@id\":\"https:\/\/spinbetter.center\/sk\/#website\",\"url\":\"https:\/\/spinbetter.center\/sk\/\",\"name\":\"SpinBetter\",\"description\":\"SpinBetter\",\"alternateName\":\"Spin Better\",\"potentialAction\":[{\"@type\":\"SearchAction\",\"target\":{\"@type\":\"EntryPoint\",\"urlTemplate\":\"https:\/\/spinbetter.center\/sk\/?s={search_term_string}\"},\"query-input\":{\"@type\":\"PropertyValueSpecification\",\"valueRequired\":true,\"valueName\":\"search_term_string\"}}],\"inLanguage\":\"sl-SI\"}]}<\/script>\n<!-- \/ Yoast SEO plugin. -->","yoast_head_json":{"title":"SpinBetter Casino: Sloty, \u017eiv\u00e9 kas\u00edno, Aviator","description":"Nieko\u013eko tis\u00edc kas\u00edno z\u00e1bava pre ka\u017ed\u00fd vkus. N\u00e1vod krok za krokom, ako sa zaregistrova\u0165 v online kas\u00edne SpinBetter. Uv\u00edtac\u00ed bonus a stimuly pre existuj\u00facich z\u00e1kazn\u00edkov.","robots":{"index":"noindex","follow":"follow","max-snippet":"max-snippet:-1","max-image-preview":"max-image-preview:large","max-video-preview":"max-video-preview:-1"},"og_locale":"sl_SI","og_type":"article","og_title":"SpinBetter Casino: Sloty, \u017eiv\u00e9 kas\u00edno, Aviator","og_description":"Nieko\u013eko tis\u00edc kas\u00edno z\u00e1bava pre ka\u017ed\u00fd vkus. N\u00e1vod krok za krokom, ako sa zaregistrova\u0165 v online kas\u00edne SpinBetter. Uv\u00edtac\u00ed bonus a stimuly pre existuj\u00facich z\u00e1kazn\u00edkov.","og_url":"https:\/\/spinbetter.center\/sk\/casino\/","og_site_name":"Spinbetter Center sk","article_modified_time":"2025-03-13T09:13:10+00:00","twitter_card":"summary_large_image","schema":{"@context":"https:\/\/schema.org","@graph":[{"@type":"WebPage","@id":"https:\/\/spinbetter.center\/sk\/casino\/","url":"https:\/\/spinbetter.center\/sk\/casino\/","name":"SpinBetter Casino: Sloty, \u017eiv\u00e9 kas\u00edno, Aviator","isPartOf":{"@id":"https:\/\/spinbetter.center\/sk\/#website"},"datePublished":"2024-09-18T14:59:05+00:00","dateModified":"2025-03-13T09:13:10+00:00","description":"Nieko\u013eko tis\u00edc kas\u00edno z\u00e1bava pre ka\u017ed\u00fd vkus. N\u00e1vod krok za krokom, ako sa zaregistrova\u0165 v online kas\u00edne SpinBetter. Uv\u00edtac\u00ed bonus a stimuly pre existuj\u00facich z\u00e1kazn\u00edkov.","breadcrumb":{"@id":"https:\/\/spinbetter.center\/sk\/casino\/#breadcrumb"},"inLanguage":"sl-SI","potentialAction":[{"@type":"ReadAction","target":["https:\/\/spinbetter.center\/sk\/casino\/"]}]},{"@type":"BreadcrumbList","@id":"https:\/\/spinbetter.center\/sk\/casino\/#breadcrumb","itemListElement":[{"@type":"ListItem","position":1,"name":"Home","item":"https:\/\/spinbetter.center\/sk\/"},{"@type":"ListItem","position":2,"name":"Kas\u00edno"}]},{"@type":"WebSite","@id":"https:\/\/spinbetter.center\/sk\/#website","url":"https:\/\/spinbetter.center\/sk\/","name":"SpinBetter","description":"SpinBetter","alternateName":"Spin Better","potentialAction":[{"@type":"SearchAction","target":{"@type":"EntryPoint","urlTemplate":"https:\/\/spinbetter.center\/sk\/?s={search_term_string}"},"query-input":{"@type":"PropertyValueSpecification","valueRequired":true,"valueName":"search_term_string"}}],"inLanguage":"sl-SI"}]}},"_links":{"self":[{"href":"https:\/\/spinbetter.center\/sk\/wp-json\/wp\/v2\/pages\/274","targetHints":{"allow":["GET"]}}],"collection":[{"href":"https:\/\/spinbetter.center\/sk\/wp-json\/wp\/v2\/pages"}],"about":[{"href":"https:\/\/spinbetter.center\/sk\/wp-json\/wp\/v2\/types\/page"}],"author":[{"embeddable":true,"href":"https:\/\/spinbetter.center\/sk\/wp-json\/wp\/v2\/users\/1"}],"replies":[{"embeddable":true,"href":"https:\/\/spinbetter.center\/sk\/wp-json\/wp\/v2\/comments?post=274"}],"version-history":[{"count":5,"href":"https:\/\/spinbetter.center\/sk\/wp-json\/wp\/v2\/pages\/274\/revisions"}],"predecessor-version":[{"id":497,"href":"https:\/\/spinbetter.center\/sk\/wp-json\/wp\/v2\/pages\/274\/revisions\/497"}],"wp:attachment":[{"href":"https:\/\/spinbetter.center\/sk\/wp-json\/wp\/v2\/media?parent=274"}],"curies":[{"name":"wp","href":"https:\/\/api.w.org\/{rel}","templated":true}]}}