{"id":272,"date":"2024-09-18T14:55:02","date_gmt":"2024-09-18T14:55:02","guid":{"rendered":"https:\/\/spinbetter.center\/sk\/?page_id=272"},"modified":"2025-03-13T09:04:52","modified_gmt":"2025-03-13T09:04:52","slug":"bonuses","status":"publish","type":"page","link":"https:\/\/spinbetter.center\/sk\/bonuses\/","title":{"rendered":"Bonusy"},"content":{"rendered":"","protected":false},"excerpt":{"rendered":"","protected":false},"author":1,"featured_media":0,"parent":0,"menu_order":0,"comment_status":"closed","ping_status":"closed","template":"","meta":{"footnotes":""},"class_list":["post-272","page","type-page","status-publish","hentry"],"yoast_head":"<!-- This site is optimized with the Yoast SEO plugin v24.5 - https:\/\/yoast.com\/wordpress\/plugins\/seo\/ -->\n<title>Bonusy, ponuky a akcie SpinBetter: Freespins a Cashback<\/title>\n<meta name=\"description\" content=\"Uv\u00edtac\u00ed bonus SpinBetter Slovensko pre kas\u00edno a \u0161portov\u00e9 st\u00e1vky. Vkladov\u00e9 stimuly a stimuly bez vkladu pre existuj\u00facich z\u00e1kazn\u00edkov. Podmienky st\u00e1vkovania a \u010fal\u0161ie dar\u010dekov\u00e9 st\u00e1vky.\" \/>\n<meta name=\"robots\" content=\"noindex, follow, max-snippet:-1, max-image-preview:large, max-video-preview:-1\" \/>\n<meta property=\"og:locale\" content=\"sl_SI\" \/>\n<meta property=\"og:type\" content=\"article\" \/>\n<meta property=\"og:title\" content=\"Bonusy, ponuky a akcie SpinBetter: Freespins a Cashback\" \/>\n<meta property=\"og:description\" content=\"Uv\u00edtac\u00ed bonus SpinBetter Slovensko pre kas\u00edno a \u0161portov\u00e9 st\u00e1vky. Vkladov\u00e9 stimuly a stimuly bez vkladu pre existuj\u00facich z\u00e1kazn\u00edkov. Podmienky st\u00e1vkovania a \u010fal\u0161ie dar\u010dekov\u00e9 st\u00e1vky.\" \/>\n<meta property=\"og:url\" content=\"https:\/\/spinbetter.center\/sk\/bonuses\/\" \/>\n<meta property=\"og:site_name\" content=\"Spinbetter Center sk\" \/>\n<meta property=\"article:modified_time\" content=\"2025-03-13T09:04:52+00:00\" \/>\n<meta name=\"twitter:card\" content=\"summary_large_image\" \/>\n<script type=\"application\/ld+json\" class=\"yoast-schema-graph\">{\"@context\":\"https:\/\/schema.org\",\"@graph\":[{\"@type\":\"WebPage\",\"@id\":\"https:\/\/spinbetter.center\/sk\/bonuses\/\",\"url\":\"https:\/\/spinbetter.center\/sk\/bonuses\/\",\"name\":\"Bonusy, ponuky a akcie SpinBetter: Freespins a Cashback\",\"isPartOf\":{\"@id\":\"https:\/\/spinbetter.center\/sk\/#website\"},\"datePublished\":\"2024-09-18T14:55:02+00:00\",\"dateModified\":\"2025-03-13T09:04:52+00:00\",\"description\":\"Uv\u00edtac\u00ed bonus SpinBetter Slovensko pre kas\u00edno a \u0161portov\u00e9 st\u00e1vky. Vkladov\u00e9 stimuly a stimuly bez vkladu pre existuj\u00facich z\u00e1kazn\u00edkov. Podmienky st\u00e1vkovania a \u010fal\u0161ie dar\u010dekov\u00e9 st\u00e1vky.\",\"breadcrumb\":{\"@id\":\"https:\/\/spinbetter.center\/sk\/bonuses\/#breadcrumb\"},\"inLanguage\":\"sl-SI\",\"potentialAction\":[{\"@type\":\"ReadAction\",\"target\":[\"https:\/\/spinbetter.center\/sk\/bonuses\/\"]}]},{\"@type\":\"BreadcrumbList\",\"@id\":\"https:\/\/spinbetter.center\/sk\/bonuses\/#breadcrumb\",\"itemListElement\":[{\"@type\":\"ListItem\",\"position\":1,\"name\":\"Home\",\"item\":\"https:\/\/spinbetter.center\/sk\/\"},{\"@type\":\"ListItem\",\"position\":2,\"name\":\"Bonusy\"}]},{\"@type\":\"WebSite\",\"@id\":\"https:\/\/spinbetter.center\/sk\/#website\",\"url\":\"https:\/\/spinbetter.center\/sk\/\",\"name\":\"SpinBetter\",\"description\":\"SpinBetter\",\"alternateName\":\"Spin Better\",\"potentialAction\":[{\"@type\":\"SearchAction\",\"target\":{\"@type\":\"EntryPoint\",\"urlTemplate\":\"https:\/\/spinbetter.center\/sk\/?s={search_term_string}\"},\"query-input\":{\"@type\":\"PropertyValueSpecification\",\"valueRequired\":true,\"valueName\":\"search_term_string\"}}],\"inLanguage\":\"sl-SI\"}]}<\/script>\n<!-- \/ Yoast SEO plugin. -->","yoast_head_json":{"title":"Bonusy, ponuky a akcie SpinBetter: Freespins a Cashback","description":"Uv\u00edtac\u00ed bonus SpinBetter Slovensko pre kas\u00edno a \u0161portov\u00e9 st\u00e1vky. Vkladov\u00e9 stimuly a stimuly bez vkladu pre existuj\u00facich z\u00e1kazn\u00edkov. Podmienky st\u00e1vkovania a \u010fal\u0161ie dar\u010dekov\u00e9 st\u00e1vky.","robots":{"index":"noindex","follow":"follow","max-snippet":"max-snippet:-1","max-image-preview":"max-image-preview:large","max-video-preview":"max-video-preview:-1"},"og_locale":"sl_SI","og_type":"article","og_title":"Bonusy, ponuky a akcie SpinBetter: Freespins a Cashback","og_description":"Uv\u00edtac\u00ed bonus SpinBetter Slovensko pre kas\u00edno a \u0161portov\u00e9 st\u00e1vky. Vkladov\u00e9 stimuly a stimuly bez vkladu pre existuj\u00facich z\u00e1kazn\u00edkov. Podmienky st\u00e1vkovania a \u010fal\u0161ie dar\u010dekov\u00e9 st\u00e1vky.","og_url":"https:\/\/spinbetter.center\/sk\/bonuses\/","og_site_name":"Spinbetter Center sk","article_modified_time":"2025-03-13T09:04:52+00:00","twitter_card":"summary_large_image","schema":{"@context":"https:\/\/schema.org","@graph":[{"@type":"WebPage","@id":"https:\/\/spinbetter.center\/sk\/bonuses\/","url":"https:\/\/spinbetter.center\/sk\/bonuses\/","name":"Bonusy, ponuky a akcie SpinBetter: Freespins a Cashback","isPartOf":{"@id":"https:\/\/spinbetter.center\/sk\/#website"},"datePublished":"2024-09-18T14:55:02+00:00","dateModified":"2025-03-13T09:04:52+00:00","description":"Uv\u00edtac\u00ed bonus SpinBetter Slovensko pre kas\u00edno a \u0161portov\u00e9 st\u00e1vky. Vkladov\u00e9 stimuly a stimuly bez vkladu pre existuj\u00facich z\u00e1kazn\u00edkov. Podmienky st\u00e1vkovania a \u010fal\u0161ie dar\u010dekov\u00e9 st\u00e1vky.","breadcrumb":{"@id":"https:\/\/spinbetter.center\/sk\/bonuses\/#breadcrumb"},"inLanguage":"sl-SI","potentialAction":[{"@type":"ReadAction","target":["https:\/\/spinbetter.center\/sk\/bonuses\/"]}]},{"@type":"BreadcrumbList","@id":"https:\/\/spinbetter.center\/sk\/bonuses\/#breadcrumb","itemListElement":[{"@type":"ListItem","position":1,"name":"Home","item":"https:\/\/spinbetter.center\/sk\/"},{"@type":"ListItem","position":2,"name":"Bonusy"}]},{"@type":"WebSite","@id":"https:\/\/spinbetter.center\/sk\/#website","url":"https:\/\/spinbetter.center\/sk\/","name":"SpinBetter","description":"SpinBetter","alternateName":"Spin Better","potentialAction":[{"@type":"SearchAction","target":{"@type":"EntryPoint","urlTemplate":"https:\/\/spinbetter.center\/sk\/?s={search_term_string}"},"query-input":{"@type":"PropertyValueSpecification","valueRequired":true,"valueName":"search_term_string"}}],"inLanguage":"sl-SI"}]}},"_links":{"self":[{"href":"https:\/\/spinbetter.center\/sk\/wp-json\/wp\/v2\/pages\/272","targetHints":{"allow":["GET"]}}],"collection":[{"href":"https:\/\/spinbetter.center\/sk\/wp-json\/wp\/v2\/pages"}],"about":[{"href":"https:\/\/spinbetter.center\/sk\/wp-json\/wp\/v2\/types\/page"}],"author":[{"embeddable":true,"href":"https:\/\/spinbetter.center\/sk\/wp-json\/wp\/v2\/users\/1"}],"replies":[{"embeddable":true,"href":"https:\/\/spinbetter.center\/sk\/wp-json\/wp\/v2\/comments?post=272"}],"version-history":[{"count":5,"href":"https:\/\/spinbetter.center\/sk\/wp-json\/wp\/v2\/pages\/272\/revisions"}],"predecessor-version":[{"id":496,"href":"https:\/\/spinbetter.center\/sk\/wp-json\/wp\/v2\/pages\/272\/revisions\/496"}],"wp:attachment":[{"href":"https:\/\/spinbetter.center\/sk\/wp-json\/wp\/v2\/media?parent=272"}],"curies":[{"name":"wp","href":"https:\/\/api.w.org\/{rel}","templated":true}]}}