{"id":2,"date":"2023-05-18T17:18:34","date_gmt":"2023-05-18T17:18:34","guid":{"rendered":"https:\/\/spinbetter.center\/sk\/?page_id=2"},"modified":"2025-05-26T08:51:18","modified_gmt":"2025-05-26T08:51:18","slug":"sample-page","status":"publish","type":"page","link":"https:\/\/spinbetter.center\/sk\/","title":{"rendered":"Domov"},"content":{"rendered":"","protected":false},"excerpt":{"rendered":"","protected":false},"author":1,"featured_media":0,"parent":0,"menu_order":0,"comment_status":"closed","ping_status":"open","template":"","meta":{"footnotes":""},"class_list":["post-2","page","type-page","status-publish","hentry"],"yoast_head":"<!-- This site is optimized with the Yoast SEO plugin v24.5 - https:\/\/yoast.com\/wordpress\/plugins\/seo\/ -->\n<title>SpinBetter \u1409 \u0160portov\u00e9 a kyber\u0161portov\u00e9 st\u00e1vky, online kas\u00edna<\/title>\n<meta name=\"description\" content=\"SpinBetter 2025 podrobn\u00e1 recenzia. \u26a1Na 1 750 EUR a 150 freespinov uv\u00edtac\u00ed bonus. Viac ako 8000 \u0161portov\u00fdch z\u00e1pasov a tis\u00edce kas\u00ednov\u00fdch aktiv\u00edt\" \/>\n<meta name=\"robots\" content=\"noindex, follow, max-snippet:-1, max-image-preview:large, max-video-preview:-1\" \/>\n<meta property=\"og:locale\" content=\"sl_SI\" \/>\n<meta property=\"og:type\" content=\"article\" \/>\n<meta property=\"og:title\" content=\"SpinBetter \u1409 \u0160portov\u00e9 a kyber\u0161portov\u00e9 st\u00e1vky, online kas\u00edna\" \/>\n<meta property=\"og:description\" content=\"SpinBetter 2025 podrobn\u00e1 recenzia. \u26a1Na 1 750 EUR a 150 freespinov uv\u00edtac\u00ed bonus. Viac ako 8000 \u0161portov\u00fdch z\u00e1pasov a tis\u00edce kas\u00ednov\u00fdch aktiv\u00edt\" \/>\n<meta property=\"og:url\" content=\"https:\/\/spinbetter.center\/sk\/\" \/>\n<meta property=\"og:site_name\" content=\"Spinbetter Center sk\" \/>\n<meta property=\"article:modified_time\" content=\"2025-05-26T08:51:18+00:00\" \/>\n<meta name=\"twitter:card\" content=\"summary_large_image\" \/>\n<script type=\"application\/ld+json\" class=\"yoast-schema-graph\">{\"@context\":\"https:\/\/schema.org\",\"@graph\":[{\"@type\":\"WebPage\",\"@id\":\"https:\/\/spinbetter.center\/sk\/\",\"url\":\"https:\/\/spinbetter.center\/sk\/\",\"name\":\"SpinBetter \u1409 \u0160portov\u00e9 a kyber\u0161portov\u00e9 st\u00e1vky, online kas\u00edna\",\"isPartOf\":{\"@id\":\"https:\/\/spinbetter.center\/sk\/#website\"},\"datePublished\":\"2023-05-18T17:18:34+00:00\",\"dateModified\":\"2025-05-26T08:51:18+00:00\",\"description\":\"SpinBetter 2025 podrobn\u00e1 recenzia. \u26a1Na 1 750 EUR a 150 freespinov uv\u00edtac\u00ed bonus. Viac ako 8000 \u0161portov\u00fdch z\u00e1pasov a tis\u00edce kas\u00ednov\u00fdch aktiv\u00edt\",\"breadcrumb\":{\"@id\":\"https:\/\/spinbetter.center\/sk\/#breadcrumb\"},\"inLanguage\":\"sl-SI\",\"potentialAction\":[{\"@type\":\"ReadAction\",\"target\":[\"https:\/\/spinbetter.center\/sk\/\"]}]},{\"@type\":\"BreadcrumbList\",\"@id\":\"https:\/\/spinbetter.center\/sk\/#breadcrumb\",\"itemListElement\":[{\"@type\":\"ListItem\",\"position\":1,\"name\":\"Home\",\"item\":\"https:\/\/spinbetter.center\/sk\/\"},{\"@type\":\"ListItem\",\"position\":2,\"name\":\"Domov\"}]},{\"@type\":\"WebSite\",\"@id\":\"https:\/\/spinbetter.center\/sk\/#website\",\"url\":\"https:\/\/spinbetter.center\/sk\/\",\"name\":\"SpinBetter\",\"description\":\"SpinBetter\",\"alternateName\":\"Spin Better\",\"potentialAction\":[{\"@type\":\"SearchAction\",\"target\":{\"@type\":\"EntryPoint\",\"urlTemplate\":\"https:\/\/spinbetter.center\/sk\/?s={search_term_string}\"},\"query-input\":{\"@type\":\"PropertyValueSpecification\",\"valueRequired\":true,\"valueName\":\"search_term_string\"}}],\"inLanguage\":\"sl-SI\"}]}<\/script>\n<!-- \/ Yoast SEO plugin. -->","yoast_head_json":{"title":"SpinBetter \u1409 \u0160portov\u00e9 a kyber\u0161portov\u00e9 st\u00e1vky, online kas\u00edna","description":"SpinBetter 2025 podrobn\u00e1 recenzia. \u26a1Na 1 750 EUR a 150 freespinov uv\u00edtac\u00ed bonus. Viac ako 8000 \u0161portov\u00fdch z\u00e1pasov a tis\u00edce kas\u00ednov\u00fdch aktiv\u00edt","robots":{"index":"noindex","follow":"follow","max-snippet":"max-snippet:-1","max-image-preview":"max-image-preview:large","max-video-preview":"max-video-preview:-1"},"og_locale":"sl_SI","og_type":"article","og_title":"SpinBetter \u1409 \u0160portov\u00e9 a kyber\u0161portov\u00e9 st\u00e1vky, online kas\u00edna","og_description":"SpinBetter 2025 podrobn\u00e1 recenzia. \u26a1Na 1 750 EUR a 150 freespinov uv\u00edtac\u00ed bonus. Viac ako 8000 \u0161portov\u00fdch z\u00e1pasov a tis\u00edce kas\u00ednov\u00fdch aktiv\u00edt","og_url":"https:\/\/spinbetter.center\/sk\/","og_site_name":"Spinbetter Center sk","article_modified_time":"2025-05-26T08:51:18+00:00","twitter_card":"summary_large_image","schema":{"@context":"https:\/\/schema.org","@graph":[{"@type":"WebPage","@id":"https:\/\/spinbetter.center\/sk\/","url":"https:\/\/spinbetter.center\/sk\/","name":"SpinBetter \u1409 \u0160portov\u00e9 a kyber\u0161portov\u00e9 st\u00e1vky, online kas\u00edna","isPartOf":{"@id":"https:\/\/spinbetter.center\/sk\/#website"},"datePublished":"2023-05-18T17:18:34+00:00","dateModified":"2025-05-26T08:51:18+00:00","description":"SpinBetter 2025 podrobn\u00e1 recenzia. \u26a1Na 1 750 EUR a 150 freespinov uv\u00edtac\u00ed bonus. Viac ako 8000 \u0161portov\u00fdch z\u00e1pasov a tis\u00edce kas\u00ednov\u00fdch aktiv\u00edt","breadcrumb":{"@id":"https:\/\/spinbetter.center\/sk\/#breadcrumb"},"inLanguage":"sl-SI","potentialAction":[{"@type":"ReadAction","target":["https:\/\/spinbetter.center\/sk\/"]}]},{"@type":"BreadcrumbList","@id":"https:\/\/spinbetter.center\/sk\/#breadcrumb","itemListElement":[{"@type":"ListItem","position":1,"name":"Home","item":"https:\/\/spinbetter.center\/sk\/"},{"@type":"ListItem","position":2,"name":"Domov"}]},{"@type":"WebSite","@id":"https:\/\/spinbetter.center\/sk\/#website","url":"https:\/\/spinbetter.center\/sk\/","name":"SpinBetter","description":"SpinBetter","alternateName":"Spin Better","potentialAction":[{"@type":"SearchAction","target":{"@type":"EntryPoint","urlTemplate":"https:\/\/spinbetter.center\/sk\/?s={search_term_string}"},"query-input":{"@type":"PropertyValueSpecification","valueRequired":true,"valueName":"search_term_string"}}],"inLanguage":"sl-SI"}]}},"_links":{"self":[{"href":"https:\/\/spinbetter.center\/sk\/wp-json\/wp\/v2\/pages\/2","targetHints":{"allow":["GET"]}}],"collection":[{"href":"https:\/\/spinbetter.center\/sk\/wp-json\/wp\/v2\/pages"}],"about":[{"href":"https:\/\/spinbetter.center\/sk\/wp-json\/wp\/v2\/types\/page"}],"author":[{"embeddable":true,"href":"https:\/\/spinbetter.center\/sk\/wp-json\/wp\/v2\/users\/1"}],"replies":[{"embeddable":true,"href":"https:\/\/spinbetter.center\/sk\/wp-json\/wp\/v2\/comments?post=2"}],"version-history":[{"count":16,"href":"https:\/\/spinbetter.center\/sk\/wp-json\/wp\/v2\/pages\/2\/revisions"}],"predecessor-version":[{"id":565,"href":"https:\/\/spinbetter.center\/sk\/wp-json\/wp\/v2\/pages\/2\/revisions\/565"}],"wp:attachment":[{"href":"https:\/\/spinbetter.center\/sk\/wp-json\/wp\/v2\/media?parent=2"}],"curies":[{"name":"wp","href":"https:\/\/api.w.org\/{rel}","templated":true}]}}