{"id":382,"date":"2024-11-08T08:39:19","date_gmt":"2024-11-08T08:39:19","guid":{"rendered":"https:\/\/spinbetter.center\/?page_id=382"},"modified":"2025-08-08T13:15:08","modified_gmt":"2025-08-08T13:15:08","slug":"partners","status":"publish","type":"page","link":"https:\/\/spinbetter.center\/schweiz\/partners\/","title":{"rendered":"Tochtergesellschaft"},"content":{"rendered":"","protected":false},"excerpt":{"rendered":"","protected":false},"author":1,"featured_media":0,"parent":0,"menu_order":0,"comment_status":"closed","ping_status":"closed","template":"","meta":{"footnotes":""},"class_list":["post-382","page","type-page","status-publish","hentry"],"yoast_head":"<!-- This site is optimized with the Yoast SEO plugin v24.5 - https:\/\/yoast.com\/wordpress\/plugins\/seo\/ -->\n<title>Spinbetter Partnerprogramm: Steigern Sie Ihren Umsatz<\/title>\n<meta name=\"description\" content=\"Sind Sie bereit, Ihre Leidenschaft f\u00fcr Gl\u00fccksspiele zu Geld zu machen? Entdecken Sie das Spinbetter Deutschland Partnerprogramm und erfahren Sie, wie Sie Ihr Einkommen in die H\u00f6he treiben k\u00f6nnen, w\u00e4hrend Sie den Nervenkitzel von Online-Wetten genie\u00dfen.\" \/>\n<meta name=\"robots\" content=\"index, follow, max-snippet:-1, max-image-preview:large, max-video-preview:-1\" \/>\n<link rel=\"canonical\" href=\"https:\/\/spinbetter.center\/schweiz\/partners\/\" \/>\n<meta property=\"og:locale\" content=\"de_DE\" \/>\n<meta property=\"og:type\" content=\"article\" \/>\n<meta property=\"og:title\" content=\"Spinbetter Partnerprogramm: Steigern Sie Ihren Umsatz\" \/>\n<meta property=\"og:description\" content=\"Sind Sie bereit, Ihre Leidenschaft f\u00fcr Gl\u00fccksspiele zu Geld zu machen? Entdecken Sie das Spinbetter Deutschland Partnerprogramm und erfahren Sie, wie Sie Ihr Einkommen in die H\u00f6he treiben k\u00f6nnen, w\u00e4hrend Sie den Nervenkitzel von Online-Wetten genie\u00dfen.\" \/>\n<meta property=\"og:url\" content=\"https:\/\/spinbetter.center\/schweiz\/partners\/\" \/>\n<meta property=\"og:site_name\" content=\"Spinbetter center CH\" \/>\n<meta property=\"article:modified_time\" content=\"2025-08-08T13:15:08+00:00\" \/>\n<meta name=\"twitter:card\" content=\"summary_large_image\" \/>\n<script type=\"application\/ld+json\" class=\"yoast-schema-graph\">{\"@context\":\"https:\/\/schema.org\",\"@graph\":[{\"@type\":\"WebPage\",\"@id\":\"https:\/\/spinbetter.center\/schweiz\/partners\/\",\"url\":\"https:\/\/spinbetter.center\/schweiz\/partners\/\",\"name\":\"Spinbetter Partnerprogramm: Steigern Sie Ihren Umsatz\",\"isPartOf\":{\"@id\":\"https:\/\/spinbetter.center\/schweiz\/#website\"},\"datePublished\":\"2024-11-08T08:39:19+00:00\",\"dateModified\":\"2025-08-08T13:15:08+00:00\",\"description\":\"Sind Sie bereit, Ihre Leidenschaft f\u00fcr Gl\u00fccksspiele zu Geld zu machen? Entdecken Sie das Spinbetter Deutschland Partnerprogramm und erfahren Sie, wie Sie Ihr Einkommen in die H\u00f6he treiben k\u00f6nnen, w\u00e4hrend Sie den Nervenkitzel von Online-Wetten genie\u00dfen.\",\"breadcrumb\":{\"@id\":\"https:\/\/spinbetter.center\/schweiz\/partners\/#breadcrumb\"},\"inLanguage\":\"de-CH\",\"potentialAction\":[{\"@type\":\"ReadAction\",\"target\":[\"https:\/\/spinbetter.center\/schweiz\/partners\/\"]}]},{\"@type\":\"BreadcrumbList\",\"@id\":\"https:\/\/spinbetter.center\/schweiz\/partners\/#breadcrumb\",\"itemListElement\":[{\"@type\":\"ListItem\",\"position\":1,\"name\":\"Home\",\"item\":\"https:\/\/spinbetter.center\/schweiz\/\"},{\"@type\":\"ListItem\",\"position\":2,\"name\":\"Tochtergesellschaft\"}]},{\"@type\":\"WebSite\",\"@id\":\"https:\/\/spinbetter.center\/schweiz\/#website\",\"url\":\"https:\/\/spinbetter.center\/schweiz\/\",\"name\":\"Spinbetter center CH\",\"description\":\"My WordPress Blog\",\"potentialAction\":[{\"@type\":\"SearchAction\",\"target\":{\"@type\":\"EntryPoint\",\"urlTemplate\":\"https:\/\/spinbetter.center\/schweiz\/?s={search_term_string}\"},\"query-input\":{\"@type\":\"PropertyValueSpecification\",\"valueRequired\":true,\"valueName\":\"search_term_string\"}}],\"inLanguage\":\"de-CH\"}]}<\/script>\n<!-- \/ Yoast SEO plugin. -->","yoast_head_json":{"title":"Spinbetter Partnerprogramm: Steigern Sie Ihren Umsatz","description":"Sind Sie bereit, Ihre Leidenschaft f\u00fcr Gl\u00fccksspiele zu Geld zu machen? Entdecken Sie das Spinbetter Deutschland Partnerprogramm und erfahren Sie, wie Sie Ihr Einkommen in die H\u00f6he treiben k\u00f6nnen, w\u00e4hrend Sie den Nervenkitzel von Online-Wetten genie\u00dfen.","robots":{"index":"index","follow":"follow","max-snippet":"max-snippet:-1","max-image-preview":"max-image-preview:large","max-video-preview":"max-video-preview:-1"},"canonical":"https:\/\/spinbetter.center\/schweiz\/partners\/","og_locale":"de_DE","og_type":"article","og_title":"Spinbetter Partnerprogramm: Steigern Sie Ihren Umsatz","og_description":"Sind Sie bereit, Ihre Leidenschaft f\u00fcr Gl\u00fccksspiele zu Geld zu machen? Entdecken Sie das Spinbetter Deutschland Partnerprogramm und erfahren Sie, wie Sie Ihr Einkommen in die H\u00f6he treiben k\u00f6nnen, w\u00e4hrend Sie den Nervenkitzel von Online-Wetten genie\u00dfen.","og_url":"https:\/\/spinbetter.center\/schweiz\/partners\/","og_site_name":"Spinbetter center CH","article_modified_time":"2025-08-08T13:15:08+00:00","twitter_card":"summary_large_image","schema":{"@context":"https:\/\/schema.org","@graph":[{"@type":"WebPage","@id":"https:\/\/spinbetter.center\/schweiz\/partners\/","url":"https:\/\/spinbetter.center\/schweiz\/partners\/","name":"Spinbetter Partnerprogramm: Steigern Sie Ihren Umsatz","isPartOf":{"@id":"https:\/\/spinbetter.center\/schweiz\/#website"},"datePublished":"2024-11-08T08:39:19+00:00","dateModified":"2025-08-08T13:15:08+00:00","description":"Sind Sie bereit, Ihre Leidenschaft f\u00fcr Gl\u00fccksspiele zu Geld zu machen? Entdecken Sie das Spinbetter Deutschland Partnerprogramm und erfahren Sie, wie Sie Ihr Einkommen in die H\u00f6he treiben k\u00f6nnen, w\u00e4hrend Sie den Nervenkitzel von Online-Wetten genie\u00dfen.","breadcrumb":{"@id":"https:\/\/spinbetter.center\/schweiz\/partners\/#breadcrumb"},"inLanguage":"de-CH","potentialAction":[{"@type":"ReadAction","target":["https:\/\/spinbetter.center\/schweiz\/partners\/"]}]},{"@type":"BreadcrumbList","@id":"https:\/\/spinbetter.center\/schweiz\/partners\/#breadcrumb","itemListElement":[{"@type":"ListItem","position":1,"name":"Home","item":"https:\/\/spinbetter.center\/schweiz\/"},{"@type":"ListItem","position":2,"name":"Tochtergesellschaft"}]},{"@type":"WebSite","@id":"https:\/\/spinbetter.center\/schweiz\/#website","url":"https:\/\/spinbetter.center\/schweiz\/","name":"Spinbetter center CH","description":"My WordPress Blog","potentialAction":[{"@type":"SearchAction","target":{"@type":"EntryPoint","urlTemplate":"https:\/\/spinbetter.center\/schweiz\/?s={search_term_string}"},"query-input":{"@type":"PropertyValueSpecification","valueRequired":true,"valueName":"search_term_string"}}],"inLanguage":"de-CH"}]}},"_links":{"self":[{"href":"https:\/\/spinbetter.center\/schweiz\/wp-json\/wp\/v2\/pages\/382","targetHints":{"allow":["GET"]}}],"collection":[{"href":"https:\/\/spinbetter.center\/schweiz\/wp-json\/wp\/v2\/pages"}],"about":[{"href":"https:\/\/spinbetter.center\/schweiz\/wp-json\/wp\/v2\/types\/page"}],"author":[{"embeddable":true,"href":"https:\/\/spinbetter.center\/schweiz\/wp-json\/wp\/v2\/users\/1"}],"replies":[{"embeddable":true,"href":"https:\/\/spinbetter.center\/schweiz\/wp-json\/wp\/v2\/comments?post=382"}],"version-history":[{"count":2,"href":"https:\/\/spinbetter.center\/schweiz\/wp-json\/wp\/v2\/pages\/382\/revisions"}],"predecessor-version":[{"id":486,"href":"https:\/\/spinbetter.center\/schweiz\/wp-json\/wp\/v2\/pages\/382\/revisions\/486"}],"wp:attachment":[{"href":"https:\/\/spinbetter.center\/schweiz\/wp-json\/wp\/v2\/media?parent=382"}],"curies":[{"name":"wp","href":"https:\/\/api.w.org\/{rel}","templated":true}]}}