{"id":823,"date":"2025-07-24T05:48:10","date_gmt":"2025-07-24T05:48:10","guid":{"rendered":"https:\/\/spinbetter.center\/?page_id=823"},"modified":"2025-08-13T19:05:34","modified_gmt":"2025-08-13T19:05:34","slug":"cashback-on-football","status":"publish","type":"page","link":"https:\/\/spinbetter.center\/ro\/bonuses\/cashback-on-football\/","title":{"rendered":"Cashback la fotbal"},"content":{"rendered":"","protected":false},"excerpt":{"rendered":"","protected":false},"author":1,"featured_media":0,"parent":272,"menu_order":0,"comment_status":"closed","ping_status":"closed","template":"","meta":{"footnotes":""},"class_list":["post-823","page","type-page","status-publish","hentry"],"yoast_head":"<!-- This site is optimized with the Yoast SEO plugin v24.5 - https:\/\/yoast.com\/wordpress\/plugins\/seo\/ -->\n<title>SpinBetter Cashback pe Fotbal: Ob\u021bine\u021bi o compensa\u021bie de p\u00e2n\u0103 la 20%<\/title>\n<meta name=\"description\" content=\"Al\u0103tur\u0103-te promo\u021biei SpinBetter \u0219i prime\u0219te p\u00e2n\u0103 la 20% cashback \u00een fiecare s\u0103pt\u0103m\u00e2n\u0103 pe pariurile de fotbal! Pariaz\u0103 de la 25 RON \u0219i nu rata \u0219ansa de a-\u021bi recupera o parte din costuri!\" \/>\n<meta name=\"robots\" content=\"index, follow, max-snippet:-1, max-image-preview:large, max-video-preview:-1\" \/>\n<link rel=\"canonical\" href=\"https:\/\/spinbetter.center\/ro\/bonuses\/cashback-on-football\/\" \/>\n<meta property=\"og:locale\" content=\"ro_RO\" \/>\n<meta property=\"og:type\" content=\"article\" \/>\n<meta property=\"og:title\" content=\"SpinBetter Cashback pe Fotbal: Ob\u021bine\u021bi o compensa\u021bie de p\u00e2n\u0103 la 20%\" \/>\n<meta property=\"og:description\" content=\"Al\u0103tur\u0103-te promo\u021biei SpinBetter \u0219i prime\u0219te p\u00e2n\u0103 la 20% cashback \u00een fiecare s\u0103pt\u0103m\u00e2n\u0103 pe pariurile de fotbal! Pariaz\u0103 de la 25 RON \u0219i nu rata \u0219ansa de a-\u021bi recupera o parte din costuri!\" \/>\n<meta property=\"og:url\" content=\"https:\/\/spinbetter.center\/ro\/bonuses\/cashback-on-football\/\" \/>\n<meta property=\"og:site_name\" content=\"spinbetter Center ro\" \/>\n<meta property=\"article:modified_time\" content=\"2025-08-13T19:05:34+00:00\" \/>\n<meta name=\"twitter:card\" content=\"summary_large_image\" \/>\n<script type=\"application\/ld+json\" class=\"yoast-schema-graph\">{\"@context\":\"https:\/\/schema.org\",\"@graph\":[{\"@type\":\"WebPage\",\"@id\":\"https:\/\/spinbetter.center\/ro\/bonuses\/cashback-on-football\/\",\"url\":\"https:\/\/spinbetter.center\/ro\/bonuses\/cashback-on-football\/\",\"name\":\"SpinBetter Cashback pe Fotbal: Ob\u021bine\u021bi o compensa\u021bie de p\u00e2n\u0103 la 20%\",\"isPartOf\":{\"@id\":\"https:\/\/spinbetter.center\/ro\/#website\"},\"datePublished\":\"2025-07-24T05:48:10+00:00\",\"dateModified\":\"2025-08-13T19:05:34+00:00\",\"description\":\"Al\u0103tur\u0103-te promo\u021biei SpinBetter \u0219i prime\u0219te p\u00e2n\u0103 la 20% cashback \u00een fiecare s\u0103pt\u0103m\u00e2n\u0103 pe pariurile de fotbal! Pariaz\u0103 de la 25 RON \u0219i nu rata \u0219ansa de a-\u021bi recupera o parte din costuri!\",\"breadcrumb\":{\"@id\":\"https:\/\/spinbetter.center\/ro\/bonuses\/cashback-on-football\/#breadcrumb\"},\"inLanguage\":\"ro-RO\",\"potentialAction\":[{\"@type\":\"ReadAction\",\"target\":[\"https:\/\/spinbetter.center\/ro\/bonuses\/cashback-on-football\/\"]}]},{\"@type\":\"BreadcrumbList\",\"@id\":\"https:\/\/spinbetter.center\/ro\/bonuses\/cashback-on-football\/#breadcrumb\",\"itemListElement\":[{\"@type\":\"ListItem\",\"position\":1,\"name\":\"Home\",\"item\":\"https:\/\/spinbetter.center\/ro\/\"},{\"@type\":\"ListItem\",\"position\":2,\"name\":\"Bonusuri\",\"item\":\"https:\/\/spinbetter.center\/ro\/bonuses\/\"},{\"@type\":\"ListItem\",\"position\":3,\"name\":\"Cashback la fotbal\"}]},{\"@type\":\"WebSite\",\"@id\":\"https:\/\/spinbetter.center\/ro\/#website\",\"url\":\"https:\/\/spinbetter.center\/ro\/\",\"name\":\"SpinBetter\",\"description\":\"SpinBetter\",\"alternateName\":\"Spin Better\",\"potentialAction\":[{\"@type\":\"SearchAction\",\"target\":{\"@type\":\"EntryPoint\",\"urlTemplate\":\"https:\/\/spinbetter.center\/ro\/?s={search_term_string}\"},\"query-input\":{\"@type\":\"PropertyValueSpecification\",\"valueRequired\":true,\"valueName\":\"search_term_string\"}}],\"inLanguage\":\"ro-RO\"}]}<\/script>\n<!-- \/ Yoast SEO plugin. -->","yoast_head_json":{"title":"SpinBetter Cashback pe Fotbal: Ob\u021bine\u021bi o compensa\u021bie de p\u00e2n\u0103 la 20%","description":"Al\u0103tur\u0103-te promo\u021biei SpinBetter \u0219i prime\u0219te p\u00e2n\u0103 la 20% cashback \u00een fiecare s\u0103pt\u0103m\u00e2n\u0103 pe pariurile de fotbal! Pariaz\u0103 de la 25 RON \u0219i nu rata \u0219ansa de a-\u021bi recupera o parte din costuri!","robots":{"index":"index","follow":"follow","max-snippet":"max-snippet:-1","max-image-preview":"max-image-preview:large","max-video-preview":"max-video-preview:-1"},"canonical":"https:\/\/spinbetter.center\/ro\/bonuses\/cashback-on-football\/","og_locale":"ro_RO","og_type":"article","og_title":"SpinBetter Cashback pe Fotbal: Ob\u021bine\u021bi o compensa\u021bie de p\u00e2n\u0103 la 20%","og_description":"Al\u0103tur\u0103-te promo\u021biei SpinBetter \u0219i prime\u0219te p\u00e2n\u0103 la 20% cashback \u00een fiecare s\u0103pt\u0103m\u00e2n\u0103 pe pariurile de fotbal! Pariaz\u0103 de la 25 RON \u0219i nu rata \u0219ansa de a-\u021bi recupera o parte din costuri!","og_url":"https:\/\/spinbetter.center\/ro\/bonuses\/cashback-on-football\/","og_site_name":"spinbetter Center ro","article_modified_time":"2025-08-13T19:05:34+00:00","twitter_card":"summary_large_image","schema":{"@context":"https:\/\/schema.org","@graph":[{"@type":"WebPage","@id":"https:\/\/spinbetter.center\/ro\/bonuses\/cashback-on-football\/","url":"https:\/\/spinbetter.center\/ro\/bonuses\/cashback-on-football\/","name":"SpinBetter Cashback pe Fotbal: Ob\u021bine\u021bi o compensa\u021bie de p\u00e2n\u0103 la 20%","isPartOf":{"@id":"https:\/\/spinbetter.center\/ro\/#website"},"datePublished":"2025-07-24T05:48:10+00:00","dateModified":"2025-08-13T19:05:34+00:00","description":"Al\u0103tur\u0103-te promo\u021biei SpinBetter \u0219i prime\u0219te p\u00e2n\u0103 la 20% cashback \u00een fiecare s\u0103pt\u0103m\u00e2n\u0103 pe pariurile de fotbal! Pariaz\u0103 de la 25 RON \u0219i nu rata \u0219ansa de a-\u021bi recupera o parte din costuri!","breadcrumb":{"@id":"https:\/\/spinbetter.center\/ro\/bonuses\/cashback-on-football\/#breadcrumb"},"inLanguage":"ro-RO","potentialAction":[{"@type":"ReadAction","target":["https:\/\/spinbetter.center\/ro\/bonuses\/cashback-on-football\/"]}]},{"@type":"BreadcrumbList","@id":"https:\/\/spinbetter.center\/ro\/bonuses\/cashback-on-football\/#breadcrumb","itemListElement":[{"@type":"ListItem","position":1,"name":"Home","item":"https:\/\/spinbetter.center\/ro\/"},{"@type":"ListItem","position":2,"name":"Bonusuri","item":"https:\/\/spinbetter.center\/ro\/bonuses\/"},{"@type":"ListItem","position":3,"name":"Cashback la fotbal"}]},{"@type":"WebSite","@id":"https:\/\/spinbetter.center\/ro\/#website","url":"https:\/\/spinbetter.center\/ro\/","name":"SpinBetter","description":"SpinBetter","alternateName":"Spin Better","potentialAction":[{"@type":"SearchAction","target":{"@type":"EntryPoint","urlTemplate":"https:\/\/spinbetter.center\/ro\/?s={search_term_string}"},"query-input":{"@type":"PropertyValueSpecification","valueRequired":true,"valueName":"search_term_string"}}],"inLanguage":"ro-RO"}]}},"_links":{"self":[{"href":"https:\/\/spinbetter.center\/ro\/wp-json\/wp\/v2\/pages\/823","targetHints":{"allow":["GET"]}}],"collection":[{"href":"https:\/\/spinbetter.center\/ro\/wp-json\/wp\/v2\/pages"}],"about":[{"href":"https:\/\/spinbetter.center\/ro\/wp-json\/wp\/v2\/types\/page"}],"author":[{"embeddable":true,"href":"https:\/\/spinbetter.center\/ro\/wp-json\/wp\/v2\/users\/1"}],"replies":[{"embeddable":true,"href":"https:\/\/spinbetter.center\/ro\/wp-json\/wp\/v2\/comments?post=823"}],"version-history":[{"count":3,"href":"https:\/\/spinbetter.center\/ro\/wp-json\/wp\/v2\/pages\/823\/revisions"}],"predecessor-version":[{"id":874,"href":"https:\/\/spinbetter.center\/ro\/wp-json\/wp\/v2\/pages\/823\/revisions\/874"}],"up":[{"embeddable":true,"href":"https:\/\/spinbetter.center\/ro\/wp-json\/wp\/v2\/pages\/272"}],"wp:attachment":[{"href":"https:\/\/spinbetter.center\/ro\/wp-json\/wp\/v2\/media?parent=823"}],"curies":[{"name":"wp","href":"https:\/\/api.w.org\/{rel}","templated":true}]}}