{"id":809,"date":"2025-07-16T07:25:27","date_gmt":"2025-07-16T07:25:27","guid":{"rendered":"https:\/\/spinbetter.center\/?page_id=809"},"modified":"2025-07-24T16:05:39","modified_gmt":"2025-07-24T16:05:39","slug":"deposit-lottery","status":"publish","type":"page","link":"https:\/\/spinbetter.center\/ro\/bonuses\/deposit-lottery\/","title":{"rendered":"Loteria depozitelor"},"content":{"rendered":"","protected":false},"excerpt":{"rendered":"","protected":false},"author":1,"featured_media":0,"parent":272,"menu_order":0,"comment_status":"closed","ping_status":"closed","template":"","meta":{"footnotes":""},"class_list":["post-809","page","type-page","status-publish","hentry"],"yoast_head":"<!-- This site is optimized with the Yoast SEO plugin v24.5 - https:\/\/yoast.com\/wordpress\/plugins\/seo\/ -->\n<title>Loteria s\u0103pt\u0103m\u00e2nal\u0103 SpinBetter \u27a4 C\u00e2\u0219tig\u0103 pariuri gratuite \u0219i 130.000 RON!<\/title>\n<meta name=\"description\" content=\"Face\u021bi o depunere la SpinBetter \u0219i participa\u021bi la loteria s\u0103pt\u0103m\u00e2nal\u0103 cu un fond de premii de 130.000 RON \u0219i 2 milioane de puncte promo\u021bionale! D\u0103 click pe &quot;Particip\u0103&quot; \u0219i revendic\u0103-\u021bi pariurile minunate gratuite!\" \/>\n<meta name=\"robots\" content=\"index, follow, max-snippet:-1, max-image-preview:large, max-video-preview:-1\" \/>\n<link rel=\"canonical\" href=\"https:\/\/spinbetter.center\/ro\/bonuses\/deposit-lottery\/\" \/>\n<meta property=\"og:locale\" content=\"ro_RO\" \/>\n<meta property=\"og:type\" content=\"article\" \/>\n<meta property=\"og:title\" content=\"Loteria s\u0103pt\u0103m\u00e2nal\u0103 SpinBetter \u27a4 C\u00e2\u0219tig\u0103 pariuri gratuite \u0219i 130.000 RON!\" \/>\n<meta property=\"og:description\" content=\"Face\u021bi o depunere la SpinBetter \u0219i participa\u021bi la loteria s\u0103pt\u0103m\u00e2nal\u0103 cu un fond de premii de 130.000 RON \u0219i 2 milioane de puncte promo\u021bionale! D\u0103 click pe &quot;Particip\u0103&quot; \u0219i revendic\u0103-\u021bi pariurile minunate gratuite!\" \/>\n<meta property=\"og:url\" content=\"https:\/\/spinbetter.center\/ro\/bonuses\/deposit-lottery\/\" \/>\n<meta property=\"og:site_name\" content=\"spinbetter Center ro\" \/>\n<meta property=\"article:modified_time\" content=\"2025-07-24T16:05:39+00:00\" \/>\n<meta name=\"twitter:card\" content=\"summary_large_image\" \/>\n<script type=\"application\/ld+json\" class=\"yoast-schema-graph\">{\"@context\":\"https:\/\/schema.org\",\"@graph\":[{\"@type\":\"WebPage\",\"@id\":\"https:\/\/spinbetter.center\/ro\/bonuses\/deposit-lottery\/\",\"url\":\"https:\/\/spinbetter.center\/ro\/bonuses\/deposit-lottery\/\",\"name\":\"Loteria s\u0103pt\u0103m\u00e2nal\u0103 SpinBetter \u27a4 C\u00e2\u0219tig\u0103 pariuri gratuite \u0219i 130.000 RON!\",\"isPartOf\":{\"@id\":\"https:\/\/spinbetter.center\/ro\/#website\"},\"datePublished\":\"2025-07-16T07:25:27+00:00\",\"dateModified\":\"2025-07-24T16:05:39+00:00\",\"description\":\"Face\u021bi o depunere la SpinBetter \u0219i participa\u021bi la loteria s\u0103pt\u0103m\u00e2nal\u0103 cu un fond de premii de 130.000 RON \u0219i 2 milioane de puncte promo\u021bionale! D\u0103 click pe \\\"Particip\u0103\\\" \u0219i revendic\u0103-\u021bi pariurile minunate gratuite!\",\"breadcrumb\":{\"@id\":\"https:\/\/spinbetter.center\/ro\/bonuses\/deposit-lottery\/#breadcrumb\"},\"inLanguage\":\"ro-RO\",\"potentialAction\":[{\"@type\":\"ReadAction\",\"target\":[\"https:\/\/spinbetter.center\/ro\/bonuses\/deposit-lottery\/\"]}]},{\"@type\":\"BreadcrumbList\",\"@id\":\"https:\/\/spinbetter.center\/ro\/bonuses\/deposit-lottery\/#breadcrumb\",\"itemListElement\":[{\"@type\":\"ListItem\",\"position\":1,\"name\":\"Home\",\"item\":\"https:\/\/spinbetter.center\/ro\/\"},{\"@type\":\"ListItem\",\"position\":2,\"name\":\"Bonusuri\",\"item\":\"https:\/\/spinbetter.center\/ro\/bonuses\/\"},{\"@type\":\"ListItem\",\"position\":3,\"name\":\"Loteria depozitelor\"}]},{\"@type\":\"WebSite\",\"@id\":\"https:\/\/spinbetter.center\/ro\/#website\",\"url\":\"https:\/\/spinbetter.center\/ro\/\",\"name\":\"SpinBetter\",\"description\":\"SpinBetter\",\"alternateName\":\"Spin Better\",\"potentialAction\":[{\"@type\":\"SearchAction\",\"target\":{\"@type\":\"EntryPoint\",\"urlTemplate\":\"https:\/\/spinbetter.center\/ro\/?s={search_term_string}\"},\"query-input\":{\"@type\":\"PropertyValueSpecification\",\"valueRequired\":true,\"valueName\":\"search_term_string\"}}],\"inLanguage\":\"ro-RO\"}]}<\/script>\n<!-- \/ Yoast SEO plugin. -->","yoast_head_json":{"title":"Loteria s\u0103pt\u0103m\u00e2nal\u0103 SpinBetter \u27a4 C\u00e2\u0219tig\u0103 pariuri gratuite \u0219i 130.000 RON!","description":"Face\u021bi o depunere la SpinBetter \u0219i participa\u021bi la loteria s\u0103pt\u0103m\u00e2nal\u0103 cu un fond de premii de 130.000 RON \u0219i 2 milioane de puncte promo\u021bionale! D\u0103 click pe \"Particip\u0103\" \u0219i revendic\u0103-\u021bi pariurile minunate gratuite!","robots":{"index":"index","follow":"follow","max-snippet":"max-snippet:-1","max-image-preview":"max-image-preview:large","max-video-preview":"max-video-preview:-1"},"canonical":"https:\/\/spinbetter.center\/ro\/bonuses\/deposit-lottery\/","og_locale":"ro_RO","og_type":"article","og_title":"Loteria s\u0103pt\u0103m\u00e2nal\u0103 SpinBetter \u27a4 C\u00e2\u0219tig\u0103 pariuri gratuite \u0219i 130.000 RON!","og_description":"Face\u021bi o depunere la SpinBetter \u0219i participa\u021bi la loteria s\u0103pt\u0103m\u00e2nal\u0103 cu un fond de premii de 130.000 RON \u0219i 2 milioane de puncte promo\u021bionale! D\u0103 click pe \"Particip\u0103\" \u0219i revendic\u0103-\u021bi pariurile minunate gratuite!","og_url":"https:\/\/spinbetter.center\/ro\/bonuses\/deposit-lottery\/","og_site_name":"spinbetter Center ro","article_modified_time":"2025-07-24T16:05:39+00:00","twitter_card":"summary_large_image","schema":{"@context":"https:\/\/schema.org","@graph":[{"@type":"WebPage","@id":"https:\/\/spinbetter.center\/ro\/bonuses\/deposit-lottery\/","url":"https:\/\/spinbetter.center\/ro\/bonuses\/deposit-lottery\/","name":"Loteria s\u0103pt\u0103m\u00e2nal\u0103 SpinBetter \u27a4 C\u00e2\u0219tig\u0103 pariuri gratuite \u0219i 130.000 RON!","isPartOf":{"@id":"https:\/\/spinbetter.center\/ro\/#website"},"datePublished":"2025-07-16T07:25:27+00:00","dateModified":"2025-07-24T16:05:39+00:00","description":"Face\u021bi o depunere la SpinBetter \u0219i participa\u021bi la loteria s\u0103pt\u0103m\u00e2nal\u0103 cu un fond de premii de 130.000 RON \u0219i 2 milioane de puncte promo\u021bionale! D\u0103 click pe \"Particip\u0103\" \u0219i revendic\u0103-\u021bi pariurile minunate gratuite!","breadcrumb":{"@id":"https:\/\/spinbetter.center\/ro\/bonuses\/deposit-lottery\/#breadcrumb"},"inLanguage":"ro-RO","potentialAction":[{"@type":"ReadAction","target":["https:\/\/spinbetter.center\/ro\/bonuses\/deposit-lottery\/"]}]},{"@type":"BreadcrumbList","@id":"https:\/\/spinbetter.center\/ro\/bonuses\/deposit-lottery\/#breadcrumb","itemListElement":[{"@type":"ListItem","position":1,"name":"Home","item":"https:\/\/spinbetter.center\/ro\/"},{"@type":"ListItem","position":2,"name":"Bonusuri","item":"https:\/\/spinbetter.center\/ro\/bonuses\/"},{"@type":"ListItem","position":3,"name":"Loteria depozitelor"}]},{"@type":"WebSite","@id":"https:\/\/spinbetter.center\/ro\/#website","url":"https:\/\/spinbetter.center\/ro\/","name":"SpinBetter","description":"SpinBetter","alternateName":"Spin Better","potentialAction":[{"@type":"SearchAction","target":{"@type":"EntryPoint","urlTemplate":"https:\/\/spinbetter.center\/ro\/?s={search_term_string}"},"query-input":{"@type":"PropertyValueSpecification","valueRequired":true,"valueName":"search_term_string"}}],"inLanguage":"ro-RO"}]}},"_links":{"self":[{"href":"https:\/\/spinbetter.center\/ro\/wp-json\/wp\/v2\/pages\/809","targetHints":{"allow":["GET"]}}],"collection":[{"href":"https:\/\/spinbetter.center\/ro\/wp-json\/wp\/v2\/pages"}],"about":[{"href":"https:\/\/spinbetter.center\/ro\/wp-json\/wp\/v2\/types\/page"}],"author":[{"embeddable":true,"href":"https:\/\/spinbetter.center\/ro\/wp-json\/wp\/v2\/users\/1"}],"replies":[{"embeddable":true,"href":"https:\/\/spinbetter.center\/ro\/wp-json\/wp\/v2\/comments?post=809"}],"version-history":[{"count":3,"href":"https:\/\/spinbetter.center\/ro\/wp-json\/wp\/v2\/pages\/809\/revisions"}],"predecessor-version":[{"id":864,"href":"https:\/\/spinbetter.center\/ro\/wp-json\/wp\/v2\/pages\/809\/revisions\/864"}],"up":[{"embeddable":true,"href":"https:\/\/spinbetter.center\/ro\/wp-json\/wp\/v2\/pages\/272"}],"wp:attachment":[{"href":"https:\/\/spinbetter.center\/ro\/wp-json\/wp\/v2\/media?parent=809"}],"curies":[{"name":"wp","href":"https:\/\/api.w.org\/{rel}","templated":true}]}}