{"id":521,"date":"2025-03-28T15:40:33","date_gmt":"2025-03-28T15:40:33","guid":{"rendered":"https:\/\/spinbetter.center\/?page_id=521"},"modified":"2025-07-24T16:08:58","modified_gmt":"2025-07-24T16:08:58","slug":"losing-bets","status":"publish","type":"page","link":"https:\/\/spinbetter.center\/ro\/bonuses\/losing-bets\/","title":{"rendered":"Pariuri pierdute"},"content":{"rendered":"","protected":false},"excerpt":{"rendered":"","protected":false},"author":1,"featured_media":0,"parent":272,"menu_order":0,"comment_status":"closed","ping_status":"closed","template":"","meta":{"footnotes":""},"class_list":["post-521","page","type-page","status-publish","hentry"],"yoast_head":"<!-- This site is optimized with the Yoast SEO plugin v24.5 - https:\/\/yoast.com\/wordpress\/plugins\/seo\/ -->\n<title>Bonus SpinBetter pentru o serie de pariuri proaste: prime\u0219te p\u00e2n\u0103 la 2.000 RON pentru a paria!<\/title>\n<meta name=\"description\" content=\"Nu l\u0103sa e\u0219ecurile s\u0103 te doboare! SpinBetter nu te va l\u0103sa \u00een voia sor\u021bii! Ob\u021bine\u021bi o \u0219ans\u0103 \u00een plus \u0219i o compensa\u021bie de p\u00e2n\u0103 la 2.000 RON pentru o serie de pariuri gre\u0219ite. Recap\u0103t\u0103-\u021bi \u00eencrederea \u0219i c\u00e2\u0219tig\u0103 \u00een timp ce al\u021bii intr\u0103 \u00een panic\u0103!\" \/>\n<meta name=\"robots\" content=\"index, follow, max-snippet:-1, max-image-preview:large, max-video-preview:-1\" \/>\n<link rel=\"canonical\" href=\"https:\/\/spinbetter.center\/ro\/bonuses\/losing-bets\/\" \/>\n<meta property=\"og:locale\" content=\"ro_RO\" \/>\n<meta property=\"og:type\" content=\"article\" \/>\n<meta property=\"og:title\" content=\"Bonus SpinBetter pentru o serie de pariuri proaste: prime\u0219te p\u00e2n\u0103 la 2.000 RON pentru a paria!\" \/>\n<meta property=\"og:description\" content=\"Nu l\u0103sa e\u0219ecurile s\u0103 te doboare! SpinBetter nu te va l\u0103sa \u00een voia sor\u021bii! Ob\u021bine\u021bi o \u0219ans\u0103 \u00een plus \u0219i o compensa\u021bie de p\u00e2n\u0103 la 2.000 RON pentru o serie de pariuri gre\u0219ite. Recap\u0103t\u0103-\u021bi \u00eencrederea \u0219i c\u00e2\u0219tig\u0103 \u00een timp ce al\u021bii intr\u0103 \u00een panic\u0103!\" \/>\n<meta property=\"og:url\" content=\"https:\/\/spinbetter.center\/ro\/bonuses\/losing-bets\/\" \/>\n<meta property=\"og:site_name\" content=\"spinbetter Center ro\" \/>\n<meta property=\"article:modified_time\" content=\"2025-07-24T16:08:58+00:00\" \/>\n<meta name=\"twitter:card\" content=\"summary_large_image\" \/>\n<script type=\"application\/ld+json\" class=\"yoast-schema-graph\">{\"@context\":\"https:\/\/schema.org\",\"@graph\":[{\"@type\":\"WebPage\",\"@id\":\"https:\/\/spinbetter.center\/ro\/bonuses\/losing-bets\/\",\"url\":\"https:\/\/spinbetter.center\/ro\/bonuses\/losing-bets\/\",\"name\":\"Bonus SpinBetter pentru o serie de pariuri proaste: prime\u0219te p\u00e2n\u0103 la 2.000 RON pentru a paria!\",\"isPartOf\":{\"@id\":\"https:\/\/spinbetter.center\/ro\/#website\"},\"datePublished\":\"2025-03-28T15:40:33+00:00\",\"dateModified\":\"2025-07-24T16:08:58+00:00\",\"description\":\"Nu l\u0103sa e\u0219ecurile s\u0103 te doboare! SpinBetter nu te va l\u0103sa \u00een voia sor\u021bii! Ob\u021bine\u021bi o \u0219ans\u0103 \u00een plus \u0219i o compensa\u021bie de p\u00e2n\u0103 la 2.000 RON pentru o serie de pariuri gre\u0219ite. Recap\u0103t\u0103-\u021bi \u00eencrederea \u0219i c\u00e2\u0219tig\u0103 \u00een timp ce al\u021bii intr\u0103 \u00een panic\u0103!\",\"breadcrumb\":{\"@id\":\"https:\/\/spinbetter.center\/ro\/bonuses\/losing-bets\/#breadcrumb\"},\"inLanguage\":\"ro-RO\",\"potentialAction\":[{\"@type\":\"ReadAction\",\"target\":[\"https:\/\/spinbetter.center\/ro\/bonuses\/losing-bets\/\"]}]},{\"@type\":\"BreadcrumbList\",\"@id\":\"https:\/\/spinbetter.center\/ro\/bonuses\/losing-bets\/#breadcrumb\",\"itemListElement\":[{\"@type\":\"ListItem\",\"position\":1,\"name\":\"Home\",\"item\":\"https:\/\/spinbetter.center\/ro\/\"},{\"@type\":\"ListItem\",\"position\":2,\"name\":\"Bonusuri\",\"item\":\"https:\/\/spinbetter.center\/ro\/bonuses\/\"},{\"@type\":\"ListItem\",\"position\":3,\"name\":\"Pariuri pierdute\"}]},{\"@type\":\"WebSite\",\"@id\":\"https:\/\/spinbetter.center\/ro\/#website\",\"url\":\"https:\/\/spinbetter.center\/ro\/\",\"name\":\"SpinBetter\",\"description\":\"SpinBetter\",\"alternateName\":\"Spin Better\",\"potentialAction\":[{\"@type\":\"SearchAction\",\"target\":{\"@type\":\"EntryPoint\",\"urlTemplate\":\"https:\/\/spinbetter.center\/ro\/?s={search_term_string}\"},\"query-input\":{\"@type\":\"PropertyValueSpecification\",\"valueRequired\":true,\"valueName\":\"search_term_string\"}}],\"inLanguage\":\"ro-RO\"}]}<\/script>\n<!-- \/ Yoast SEO plugin. -->","yoast_head_json":{"title":"Bonus SpinBetter pentru o serie de pariuri proaste: prime\u0219te p\u00e2n\u0103 la 2.000 RON pentru a paria!","description":"Nu l\u0103sa e\u0219ecurile s\u0103 te doboare! SpinBetter nu te va l\u0103sa \u00een voia sor\u021bii! Ob\u021bine\u021bi o \u0219ans\u0103 \u00een plus \u0219i o compensa\u021bie de p\u00e2n\u0103 la 2.000 RON pentru o serie de pariuri gre\u0219ite. Recap\u0103t\u0103-\u021bi \u00eencrederea \u0219i c\u00e2\u0219tig\u0103 \u00een timp ce al\u021bii intr\u0103 \u00een panic\u0103!","robots":{"index":"index","follow":"follow","max-snippet":"max-snippet:-1","max-image-preview":"max-image-preview:large","max-video-preview":"max-video-preview:-1"},"canonical":"https:\/\/spinbetter.center\/ro\/bonuses\/losing-bets\/","og_locale":"ro_RO","og_type":"article","og_title":"Bonus SpinBetter pentru o serie de pariuri proaste: prime\u0219te p\u00e2n\u0103 la 2.000 RON pentru a paria!","og_description":"Nu l\u0103sa e\u0219ecurile s\u0103 te doboare! SpinBetter nu te va l\u0103sa \u00een voia sor\u021bii! Ob\u021bine\u021bi o \u0219ans\u0103 \u00een plus \u0219i o compensa\u021bie de p\u00e2n\u0103 la 2.000 RON pentru o serie de pariuri gre\u0219ite. Recap\u0103t\u0103-\u021bi \u00eencrederea \u0219i c\u00e2\u0219tig\u0103 \u00een timp ce al\u021bii intr\u0103 \u00een panic\u0103!","og_url":"https:\/\/spinbetter.center\/ro\/bonuses\/losing-bets\/","og_site_name":"spinbetter Center ro","article_modified_time":"2025-07-24T16:08:58+00:00","twitter_card":"summary_large_image","schema":{"@context":"https:\/\/schema.org","@graph":[{"@type":"WebPage","@id":"https:\/\/spinbetter.center\/ro\/bonuses\/losing-bets\/","url":"https:\/\/spinbetter.center\/ro\/bonuses\/losing-bets\/","name":"Bonus SpinBetter pentru o serie de pariuri proaste: prime\u0219te p\u00e2n\u0103 la 2.000 RON pentru a paria!","isPartOf":{"@id":"https:\/\/spinbetter.center\/ro\/#website"},"datePublished":"2025-03-28T15:40:33+00:00","dateModified":"2025-07-24T16:08:58+00:00","description":"Nu l\u0103sa e\u0219ecurile s\u0103 te doboare! SpinBetter nu te va l\u0103sa \u00een voia sor\u021bii! Ob\u021bine\u021bi o \u0219ans\u0103 \u00een plus \u0219i o compensa\u021bie de p\u00e2n\u0103 la 2.000 RON pentru o serie de pariuri gre\u0219ite. Recap\u0103t\u0103-\u021bi \u00eencrederea \u0219i c\u00e2\u0219tig\u0103 \u00een timp ce al\u021bii intr\u0103 \u00een panic\u0103!","breadcrumb":{"@id":"https:\/\/spinbetter.center\/ro\/bonuses\/losing-bets\/#breadcrumb"},"inLanguage":"ro-RO","potentialAction":[{"@type":"ReadAction","target":["https:\/\/spinbetter.center\/ro\/bonuses\/losing-bets\/"]}]},{"@type":"BreadcrumbList","@id":"https:\/\/spinbetter.center\/ro\/bonuses\/losing-bets\/#breadcrumb","itemListElement":[{"@type":"ListItem","position":1,"name":"Home","item":"https:\/\/spinbetter.center\/ro\/"},{"@type":"ListItem","position":2,"name":"Bonusuri","item":"https:\/\/spinbetter.center\/ro\/bonuses\/"},{"@type":"ListItem","position":3,"name":"Pariuri pierdute"}]},{"@type":"WebSite","@id":"https:\/\/spinbetter.center\/ro\/#website","url":"https:\/\/spinbetter.center\/ro\/","name":"SpinBetter","description":"SpinBetter","alternateName":"Spin Better","potentialAction":[{"@type":"SearchAction","target":{"@type":"EntryPoint","urlTemplate":"https:\/\/spinbetter.center\/ro\/?s={search_term_string}"},"query-input":{"@type":"PropertyValueSpecification","valueRequired":true,"valueName":"search_term_string"}}],"inLanguage":"ro-RO"}]}},"_links":{"self":[{"href":"https:\/\/spinbetter.center\/ro\/wp-json\/wp\/v2\/pages\/521","targetHints":{"allow":["GET"]}}],"collection":[{"href":"https:\/\/spinbetter.center\/ro\/wp-json\/wp\/v2\/pages"}],"about":[{"href":"https:\/\/spinbetter.center\/ro\/wp-json\/wp\/v2\/types\/page"}],"author":[{"embeddable":true,"href":"https:\/\/spinbetter.center\/ro\/wp-json\/wp\/v2\/users\/1"}],"replies":[{"embeddable":true,"href":"https:\/\/spinbetter.center\/ro\/wp-json\/wp\/v2\/comments?post=521"}],"version-history":[{"count":3,"href":"https:\/\/spinbetter.center\/ro\/wp-json\/wp\/v2\/pages\/521\/revisions"}],"predecessor-version":[{"id":867,"href":"https:\/\/spinbetter.center\/ro\/wp-json\/wp\/v2\/pages\/521\/revisions\/867"}],"up":[{"embeddable":true,"href":"https:\/\/spinbetter.center\/ro\/wp-json\/wp\/v2\/pages\/272"}],"wp:attachment":[{"href":"https:\/\/spinbetter.center\/ro\/wp-json\/wp\/v2\/media?parent=521"}],"curies":[{"name":"wp","href":"https:\/\/api.w.org\/{rel}","templated":true}]}}