{"id":519,"date":"2025-03-28T15:29:30","date_gmt":"2025-03-28T15:29:30","guid":{"rendered":"https:\/\/spinbetter.center\/?page_id=519"},"modified":"2025-07-24T16:00:14","modified_gmt":"2025-07-24T16:00:14","slug":"first-deposit","status":"publish","type":"page","link":"https:\/\/spinbetter.center\/ro\/bonuses\/first-deposit\/","title":{"rendered":"Prima depunere"},"content":{"rendered":"","protected":false},"excerpt":{"rendered":"","protected":false},"author":1,"featured_media":0,"parent":272,"menu_order":0,"comment_status":"closed","ping_status":"closed","template":"","meta":{"footnotes":""},"class_list":["post-519","page","type-page","status-publish","hentry"],"yoast_head":"<!-- This site is optimized with the Yoast SEO plugin v24.5 - https:\/\/yoast.com\/wordpress\/plugins\/seo\/ -->\n<title>Pachet de bun venit SpinBetter: 7500 RON &amp;150 Freespins la cazinou!<\/title>\n<meta name=\"description\" content=\"Deschide u\u0219a \u00een lumea jocurilor de noroc cu un pachet de bun venit uluitor de la SpinBetter! Patru bonusuri puternice, p\u00e2n\u0103 la 7500 RON \u0219i 150 freespins! Nu rata \u0219ansa de a-\u021bi \u00eencerca norocul \u0219i de a c\u00e2\u0219tiga bonusuri impresionante care \u00ee\u021bi vor face sesiunea de joc de neuitat!\" \/>\n<meta name=\"robots\" content=\"index, follow, max-snippet:-1, max-image-preview:large, max-video-preview:-1\" \/>\n<link rel=\"canonical\" href=\"https:\/\/spinbetter.center\/ro\/bonuses\/first-deposit\/\" \/>\n<meta property=\"og:locale\" content=\"ro_RO\" \/>\n<meta property=\"og:type\" content=\"article\" \/>\n<meta property=\"og:title\" content=\"Pachet de bun venit SpinBetter: 7500 RON &amp;150 Freespins la cazinou!\" \/>\n<meta property=\"og:description\" content=\"Deschide u\u0219a \u00een lumea jocurilor de noroc cu un pachet de bun venit uluitor de la SpinBetter! Patru bonusuri puternice, p\u00e2n\u0103 la 7500 RON \u0219i 150 freespins! Nu rata \u0219ansa de a-\u021bi \u00eencerca norocul \u0219i de a c\u00e2\u0219tiga bonusuri impresionante care \u00ee\u021bi vor face sesiunea de joc de neuitat!\" \/>\n<meta property=\"og:url\" content=\"https:\/\/spinbetter.center\/ro\/bonuses\/first-deposit\/\" \/>\n<meta property=\"og:site_name\" content=\"spinbetter Center ro\" \/>\n<meta property=\"article:modified_time\" content=\"2025-07-24T16:00:14+00:00\" \/>\n<meta name=\"twitter:card\" content=\"summary_large_image\" \/>\n<script type=\"application\/ld+json\" class=\"yoast-schema-graph\">{\"@context\":\"https:\/\/schema.org\",\"@graph\":[{\"@type\":\"WebPage\",\"@id\":\"https:\/\/spinbetter.center\/ro\/bonuses\/first-deposit\/\",\"url\":\"https:\/\/spinbetter.center\/ro\/bonuses\/first-deposit\/\",\"name\":\"Pachet de bun venit SpinBetter: 7500 RON &150 Freespins la cazinou!\",\"isPartOf\":{\"@id\":\"https:\/\/spinbetter.center\/ro\/#website\"},\"datePublished\":\"2025-03-28T15:29:30+00:00\",\"dateModified\":\"2025-07-24T16:00:14+00:00\",\"description\":\"Deschide u\u0219a \u00een lumea jocurilor de noroc cu un pachet de bun venit uluitor de la SpinBetter! Patru bonusuri puternice, p\u00e2n\u0103 la 7500 RON \u0219i 150 freespins! Nu rata \u0219ansa de a-\u021bi \u00eencerca norocul \u0219i de a c\u00e2\u0219tiga bonusuri impresionante care \u00ee\u021bi vor face sesiunea de joc de neuitat!\",\"breadcrumb\":{\"@id\":\"https:\/\/spinbetter.center\/ro\/bonuses\/first-deposit\/#breadcrumb\"},\"inLanguage\":\"ro-RO\",\"potentialAction\":[{\"@type\":\"ReadAction\",\"target\":[\"https:\/\/spinbetter.center\/ro\/bonuses\/first-deposit\/\"]}]},{\"@type\":\"BreadcrumbList\",\"@id\":\"https:\/\/spinbetter.center\/ro\/bonuses\/first-deposit\/#breadcrumb\",\"itemListElement\":[{\"@type\":\"ListItem\",\"position\":1,\"name\":\"Home\",\"item\":\"https:\/\/spinbetter.center\/ro\/\"},{\"@type\":\"ListItem\",\"position\":2,\"name\":\"Bonusuri\",\"item\":\"https:\/\/spinbetter.center\/ro\/bonuses\/\"},{\"@type\":\"ListItem\",\"position\":3,\"name\":\"Prima depunere\"}]},{\"@type\":\"WebSite\",\"@id\":\"https:\/\/spinbetter.center\/ro\/#website\",\"url\":\"https:\/\/spinbetter.center\/ro\/\",\"name\":\"SpinBetter\",\"description\":\"SpinBetter\",\"alternateName\":\"Spin Better\",\"potentialAction\":[{\"@type\":\"SearchAction\",\"target\":{\"@type\":\"EntryPoint\",\"urlTemplate\":\"https:\/\/spinbetter.center\/ro\/?s={search_term_string}\"},\"query-input\":{\"@type\":\"PropertyValueSpecification\",\"valueRequired\":true,\"valueName\":\"search_term_string\"}}],\"inLanguage\":\"ro-RO\"}]}<\/script>\n<!-- \/ Yoast SEO plugin. -->","yoast_head_json":{"title":"Pachet de bun venit SpinBetter: 7500 RON &150 Freespins la cazinou!","description":"Deschide u\u0219a \u00een lumea jocurilor de noroc cu un pachet de bun venit uluitor de la SpinBetter! Patru bonusuri puternice, p\u00e2n\u0103 la 7500 RON \u0219i 150 freespins! Nu rata \u0219ansa de a-\u021bi \u00eencerca norocul \u0219i de a c\u00e2\u0219tiga bonusuri impresionante care \u00ee\u021bi vor face sesiunea de joc de neuitat!","robots":{"index":"index","follow":"follow","max-snippet":"max-snippet:-1","max-image-preview":"max-image-preview:large","max-video-preview":"max-video-preview:-1"},"canonical":"https:\/\/spinbetter.center\/ro\/bonuses\/first-deposit\/","og_locale":"ro_RO","og_type":"article","og_title":"Pachet de bun venit SpinBetter: 7500 RON &150 Freespins la cazinou!","og_description":"Deschide u\u0219a \u00een lumea jocurilor de noroc cu un pachet de bun venit uluitor de la SpinBetter! Patru bonusuri puternice, p\u00e2n\u0103 la 7500 RON \u0219i 150 freespins! Nu rata \u0219ansa de a-\u021bi \u00eencerca norocul \u0219i de a c\u00e2\u0219tiga bonusuri impresionante care \u00ee\u021bi vor face sesiunea de joc de neuitat!","og_url":"https:\/\/spinbetter.center\/ro\/bonuses\/first-deposit\/","og_site_name":"spinbetter Center ro","article_modified_time":"2025-07-24T16:00:14+00:00","twitter_card":"summary_large_image","schema":{"@context":"https:\/\/schema.org","@graph":[{"@type":"WebPage","@id":"https:\/\/spinbetter.center\/ro\/bonuses\/first-deposit\/","url":"https:\/\/spinbetter.center\/ro\/bonuses\/first-deposit\/","name":"Pachet de bun venit SpinBetter: 7500 RON &150 Freespins la cazinou!","isPartOf":{"@id":"https:\/\/spinbetter.center\/ro\/#website"},"datePublished":"2025-03-28T15:29:30+00:00","dateModified":"2025-07-24T16:00:14+00:00","description":"Deschide u\u0219a \u00een lumea jocurilor de noroc cu un pachet de bun venit uluitor de la SpinBetter! Patru bonusuri puternice, p\u00e2n\u0103 la 7500 RON \u0219i 150 freespins! Nu rata \u0219ansa de a-\u021bi \u00eencerca norocul \u0219i de a c\u00e2\u0219tiga bonusuri impresionante care \u00ee\u021bi vor face sesiunea de joc de neuitat!","breadcrumb":{"@id":"https:\/\/spinbetter.center\/ro\/bonuses\/first-deposit\/#breadcrumb"},"inLanguage":"ro-RO","potentialAction":[{"@type":"ReadAction","target":["https:\/\/spinbetter.center\/ro\/bonuses\/first-deposit\/"]}]},{"@type":"BreadcrumbList","@id":"https:\/\/spinbetter.center\/ro\/bonuses\/first-deposit\/#breadcrumb","itemListElement":[{"@type":"ListItem","position":1,"name":"Home","item":"https:\/\/spinbetter.center\/ro\/"},{"@type":"ListItem","position":2,"name":"Bonusuri","item":"https:\/\/spinbetter.center\/ro\/bonuses\/"},{"@type":"ListItem","position":3,"name":"Prima depunere"}]},{"@type":"WebSite","@id":"https:\/\/spinbetter.center\/ro\/#website","url":"https:\/\/spinbetter.center\/ro\/","name":"SpinBetter","description":"SpinBetter","alternateName":"Spin Better","potentialAction":[{"@type":"SearchAction","target":{"@type":"EntryPoint","urlTemplate":"https:\/\/spinbetter.center\/ro\/?s={search_term_string}"},"query-input":{"@type":"PropertyValueSpecification","valueRequired":true,"valueName":"search_term_string"}}],"inLanguage":"ro-RO"}]}},"_links":{"self":[{"href":"https:\/\/spinbetter.center\/ro\/wp-json\/wp\/v2\/pages\/519","targetHints":{"allow":["GET"]}}],"collection":[{"href":"https:\/\/spinbetter.center\/ro\/wp-json\/wp\/v2\/pages"}],"about":[{"href":"https:\/\/spinbetter.center\/ro\/wp-json\/wp\/v2\/types\/page"}],"author":[{"embeddable":true,"href":"https:\/\/spinbetter.center\/ro\/wp-json\/wp\/v2\/users\/1"}],"replies":[{"embeddable":true,"href":"https:\/\/spinbetter.center\/ro\/wp-json\/wp\/v2\/comments?post=519"}],"version-history":[{"count":2,"href":"https:\/\/spinbetter.center\/ro\/wp-json\/wp\/v2\/pages\/519\/revisions"}],"predecessor-version":[{"id":861,"href":"https:\/\/spinbetter.center\/ro\/wp-json\/wp\/v2\/pages\/519\/revisions\/861"}],"up":[{"embeddable":true,"href":"https:\/\/spinbetter.center\/ro\/wp-json\/wp\/v2\/pages\/272"}],"wp:attachment":[{"href":"https:\/\/spinbetter.center\/ro\/wp-json\/wp\/v2\/media?parent=519"}],"curies":[{"name":"wp","href":"https:\/\/api.w.org\/{rel}","templated":true}]}}