{"id":404,"date":"2024-11-11T07:02:10","date_gmt":"2024-11-11T07:02:10","guid":{"rendered":"https:\/\/spinbetter.center\/ro\/?page_id=404"},"modified":"2025-03-12T14:56:50","modified_gmt":"2025-03-12T14:56:50","slug":"registration","status":"publish","type":"page","link":"https:\/\/spinbetter.center\/ro\/registration\/","title":{"rendered":"\u00cenregistrare"},"content":{"rendered":"","protected":false},"excerpt":{"rendered":"","protected":false},"author":1,"featured_media":0,"parent":0,"menu_order":0,"comment_status":"closed","ping_status":"closed","template":"","meta":{"footnotes":""},"class_list":["post-404","page","type-page","status-publish","hentry"],"yoast_head":"<!-- This site is optimized with the Yoast SEO plugin v24.5 - https:\/\/yoast.com\/wordpress\/plugins\/seo\/ -->\n<title>Procedura de \u00eenregistrare SpinBetter pas cu pas \u0219i bonusul de bun venit<\/title>\n<meta name=\"description\" content=\"O descriere detaliat\u0103 a procesului de \u00eenregistrare \u00een SpinBetter Rom\u00e2nia 2025. Motivele pentru care ar trebui s\u0103 alege\u021bi acest site special. Ce este verificarea, de ce ave\u021bi nevoie de ea \u0219i cum s\u0103 o trece\u021bi.\" \/>\n<meta name=\"robots\" content=\"index, follow, max-snippet:-1, max-image-preview:large, max-video-preview:-1\" \/>\n<link rel=\"canonical\" href=\"https:\/\/spinbetter.center\/ro\/registration\/\" \/>\n<meta property=\"og:locale\" content=\"ro_RO\" \/>\n<meta property=\"og:type\" content=\"article\" \/>\n<meta property=\"og:title\" content=\"Procedura de \u00eenregistrare SpinBetter pas cu pas \u0219i bonusul de bun venit\" \/>\n<meta property=\"og:description\" content=\"O descriere detaliat\u0103 a procesului de \u00eenregistrare \u00een SpinBetter Rom\u00e2nia 2025. Motivele pentru care ar trebui s\u0103 alege\u021bi acest site special. Ce este verificarea, de ce ave\u021bi nevoie de ea \u0219i cum s\u0103 o trece\u021bi.\" \/>\n<meta property=\"og:url\" content=\"https:\/\/spinbetter.center\/ro\/registration\/\" \/>\n<meta property=\"og:site_name\" content=\"spinbetter Center ro\" \/>\n<meta property=\"article:modified_time\" content=\"2025-03-12T14:56:50+00:00\" \/>\n<meta name=\"twitter:card\" content=\"summary_large_image\" \/>\n<script type=\"application\/ld+json\" class=\"yoast-schema-graph\">{\"@context\":\"https:\/\/schema.org\",\"@graph\":[{\"@type\":\"WebPage\",\"@id\":\"https:\/\/spinbetter.center\/ro\/registration\/\",\"url\":\"https:\/\/spinbetter.center\/ro\/registration\/\",\"name\":\"Procedura de \u00eenregistrare SpinBetter pas cu pas \u0219i bonusul de bun venit\",\"isPartOf\":{\"@id\":\"https:\/\/spinbetter.center\/ro\/#website\"},\"datePublished\":\"2024-11-11T07:02:10+00:00\",\"dateModified\":\"2025-03-12T14:56:50+00:00\",\"description\":\"O descriere detaliat\u0103 a procesului de \u00eenregistrare \u00een SpinBetter Rom\u00e2nia 2025. Motivele pentru care ar trebui s\u0103 alege\u021bi acest site special. Ce este verificarea, de ce ave\u021bi nevoie de ea \u0219i cum s\u0103 o trece\u021bi.\",\"breadcrumb\":{\"@id\":\"https:\/\/spinbetter.center\/ro\/registration\/#breadcrumb\"},\"inLanguage\":\"ro-RO\",\"potentialAction\":[{\"@type\":\"ReadAction\",\"target\":[\"https:\/\/spinbetter.center\/ro\/registration\/\"]}]},{\"@type\":\"BreadcrumbList\",\"@id\":\"https:\/\/spinbetter.center\/ro\/registration\/#breadcrumb\",\"itemListElement\":[{\"@type\":\"ListItem\",\"position\":1,\"name\":\"Home\",\"item\":\"https:\/\/spinbetter.center\/ro\/\"},{\"@type\":\"ListItem\",\"position\":2,\"name\":\"\u00cenregistrare\"}]},{\"@type\":\"WebSite\",\"@id\":\"https:\/\/spinbetter.center\/ro\/#website\",\"url\":\"https:\/\/spinbetter.center\/ro\/\",\"name\":\"SpinBetter\",\"description\":\"SpinBetter\",\"alternateName\":\"Spin Better\",\"potentialAction\":[{\"@type\":\"SearchAction\",\"target\":{\"@type\":\"EntryPoint\",\"urlTemplate\":\"https:\/\/spinbetter.center\/ro\/?s={search_term_string}\"},\"query-input\":{\"@type\":\"PropertyValueSpecification\",\"valueRequired\":true,\"valueName\":\"search_term_string\"}}],\"inLanguage\":\"ro-RO\"}]}<\/script>\n<!-- \/ Yoast SEO plugin. -->","yoast_head_json":{"title":"Procedura de \u00eenregistrare SpinBetter pas cu pas \u0219i bonusul de bun venit","description":"O descriere detaliat\u0103 a procesului de \u00eenregistrare \u00een SpinBetter Rom\u00e2nia 2025. Motivele pentru care ar trebui s\u0103 alege\u021bi acest site special. Ce este verificarea, de ce ave\u021bi nevoie de ea \u0219i cum s\u0103 o trece\u021bi.","robots":{"index":"index","follow":"follow","max-snippet":"max-snippet:-1","max-image-preview":"max-image-preview:large","max-video-preview":"max-video-preview:-1"},"canonical":"https:\/\/spinbetter.center\/ro\/registration\/","og_locale":"ro_RO","og_type":"article","og_title":"Procedura de \u00eenregistrare SpinBetter pas cu pas \u0219i bonusul de bun venit","og_description":"O descriere detaliat\u0103 a procesului de \u00eenregistrare \u00een SpinBetter Rom\u00e2nia 2025. Motivele pentru care ar trebui s\u0103 alege\u021bi acest site special. Ce este verificarea, de ce ave\u021bi nevoie de ea \u0219i cum s\u0103 o trece\u021bi.","og_url":"https:\/\/spinbetter.center\/ro\/registration\/","og_site_name":"spinbetter Center ro","article_modified_time":"2025-03-12T14:56:50+00:00","twitter_card":"summary_large_image","schema":{"@context":"https:\/\/schema.org","@graph":[{"@type":"WebPage","@id":"https:\/\/spinbetter.center\/ro\/registration\/","url":"https:\/\/spinbetter.center\/ro\/registration\/","name":"Procedura de \u00eenregistrare SpinBetter pas cu pas \u0219i bonusul de bun venit","isPartOf":{"@id":"https:\/\/spinbetter.center\/ro\/#website"},"datePublished":"2024-11-11T07:02:10+00:00","dateModified":"2025-03-12T14:56:50+00:00","description":"O descriere detaliat\u0103 a procesului de \u00eenregistrare \u00een SpinBetter Rom\u00e2nia 2025. Motivele pentru care ar trebui s\u0103 alege\u021bi acest site special. Ce este verificarea, de ce ave\u021bi nevoie de ea \u0219i cum s\u0103 o trece\u021bi.","breadcrumb":{"@id":"https:\/\/spinbetter.center\/ro\/registration\/#breadcrumb"},"inLanguage":"ro-RO","potentialAction":[{"@type":"ReadAction","target":["https:\/\/spinbetter.center\/ro\/registration\/"]}]},{"@type":"BreadcrumbList","@id":"https:\/\/spinbetter.center\/ro\/registration\/#breadcrumb","itemListElement":[{"@type":"ListItem","position":1,"name":"Home","item":"https:\/\/spinbetter.center\/ro\/"},{"@type":"ListItem","position":2,"name":"\u00cenregistrare"}]},{"@type":"WebSite","@id":"https:\/\/spinbetter.center\/ro\/#website","url":"https:\/\/spinbetter.center\/ro\/","name":"SpinBetter","description":"SpinBetter","alternateName":"Spin Better","potentialAction":[{"@type":"SearchAction","target":{"@type":"EntryPoint","urlTemplate":"https:\/\/spinbetter.center\/ro\/?s={search_term_string}"},"query-input":{"@type":"PropertyValueSpecification","valueRequired":true,"valueName":"search_term_string"}}],"inLanguage":"ro-RO"}]}},"_links":{"self":[{"href":"https:\/\/spinbetter.center\/ro\/wp-json\/wp\/v2\/pages\/404","targetHints":{"allow":["GET"]}}],"collection":[{"href":"https:\/\/spinbetter.center\/ro\/wp-json\/wp\/v2\/pages"}],"about":[{"href":"https:\/\/spinbetter.center\/ro\/wp-json\/wp\/v2\/types\/page"}],"author":[{"embeddable":true,"href":"https:\/\/spinbetter.center\/ro\/wp-json\/wp\/v2\/users\/1"}],"replies":[{"embeddable":true,"href":"https:\/\/spinbetter.center\/ro\/wp-json\/wp\/v2\/comments?post=404"}],"version-history":[{"count":2,"href":"https:\/\/spinbetter.center\/ro\/wp-json\/wp\/v2\/pages\/404\/revisions"}],"predecessor-version":[{"id":506,"href":"https:\/\/spinbetter.center\/ro\/wp-json\/wp\/v2\/pages\/404\/revisions\/506"}],"wp:attachment":[{"href":"https:\/\/spinbetter.center\/ro\/wp-json\/wp\/v2\/media?parent=404"}],"curies":[{"name":"wp","href":"https:\/\/api.w.org\/{rel}","templated":true}]}}