{"id":274,"date":"2024-09-18T14:59:05","date_gmt":"2024-09-18T14:59:05","guid":{"rendered":"https:\/\/spinbetter.center\/ro\/?page_id=274"},"modified":"2025-03-12T13:59:21","modified_gmt":"2025-03-12T13:59:21","slug":"casino","status":"publish","type":"page","link":"https:\/\/spinbetter.center\/ro\/casino\/","title":{"rendered":"Cazinou"},"content":{"rendered":"","protected":false},"excerpt":{"rendered":"","protected":false},"author":1,"featured_media":0,"parent":0,"menu_order":0,"comment_status":"closed","ping_status":"closed","template":"","meta":{"footnotes":""},"class_list":["post-274","page","type-page","status-publish","hentry"],"yoast_head":"<!-- This site is optimized with the Yoast SEO plugin v27.4 - https:\/\/yoast.com\/product\/yoast-seo-wordpress\/ -->\n<title>SpinBetter Rom\u00e2nia Casino: sloturi, cazinou live, Aviator<\/title>\n<meta name=\"description\" content=\"C\u00e2teva mii de divertisment de cazinou pentru fiecare gust. Instruc\u021biuni pas cu pas despre cum s\u0103 v\u0103 \u00eenregistra\u021bi la cazinoul online SpinBetter. Bonus de bun venit \u0219i stimulente pentru clien\u021bii existen\u021bi.\" \/>\n<meta name=\"robots\" content=\"index, follow, max-snippet:-1, max-image-preview:large, max-video-preview:-1\" \/>\n<link rel=\"canonical\" href=\"https:\/\/spinbetter.center\/ro\/casino\/\" \/>\n<meta property=\"og:locale\" content=\"ro_RO\" \/>\n<meta property=\"og:type\" content=\"article\" \/>\n<meta property=\"og:title\" content=\"SpinBetter Rom\u00e2nia Casino: sloturi, cazinou live, Aviator\" \/>\n<meta property=\"og:description\" content=\"C\u00e2teva mii de divertisment de cazinou pentru fiecare gust. Instruc\u021biuni pas cu pas despre cum s\u0103 v\u0103 \u00eenregistra\u021bi la cazinoul online SpinBetter. Bonus de bun venit \u0219i stimulente pentru clien\u021bii existen\u021bi.\" \/>\n<meta property=\"og:url\" content=\"https:\/\/spinbetter.center\/ro\/casino\/\" \/>\n<meta property=\"og:site_name\" content=\"spinbetter Center ro\" \/>\n<meta property=\"article:modified_time\" content=\"2025-03-12T13:59:21+00:00\" \/>\n<meta name=\"twitter:card\" content=\"summary_large_image\" \/>\n<script type=\"application\/ld+json\" class=\"yoast-schema-graph\">{\"@context\":\"https:\\\/\\\/schema.org\",\"@graph\":[{\"@type\":\"WebPage\",\"@id\":\"https:\\\/\\\/spinbetter.center\\\/ro\\\/casino\\\/\",\"url\":\"https:\\\/\\\/spinbetter.center\\\/ro\\\/casino\\\/\",\"name\":\"SpinBetter Rom\u00e2nia Casino: sloturi, cazinou live, Aviator\",\"isPartOf\":{\"@id\":\"https:\\\/\\\/spinbetter.center\\\/ro\\\/#website\"},\"datePublished\":\"2024-09-18T14:59:05+00:00\",\"dateModified\":\"2025-03-12T13:59:21+00:00\",\"description\":\"C\u00e2teva mii de divertisment de cazinou pentru fiecare gust. Instruc\u021biuni pas cu pas despre cum s\u0103 v\u0103 \u00eenregistra\u021bi la cazinoul online SpinBetter. Bonus de bun venit \u0219i stimulente pentru clien\u021bii existen\u021bi.\",\"breadcrumb\":{\"@id\":\"https:\\\/\\\/spinbetter.center\\\/ro\\\/casino\\\/#breadcrumb\"},\"inLanguage\":\"ro-RO\",\"potentialAction\":[{\"@type\":\"ReadAction\",\"target\":[\"https:\\\/\\\/spinbetter.center\\\/ro\\\/casino\\\/\"]}]},{\"@type\":\"BreadcrumbList\",\"@id\":\"https:\\\/\\\/spinbetter.center\\\/ro\\\/casino\\\/#breadcrumb\",\"itemListElement\":[{\"@type\":\"ListItem\",\"position\":1,\"name\":\"Home\",\"item\":\"https:\\\/\\\/spinbetter.center\\\/ro\\\/\"},{\"@type\":\"ListItem\",\"position\":2,\"name\":\"Cazinou\"}]},{\"@type\":\"WebSite\",\"@id\":\"https:\\\/\\\/spinbetter.center\\\/ro\\\/#website\",\"url\":\"https:\\\/\\\/spinbetter.center\\\/ro\\\/\",\"name\":\"SpinBetter\",\"description\":\"SpinBetter\",\"alternateName\":\"Spin Better\",\"potentialAction\":[{\"@type\":\"SearchAction\",\"target\":{\"@type\":\"EntryPoint\",\"urlTemplate\":\"https:\\\/\\\/spinbetter.center\\\/ro\\\/?s={search_term_string}\"},\"query-input\":{\"@type\":\"PropertyValueSpecification\",\"valueRequired\":true,\"valueName\":\"search_term_string\"}}],\"inLanguage\":\"ro-RO\"}]}<\/script>\n<!-- \/ Yoast SEO plugin. -->","yoast_head_json":{"title":"SpinBetter Rom\u00e2nia Casino: sloturi, cazinou live, Aviator","description":"C\u00e2teva mii de divertisment de cazinou pentru fiecare gust. Instruc\u021biuni pas cu pas despre cum s\u0103 v\u0103 \u00eenregistra\u021bi la cazinoul online SpinBetter. Bonus de bun venit \u0219i stimulente pentru clien\u021bii existen\u021bi.","robots":{"index":"index","follow":"follow","max-snippet":"max-snippet:-1","max-image-preview":"max-image-preview:large","max-video-preview":"max-video-preview:-1"},"canonical":"https:\/\/spinbetter.center\/ro\/casino\/","og_locale":"ro_RO","og_type":"article","og_title":"SpinBetter Rom\u00e2nia Casino: sloturi, cazinou live, Aviator","og_description":"C\u00e2teva mii de divertisment de cazinou pentru fiecare gust. Instruc\u021biuni pas cu pas despre cum s\u0103 v\u0103 \u00eenregistra\u021bi la cazinoul online SpinBetter. Bonus de bun venit \u0219i stimulente pentru clien\u021bii existen\u021bi.","og_url":"https:\/\/spinbetter.center\/ro\/casino\/","og_site_name":"spinbetter Center ro","article_modified_time":"2025-03-12T13:59:21+00:00","twitter_card":"summary_large_image","schema":{"@context":"https:\/\/schema.org","@graph":[{"@type":"WebPage","@id":"https:\/\/spinbetter.center\/ro\/casino\/","url":"https:\/\/spinbetter.center\/ro\/casino\/","name":"SpinBetter Rom\u00e2nia Casino: sloturi, cazinou live, Aviator","isPartOf":{"@id":"https:\/\/spinbetter.center\/ro\/#website"},"datePublished":"2024-09-18T14:59:05+00:00","dateModified":"2025-03-12T13:59:21+00:00","description":"C\u00e2teva mii de divertisment de cazinou pentru fiecare gust. Instruc\u021biuni pas cu pas despre cum s\u0103 v\u0103 \u00eenregistra\u021bi la cazinoul online SpinBetter. Bonus de bun venit \u0219i stimulente pentru clien\u021bii existen\u021bi.","breadcrumb":{"@id":"https:\/\/spinbetter.center\/ro\/casino\/#breadcrumb"},"inLanguage":"ro-RO","potentialAction":[{"@type":"ReadAction","target":["https:\/\/spinbetter.center\/ro\/casino\/"]}]},{"@type":"BreadcrumbList","@id":"https:\/\/spinbetter.center\/ro\/casino\/#breadcrumb","itemListElement":[{"@type":"ListItem","position":1,"name":"Home","item":"https:\/\/spinbetter.center\/ro\/"},{"@type":"ListItem","position":2,"name":"Cazinou"}]},{"@type":"WebSite","@id":"https:\/\/spinbetter.center\/ro\/#website","url":"https:\/\/spinbetter.center\/ro\/","name":"SpinBetter","description":"SpinBetter","alternateName":"Spin Better","potentialAction":[{"@type":"SearchAction","target":{"@type":"EntryPoint","urlTemplate":"https:\/\/spinbetter.center\/ro\/?s={search_term_string}"},"query-input":{"@type":"PropertyValueSpecification","valueRequired":true,"valueName":"search_term_string"}}],"inLanguage":"ro-RO"}]}},"amp_enabled":true,"_links":{"self":[{"href":"https:\/\/spinbetter.center\/ro\/wp-json\/wp\/v2\/pages\/274","targetHints":{"allow":["GET"]}}],"collection":[{"href":"https:\/\/spinbetter.center\/ro\/wp-json\/wp\/v2\/pages"}],"about":[{"href":"https:\/\/spinbetter.center\/ro\/wp-json\/wp\/v2\/types\/page"}],"author":[{"embeddable":true,"href":"https:\/\/spinbetter.center\/ro\/wp-json\/wp\/v2\/users\/1"}],"replies":[{"embeddable":true,"href":"https:\/\/spinbetter.center\/ro\/wp-json\/wp\/v2\/comments?post=274"}],"version-history":[{"count":5,"href":"https:\/\/spinbetter.center\/ro\/wp-json\/wp\/v2\/pages\/274\/revisions"}],"predecessor-version":[{"id":497,"href":"https:\/\/spinbetter.center\/ro\/wp-json\/wp\/v2\/pages\/274\/revisions\/497"}],"wp:attachment":[{"href":"https:\/\/spinbetter.center\/ro\/wp-json\/wp\/v2\/media?parent=274"}],"curies":[{"name":"wp","href":"https:\/\/api.w.org\/{rel}","templated":true}]}}