{"id":521,"date":"2025-03-28T15:40:33","date_gmt":"2025-03-28T15:40:33","guid":{"rendered":"https:\/\/spinbetter.center\/?page_id=521"},"modified":"2025-05-26T12:46:09","modified_gmt":"2025-05-26T12:46:09","slug":"losing-bets","status":"publish","type":"page","link":"https:\/\/spinbetter.center\/pt\/bonuses\/losing-bets\/","title":{"rendered":"Apostas perdidas"},"content":{"rendered":"","protected":false},"excerpt":{"rendered":"","protected":false},"author":1,"featured_media":0,"parent":272,"menu_order":0,"comment_status":"closed","ping_status":"closed","template":"","meta":{"footnotes":""},"class_list":["post-521","page","type-page","status-publish","hentry"],"yoast_head":"<!-- This site is optimized with the Yoast SEO plugin v24.5 - https:\/\/yoast.com\/wordpress\/plugins\/seo\/ -->\n<title>B\u00f3nus SpinBetter para uma s\u00e9rie de m\u00e1s apostas: ganhe at\u00e9 \u20ac500!<\/title>\n<meta name=\"description\" content=\"N\u00e3o deixes que os contratempos te quebrem! A SpinBetter n\u00e3o o deixar\u00e1 entregue \u00e0 sua sorte! Obtenha uma oportunidade extra e uma indemniza\u00e7\u00e3o at\u00e9 \u20ac500 por uma s\u00e9rie de m\u00e1s apostas. Recupere a sua confian\u00e7a e ganhe enquanto os outros entram em p\u00e2nico!\" \/>\n<meta name=\"robots\" content=\"index, follow, max-snippet:-1, max-image-preview:large, max-video-preview:-1\" \/>\n<link rel=\"canonical\" href=\"https:\/\/spinbetter.center\/pt\/bonuses\/losing-bets\/\" \/>\n<meta property=\"og:locale\" content=\"pt_PT\" \/>\n<meta property=\"og:type\" content=\"article\" \/>\n<meta property=\"og:title\" content=\"B\u00f3nus SpinBetter para uma s\u00e9rie de m\u00e1s apostas: ganhe at\u00e9 \u20ac500!\" \/>\n<meta property=\"og:description\" content=\"N\u00e3o deixes que os contratempos te quebrem! A SpinBetter n\u00e3o o deixar\u00e1 entregue \u00e0 sua sorte! Obtenha uma oportunidade extra e uma indemniza\u00e7\u00e3o at\u00e9 \u20ac500 por uma s\u00e9rie de m\u00e1s apostas. Recupere a sua confian\u00e7a e ganhe enquanto os outros entram em p\u00e2nico!\" \/>\n<meta property=\"og:url\" content=\"https:\/\/spinbetter.center\/pt\/bonuses\/losing-bets\/\" \/>\n<meta property=\"og:site_name\" content=\"SpinBetter pt\" \/>\n<meta property=\"article:modified_time\" content=\"2025-05-26T12:46:09+00:00\" \/>\n<meta name=\"twitter:card\" content=\"summary_large_image\" \/>\n<script type=\"application\/ld+json\" class=\"yoast-schema-graph\">{\"@context\":\"https:\/\/schema.org\",\"@graph\":[{\"@type\":\"WebPage\",\"@id\":\"https:\/\/spinbetter.center\/pt\/bonuses\/losing-bets\/\",\"url\":\"https:\/\/spinbetter.center\/pt\/bonuses\/losing-bets\/\",\"name\":\"B\u00f3nus SpinBetter para uma s\u00e9rie de m\u00e1s apostas: ganhe at\u00e9 \u20ac500!\",\"isPartOf\":{\"@id\":\"https:\/\/spinbetter.center\/pt\/#website\"},\"datePublished\":\"2025-03-28T15:40:33+00:00\",\"dateModified\":\"2025-05-26T12:46:09+00:00\",\"description\":\"N\u00e3o deixes que os contratempos te quebrem! A SpinBetter n\u00e3o o deixar\u00e1 entregue \u00e0 sua sorte! Obtenha uma oportunidade extra e uma indemniza\u00e7\u00e3o at\u00e9 \u20ac500 por uma s\u00e9rie de m\u00e1s apostas. Recupere a sua confian\u00e7a e ganhe enquanto os outros entram em p\u00e2nico!\",\"breadcrumb\":{\"@id\":\"https:\/\/spinbetter.center\/pt\/bonuses\/losing-bets\/#breadcrumb\"},\"inLanguage\":\"pt-PT\",\"potentialAction\":[{\"@type\":\"ReadAction\",\"target\":[\"https:\/\/spinbetter.center\/pt\/bonuses\/losing-bets\/\"]}]},{\"@type\":\"BreadcrumbList\",\"@id\":\"https:\/\/spinbetter.center\/pt\/bonuses\/losing-bets\/#breadcrumb\",\"itemListElement\":[{\"@type\":\"ListItem\",\"position\":1,\"name\":\"Home\",\"item\":\"https:\/\/spinbetter.center\/pt\/\"},{\"@type\":\"ListItem\",\"position\":2,\"name\":\"B\u00f3nus\",\"item\":\"https:\/\/spinbetter.center\/pt\/bonuses\/\"},{\"@type\":\"ListItem\",\"position\":3,\"name\":\"Apostas perdidas\"}]},{\"@type\":\"WebSite\",\"@id\":\"https:\/\/spinbetter.center\/pt\/#website\",\"url\":\"https:\/\/spinbetter.center\/pt\/\",\"name\":\"SpinBetter\",\"description\":\"SpinBetter\",\"alternateName\":\"Spin Better\",\"potentialAction\":[{\"@type\":\"SearchAction\",\"target\":{\"@type\":\"EntryPoint\",\"urlTemplate\":\"https:\/\/spinbetter.center\/pt\/?s={search_term_string}\"},\"query-input\":{\"@type\":\"PropertyValueSpecification\",\"valueRequired\":true,\"valueName\":\"search_term_string\"}}],\"inLanguage\":\"pt-PT\"}]}<\/script>\n<!-- \/ Yoast SEO plugin. -->","yoast_head_json":{"title":"B\u00f3nus SpinBetter para uma s\u00e9rie de m\u00e1s apostas: ganhe at\u00e9 \u20ac500!","description":"N\u00e3o deixes que os contratempos te quebrem! A SpinBetter n\u00e3o o deixar\u00e1 entregue \u00e0 sua sorte! Obtenha uma oportunidade extra e uma indemniza\u00e7\u00e3o at\u00e9 \u20ac500 por uma s\u00e9rie de m\u00e1s apostas. Recupere a sua confian\u00e7a e ganhe enquanto os outros entram em p\u00e2nico!","robots":{"index":"index","follow":"follow","max-snippet":"max-snippet:-1","max-image-preview":"max-image-preview:large","max-video-preview":"max-video-preview:-1"},"canonical":"https:\/\/spinbetter.center\/pt\/bonuses\/losing-bets\/","og_locale":"pt_PT","og_type":"article","og_title":"B\u00f3nus SpinBetter para uma s\u00e9rie de m\u00e1s apostas: ganhe at\u00e9 \u20ac500!","og_description":"N\u00e3o deixes que os contratempos te quebrem! A SpinBetter n\u00e3o o deixar\u00e1 entregue \u00e0 sua sorte! Obtenha uma oportunidade extra e uma indemniza\u00e7\u00e3o at\u00e9 \u20ac500 por uma s\u00e9rie de m\u00e1s apostas. Recupere a sua confian\u00e7a e ganhe enquanto os outros entram em p\u00e2nico!","og_url":"https:\/\/spinbetter.center\/pt\/bonuses\/losing-bets\/","og_site_name":"SpinBetter pt","article_modified_time":"2025-05-26T12:46:09+00:00","twitter_card":"summary_large_image","schema":{"@context":"https:\/\/schema.org","@graph":[{"@type":"WebPage","@id":"https:\/\/spinbetter.center\/pt\/bonuses\/losing-bets\/","url":"https:\/\/spinbetter.center\/pt\/bonuses\/losing-bets\/","name":"B\u00f3nus SpinBetter para uma s\u00e9rie de m\u00e1s apostas: ganhe at\u00e9 \u20ac500!","isPartOf":{"@id":"https:\/\/spinbetter.center\/pt\/#website"},"datePublished":"2025-03-28T15:40:33+00:00","dateModified":"2025-05-26T12:46:09+00:00","description":"N\u00e3o deixes que os contratempos te quebrem! A SpinBetter n\u00e3o o deixar\u00e1 entregue \u00e0 sua sorte! Obtenha uma oportunidade extra e uma indemniza\u00e7\u00e3o at\u00e9 \u20ac500 por uma s\u00e9rie de m\u00e1s apostas. Recupere a sua confian\u00e7a e ganhe enquanto os outros entram em p\u00e2nico!","breadcrumb":{"@id":"https:\/\/spinbetter.center\/pt\/bonuses\/losing-bets\/#breadcrumb"},"inLanguage":"pt-PT","potentialAction":[{"@type":"ReadAction","target":["https:\/\/spinbetter.center\/pt\/bonuses\/losing-bets\/"]}]},{"@type":"BreadcrumbList","@id":"https:\/\/spinbetter.center\/pt\/bonuses\/losing-bets\/#breadcrumb","itemListElement":[{"@type":"ListItem","position":1,"name":"Home","item":"https:\/\/spinbetter.center\/pt\/"},{"@type":"ListItem","position":2,"name":"B\u00f3nus","item":"https:\/\/spinbetter.center\/pt\/bonuses\/"},{"@type":"ListItem","position":3,"name":"Apostas perdidas"}]},{"@type":"WebSite","@id":"https:\/\/spinbetter.center\/pt\/#website","url":"https:\/\/spinbetter.center\/pt\/","name":"SpinBetter","description":"SpinBetter","alternateName":"Spin Better","potentialAction":[{"@type":"SearchAction","target":{"@type":"EntryPoint","urlTemplate":"https:\/\/spinbetter.center\/pt\/?s={search_term_string}"},"query-input":{"@type":"PropertyValueSpecification","valueRequired":true,"valueName":"search_term_string"}}],"inLanguage":"pt-PT"}]}},"_links":{"self":[{"href":"https:\/\/spinbetter.center\/pt\/wp-json\/wp\/v2\/pages\/521","targetHints":{"allow":["GET"]}}],"collection":[{"href":"https:\/\/spinbetter.center\/pt\/wp-json\/wp\/v2\/pages"}],"about":[{"href":"https:\/\/spinbetter.center\/pt\/wp-json\/wp\/v2\/types\/page"}],"author":[{"embeddable":true,"href":"https:\/\/spinbetter.center\/pt\/wp-json\/wp\/v2\/users\/1"}],"replies":[{"embeddable":true,"href":"https:\/\/spinbetter.center\/pt\/wp-json\/wp\/v2\/comments?post=521"}],"version-history":[{"count":3,"href":"https:\/\/spinbetter.center\/pt\/wp-json\/wp\/v2\/pages\/521\/revisions"}],"predecessor-version":[{"id":755,"href":"https:\/\/spinbetter.center\/pt\/wp-json\/wp\/v2\/pages\/521\/revisions\/755"}],"up":[{"embeddable":true,"href":"https:\/\/spinbetter.center\/pt\/wp-json\/wp\/v2\/pages\/272"}],"wp:attachment":[{"href":"https:\/\/spinbetter.center\/pt\/wp-json\/wp\/v2\/media?parent=521"}],"curies":[{"name":"wp","href":"https:\/\/api.w.org\/{rel}","templated":true}]}}