{"id":400,"date":"2024-11-11T14:41:01","date_gmt":"2024-11-11T14:41:01","guid":{"rendered":"https:\/\/spinbetter.center\/pt\/?page_id=400"},"modified":"2024-11-11T14:41:01","modified_gmt":"2024-11-11T14:41:01","slug":"login","status":"publish","type":"page","link":"https:\/\/spinbetter.center\/pt\/login\/","title":{"rendered":"Iniciar sess\u00e3o"},"content":{"rendered":"","protected":false},"excerpt":{"rendered":"","protected":false},"author":1,"featured_media":0,"parent":0,"menu_order":0,"comment_status":"closed","ping_status":"closed","template":"","meta":{"footnotes":""},"class_list":["post-400","page","type-page","status-publish","hentry"],"yoast_head":"<!-- This site is optimized with the Yoast SEO plugin v27.4 - https:\/\/yoast.com\/product\/yoast-seo-wordpress\/ -->\n<title>Guia de Login do Spinbetter: Acesso r\u00e1pido e f\u00e1cil \u00e0 conta<\/title>\n<meta name=\"description\" content=\"Pronto para conquistar a Spinbetter? As nossas dicas de login no Spinbetter v\u00e3o ajud\u00e1-lo a evitar dilemas de login e a desbloquear entretenimento sem fim.\" \/>\n<meta name=\"robots\" content=\"index, follow, max-snippet:-1, max-image-preview:large, max-video-preview:-1\" \/>\n<link rel=\"canonical\" href=\"https:\/\/spinbetter.center\/pt\/login\/\" \/>\n<meta property=\"og:locale\" content=\"pt_PT\" \/>\n<meta property=\"og:type\" content=\"article\" \/>\n<meta property=\"og:title\" content=\"Guia de Login do Spinbetter: Acesso r\u00e1pido e f\u00e1cil \u00e0 conta\" \/>\n<meta property=\"og:description\" content=\"Pronto para conquistar a Spinbetter? As nossas dicas de login no Spinbetter v\u00e3o ajud\u00e1-lo a evitar dilemas de login e a desbloquear entretenimento sem fim.\" \/>\n<meta property=\"og:url\" content=\"https:\/\/spinbetter.center\/pt\/login\/\" \/>\n<meta property=\"og:site_name\" content=\"SpinBetter pt\" \/>\n<meta name=\"twitter:card\" content=\"summary_large_image\" \/>\n<script type=\"application\/ld+json\" class=\"yoast-schema-graph\">{\"@context\":\"https:\\\/\\\/schema.org\",\"@graph\":[{\"@type\":\"WebPage\",\"@id\":\"https:\\\/\\\/spinbetter.center\\\/pt\\\/login\\\/\",\"url\":\"https:\\\/\\\/spinbetter.center\\\/pt\\\/login\\\/\",\"name\":\"Guia de Login do Spinbetter: Acesso r\u00e1pido e f\u00e1cil \u00e0 conta\",\"isPartOf\":{\"@id\":\"https:\\\/\\\/spinbetter.center\\\/pt\\\/#website\"},\"datePublished\":\"2024-11-11T14:41:01+00:00\",\"description\":\"Pronto para conquistar a Spinbetter? As nossas dicas de login no Spinbetter v\u00e3o ajud\u00e1-lo a evitar dilemas de login e a desbloquear entretenimento sem fim.\",\"breadcrumb\":{\"@id\":\"https:\\\/\\\/spinbetter.center\\\/pt\\\/login\\\/#breadcrumb\"},\"inLanguage\":\"pt-PT\",\"potentialAction\":[{\"@type\":\"ReadAction\",\"target\":[\"https:\\\/\\\/spinbetter.center\\\/pt\\\/login\\\/\"]}]},{\"@type\":\"BreadcrumbList\",\"@id\":\"https:\\\/\\\/spinbetter.center\\\/pt\\\/login\\\/#breadcrumb\",\"itemListElement\":[{\"@type\":\"ListItem\",\"position\":1,\"name\":\"Home\",\"item\":\"https:\\\/\\\/spinbetter.center\\\/pt\\\/\"},{\"@type\":\"ListItem\",\"position\":2,\"name\":\"Iniciar sess\u00e3o\"}]},{\"@type\":\"WebSite\",\"@id\":\"https:\\\/\\\/spinbetter.center\\\/pt\\\/#website\",\"url\":\"https:\\\/\\\/spinbetter.center\\\/pt\\\/\",\"name\":\"SpinBetter\",\"description\":\"SpinBetter\",\"alternateName\":\"Spin Better\",\"potentialAction\":[{\"@type\":\"SearchAction\",\"target\":{\"@type\":\"EntryPoint\",\"urlTemplate\":\"https:\\\/\\\/spinbetter.center\\\/pt\\\/?s={search_term_string}\"},\"query-input\":{\"@type\":\"PropertyValueSpecification\",\"valueRequired\":true,\"valueName\":\"search_term_string\"}}],\"inLanguage\":\"pt-PT\"}]}<\/script>\n<!-- \/ Yoast SEO plugin. -->","yoast_head_json":{"title":"Guia de Login do Spinbetter: Acesso r\u00e1pido e f\u00e1cil \u00e0 conta","description":"Pronto para conquistar a Spinbetter? As nossas dicas de login no Spinbetter v\u00e3o ajud\u00e1-lo a evitar dilemas de login e a desbloquear entretenimento sem fim.","robots":{"index":"index","follow":"follow","max-snippet":"max-snippet:-1","max-image-preview":"max-image-preview:large","max-video-preview":"max-video-preview:-1"},"canonical":"https:\/\/spinbetter.center\/pt\/login\/","og_locale":"pt_PT","og_type":"article","og_title":"Guia de Login do Spinbetter: Acesso r\u00e1pido e f\u00e1cil \u00e0 conta","og_description":"Pronto para conquistar a Spinbetter? As nossas dicas de login no Spinbetter v\u00e3o ajud\u00e1-lo a evitar dilemas de login e a desbloquear entretenimento sem fim.","og_url":"https:\/\/spinbetter.center\/pt\/login\/","og_site_name":"SpinBetter pt","twitter_card":"summary_large_image","schema":{"@context":"https:\/\/schema.org","@graph":[{"@type":"WebPage","@id":"https:\/\/spinbetter.center\/pt\/login\/","url":"https:\/\/spinbetter.center\/pt\/login\/","name":"Guia de Login do Spinbetter: Acesso r\u00e1pido e f\u00e1cil \u00e0 conta","isPartOf":{"@id":"https:\/\/spinbetter.center\/pt\/#website"},"datePublished":"2024-11-11T14:41:01+00:00","description":"Pronto para conquistar a Spinbetter? As nossas dicas de login no Spinbetter v\u00e3o ajud\u00e1-lo a evitar dilemas de login e a desbloquear entretenimento sem fim.","breadcrumb":{"@id":"https:\/\/spinbetter.center\/pt\/login\/#breadcrumb"},"inLanguage":"pt-PT","potentialAction":[{"@type":"ReadAction","target":["https:\/\/spinbetter.center\/pt\/login\/"]}]},{"@type":"BreadcrumbList","@id":"https:\/\/spinbetter.center\/pt\/login\/#breadcrumb","itemListElement":[{"@type":"ListItem","position":1,"name":"Home","item":"https:\/\/spinbetter.center\/pt\/"},{"@type":"ListItem","position":2,"name":"Iniciar sess\u00e3o"}]},{"@type":"WebSite","@id":"https:\/\/spinbetter.center\/pt\/#website","url":"https:\/\/spinbetter.center\/pt\/","name":"SpinBetter","description":"SpinBetter","alternateName":"Spin Better","potentialAction":[{"@type":"SearchAction","target":{"@type":"EntryPoint","urlTemplate":"https:\/\/spinbetter.center\/pt\/?s={search_term_string}"},"query-input":{"@type":"PropertyValueSpecification","valueRequired":true,"valueName":"search_term_string"}}],"inLanguage":"pt-PT"}]}},"_links":{"self":[{"href":"https:\/\/spinbetter.center\/pt\/wp-json\/wp\/v2\/pages\/400","targetHints":{"allow":["GET"]}}],"collection":[{"href":"https:\/\/spinbetter.center\/pt\/wp-json\/wp\/v2\/pages"}],"about":[{"href":"https:\/\/spinbetter.center\/pt\/wp-json\/wp\/v2\/types\/page"}],"author":[{"embeddable":true,"href":"https:\/\/spinbetter.center\/pt\/wp-json\/wp\/v2\/users\/1"}],"replies":[{"embeddable":true,"href":"https:\/\/spinbetter.center\/pt\/wp-json\/wp\/v2\/comments?post=400"}],"version-history":[{"count":0,"href":"https:\/\/spinbetter.center\/pt\/wp-json\/wp\/v2\/pages\/400\/revisions"}],"wp:attachment":[{"href":"https:\/\/spinbetter.center\/pt\/wp-json\/wp\/v2\/media?parent=400"}],"curies":[{"name":"wp","href":"https:\/\/api.w.org\/{rel}","templated":true}]}}