{"id":377,"date":"2024-11-11T08:33:29","date_gmt":"2024-11-11T08:33:29","guid":{"rendered":"https:\/\/spinbetter.center\/pt\/?page_id=377"},"modified":"2024-11-11T08:35:31","modified_gmt":"2024-11-11T08:35:31","slug":"registration","status":"publish","type":"page","link":"https:\/\/spinbetter.center\/pt\/registration\/","title":{"rendered":"Registo"},"content":{"rendered":"","protected":false},"excerpt":{"rendered":"","protected":false},"author":1,"featured_media":0,"parent":0,"menu_order":0,"comment_status":"closed","ping_status":"closed","template":"","meta":{"footnotes":""},"class_list":["post-377","page","type-page","status-publish","hentry"],"yoast_head":"<!-- This site is optimized with the Yoast SEO plugin v24.5 - https:\/\/yoast.com\/wordpress\/plugins\/seo\/ -->\n<title>Registo Spinbetter: \ud83d\udd25Desbloquear B\u00f3nus Exclusivos Hoje<\/title>\n<meta name=\"description\" content=\"O registo no Spinbetter \u00e9 o seu bilhete para vantagens exclusivas e jogos electrizantes. Registe-se j\u00e1 no Spinbetter! O nosso guia de registo r\u00e1pido coloca-o em a\u00e7\u00e3o rapidamente!\" \/>\n<meta name=\"robots\" content=\"index, follow, max-snippet:-1, max-image-preview:large, max-video-preview:-1\" \/>\n<link rel=\"canonical\" href=\"https:\/\/spinbetter.center\/pt\/registration\/\" \/>\n<meta property=\"og:locale\" content=\"pt_PT\" \/>\n<meta property=\"og:type\" content=\"article\" \/>\n<meta property=\"og:title\" content=\"Registo Spinbetter: \ud83d\udd25Desbloquear B\u00f3nus Exclusivos Hoje\" \/>\n<meta property=\"og:description\" content=\"O registo no Spinbetter \u00e9 o seu bilhete para vantagens exclusivas e jogos electrizantes. Registe-se j\u00e1 no Spinbetter! O nosso guia de registo r\u00e1pido coloca-o em a\u00e7\u00e3o rapidamente!\" \/>\n<meta property=\"og:url\" content=\"https:\/\/spinbetter.center\/pt\/registration\/\" \/>\n<meta property=\"og:site_name\" content=\"SpinBetter pt\" \/>\n<meta property=\"article:modified_time\" content=\"2024-11-11T08:35:31+00:00\" \/>\n<meta name=\"twitter:card\" content=\"summary_large_image\" \/>\n<script type=\"application\/ld+json\" class=\"yoast-schema-graph\">{\"@context\":\"https:\/\/schema.org\",\"@graph\":[{\"@type\":\"WebPage\",\"@id\":\"https:\/\/spinbetter.center\/pt\/registration\/\",\"url\":\"https:\/\/spinbetter.center\/pt\/registration\/\",\"name\":\"Registo Spinbetter: \ud83d\udd25Desbloquear B\u00f3nus Exclusivos Hoje\",\"isPartOf\":{\"@id\":\"https:\/\/spinbetter.center\/pt\/#website\"},\"datePublished\":\"2024-11-11T08:33:29+00:00\",\"dateModified\":\"2024-11-11T08:35:31+00:00\",\"description\":\"O registo no Spinbetter \u00e9 o seu bilhete para vantagens exclusivas e jogos electrizantes. Registe-se j\u00e1 no Spinbetter! O nosso guia de registo r\u00e1pido coloca-o em a\u00e7\u00e3o rapidamente!\",\"breadcrumb\":{\"@id\":\"https:\/\/spinbetter.center\/pt\/registration\/#breadcrumb\"},\"inLanguage\":\"pt-PT\",\"potentialAction\":[{\"@type\":\"ReadAction\",\"target\":[\"https:\/\/spinbetter.center\/pt\/registration\/\"]}]},{\"@type\":\"BreadcrumbList\",\"@id\":\"https:\/\/spinbetter.center\/pt\/registration\/#breadcrumb\",\"itemListElement\":[{\"@type\":\"ListItem\",\"position\":1,\"name\":\"Home\",\"item\":\"https:\/\/spinbetter.center\/pt\/\"},{\"@type\":\"ListItem\",\"position\":2,\"name\":\"Registo\"}]},{\"@type\":\"WebSite\",\"@id\":\"https:\/\/spinbetter.center\/pt\/#website\",\"url\":\"https:\/\/spinbetter.center\/pt\/\",\"name\":\"SpinBetter\",\"description\":\"SpinBetter\",\"alternateName\":\"Spin Better\",\"potentialAction\":[{\"@type\":\"SearchAction\",\"target\":{\"@type\":\"EntryPoint\",\"urlTemplate\":\"https:\/\/spinbetter.center\/pt\/?s={search_term_string}\"},\"query-input\":{\"@type\":\"PropertyValueSpecification\",\"valueRequired\":true,\"valueName\":\"search_term_string\"}}],\"inLanguage\":\"pt-PT\"}]}<\/script>\n<!-- \/ Yoast SEO plugin. -->","yoast_head_json":{"title":"Registo Spinbetter: \ud83d\udd25Desbloquear B\u00f3nus Exclusivos Hoje","description":"O registo no Spinbetter \u00e9 o seu bilhete para vantagens exclusivas e jogos electrizantes. Registe-se j\u00e1 no Spinbetter! O nosso guia de registo r\u00e1pido coloca-o em a\u00e7\u00e3o rapidamente!","robots":{"index":"index","follow":"follow","max-snippet":"max-snippet:-1","max-image-preview":"max-image-preview:large","max-video-preview":"max-video-preview:-1"},"canonical":"https:\/\/spinbetter.center\/pt\/registration\/","og_locale":"pt_PT","og_type":"article","og_title":"Registo Spinbetter: \ud83d\udd25Desbloquear B\u00f3nus Exclusivos Hoje","og_description":"O registo no Spinbetter \u00e9 o seu bilhete para vantagens exclusivas e jogos electrizantes. Registe-se j\u00e1 no Spinbetter! O nosso guia de registo r\u00e1pido coloca-o em a\u00e7\u00e3o rapidamente!","og_url":"https:\/\/spinbetter.center\/pt\/registration\/","og_site_name":"SpinBetter pt","article_modified_time":"2024-11-11T08:35:31+00:00","twitter_card":"summary_large_image","schema":{"@context":"https:\/\/schema.org","@graph":[{"@type":"WebPage","@id":"https:\/\/spinbetter.center\/pt\/registration\/","url":"https:\/\/spinbetter.center\/pt\/registration\/","name":"Registo Spinbetter: \ud83d\udd25Desbloquear B\u00f3nus Exclusivos Hoje","isPartOf":{"@id":"https:\/\/spinbetter.center\/pt\/#website"},"datePublished":"2024-11-11T08:33:29+00:00","dateModified":"2024-11-11T08:35:31+00:00","description":"O registo no Spinbetter \u00e9 o seu bilhete para vantagens exclusivas e jogos electrizantes. Registe-se j\u00e1 no Spinbetter! O nosso guia de registo r\u00e1pido coloca-o em a\u00e7\u00e3o rapidamente!","breadcrumb":{"@id":"https:\/\/spinbetter.center\/pt\/registration\/#breadcrumb"},"inLanguage":"pt-PT","potentialAction":[{"@type":"ReadAction","target":["https:\/\/spinbetter.center\/pt\/registration\/"]}]},{"@type":"BreadcrumbList","@id":"https:\/\/spinbetter.center\/pt\/registration\/#breadcrumb","itemListElement":[{"@type":"ListItem","position":1,"name":"Home","item":"https:\/\/spinbetter.center\/pt\/"},{"@type":"ListItem","position":2,"name":"Registo"}]},{"@type":"WebSite","@id":"https:\/\/spinbetter.center\/pt\/#website","url":"https:\/\/spinbetter.center\/pt\/","name":"SpinBetter","description":"SpinBetter","alternateName":"Spin Better","potentialAction":[{"@type":"SearchAction","target":{"@type":"EntryPoint","urlTemplate":"https:\/\/spinbetter.center\/pt\/?s={search_term_string}"},"query-input":{"@type":"PropertyValueSpecification","valueRequired":true,"valueName":"search_term_string"}}],"inLanguage":"pt-PT"}]}},"_links":{"self":[{"href":"https:\/\/spinbetter.center\/pt\/wp-json\/wp\/v2\/pages\/377","targetHints":{"allow":["GET"]}}],"collection":[{"href":"https:\/\/spinbetter.center\/pt\/wp-json\/wp\/v2\/pages"}],"about":[{"href":"https:\/\/spinbetter.center\/pt\/wp-json\/wp\/v2\/types\/page"}],"author":[{"embeddable":true,"href":"https:\/\/spinbetter.center\/pt\/wp-json\/wp\/v2\/users\/1"}],"replies":[{"embeddable":true,"href":"https:\/\/spinbetter.center\/pt\/wp-json\/wp\/v2\/comments?post=377"}],"version-history":[{"count":0,"href":"https:\/\/spinbetter.center\/pt\/wp-json\/wp\/v2\/pages\/377\/revisions"}],"wp:attachment":[{"href":"https:\/\/spinbetter.center\/pt\/wp-json\/wp\/v2\/media?parent=377"}],"curies":[{"name":"wp","href":"https:\/\/api.w.org\/{rel}","templated":true}]}}