{"id":744,"date":"2025-05-19T06:21:41","date_gmt":"2025-05-19T06:21:41","guid":{"rendered":"https:\/\/spinbetter.center\/?page_id=744"},"modified":"2026-04-01T12:21:27","modified_gmt":"2026-04-01T12:21:27","slug":"free-bet","status":"publish","type":"page","link":"https:\/\/spinbetter.center\/pl\/bonuses\/free-bet\/","title":{"rendered":"Darmowy zak\u0142ad"},"content":{"rendered":"","protected":false},"excerpt":{"rendered":"","protected":false},"author":1,"featured_media":0,"parent":272,"menu_order":0,"comment_status":"closed","ping_status":"closed","template":"","meta":{"footnotes":""},"class_list":["post-744","page","type-page","status-publish","hentry"],"yoast_head":"<!-- This site is optimized with the Yoast SEO plugin v27.4 - https:\/\/yoast.com\/product\/yoast-seo-wordpress\/ -->\n<title>Darmowy zak\u0142ad 40 PLN w aplikacji: postaw zak\u0142ad i odbierz bonus<\/title>\n<meta name=\"description\" content=\"Nie tylko graj, wygrywaj! Dajemy 40 PLN na darmowe zak\u0142ady w aplikacji! Zainstaluj nasz\u0105 aplikacj\u0119 i obstawiaj zak\u0142ady sportowe! Natychmiastowe wygrane, ekscytuj\u0105ce zak\u0142ady i wyj\u0105tkowe mo\u017cliwo\u015bci czekaj\u0105 na Ciebie.\" \/>\n<meta name=\"robots\" content=\"index, follow, max-snippet:-1, max-image-preview:large, max-video-preview:-1\" \/>\n<link rel=\"canonical\" href=\"https:\/\/spinbetter.center\/poland\/bonuses\/free-bet\/\" \/>\n<meta property=\"og:locale\" content=\"pl_PL\" \/>\n<meta property=\"og:type\" content=\"article\" \/>\n<meta property=\"og:title\" content=\"Darmowy zak\u0142ad 40 PLN w aplikacji: postaw zak\u0142ad i odbierz bonus\" \/>\n<meta property=\"og:description\" content=\"Nie tylko graj, wygrywaj! Dajemy 40 PLN na darmowe zak\u0142ady w aplikacji! Zainstaluj nasz\u0105 aplikacj\u0119 i obstawiaj zak\u0142ady sportowe! Natychmiastowe wygrane, ekscytuj\u0105ce zak\u0142ady i wyj\u0105tkowe mo\u017cliwo\u015bci czekaj\u0105 na Ciebie.\" \/>\n<meta property=\"og:url\" content=\"https:\/\/spinbetter.center\/poland\/bonuses\/free-bet\/\" \/>\n<meta property=\"og:site_name\" content=\"Spinbetter Win pl\" \/>\n<meta property=\"article:modified_time\" content=\"2026-04-01T12:21:27+00:00\" \/>\n<meta name=\"twitter:card\" content=\"summary_large_image\" \/>\n<script type=\"application\/ld+json\" class=\"yoast-schema-graph\">{\"@context\":\"https:\\\/\\\/schema.org\",\"@graph\":[{\"@type\":\"WebPage\",\"@id\":\"https:\\\/\\\/spinbetter.center\\\/pl\\\/bonuses\\\/free-bet\\\/\",\"url\":\"https:\\\/\\\/spinbetter.center\\\/poland\\\/bonuses\\\/free-bet\\\/\",\"name\":\"Darmowy zak\u0142ad 40 PLN w aplikacji: postaw zak\u0142ad i odbierz bonus\",\"isPartOf\":{\"@id\":\"https:\\\/\\\/spinbetter.center\\\/pl\\\/#website\"},\"datePublished\":\"2025-05-19T06:21:41+00:00\",\"dateModified\":\"2026-04-01T12:21:27+00:00\",\"description\":\"Nie tylko graj, wygrywaj! Dajemy 40 PLN na darmowe zak\u0142ady w aplikacji! Zainstaluj nasz\u0105 aplikacj\u0119 i obstawiaj zak\u0142ady sportowe! Natychmiastowe wygrane, ekscytuj\u0105ce zak\u0142ady i wyj\u0105tkowe mo\u017cliwo\u015bci czekaj\u0105 na Ciebie.\",\"breadcrumb\":{\"@id\":\"https:\\\/\\\/spinbetter.center\\\/poland\\\/bonuses\\\/free-bet\\\/#breadcrumb\"},\"inLanguage\":\"pl-PL\",\"potentialAction\":[{\"@type\":\"ReadAction\",\"target\":[\"https:\\\/\\\/spinbetter.center\\\/poland\\\/bonuses\\\/free-bet\\\/\"]}]},{\"@type\":\"BreadcrumbList\",\"@id\":\"https:\\\/\\\/spinbetter.center\\\/poland\\\/bonuses\\\/free-bet\\\/#breadcrumb\",\"itemListElement\":[{\"@type\":\"ListItem\",\"position\":1,\"name\":\"Home\",\"item\":\"https:\\\/\\\/spinbetter.center\\\/pl\\\/\"},{\"@type\":\"ListItem\",\"position\":2,\"name\":\"Premie\",\"item\":\"https:\\\/\\\/spinbetter.center\\\/pl\\\/bonuses\\\/\"},{\"@type\":\"ListItem\",\"position\":3,\"name\":\"Darmowy zak\u0142ad\"}]},{\"@type\":\"WebSite\",\"@id\":\"https:\\\/\\\/spinbetter.center\\\/pl\\\/#website\",\"url\":\"https:\\\/\\\/spinbetter.center\\\/pl\\\/\",\"name\":\"Spinbetter Win pl\",\"description\":\"My WordPress Blog\",\"potentialAction\":[{\"@type\":\"SearchAction\",\"target\":{\"@type\":\"EntryPoint\",\"urlTemplate\":\"https:\\\/\\\/spinbetter.center\\\/pl\\\/?s={search_term_string}\"},\"query-input\":{\"@type\":\"PropertyValueSpecification\",\"valueRequired\":true,\"valueName\":\"search_term_string\"}}],\"inLanguage\":\"pl-PL\"}]}<\/script>\n<!-- \/ Yoast SEO plugin. -->","yoast_head_json":{"title":"Darmowy zak\u0142ad 40 PLN w aplikacji: postaw zak\u0142ad i odbierz bonus","description":"Nie tylko graj, wygrywaj! Dajemy 40 PLN na darmowe zak\u0142ady w aplikacji! Zainstaluj nasz\u0105 aplikacj\u0119 i obstawiaj zak\u0142ady sportowe! Natychmiastowe wygrane, ekscytuj\u0105ce zak\u0142ady i wyj\u0105tkowe mo\u017cliwo\u015bci czekaj\u0105 na Ciebie.","robots":{"index":"index","follow":"follow","max-snippet":"max-snippet:-1","max-image-preview":"max-image-preview:large","max-video-preview":"max-video-preview:-1"},"canonical":"https:\/\/spinbetter.center\/poland\/bonuses\/free-bet\/","og_locale":"pl_PL","og_type":"article","og_title":"Darmowy zak\u0142ad 40 PLN w aplikacji: postaw zak\u0142ad i odbierz bonus","og_description":"Nie tylko graj, wygrywaj! Dajemy 40 PLN na darmowe zak\u0142ady w aplikacji! Zainstaluj nasz\u0105 aplikacj\u0119 i obstawiaj zak\u0142ady sportowe! Natychmiastowe wygrane, ekscytuj\u0105ce zak\u0142ady i wyj\u0105tkowe mo\u017cliwo\u015bci czekaj\u0105 na Ciebie.","og_url":"https:\/\/spinbetter.center\/poland\/bonuses\/free-bet\/","og_site_name":"Spinbetter Win pl","article_modified_time":"2026-04-01T12:21:27+00:00","twitter_card":"summary_large_image","schema":{"@context":"https:\/\/schema.org","@graph":[{"@type":"WebPage","@id":"https:\/\/spinbetter.center\/pl\/bonuses\/free-bet\/","url":"https:\/\/spinbetter.center\/poland\/bonuses\/free-bet\/","name":"Darmowy zak\u0142ad 40 PLN w aplikacji: postaw zak\u0142ad i odbierz bonus","isPartOf":{"@id":"https:\/\/spinbetter.center\/pl\/#website"},"datePublished":"2025-05-19T06:21:41+00:00","dateModified":"2026-04-01T12:21:27+00:00","description":"Nie tylko graj, wygrywaj! Dajemy 40 PLN na darmowe zak\u0142ady w aplikacji! Zainstaluj nasz\u0105 aplikacj\u0119 i obstawiaj zak\u0142ady sportowe! Natychmiastowe wygrane, ekscytuj\u0105ce zak\u0142ady i wyj\u0105tkowe mo\u017cliwo\u015bci czekaj\u0105 na Ciebie.","breadcrumb":{"@id":"https:\/\/spinbetter.center\/poland\/bonuses\/free-bet\/#breadcrumb"},"inLanguage":"pl-PL","potentialAction":[{"@type":"ReadAction","target":["https:\/\/spinbetter.center\/poland\/bonuses\/free-bet\/"]}]},{"@type":"BreadcrumbList","@id":"https:\/\/spinbetter.center\/poland\/bonuses\/free-bet\/#breadcrumb","itemListElement":[{"@type":"ListItem","position":1,"name":"Home","item":"https:\/\/spinbetter.center\/pl\/"},{"@type":"ListItem","position":2,"name":"Premie","item":"https:\/\/spinbetter.center\/pl\/bonuses\/"},{"@type":"ListItem","position":3,"name":"Darmowy zak\u0142ad"}]},{"@type":"WebSite","@id":"https:\/\/spinbetter.center\/pl\/#website","url":"https:\/\/spinbetter.center\/pl\/","name":"Spinbetter Win pl","description":"My WordPress Blog","potentialAction":[{"@type":"SearchAction","target":{"@type":"EntryPoint","urlTemplate":"https:\/\/spinbetter.center\/pl\/?s={search_term_string}"},"query-input":{"@type":"PropertyValueSpecification","valueRequired":true,"valueName":"search_term_string"}}],"inLanguage":"pl-PL"}]}},"_links":{"self":[{"href":"https:\/\/spinbetter.center\/pl\/wp-json\/wp\/v2\/pages\/744","targetHints":{"allow":["GET"]}}],"collection":[{"href":"https:\/\/spinbetter.center\/pl\/wp-json\/wp\/v2\/pages"}],"about":[{"href":"https:\/\/spinbetter.center\/pl\/wp-json\/wp\/v2\/types\/page"}],"author":[{"embeddable":true,"href":"https:\/\/spinbetter.center\/pl\/wp-json\/wp\/v2\/users\/1"}],"replies":[{"embeddable":true,"href":"https:\/\/spinbetter.center\/pl\/wp-json\/wp\/v2\/comments?post=744"}],"version-history":[{"count":4,"href":"https:\/\/spinbetter.center\/pl\/wp-json\/wp\/v2\/pages\/744\/revisions"}],"predecessor-version":[{"id":777,"href":"https:\/\/spinbetter.center\/pl\/wp-json\/wp\/v2\/pages\/744\/revisions\/777"}],"up":[{"embeddable":true,"href":"https:\/\/spinbetter.center\/pl\/wp-json\/wp\/v2\/pages\/272"}],"wp:attachment":[{"href":"https:\/\/spinbetter.center\/pl\/wp-json\/wp\/v2\/media?parent=744"}],"curies":[{"name":"wp","href":"https:\/\/api.w.org\/{rel}","templated":true}]}}