{"id":525,"date":"2025-03-31T05:43:58","date_gmt":"2025-03-31T05:43:58","guid":{"rendered":"https:\/\/spinbetter.center\/?page_id=525"},"modified":"2026-04-01T12:20:59","modified_gmt":"2026-04-01T12:20:59","slug":"freespins-telegram","status":"publish","type":"page","link":"https:\/\/spinbetter.center\/pl\/bonuses\/freespins-telegram\/","title":{"rendered":"Darmowe obroty"},"content":{"rendered":"","protected":false},"excerpt":{"rendered":"","protected":false},"author":1,"featured_media":0,"parent":272,"menu_order":0,"comment_status":"closed","ping_status":"closed","template":"","meta":{"footnotes":""},"class_list":["post-525","page","type-page","status-publish","hentry"],"yoast_head":"<!-- This site is optimized with the Yoast SEO plugin v27.4 - https:\/\/yoast.com\/product\/yoast-seo-wordpress\/ -->\n<title>Zdob\u0105d\u017a 100 darmowych spin\u00f3w przez SpinBetter: \u2714\ufe0f Subskrybuj na Telegramie<\/title>\n<meta name=\"description\" content=\"Chcesz otrzyma\u0107 100 darmowych spin\u00f3w? Zapisz si\u0119 do Telegramu SpinBetter i odbierz bonusowe spiny! B\u0105d\u017a pierwszym, kt\u00f3ry dowie si\u0119 o gor\u0105cych nowo\u015bciach i ekskluzywnych promocjach. Nie przegap swojej szansy na wygran\u0105 - dzia\u0142aj teraz!\" \/>\n<meta name=\"robots\" content=\"index, follow, max-snippet:-1, max-image-preview:large, max-video-preview:-1\" \/>\n<link rel=\"canonical\" href=\"https:\/\/spinbetter.center\/poland\/bonuses\/freespins-telegram\/\" \/>\n<meta property=\"og:locale\" content=\"pl_PL\" \/>\n<meta property=\"og:type\" content=\"article\" \/>\n<meta property=\"og:title\" content=\"Zdob\u0105d\u017a 100 darmowych spin\u00f3w przez SpinBetter: \u2714\ufe0f Subskrybuj na Telegramie\" \/>\n<meta property=\"og:description\" content=\"Chcesz otrzyma\u0107 100 darmowych spin\u00f3w? Zapisz si\u0119 do Telegramu SpinBetter i odbierz bonusowe spiny! B\u0105d\u017a pierwszym, kt\u00f3ry dowie si\u0119 o gor\u0105cych nowo\u015bciach i ekskluzywnych promocjach. Nie przegap swojej szansy na wygran\u0105 - dzia\u0142aj teraz!\" \/>\n<meta property=\"og:url\" content=\"https:\/\/spinbetter.center\/poland\/bonuses\/freespins-telegram\/\" \/>\n<meta property=\"og:site_name\" content=\"Spinbetter Win pl\" \/>\n<meta property=\"article:modified_time\" content=\"2026-04-01T12:20:59+00:00\" \/>\n<meta name=\"twitter:card\" content=\"summary_large_image\" \/>\n<script type=\"application\/ld+json\" class=\"yoast-schema-graph\">{\"@context\":\"https:\\\/\\\/schema.org\",\"@graph\":[{\"@type\":\"WebPage\",\"@id\":\"https:\\\/\\\/spinbetter.center\\\/pl\\\/bonuses\\\/freespins-telegram\\\/\",\"url\":\"https:\\\/\\\/spinbetter.center\\\/poland\\\/bonuses\\\/freespins-telegram\\\/\",\"name\":\"Zdob\u0105d\u017a 100 darmowych spin\u00f3w przez SpinBetter: \u2714\ufe0f Subskrybuj na Telegramie\",\"isPartOf\":{\"@id\":\"https:\\\/\\\/spinbetter.center\\\/pl\\\/#website\"},\"datePublished\":\"2025-03-31T05:43:58+00:00\",\"dateModified\":\"2026-04-01T12:20:59+00:00\",\"description\":\"Chcesz otrzyma\u0107 100 darmowych spin\u00f3w? Zapisz si\u0119 do Telegramu SpinBetter i odbierz bonusowe spiny! B\u0105d\u017a pierwszym, kt\u00f3ry dowie si\u0119 o gor\u0105cych nowo\u015bciach i ekskluzywnych promocjach. Nie przegap swojej szansy na wygran\u0105 - dzia\u0142aj teraz!\",\"breadcrumb\":{\"@id\":\"https:\\\/\\\/spinbetter.center\\\/poland\\\/bonuses\\\/freespins-telegram\\\/#breadcrumb\"},\"inLanguage\":\"pl-PL\",\"potentialAction\":[{\"@type\":\"ReadAction\",\"target\":[\"https:\\\/\\\/spinbetter.center\\\/poland\\\/bonuses\\\/freespins-telegram\\\/\"]}]},{\"@type\":\"BreadcrumbList\",\"@id\":\"https:\\\/\\\/spinbetter.center\\\/poland\\\/bonuses\\\/freespins-telegram\\\/#breadcrumb\",\"itemListElement\":[{\"@type\":\"ListItem\",\"position\":1,\"name\":\"Home\",\"item\":\"https:\\\/\\\/spinbetter.center\\\/pl\\\/\"},{\"@type\":\"ListItem\",\"position\":2,\"name\":\"Premie\",\"item\":\"https:\\\/\\\/spinbetter.center\\\/pl\\\/bonuses\\\/\"},{\"@type\":\"ListItem\",\"position\":3,\"name\":\"Darmowe obroty\"}]},{\"@type\":\"WebSite\",\"@id\":\"https:\\\/\\\/spinbetter.center\\\/pl\\\/#website\",\"url\":\"https:\\\/\\\/spinbetter.center\\\/pl\\\/\",\"name\":\"Spinbetter Win pl\",\"description\":\"My WordPress Blog\",\"potentialAction\":[{\"@type\":\"SearchAction\",\"target\":{\"@type\":\"EntryPoint\",\"urlTemplate\":\"https:\\\/\\\/spinbetter.center\\\/pl\\\/?s={search_term_string}\"},\"query-input\":{\"@type\":\"PropertyValueSpecification\",\"valueRequired\":true,\"valueName\":\"search_term_string\"}}],\"inLanguage\":\"pl-PL\"}]}<\/script>\n<!-- \/ Yoast SEO plugin. -->","yoast_head_json":{"title":"Zdob\u0105d\u017a 100 darmowych spin\u00f3w przez SpinBetter: \u2714\ufe0f Subskrybuj na Telegramie","description":"Chcesz otrzyma\u0107 100 darmowych spin\u00f3w? Zapisz si\u0119 do Telegramu SpinBetter i odbierz bonusowe spiny! B\u0105d\u017a pierwszym, kt\u00f3ry dowie si\u0119 o gor\u0105cych nowo\u015bciach i ekskluzywnych promocjach. Nie przegap swojej szansy na wygran\u0105 - dzia\u0142aj teraz!","robots":{"index":"index","follow":"follow","max-snippet":"max-snippet:-1","max-image-preview":"max-image-preview:large","max-video-preview":"max-video-preview:-1"},"canonical":"https:\/\/spinbetter.center\/poland\/bonuses\/freespins-telegram\/","og_locale":"pl_PL","og_type":"article","og_title":"Zdob\u0105d\u017a 100 darmowych spin\u00f3w przez SpinBetter: \u2714\ufe0f Subskrybuj na Telegramie","og_description":"Chcesz otrzyma\u0107 100 darmowych spin\u00f3w? Zapisz si\u0119 do Telegramu SpinBetter i odbierz bonusowe spiny! B\u0105d\u017a pierwszym, kt\u00f3ry dowie si\u0119 o gor\u0105cych nowo\u015bciach i ekskluzywnych promocjach. Nie przegap swojej szansy na wygran\u0105 - dzia\u0142aj teraz!","og_url":"https:\/\/spinbetter.center\/poland\/bonuses\/freespins-telegram\/","og_site_name":"Spinbetter Win pl","article_modified_time":"2026-04-01T12:20:59+00:00","twitter_card":"summary_large_image","schema":{"@context":"https:\/\/schema.org","@graph":[{"@type":"WebPage","@id":"https:\/\/spinbetter.center\/pl\/bonuses\/freespins-telegram\/","url":"https:\/\/spinbetter.center\/poland\/bonuses\/freespins-telegram\/","name":"Zdob\u0105d\u017a 100 darmowych spin\u00f3w przez SpinBetter: \u2714\ufe0f Subskrybuj na Telegramie","isPartOf":{"@id":"https:\/\/spinbetter.center\/pl\/#website"},"datePublished":"2025-03-31T05:43:58+00:00","dateModified":"2026-04-01T12:20:59+00:00","description":"Chcesz otrzyma\u0107 100 darmowych spin\u00f3w? Zapisz si\u0119 do Telegramu SpinBetter i odbierz bonusowe spiny! B\u0105d\u017a pierwszym, kt\u00f3ry dowie si\u0119 o gor\u0105cych nowo\u015bciach i ekskluzywnych promocjach. Nie przegap swojej szansy na wygran\u0105 - dzia\u0142aj teraz!","breadcrumb":{"@id":"https:\/\/spinbetter.center\/poland\/bonuses\/freespins-telegram\/#breadcrumb"},"inLanguage":"pl-PL","potentialAction":[{"@type":"ReadAction","target":["https:\/\/spinbetter.center\/poland\/bonuses\/freespins-telegram\/"]}]},{"@type":"BreadcrumbList","@id":"https:\/\/spinbetter.center\/poland\/bonuses\/freespins-telegram\/#breadcrumb","itemListElement":[{"@type":"ListItem","position":1,"name":"Home","item":"https:\/\/spinbetter.center\/pl\/"},{"@type":"ListItem","position":2,"name":"Premie","item":"https:\/\/spinbetter.center\/pl\/bonuses\/"},{"@type":"ListItem","position":3,"name":"Darmowe obroty"}]},{"@type":"WebSite","@id":"https:\/\/spinbetter.center\/pl\/#website","url":"https:\/\/spinbetter.center\/pl\/","name":"Spinbetter Win pl","description":"My WordPress Blog","potentialAction":[{"@type":"SearchAction","target":{"@type":"EntryPoint","urlTemplate":"https:\/\/spinbetter.center\/pl\/?s={search_term_string}"},"query-input":{"@type":"PropertyValueSpecification","valueRequired":true,"valueName":"search_term_string"}}],"inLanguage":"pl-PL"}]}},"_links":{"self":[{"href":"https:\/\/spinbetter.center\/pl\/wp-json\/wp\/v2\/pages\/525","targetHints":{"allow":["GET"]}}],"collection":[{"href":"https:\/\/spinbetter.center\/pl\/wp-json\/wp\/v2\/pages"}],"about":[{"href":"https:\/\/spinbetter.center\/pl\/wp-json\/wp\/v2\/types\/page"}],"author":[{"embeddable":true,"href":"https:\/\/spinbetter.center\/pl\/wp-json\/wp\/v2\/users\/1"}],"replies":[{"embeddable":true,"href":"https:\/\/spinbetter.center\/pl\/wp-json\/wp\/v2\/comments?post=525"}],"version-history":[{"count":2,"href":"https:\/\/spinbetter.center\/pl\/wp-json\/wp\/v2\/pages\/525\/revisions"}],"predecessor-version":[{"id":758,"href":"https:\/\/spinbetter.center\/pl\/wp-json\/wp\/v2\/pages\/525\/revisions\/758"}],"up":[{"embeddable":true,"href":"https:\/\/spinbetter.center\/pl\/wp-json\/wp\/v2\/pages\/272"}],"wp:attachment":[{"href":"https:\/\/spinbetter.center\/pl\/wp-json\/wp\/v2\/media?parent=525"}],"curies":[{"name":"wp","href":"https:\/\/api.w.org\/{rel}","templated":true}]}}