{"id":523,"date":"2025-03-31T05:35:59","date_gmt":"2025-03-31T05:35:59","guid":{"rendered":"https:\/\/spinbetter.center\/?page_id=523"},"modified":"2026-04-01T12:22:39","modified_gmt":"2026-04-01T12:22:39","slug":"betting-cashback","status":"publish","type":"page","link":"https:\/\/spinbetter.center\/pl\/bonuses\/betting-cashback\/","title":{"rendered":"Zwrot got\u00f3wki z zak\u0142ad\u00f3w"},"content":{"rendered":"","protected":false},"excerpt":{"rendered":"","protected":false},"author":1,"featured_media":0,"parent":272,"menu_order":0,"comment_status":"closed","ping_status":"closed","template":"","meta":{"footnotes":""},"class_list":["post-523","page","type-page","status-publish","hentry"],"yoast_head":"<!-- This site is optimized with the Yoast SEO plugin v27.4 - https:\/\/yoast.com\/product\/yoast-seo-wordpress\/ -->\n<title>Cashback w zak\u0142adach SpinBetter: \u2705 Cotygodniowy zwrot got\u00f3wki w wysoko\u015bci 3%<\/title>\n<meta name=\"description\" content=\"Nie poddawaj si\u0119 po przegranej! Uzyskaj 3% cashback na zak\u0142ady sportowe ze SpinBetter i odzyskaj cz\u0119\u015b\u0107 swoich strat. Dowiedz si\u0119, jak aktywowa\u0107 cotygodniowy zwrot got\u00f3wki i uczyni\u0107 swoj\u0105 gr\u0119 jeszcze bardziej op\u0142acaln\u0105!\" \/>\n<meta name=\"robots\" content=\"index, follow, max-snippet:-1, max-image-preview:large, max-video-preview:-1\" \/>\n<link rel=\"canonical\" href=\"https:\/\/spinbetter.center\/poland\/bonuses\/betting-cashback\/\" \/>\n<meta property=\"og:locale\" content=\"pl_PL\" \/>\n<meta property=\"og:type\" content=\"article\" \/>\n<meta property=\"og:title\" content=\"Cashback w zak\u0142adach SpinBetter: \u2705 Cotygodniowy zwrot got\u00f3wki w wysoko\u015bci 3%\" \/>\n<meta property=\"og:description\" content=\"Nie poddawaj si\u0119 po przegranej! Uzyskaj 3% cashback na zak\u0142ady sportowe ze SpinBetter i odzyskaj cz\u0119\u015b\u0107 swoich strat. Dowiedz si\u0119, jak aktywowa\u0107 cotygodniowy zwrot got\u00f3wki i uczyni\u0107 swoj\u0105 gr\u0119 jeszcze bardziej op\u0142acaln\u0105!\" \/>\n<meta property=\"og:url\" content=\"https:\/\/spinbetter.center\/poland\/bonuses\/betting-cashback\/\" \/>\n<meta property=\"og:site_name\" content=\"Spinbetter Win pl\" \/>\n<meta property=\"article:modified_time\" content=\"2026-04-01T12:22:39+00:00\" \/>\n<meta name=\"twitter:card\" content=\"summary_large_image\" \/>\n<script type=\"application\/ld+json\" class=\"yoast-schema-graph\">{\"@context\":\"https:\\\/\\\/schema.org\",\"@graph\":[{\"@type\":\"WebPage\",\"@id\":\"https:\\\/\\\/spinbetter.center\\\/pl\\\/bonuses\\\/betting-cashback\\\/\",\"url\":\"https:\\\/\\\/spinbetter.center\\\/poland\\\/bonuses\\\/betting-cashback\\\/\",\"name\":\"Cashback w zak\u0142adach SpinBetter: \u2705 Cotygodniowy zwrot got\u00f3wki w wysoko\u015bci 3%\",\"isPartOf\":{\"@id\":\"https:\\\/\\\/spinbetter.center\\\/pl\\\/#website\"},\"datePublished\":\"2025-03-31T05:35:59+00:00\",\"dateModified\":\"2026-04-01T12:22:39+00:00\",\"description\":\"Nie poddawaj si\u0119 po przegranej! Uzyskaj 3% cashback na zak\u0142ady sportowe ze SpinBetter i odzyskaj cz\u0119\u015b\u0107 swoich strat. Dowiedz si\u0119, jak aktywowa\u0107 cotygodniowy zwrot got\u00f3wki i uczyni\u0107 swoj\u0105 gr\u0119 jeszcze bardziej op\u0142acaln\u0105!\",\"breadcrumb\":{\"@id\":\"https:\\\/\\\/spinbetter.center\\\/poland\\\/bonuses\\\/betting-cashback\\\/#breadcrumb\"},\"inLanguage\":\"pl-PL\",\"potentialAction\":[{\"@type\":\"ReadAction\",\"target\":[\"https:\\\/\\\/spinbetter.center\\\/poland\\\/bonuses\\\/betting-cashback\\\/\"]}]},{\"@type\":\"BreadcrumbList\",\"@id\":\"https:\\\/\\\/spinbetter.center\\\/poland\\\/bonuses\\\/betting-cashback\\\/#breadcrumb\",\"itemListElement\":[{\"@type\":\"ListItem\",\"position\":1,\"name\":\"Home\",\"item\":\"https:\\\/\\\/spinbetter.center\\\/pl\\\/\"},{\"@type\":\"ListItem\",\"position\":2,\"name\":\"Premie\",\"item\":\"https:\\\/\\\/spinbetter.center\\\/pl\\\/bonuses\\\/\"},{\"@type\":\"ListItem\",\"position\":3,\"name\":\"Zwrot got\u00f3wki z zak\u0142ad\u00f3w\"}]},{\"@type\":\"WebSite\",\"@id\":\"https:\\\/\\\/spinbetter.center\\\/pl\\\/#website\",\"url\":\"https:\\\/\\\/spinbetter.center\\\/pl\\\/\",\"name\":\"Spinbetter Win pl\",\"description\":\"My WordPress Blog\",\"potentialAction\":[{\"@type\":\"SearchAction\",\"target\":{\"@type\":\"EntryPoint\",\"urlTemplate\":\"https:\\\/\\\/spinbetter.center\\\/pl\\\/?s={search_term_string}\"},\"query-input\":{\"@type\":\"PropertyValueSpecification\",\"valueRequired\":true,\"valueName\":\"search_term_string\"}}],\"inLanguage\":\"pl-PL\"}]}<\/script>\n<!-- \/ Yoast SEO plugin. -->","yoast_head_json":{"title":"Cashback w zak\u0142adach SpinBetter: \u2705 Cotygodniowy zwrot got\u00f3wki w wysoko\u015bci 3%","description":"Nie poddawaj si\u0119 po przegranej! Uzyskaj 3% cashback na zak\u0142ady sportowe ze SpinBetter i odzyskaj cz\u0119\u015b\u0107 swoich strat. Dowiedz si\u0119, jak aktywowa\u0107 cotygodniowy zwrot got\u00f3wki i uczyni\u0107 swoj\u0105 gr\u0119 jeszcze bardziej op\u0142acaln\u0105!","robots":{"index":"index","follow":"follow","max-snippet":"max-snippet:-1","max-image-preview":"max-image-preview:large","max-video-preview":"max-video-preview:-1"},"canonical":"https:\/\/spinbetter.center\/poland\/bonuses\/betting-cashback\/","og_locale":"pl_PL","og_type":"article","og_title":"Cashback w zak\u0142adach SpinBetter: \u2705 Cotygodniowy zwrot got\u00f3wki w wysoko\u015bci 3%","og_description":"Nie poddawaj si\u0119 po przegranej! Uzyskaj 3% cashback na zak\u0142ady sportowe ze SpinBetter i odzyskaj cz\u0119\u015b\u0107 swoich strat. Dowiedz si\u0119, jak aktywowa\u0107 cotygodniowy zwrot got\u00f3wki i uczyni\u0107 swoj\u0105 gr\u0119 jeszcze bardziej op\u0142acaln\u0105!","og_url":"https:\/\/spinbetter.center\/poland\/bonuses\/betting-cashback\/","og_site_name":"Spinbetter Win pl","article_modified_time":"2026-04-01T12:22:39+00:00","twitter_card":"summary_large_image","schema":{"@context":"https:\/\/schema.org","@graph":[{"@type":"WebPage","@id":"https:\/\/spinbetter.center\/pl\/bonuses\/betting-cashback\/","url":"https:\/\/spinbetter.center\/poland\/bonuses\/betting-cashback\/","name":"Cashback w zak\u0142adach SpinBetter: \u2705 Cotygodniowy zwrot got\u00f3wki w wysoko\u015bci 3%","isPartOf":{"@id":"https:\/\/spinbetter.center\/pl\/#website"},"datePublished":"2025-03-31T05:35:59+00:00","dateModified":"2026-04-01T12:22:39+00:00","description":"Nie poddawaj si\u0119 po przegranej! Uzyskaj 3% cashback na zak\u0142ady sportowe ze SpinBetter i odzyskaj cz\u0119\u015b\u0107 swoich strat. Dowiedz si\u0119, jak aktywowa\u0107 cotygodniowy zwrot got\u00f3wki i uczyni\u0107 swoj\u0105 gr\u0119 jeszcze bardziej op\u0142acaln\u0105!","breadcrumb":{"@id":"https:\/\/spinbetter.center\/poland\/bonuses\/betting-cashback\/#breadcrumb"},"inLanguage":"pl-PL","potentialAction":[{"@type":"ReadAction","target":["https:\/\/spinbetter.center\/poland\/bonuses\/betting-cashback\/"]}]},{"@type":"BreadcrumbList","@id":"https:\/\/spinbetter.center\/poland\/bonuses\/betting-cashback\/#breadcrumb","itemListElement":[{"@type":"ListItem","position":1,"name":"Home","item":"https:\/\/spinbetter.center\/pl\/"},{"@type":"ListItem","position":2,"name":"Premie","item":"https:\/\/spinbetter.center\/pl\/bonuses\/"},{"@type":"ListItem","position":3,"name":"Zwrot got\u00f3wki z zak\u0142ad\u00f3w"}]},{"@type":"WebSite","@id":"https:\/\/spinbetter.center\/pl\/#website","url":"https:\/\/spinbetter.center\/pl\/","name":"Spinbetter Win pl","description":"My WordPress Blog","potentialAction":[{"@type":"SearchAction","target":{"@type":"EntryPoint","urlTemplate":"https:\/\/spinbetter.center\/pl\/?s={search_term_string}"},"query-input":{"@type":"PropertyValueSpecification","valueRequired":true,"valueName":"search_term_string"}}],"inLanguage":"pl-PL"}]}},"_links":{"self":[{"href":"https:\/\/spinbetter.center\/pl\/wp-json\/wp\/v2\/pages\/523","targetHints":{"allow":["GET"]}}],"collection":[{"href":"https:\/\/spinbetter.center\/pl\/wp-json\/wp\/v2\/pages"}],"about":[{"href":"https:\/\/spinbetter.center\/pl\/wp-json\/wp\/v2\/types\/page"}],"author":[{"embeddable":true,"href":"https:\/\/spinbetter.center\/pl\/wp-json\/wp\/v2\/users\/1"}],"replies":[{"embeddable":true,"href":"https:\/\/spinbetter.center\/pl\/wp-json\/wp\/v2\/comments?post=523"}],"version-history":[{"count":4,"href":"https:\/\/spinbetter.center\/pl\/wp-json\/wp\/v2\/pages\/523\/revisions"}],"predecessor-version":[{"id":750,"href":"https:\/\/spinbetter.center\/pl\/wp-json\/wp\/v2\/pages\/523\/revisions\/750"}],"up":[{"embeddable":true,"href":"https:\/\/spinbetter.center\/pl\/wp-json\/wp\/v2\/pages\/272"}],"wp:attachment":[{"href":"https:\/\/spinbetter.center\/pl\/wp-json\/wp\/v2\/media?parent=523"}],"curies":[{"name":"wp","href":"https:\/\/api.w.org\/{rel}","templated":true}]}}