{"id":519,"date":"2025-03-28T15:29:30","date_gmt":"2025-03-28T15:29:30","guid":{"rendered":"https:\/\/spinbetter.center\/?page_id=519"},"modified":"2026-04-01T12:21:48","modified_gmt":"2026-04-01T12:21:48","slug":"first-deposit","status":"publish","type":"page","link":"https:\/\/spinbetter.center\/pl\/bonuses\/first-deposit\/","title":{"rendered":"Pierwsza wp\u0142ata"},"content":{"rendered":"","protected":false},"excerpt":{"rendered":"","protected":false},"author":1,"featured_media":0,"parent":272,"menu_order":0,"comment_status":"closed","ping_status":"closed","template":"","meta":{"footnotes":""},"class_list":["post-519","page","type-page","status-publish","hentry"],"yoast_head":"<!-- This site is optimized with the Yoast SEO plugin v27.4 - https:\/\/yoast.com\/product\/yoast-seo-wordpress\/ -->\n<title>Pakiet powitalny SpinBetter: 6500 PLN i 150 darmowych spin\u00f3w w kasynie!<\/title>\n<meta name=\"description\" content=\"Otw\u00f3rz drzwi do \u015bwiata hazardu z ol\u015bniewaj\u0105cym pakietem powitalnym od SpinBetter! Cztery pot\u0119\u017cne do\u0142adowania, a\u017c do 6500 PLN i 150 darmowych spin\u00f3w! Nie przegap szansy na spr\u00f3bowanie szcz\u0119\u015bcia i zdobycie imponuj\u0105cych bonus\u00f3w, kt\u00f3re sprawi\u0105, \u017ce Twoja sesja gry b\u0119dzie niezapomniana!\" \/>\n<meta name=\"robots\" content=\"index, follow, max-snippet:-1, max-image-preview:large, max-video-preview:-1\" \/>\n<link rel=\"canonical\" href=\"https:\/\/spinbetter.center\/poland\/bonuses\/first-deposit\/\" \/>\n<meta property=\"og:locale\" content=\"pl_PL\" \/>\n<meta property=\"og:type\" content=\"article\" \/>\n<meta property=\"og:title\" content=\"Pakiet powitalny SpinBetter: 6500 PLN i 150 darmowych spin\u00f3w w kasynie!\" \/>\n<meta property=\"og:description\" content=\"Otw\u00f3rz drzwi do \u015bwiata hazardu z ol\u015bniewaj\u0105cym pakietem powitalnym od SpinBetter! Cztery pot\u0119\u017cne do\u0142adowania, a\u017c do 6500 PLN i 150 darmowych spin\u00f3w! Nie przegap szansy na spr\u00f3bowanie szcz\u0119\u015bcia i zdobycie imponuj\u0105cych bonus\u00f3w, kt\u00f3re sprawi\u0105, \u017ce Twoja sesja gry b\u0119dzie niezapomniana!\" \/>\n<meta property=\"og:url\" content=\"https:\/\/spinbetter.center\/poland\/bonuses\/first-deposit\/\" \/>\n<meta property=\"og:site_name\" content=\"Spinbetter Win pl\" \/>\n<meta property=\"article:modified_time\" content=\"2026-04-01T12:21:48+00:00\" \/>\n<meta name=\"twitter:card\" content=\"summary_large_image\" \/>\n<script type=\"application\/ld+json\" class=\"yoast-schema-graph\">{\"@context\":\"https:\\\/\\\/schema.org\",\"@graph\":[{\"@type\":\"WebPage\",\"@id\":\"https:\\\/\\\/spinbetter.center\\\/pl\\\/bonuses\\\/first-deposit\\\/\",\"url\":\"https:\\\/\\\/spinbetter.center\\\/poland\\\/bonuses\\\/first-deposit\\\/\",\"name\":\"Pakiet powitalny SpinBetter: 6500 PLN i 150 darmowych spin\u00f3w w kasynie!\",\"isPartOf\":{\"@id\":\"https:\\\/\\\/spinbetter.center\\\/pl\\\/#website\"},\"datePublished\":\"2025-03-28T15:29:30+00:00\",\"dateModified\":\"2026-04-01T12:21:48+00:00\",\"description\":\"Otw\u00f3rz drzwi do \u015bwiata hazardu z ol\u015bniewaj\u0105cym pakietem powitalnym od SpinBetter! Cztery pot\u0119\u017cne do\u0142adowania, a\u017c do 6500 PLN i 150 darmowych spin\u00f3w! Nie przegap szansy na spr\u00f3bowanie szcz\u0119\u015bcia i zdobycie imponuj\u0105cych bonus\u00f3w, kt\u00f3re sprawi\u0105, \u017ce Twoja sesja gry b\u0119dzie niezapomniana!\",\"breadcrumb\":{\"@id\":\"https:\\\/\\\/spinbetter.center\\\/poland\\\/bonuses\\\/first-deposit\\\/#breadcrumb\"},\"inLanguage\":\"pl-PL\",\"potentialAction\":[{\"@type\":\"ReadAction\",\"target\":[\"https:\\\/\\\/spinbetter.center\\\/poland\\\/bonuses\\\/first-deposit\\\/\"]}]},{\"@type\":\"BreadcrumbList\",\"@id\":\"https:\\\/\\\/spinbetter.center\\\/poland\\\/bonuses\\\/first-deposit\\\/#breadcrumb\",\"itemListElement\":[{\"@type\":\"ListItem\",\"position\":1,\"name\":\"Home\",\"item\":\"https:\\\/\\\/spinbetter.center\\\/pl\\\/\"},{\"@type\":\"ListItem\",\"position\":2,\"name\":\"Premie\",\"item\":\"https:\\\/\\\/spinbetter.center\\\/pl\\\/bonuses\\\/\"},{\"@type\":\"ListItem\",\"position\":3,\"name\":\"Pierwsza wp\u0142ata\"}]},{\"@type\":\"WebSite\",\"@id\":\"https:\\\/\\\/spinbetter.center\\\/pl\\\/#website\",\"url\":\"https:\\\/\\\/spinbetter.center\\\/pl\\\/\",\"name\":\"Spinbetter Win pl\",\"description\":\"My WordPress Blog\",\"potentialAction\":[{\"@type\":\"SearchAction\",\"target\":{\"@type\":\"EntryPoint\",\"urlTemplate\":\"https:\\\/\\\/spinbetter.center\\\/pl\\\/?s={search_term_string}\"},\"query-input\":{\"@type\":\"PropertyValueSpecification\",\"valueRequired\":true,\"valueName\":\"search_term_string\"}}],\"inLanguage\":\"pl-PL\"}]}<\/script>\n<!-- \/ Yoast SEO plugin. -->","yoast_head_json":{"title":"Pakiet powitalny SpinBetter: 6500 PLN i 150 darmowych spin\u00f3w w kasynie!","description":"Otw\u00f3rz drzwi do \u015bwiata hazardu z ol\u015bniewaj\u0105cym pakietem powitalnym od SpinBetter! Cztery pot\u0119\u017cne do\u0142adowania, a\u017c do 6500 PLN i 150 darmowych spin\u00f3w! Nie przegap szansy na spr\u00f3bowanie szcz\u0119\u015bcia i zdobycie imponuj\u0105cych bonus\u00f3w, kt\u00f3re sprawi\u0105, \u017ce Twoja sesja gry b\u0119dzie niezapomniana!","robots":{"index":"index","follow":"follow","max-snippet":"max-snippet:-1","max-image-preview":"max-image-preview:large","max-video-preview":"max-video-preview:-1"},"canonical":"https:\/\/spinbetter.center\/poland\/bonuses\/first-deposit\/","og_locale":"pl_PL","og_type":"article","og_title":"Pakiet powitalny SpinBetter: 6500 PLN i 150 darmowych spin\u00f3w w kasynie!","og_description":"Otw\u00f3rz drzwi do \u015bwiata hazardu z ol\u015bniewaj\u0105cym pakietem powitalnym od SpinBetter! Cztery pot\u0119\u017cne do\u0142adowania, a\u017c do 6500 PLN i 150 darmowych spin\u00f3w! Nie przegap szansy na spr\u00f3bowanie szcz\u0119\u015bcia i zdobycie imponuj\u0105cych bonus\u00f3w, kt\u00f3re sprawi\u0105, \u017ce Twoja sesja gry b\u0119dzie niezapomniana!","og_url":"https:\/\/spinbetter.center\/poland\/bonuses\/first-deposit\/","og_site_name":"Spinbetter Win pl","article_modified_time":"2026-04-01T12:21:48+00:00","twitter_card":"summary_large_image","schema":{"@context":"https:\/\/schema.org","@graph":[{"@type":"WebPage","@id":"https:\/\/spinbetter.center\/pl\/bonuses\/first-deposit\/","url":"https:\/\/spinbetter.center\/poland\/bonuses\/first-deposit\/","name":"Pakiet powitalny SpinBetter: 6500 PLN i 150 darmowych spin\u00f3w w kasynie!","isPartOf":{"@id":"https:\/\/spinbetter.center\/pl\/#website"},"datePublished":"2025-03-28T15:29:30+00:00","dateModified":"2026-04-01T12:21:48+00:00","description":"Otw\u00f3rz drzwi do \u015bwiata hazardu z ol\u015bniewaj\u0105cym pakietem powitalnym od SpinBetter! Cztery pot\u0119\u017cne do\u0142adowania, a\u017c do 6500 PLN i 150 darmowych spin\u00f3w! Nie przegap szansy na spr\u00f3bowanie szcz\u0119\u015bcia i zdobycie imponuj\u0105cych bonus\u00f3w, kt\u00f3re sprawi\u0105, \u017ce Twoja sesja gry b\u0119dzie niezapomniana!","breadcrumb":{"@id":"https:\/\/spinbetter.center\/poland\/bonuses\/first-deposit\/#breadcrumb"},"inLanguage":"pl-PL","potentialAction":[{"@type":"ReadAction","target":["https:\/\/spinbetter.center\/poland\/bonuses\/first-deposit\/"]}]},{"@type":"BreadcrumbList","@id":"https:\/\/spinbetter.center\/poland\/bonuses\/first-deposit\/#breadcrumb","itemListElement":[{"@type":"ListItem","position":1,"name":"Home","item":"https:\/\/spinbetter.center\/pl\/"},{"@type":"ListItem","position":2,"name":"Premie","item":"https:\/\/spinbetter.center\/pl\/bonuses\/"},{"@type":"ListItem","position":3,"name":"Pierwsza wp\u0142ata"}]},{"@type":"WebSite","@id":"https:\/\/spinbetter.center\/pl\/#website","url":"https:\/\/spinbetter.center\/pl\/","name":"Spinbetter Win pl","description":"My WordPress Blog","potentialAction":[{"@type":"SearchAction","target":{"@type":"EntryPoint","urlTemplate":"https:\/\/spinbetter.center\/pl\/?s={search_term_string}"},"query-input":{"@type":"PropertyValueSpecification","valueRequired":true,"valueName":"search_term_string"}}],"inLanguage":"pl-PL"}]}},"_links":{"self":[{"href":"https:\/\/spinbetter.center\/pl\/wp-json\/wp\/v2\/pages\/519","targetHints":{"allow":["GET"]}}],"collection":[{"href":"https:\/\/spinbetter.center\/pl\/wp-json\/wp\/v2\/pages"}],"about":[{"href":"https:\/\/spinbetter.center\/pl\/wp-json\/wp\/v2\/types\/page"}],"author":[{"embeddable":true,"href":"https:\/\/spinbetter.center\/pl\/wp-json\/wp\/v2\/users\/1"}],"replies":[{"embeddable":true,"href":"https:\/\/spinbetter.center\/pl\/wp-json\/wp\/v2\/comments?post=519"}],"version-history":[{"count":2,"href":"https:\/\/spinbetter.center\/pl\/wp-json\/wp\/v2\/pages\/519\/revisions"}],"predecessor-version":[{"id":753,"href":"https:\/\/spinbetter.center\/pl\/wp-json\/wp\/v2\/pages\/519\/revisions\/753"}],"up":[{"embeddable":true,"href":"https:\/\/spinbetter.center\/pl\/wp-json\/wp\/v2\/pages\/272"}],"wp:attachment":[{"href":"https:\/\/spinbetter.center\/pl\/wp-json\/wp\/v2\/media?parent=519"}],"curies":[{"name":"wp","href":"https:\/\/api.w.org\/{rel}","templated":true}]}}