{"id":319,"date":"2024-10-22T13:42:47","date_gmt":"2024-10-22T13:42:47","guid":{"rendered":"https:\/\/spinbetter.center\/?page_id=319"},"modified":"2026-04-01T12:16:14","modified_gmt":"2026-04-01T12:16:14","slug":"app","status":"publish","type":"page","link":"https:\/\/spinbetter.center\/pl\/app\/","title":{"rendered":"Aplikacja"},"content":{"rendered":"","protected":false},"excerpt":{"rendered":"","protected":false},"author":1,"featured_media":0,"parent":0,"menu_order":0,"comment_status":"closed","ping_status":"closed","template":"","meta":{"footnotes":""},"class_list":["post-319","page","type-page","status-publish","hentry"],"yoast_head":"<!-- This site is optimized with the Yoast SEO plugin v27.4 - https:\/\/yoast.com\/product\/yoast-seo-wordpress\/ -->\n<title>Pobierz aplikacj\u0119 Spinbetter do zak\u0142ad\u00f3w sportowych i gier kasynowych<\/title>\n<meta name=\"description\" content=\"Gotowy, by podnie\u015b\u0107 poziom swojej gry? Pobierz aplikacj\u0119 Spinbetter Polska ju\u017c teraz i uwolnij nieograniczone emocje dzi\u0119ki ekscytuj\u0105cym zak\u0142adom sportowym i elektryzuj\u0105cym grom kasynowym.\" \/>\n<meta name=\"robots\" content=\"index, follow, max-snippet:-1, max-image-preview:large, max-video-preview:-1\" \/>\n<link rel=\"canonical\" href=\"https:\/\/spinbetter.center\/poland\/app\/\" \/>\n<meta property=\"og:locale\" content=\"pl_PL\" \/>\n<meta property=\"og:type\" content=\"article\" \/>\n<meta property=\"og:title\" content=\"Pobierz aplikacj\u0119 Spinbetter do zak\u0142ad\u00f3w sportowych i gier kasynowych\" \/>\n<meta property=\"og:description\" content=\"Gotowy, by podnie\u015b\u0107 poziom swojej gry? Pobierz aplikacj\u0119 Spinbetter Polska ju\u017c teraz i uwolnij nieograniczone emocje dzi\u0119ki ekscytuj\u0105cym zak\u0142adom sportowym i elektryzuj\u0105cym grom kasynowym.\" \/>\n<meta property=\"og:url\" content=\"https:\/\/spinbetter.center\/poland\/app\/\" \/>\n<meta property=\"og:site_name\" content=\"Spinbetter Win pl\" \/>\n<meta property=\"article:modified_time\" content=\"2026-04-01T12:16:14+00:00\" \/>\n<meta name=\"twitter:card\" content=\"summary_large_image\" \/>\n<script type=\"application\/ld+json\" class=\"yoast-schema-graph\">{\"@context\":\"https:\\\/\\\/schema.org\",\"@graph\":[{\"@type\":\"WebPage\",\"@id\":\"https:\\\/\\\/spinbetter.center\\\/pl\\\/app\\\/\",\"url\":\"https:\\\/\\\/spinbetter.center\\\/poland\\\/app\\\/\",\"name\":\"Pobierz aplikacj\u0119 Spinbetter do zak\u0142ad\u00f3w sportowych i gier kasynowych\",\"isPartOf\":{\"@id\":\"https:\\\/\\\/spinbetter.center\\\/pl\\\/#website\"},\"datePublished\":\"2024-10-22T13:42:47+00:00\",\"dateModified\":\"2026-04-01T12:16:14+00:00\",\"description\":\"Gotowy, by podnie\u015b\u0107 poziom swojej gry? Pobierz aplikacj\u0119 Spinbetter Polska ju\u017c teraz i uwolnij nieograniczone emocje dzi\u0119ki ekscytuj\u0105cym zak\u0142adom sportowym i elektryzuj\u0105cym grom kasynowym.\",\"breadcrumb\":{\"@id\":\"https:\\\/\\\/spinbetter.center\\\/poland\\\/app\\\/#breadcrumb\"},\"inLanguage\":\"pl-PL\",\"potentialAction\":[{\"@type\":\"ReadAction\",\"target\":[\"https:\\\/\\\/spinbetter.center\\\/poland\\\/app\\\/\"]}]},{\"@type\":\"BreadcrumbList\",\"@id\":\"https:\\\/\\\/spinbetter.center\\\/poland\\\/app\\\/#breadcrumb\",\"itemListElement\":[{\"@type\":\"ListItem\",\"position\":1,\"name\":\"Home\",\"item\":\"https:\\\/\\\/spinbetter.center\\\/pl\\\/\"},{\"@type\":\"ListItem\",\"position\":2,\"name\":\"Aplikacja\"}]},{\"@type\":\"WebSite\",\"@id\":\"https:\\\/\\\/spinbetter.center\\\/pl\\\/#website\",\"url\":\"https:\\\/\\\/spinbetter.center\\\/pl\\\/\",\"name\":\"Spinbetter Win pl\",\"description\":\"My WordPress Blog\",\"potentialAction\":[{\"@type\":\"SearchAction\",\"target\":{\"@type\":\"EntryPoint\",\"urlTemplate\":\"https:\\\/\\\/spinbetter.center\\\/pl\\\/?s={search_term_string}\"},\"query-input\":{\"@type\":\"PropertyValueSpecification\",\"valueRequired\":true,\"valueName\":\"search_term_string\"}}],\"inLanguage\":\"pl-PL\"}]}<\/script>\n<!-- \/ Yoast SEO plugin. -->","yoast_head_json":{"title":"Pobierz aplikacj\u0119 Spinbetter do zak\u0142ad\u00f3w sportowych i gier kasynowych","description":"Gotowy, by podnie\u015b\u0107 poziom swojej gry? Pobierz aplikacj\u0119 Spinbetter Polska ju\u017c teraz i uwolnij nieograniczone emocje dzi\u0119ki ekscytuj\u0105cym zak\u0142adom sportowym i elektryzuj\u0105cym grom kasynowym.","robots":{"index":"index","follow":"follow","max-snippet":"max-snippet:-1","max-image-preview":"max-image-preview:large","max-video-preview":"max-video-preview:-1"},"canonical":"https:\/\/spinbetter.center\/poland\/app\/","og_locale":"pl_PL","og_type":"article","og_title":"Pobierz aplikacj\u0119 Spinbetter do zak\u0142ad\u00f3w sportowych i gier kasynowych","og_description":"Gotowy, by podnie\u015b\u0107 poziom swojej gry? Pobierz aplikacj\u0119 Spinbetter Polska ju\u017c teraz i uwolnij nieograniczone emocje dzi\u0119ki ekscytuj\u0105cym zak\u0142adom sportowym i elektryzuj\u0105cym grom kasynowym.","og_url":"https:\/\/spinbetter.center\/poland\/app\/","og_site_name":"Spinbetter Win pl","article_modified_time":"2026-04-01T12:16:14+00:00","twitter_card":"summary_large_image","schema":{"@context":"https:\/\/schema.org","@graph":[{"@type":"WebPage","@id":"https:\/\/spinbetter.center\/pl\/app\/","url":"https:\/\/spinbetter.center\/poland\/app\/","name":"Pobierz aplikacj\u0119 Spinbetter do zak\u0142ad\u00f3w sportowych i gier kasynowych","isPartOf":{"@id":"https:\/\/spinbetter.center\/pl\/#website"},"datePublished":"2024-10-22T13:42:47+00:00","dateModified":"2026-04-01T12:16:14+00:00","description":"Gotowy, by podnie\u015b\u0107 poziom swojej gry? Pobierz aplikacj\u0119 Spinbetter Polska ju\u017c teraz i uwolnij nieograniczone emocje dzi\u0119ki ekscytuj\u0105cym zak\u0142adom sportowym i elektryzuj\u0105cym grom kasynowym.","breadcrumb":{"@id":"https:\/\/spinbetter.center\/poland\/app\/#breadcrumb"},"inLanguage":"pl-PL","potentialAction":[{"@type":"ReadAction","target":["https:\/\/spinbetter.center\/poland\/app\/"]}]},{"@type":"BreadcrumbList","@id":"https:\/\/spinbetter.center\/poland\/app\/#breadcrumb","itemListElement":[{"@type":"ListItem","position":1,"name":"Home","item":"https:\/\/spinbetter.center\/pl\/"},{"@type":"ListItem","position":2,"name":"Aplikacja"}]},{"@type":"WebSite","@id":"https:\/\/spinbetter.center\/pl\/#website","url":"https:\/\/spinbetter.center\/pl\/","name":"Spinbetter Win pl","description":"My WordPress Blog","potentialAction":[{"@type":"SearchAction","target":{"@type":"EntryPoint","urlTemplate":"https:\/\/spinbetter.center\/pl\/?s={search_term_string}"},"query-input":{"@type":"PropertyValueSpecification","valueRequired":true,"valueName":"search_term_string"}}],"inLanguage":"pl-PL"}]}},"amp_enabled":true,"_links":{"self":[{"href":"https:\/\/spinbetter.center\/pl\/wp-json\/wp\/v2\/pages\/319","targetHints":{"allow":["GET"]}}],"collection":[{"href":"https:\/\/spinbetter.center\/pl\/wp-json\/wp\/v2\/pages"}],"about":[{"href":"https:\/\/spinbetter.center\/pl\/wp-json\/wp\/v2\/types\/page"}],"author":[{"embeddable":true,"href":"https:\/\/spinbetter.center\/pl\/wp-json\/wp\/v2\/users\/1"}],"replies":[{"embeddable":true,"href":"https:\/\/spinbetter.center\/pl\/wp-json\/wp\/v2\/comments?post=319"}],"version-history":[{"count":2,"href":"https:\/\/spinbetter.center\/pl\/wp-json\/wp\/v2\/pages\/319\/revisions"}],"predecessor-version":[{"id":793,"href":"https:\/\/spinbetter.center\/pl\/wp-json\/wp\/v2\/pages\/319\/revisions\/793"}],"wp:attachment":[{"href":"https:\/\/spinbetter.center\/pl\/wp-json\/wp\/v2\/media?parent=319"}],"curies":[{"name":"wp","href":"https:\/\/api.w.org\/{rel}","templated":true}]}}