{"id":422,"date":"2024-11-11T09:29:24","date_gmt":"2024-11-11T09:29:24","guid":{"rendered":"https:\/\/spinbetter.center\/no\/?page_id=422"},"modified":"2025-03-10T14:34:46","modified_gmt":"2025-03-10T14:34:46","slug":"login","status":"publish","type":"page","link":"https:\/\/spinbetter.center\/no\/login\/","title":{"rendered":"Logg inn"},"content":{"rendered":"","protected":false},"excerpt":{"rendered":"","protected":false},"author":1,"featured_media":0,"parent":0,"menu_order":0,"comment_status":"closed","ping_status":"closed","template":"","meta":{"footnotes":""},"class_list":["post-422","page","type-page","status-publish","hentry"],"yoast_head":"<!-- This site is optimized with the Yoast SEO plugin v24.5 - https:\/\/yoast.com\/wordpress\/plugins\/seo\/ -->\n<title>SpinBetter Authorisation | Instruksjoner om hvordan du gjenoppretter tilgang<\/title>\n<meta name=\"description\" content=\"Grunnleggende metoder for \u00e5 logge inn p\u00e5 SpinBetter Norge-kontoen. Steg-for-steg-veiledning for \u00e5 gjenopprette et glemt passord. L\u00f8sninger p\u00e5 vanlige p\u00e5loggingsproblemer.\" \/>\n<meta name=\"robots\" content=\"index, follow, max-snippet:-1, max-image-preview:large, max-video-preview:-1\" \/>\n<link rel=\"canonical\" href=\"https:\/\/spinbetter.center\/no\/login\/\" \/>\n<meta property=\"og:locale\" content=\"nb_NO\" \/>\n<meta property=\"og:type\" content=\"article\" \/>\n<meta property=\"og:title\" content=\"SpinBetter Authorisation | Instruksjoner om hvordan du gjenoppretter tilgang\" \/>\n<meta property=\"og:description\" content=\"Grunnleggende metoder for \u00e5 logge inn p\u00e5 SpinBetter Norge-kontoen. Steg-for-steg-veiledning for \u00e5 gjenopprette et glemt passord. L\u00f8sninger p\u00e5 vanlige p\u00e5loggingsproblemer.\" \/>\n<meta property=\"og:url\" content=\"https:\/\/spinbetter.center\/no\/login\/\" \/>\n<meta property=\"og:site_name\" content=\"Spinbetter Center no\" \/>\n<meta property=\"article:modified_time\" content=\"2025-03-10T14:34:46+00:00\" \/>\n<meta name=\"twitter:card\" content=\"summary_large_image\" \/>\n<meta name=\"twitter:label1\" content=\"Ansl. lesetid\" \/>\n\t<meta name=\"twitter:data1\" content=\"1 minutt\" \/>\n<script type=\"application\/ld+json\" class=\"yoast-schema-graph\">{\"@context\":\"https:\/\/schema.org\",\"@graph\":[{\"@type\":\"WebPage\",\"@id\":\"https:\/\/spinbetter.center\/no\/login\/\",\"url\":\"https:\/\/spinbetter.center\/no\/login\/\",\"name\":\"SpinBetter Authorisation | Instruksjoner om hvordan du gjenoppretter tilgang\",\"isPartOf\":{\"@id\":\"https:\/\/spinbetter.center\/no\/#website\"},\"datePublished\":\"2024-11-11T09:29:24+00:00\",\"dateModified\":\"2025-03-10T14:34:46+00:00\",\"description\":\"Grunnleggende metoder for \u00e5 logge inn p\u00e5 SpinBetter Norge-kontoen. Steg-for-steg-veiledning for \u00e5 gjenopprette et glemt passord. L\u00f8sninger p\u00e5 vanlige p\u00e5loggingsproblemer.\",\"breadcrumb\":{\"@id\":\"https:\/\/spinbetter.center\/no\/login\/#breadcrumb\"},\"inLanguage\":\"nb-NO\",\"potentialAction\":[{\"@type\":\"ReadAction\",\"target\":[\"https:\/\/spinbetter.center\/no\/login\/\"]}]},{\"@type\":\"BreadcrumbList\",\"@id\":\"https:\/\/spinbetter.center\/no\/login\/#breadcrumb\",\"itemListElement\":[{\"@type\":\"ListItem\",\"position\":1,\"name\":\"Home\",\"item\":\"https:\/\/spinbetter.center\/no\/\"},{\"@type\":\"ListItem\",\"position\":2,\"name\":\"Logg inn\"}]},{\"@type\":\"WebSite\",\"@id\":\"https:\/\/spinbetter.center\/no\/#website\",\"url\":\"https:\/\/spinbetter.center\/no\/\",\"name\":\"SpinBetter\",\"description\":\"SpinBetter\",\"alternateName\":\"Spin Better\",\"potentialAction\":[{\"@type\":\"SearchAction\",\"target\":{\"@type\":\"EntryPoint\",\"urlTemplate\":\"https:\/\/spinbetter.center\/no\/?s={search_term_string}\"},\"query-input\":{\"@type\":\"PropertyValueSpecification\",\"valueRequired\":true,\"valueName\":\"search_term_string\"}}],\"inLanguage\":\"nb-NO\"}]}<\/script>\n<!-- \/ Yoast SEO plugin. -->","yoast_head_json":{"title":"SpinBetter Authorisation | Instruksjoner om hvordan du gjenoppretter tilgang","description":"Grunnleggende metoder for \u00e5 logge inn p\u00e5 SpinBetter Norge-kontoen. Steg-for-steg-veiledning for \u00e5 gjenopprette et glemt passord. L\u00f8sninger p\u00e5 vanlige p\u00e5loggingsproblemer.","robots":{"index":"index","follow":"follow","max-snippet":"max-snippet:-1","max-image-preview":"max-image-preview:large","max-video-preview":"max-video-preview:-1"},"canonical":"https:\/\/spinbetter.center\/no\/login\/","og_locale":"nb_NO","og_type":"article","og_title":"SpinBetter Authorisation | Instruksjoner om hvordan du gjenoppretter tilgang","og_description":"Grunnleggende metoder for \u00e5 logge inn p\u00e5 SpinBetter Norge-kontoen. Steg-for-steg-veiledning for \u00e5 gjenopprette et glemt passord. L\u00f8sninger p\u00e5 vanlige p\u00e5loggingsproblemer.","og_url":"https:\/\/spinbetter.center\/no\/login\/","og_site_name":"Spinbetter Center no","article_modified_time":"2025-03-10T14:34:46+00:00","twitter_card":"summary_large_image","twitter_misc":{"Ansl. lesetid":"1 minutt"},"schema":{"@context":"https:\/\/schema.org","@graph":[{"@type":"WebPage","@id":"https:\/\/spinbetter.center\/no\/login\/","url":"https:\/\/spinbetter.center\/no\/login\/","name":"SpinBetter Authorisation | Instruksjoner om hvordan du gjenoppretter tilgang","isPartOf":{"@id":"https:\/\/spinbetter.center\/no\/#website"},"datePublished":"2024-11-11T09:29:24+00:00","dateModified":"2025-03-10T14:34:46+00:00","description":"Grunnleggende metoder for \u00e5 logge inn p\u00e5 SpinBetter Norge-kontoen. Steg-for-steg-veiledning for \u00e5 gjenopprette et glemt passord. L\u00f8sninger p\u00e5 vanlige p\u00e5loggingsproblemer.","breadcrumb":{"@id":"https:\/\/spinbetter.center\/no\/login\/#breadcrumb"},"inLanguage":"nb-NO","potentialAction":[{"@type":"ReadAction","target":["https:\/\/spinbetter.center\/no\/login\/"]}]},{"@type":"BreadcrumbList","@id":"https:\/\/spinbetter.center\/no\/login\/#breadcrumb","itemListElement":[{"@type":"ListItem","position":1,"name":"Home","item":"https:\/\/spinbetter.center\/no\/"},{"@type":"ListItem","position":2,"name":"Logg inn"}]},{"@type":"WebSite","@id":"https:\/\/spinbetter.center\/no\/#website","url":"https:\/\/spinbetter.center\/no\/","name":"SpinBetter","description":"SpinBetter","alternateName":"Spin Better","potentialAction":[{"@type":"SearchAction","target":{"@type":"EntryPoint","urlTemplate":"https:\/\/spinbetter.center\/no\/?s={search_term_string}"},"query-input":{"@type":"PropertyValueSpecification","valueRequired":true,"valueName":"search_term_string"}}],"inLanguage":"nb-NO"}]}},"_links":{"self":[{"href":"https:\/\/spinbetter.center\/no\/wp-json\/wp\/v2\/pages\/422","targetHints":{"allow":["GET"]}}],"collection":[{"href":"https:\/\/spinbetter.center\/no\/wp-json\/wp\/v2\/pages"}],"about":[{"href":"https:\/\/spinbetter.center\/no\/wp-json\/wp\/v2\/types\/page"}],"author":[{"embeddable":true,"href":"https:\/\/spinbetter.center\/no\/wp-json\/wp\/v2\/users\/1"}],"replies":[{"embeddable":true,"href":"https:\/\/spinbetter.center\/no\/wp-json\/wp\/v2\/comments?post=422"}],"version-history":[{"count":2,"href":"https:\/\/spinbetter.center\/no\/wp-json\/wp\/v2\/pages\/422\/revisions"}],"predecessor-version":[{"id":502,"href":"https:\/\/spinbetter.center\/no\/wp-json\/wp\/v2\/pages\/422\/revisions\/502"}],"wp:attachment":[{"href":"https:\/\/spinbetter.center\/no\/wp-json\/wp\/v2\/media?parent=422"}],"curies":[{"name":"wp","href":"https:\/\/api.w.org\/{rel}","templated":true}]}}