{"id":608,"date":"2025-07-11T15:00:26","date_gmt":"2025-07-11T15:00:26","guid":{"rendered":"https:\/\/spinbetter.center\/lv\/?page_id=608"},"modified":"2025-07-11T15:06:59","modified_gmt":"2025-07-11T15:06:59","slug":"free-bet","status":"publish","type":"page","link":"https:\/\/spinbetter.center\/lv\/bonuses\/free-bet\/","title":{"rendered":"Bezmaksas likme"},"content":{"rendered":"","protected":false},"excerpt":{"rendered":"","protected":false},"author":1,"featured_media":0,"parent":272,"menu_order":0,"comment_status":"closed","ping_status":"closed","template":"","meta":{"footnotes":""},"class_list":["post-608","page","type-page","status-publish","hentry"],"yoast_head":"<!-- This site is optimized with the Yoast SEO plugin v27.4 - https:\/\/yoast.com\/product\/yoast-seo-wordpress\/ -->\n<title>Bezmaksas likme 10 EUR lietotn\u0113 \u1409 likmi un sa\u0146em bonusu!<\/title>\n<meta name=\"description\" content=\"Nesp\u0113l\u0113jiet vienk\u0101r\u0161i, uzvar\u0113jiet! M\u0113s d\u0101vin\u0101m 10 EUR bezmaksas likmes lietotn\u0113! Instal\u0113jiet m\u016bsu lietotni un likiet likmes uz sportu! J\u016bs gaida t\u016bl\u012bt\u0113jas uzvaras, aizraujo\u0161as likmes un unik\u0101las iesp\u0113jas.\" \/>\n<meta name=\"robots\" content=\"index, follow, max-snippet:-1, max-image-preview:large, max-video-preview:-1\" \/>\n<link rel=\"canonical\" href=\"https:\/\/spinbetter.center\/lv\/bonuses\/free-bet\/\" \/>\n<meta property=\"og:locale\" content=\"lv_LV\" \/>\n<meta property=\"og:type\" content=\"article\" \/>\n<meta property=\"og:title\" content=\"Bezmaksas likme 10 EUR lietotn\u0113 \u1409 likmi un sa\u0146em bonusu!\" \/>\n<meta property=\"og:description\" content=\"Nesp\u0113l\u0113jiet vienk\u0101r\u0161i, uzvar\u0113jiet! M\u0113s d\u0101vin\u0101m 10 EUR bezmaksas likmes lietotn\u0113! Instal\u0113jiet m\u016bsu lietotni un likiet likmes uz sportu! J\u016bs gaida t\u016bl\u012bt\u0113jas uzvaras, aizraujo\u0161as likmes un unik\u0101las iesp\u0113jas.\" \/>\n<meta property=\"og:url\" content=\"https:\/\/spinbetter.center\/lv\/bonuses\/free-bet\/\" \/>\n<meta property=\"og:site_name\" content=\"Spinbetter Center lv\" \/>\n<meta property=\"article:modified_time\" content=\"2025-07-11T15:06:59+00:00\" \/>\n<meta name=\"twitter:card\" content=\"summary_large_image\" \/>\n<script type=\"application\/ld+json\" class=\"yoast-schema-graph\">{\"@context\":\"https:\\\/\\\/schema.org\",\"@graph\":[{\"@type\":\"WebPage\",\"@id\":\"https:\\\/\\\/spinbetter.center\\\/lv\\\/bonuses\\\/free-bet\\\/\",\"url\":\"https:\\\/\\\/spinbetter.center\\\/lv\\\/bonuses\\\/free-bet\\\/\",\"name\":\"Bezmaksas likme 10 EUR lietotn\u0113 \u1409 likmi un sa\u0146em bonusu!\",\"isPartOf\":{\"@id\":\"https:\\\/\\\/spinbetter.center\\\/lv\\\/#website\"},\"datePublished\":\"2025-07-11T15:00:26+00:00\",\"dateModified\":\"2025-07-11T15:06:59+00:00\",\"description\":\"Nesp\u0113l\u0113jiet vienk\u0101r\u0161i, uzvar\u0113jiet! M\u0113s d\u0101vin\u0101m 10 EUR bezmaksas likmes lietotn\u0113! Instal\u0113jiet m\u016bsu lietotni un likiet likmes uz sportu! J\u016bs gaida t\u016bl\u012bt\u0113jas uzvaras, aizraujo\u0161as likmes un unik\u0101las iesp\u0113jas.\",\"breadcrumb\":{\"@id\":\"https:\\\/\\\/spinbetter.center\\\/lv\\\/bonuses\\\/free-bet\\\/#breadcrumb\"},\"inLanguage\":\"lv-LV\",\"potentialAction\":[{\"@type\":\"ReadAction\",\"target\":[\"https:\\\/\\\/spinbetter.center\\\/lv\\\/bonuses\\\/free-bet\\\/\"]}]},{\"@type\":\"BreadcrumbList\",\"@id\":\"https:\\\/\\\/spinbetter.center\\\/lv\\\/bonuses\\\/free-bet\\\/#breadcrumb\",\"itemListElement\":[{\"@type\":\"ListItem\",\"position\":1,\"name\":\"Home\",\"item\":\"https:\\\/\\\/spinbetter.center\\\/lv\\\/\"},{\"@type\":\"ListItem\",\"position\":2,\"name\":\"Bonusi\",\"item\":\"https:\\\/\\\/spinbetter.center\\\/lv\\\/bonuses\\\/\"},{\"@type\":\"ListItem\",\"position\":3,\"name\":\"Bezmaksas likme\"}]},{\"@type\":\"WebSite\",\"@id\":\"https:\\\/\\\/spinbetter.center\\\/lv\\\/#website\",\"url\":\"https:\\\/\\\/spinbetter.center\\\/lv\\\/\",\"name\":\"SpinBetter\",\"description\":\"SpinBetter\",\"alternateName\":\"Spin Better\",\"potentialAction\":[{\"@type\":\"SearchAction\",\"target\":{\"@type\":\"EntryPoint\",\"urlTemplate\":\"https:\\\/\\\/spinbetter.center\\\/lv\\\/?s={search_term_string}\"},\"query-input\":{\"@type\":\"PropertyValueSpecification\",\"valueRequired\":true,\"valueName\":\"search_term_string\"}}],\"inLanguage\":\"lv-LV\"}]}<\/script>\n<!-- \/ Yoast SEO plugin. -->","yoast_head_json":{"title":"Bezmaksas likme 10 EUR lietotn\u0113 \u1409 likmi un sa\u0146em bonusu!","description":"Nesp\u0113l\u0113jiet vienk\u0101r\u0161i, uzvar\u0113jiet! M\u0113s d\u0101vin\u0101m 10 EUR bezmaksas likmes lietotn\u0113! Instal\u0113jiet m\u016bsu lietotni un likiet likmes uz sportu! J\u016bs gaida t\u016bl\u012bt\u0113jas uzvaras, aizraujo\u0161as likmes un unik\u0101las iesp\u0113jas.","robots":{"index":"index","follow":"follow","max-snippet":"max-snippet:-1","max-image-preview":"max-image-preview:large","max-video-preview":"max-video-preview:-1"},"canonical":"https:\/\/spinbetter.center\/lv\/bonuses\/free-bet\/","og_locale":"lv_LV","og_type":"article","og_title":"Bezmaksas likme 10 EUR lietotn\u0113 \u1409 likmi un sa\u0146em bonusu!","og_description":"Nesp\u0113l\u0113jiet vienk\u0101r\u0161i, uzvar\u0113jiet! M\u0113s d\u0101vin\u0101m 10 EUR bezmaksas likmes lietotn\u0113! Instal\u0113jiet m\u016bsu lietotni un likiet likmes uz sportu! J\u016bs gaida t\u016bl\u012bt\u0113jas uzvaras, aizraujo\u0161as likmes un unik\u0101las iesp\u0113jas.","og_url":"https:\/\/spinbetter.center\/lv\/bonuses\/free-bet\/","og_site_name":"Spinbetter Center lv","article_modified_time":"2025-07-11T15:06:59+00:00","twitter_card":"summary_large_image","schema":{"@context":"https:\/\/schema.org","@graph":[{"@type":"WebPage","@id":"https:\/\/spinbetter.center\/lv\/bonuses\/free-bet\/","url":"https:\/\/spinbetter.center\/lv\/bonuses\/free-bet\/","name":"Bezmaksas likme 10 EUR lietotn\u0113 \u1409 likmi un sa\u0146em bonusu!","isPartOf":{"@id":"https:\/\/spinbetter.center\/lv\/#website"},"datePublished":"2025-07-11T15:00:26+00:00","dateModified":"2025-07-11T15:06:59+00:00","description":"Nesp\u0113l\u0113jiet vienk\u0101r\u0161i, uzvar\u0113jiet! M\u0113s d\u0101vin\u0101m 10 EUR bezmaksas likmes lietotn\u0113! Instal\u0113jiet m\u016bsu lietotni un likiet likmes uz sportu! J\u016bs gaida t\u016bl\u012bt\u0113jas uzvaras, aizraujo\u0161as likmes un unik\u0101las iesp\u0113jas.","breadcrumb":{"@id":"https:\/\/spinbetter.center\/lv\/bonuses\/free-bet\/#breadcrumb"},"inLanguage":"lv-LV","potentialAction":[{"@type":"ReadAction","target":["https:\/\/spinbetter.center\/lv\/bonuses\/free-bet\/"]}]},{"@type":"BreadcrumbList","@id":"https:\/\/spinbetter.center\/lv\/bonuses\/free-bet\/#breadcrumb","itemListElement":[{"@type":"ListItem","position":1,"name":"Home","item":"https:\/\/spinbetter.center\/lv\/"},{"@type":"ListItem","position":2,"name":"Bonusi","item":"https:\/\/spinbetter.center\/lv\/bonuses\/"},{"@type":"ListItem","position":3,"name":"Bezmaksas likme"}]},{"@type":"WebSite","@id":"https:\/\/spinbetter.center\/lv\/#website","url":"https:\/\/spinbetter.center\/lv\/","name":"SpinBetter","description":"SpinBetter","alternateName":"Spin Better","potentialAction":[{"@type":"SearchAction","target":{"@type":"EntryPoint","urlTemplate":"https:\/\/spinbetter.center\/lv\/?s={search_term_string}"},"query-input":{"@type":"PropertyValueSpecification","valueRequired":true,"valueName":"search_term_string"}}],"inLanguage":"lv-LV"}]}},"_links":{"self":[{"href":"https:\/\/spinbetter.center\/lv\/wp-json\/wp\/v2\/pages\/608","targetHints":{"allow":["GET"]}}],"collection":[{"href":"https:\/\/spinbetter.center\/lv\/wp-json\/wp\/v2\/pages"}],"about":[{"href":"https:\/\/spinbetter.center\/lv\/wp-json\/wp\/v2\/types\/page"}],"author":[{"embeddable":true,"href":"https:\/\/spinbetter.center\/lv\/wp-json\/wp\/v2\/users\/1"}],"replies":[{"embeddable":true,"href":"https:\/\/spinbetter.center\/lv\/wp-json\/wp\/v2\/comments?post=608"}],"version-history":[{"count":4,"href":"https:\/\/spinbetter.center\/lv\/wp-json\/wp\/v2\/pages\/608\/revisions"}],"predecessor-version":[{"id":612,"href":"https:\/\/spinbetter.center\/lv\/wp-json\/wp\/v2\/pages\/608\/revisions\/612"}],"up":[{"embeddable":true,"href":"https:\/\/spinbetter.center\/lv\/wp-json\/wp\/v2\/pages\/272"}],"wp:attachment":[{"href":"https:\/\/spinbetter.center\/lv\/wp-json\/wp\/v2\/media?parent=608"}],"curies":[{"name":"wp","href":"https:\/\/api.w.org\/{rel}","templated":true}]}}