{"id":525,"date":"2025-03-31T05:43:58","date_gmt":"2025-03-31T05:43:58","guid":{"rendered":"https:\/\/spinbetter.center\/lv\/?page_id=525"},"modified":"2025-04-27T08:14:48","modified_gmt":"2025-04-27T08:14:48","slug":"freespins-telegram","status":"publish","type":"page","link":"https:\/\/spinbetter.center\/lv\/bonuses\/freespins-telegram\/","title":{"rendered":"Bezmaksas griezieni"},"content":{"rendered":"","protected":false},"excerpt":{"rendered":"","protected":false},"author":1,"featured_media":0,"parent":272,"menu_order":0,"comment_status":"closed","ping_status":"closed","template":"","meta":{"footnotes":""},"class_list":["post-525","page","type-page","status-publish","hentry"],"yoast_head":"<!-- This site is optimized with the Yoast SEO plugin v27.4 - https:\/\/yoast.com\/product\/yoast-seo-wordpress\/ -->\n<title>100 Bezmaksas griezieni ar SpinBetter: \u2714\ufe0fSubscribe Telegram\u0101<\/title>\n<meta name=\"description\" content=\"V\u0113laties 100 bezmaksas griezienus? Abon\u0113jiet SpinBetter Telegram un sa\u0146emiet bonusa griezienus! Esi pirmais, kas uzzina par karstajiem jaunumiem un ekskluz\u012bv\u0101m akcij\u0101m. Nepalaidiet gar\u0101m iesp\u0113ju laim\u0113t - r\u012bkojieties tagad!\" \/>\n<meta name=\"robots\" content=\"index, follow, max-snippet:-1, max-image-preview:large, max-video-preview:-1\" \/>\n<link rel=\"canonical\" href=\"https:\/\/spinbetter.center\/lv\/bonuses\/freespins-telegram\/\" \/>\n<meta property=\"og:locale\" content=\"lv_LV\" \/>\n<meta property=\"og:type\" content=\"article\" \/>\n<meta property=\"og:title\" content=\"100 Bezmaksas griezieni ar SpinBetter: \u2714\ufe0fSubscribe Telegram\u0101\" \/>\n<meta property=\"og:description\" content=\"V\u0113laties 100 bezmaksas griezienus? Abon\u0113jiet SpinBetter Telegram un sa\u0146emiet bonusa griezienus! Esi pirmais, kas uzzina par karstajiem jaunumiem un ekskluz\u012bv\u0101m akcij\u0101m. Nepalaidiet gar\u0101m iesp\u0113ju laim\u0113t - r\u012bkojieties tagad!\" \/>\n<meta property=\"og:url\" content=\"https:\/\/spinbetter.center\/lv\/bonuses\/freespins-telegram\/\" \/>\n<meta property=\"og:site_name\" content=\"Spinbetter Center lv\" \/>\n<meta property=\"article:modified_time\" content=\"2025-04-27T08:14:48+00:00\" \/>\n<meta name=\"twitter:card\" content=\"summary_large_image\" \/>\n<script type=\"application\/ld+json\" class=\"yoast-schema-graph\">{\"@context\":\"https:\\\/\\\/schema.org\",\"@graph\":[{\"@type\":\"WebPage\",\"@id\":\"https:\\\/\\\/spinbetter.center\\\/lv\\\/bonuses\\\/freespins-telegram\\\/\",\"url\":\"https:\\\/\\\/spinbetter.center\\\/lv\\\/bonuses\\\/freespins-telegram\\\/\",\"name\":\"100 Bezmaksas griezieni ar SpinBetter: \u2714\ufe0fSubscribe Telegram\u0101\",\"isPartOf\":{\"@id\":\"https:\\\/\\\/spinbetter.center\\\/lv\\\/#website\"},\"datePublished\":\"2025-03-31T05:43:58+00:00\",\"dateModified\":\"2025-04-27T08:14:48+00:00\",\"description\":\"V\u0113laties 100 bezmaksas griezienus? Abon\u0113jiet SpinBetter Telegram un sa\u0146emiet bonusa griezienus! Esi pirmais, kas uzzina par karstajiem jaunumiem un ekskluz\u012bv\u0101m akcij\u0101m. Nepalaidiet gar\u0101m iesp\u0113ju laim\u0113t - r\u012bkojieties tagad!\",\"breadcrumb\":{\"@id\":\"https:\\\/\\\/spinbetter.center\\\/lv\\\/bonuses\\\/freespins-telegram\\\/#breadcrumb\"},\"inLanguage\":\"lv-LV\",\"potentialAction\":[{\"@type\":\"ReadAction\",\"target\":[\"https:\\\/\\\/spinbetter.center\\\/lv\\\/bonuses\\\/freespins-telegram\\\/\"]}]},{\"@type\":\"BreadcrumbList\",\"@id\":\"https:\\\/\\\/spinbetter.center\\\/lv\\\/bonuses\\\/freespins-telegram\\\/#breadcrumb\",\"itemListElement\":[{\"@type\":\"ListItem\",\"position\":1,\"name\":\"Home\",\"item\":\"https:\\\/\\\/spinbetter.center\\\/lv\\\/\"},{\"@type\":\"ListItem\",\"position\":2,\"name\":\"Bonusi\",\"item\":\"https:\\\/\\\/spinbetter.center\\\/lv\\\/bonuses\\\/\"},{\"@type\":\"ListItem\",\"position\":3,\"name\":\"Bezmaksas griezieni\"}]},{\"@type\":\"WebSite\",\"@id\":\"https:\\\/\\\/spinbetter.center\\\/lv\\\/#website\",\"url\":\"https:\\\/\\\/spinbetter.center\\\/lv\\\/\",\"name\":\"SpinBetter\",\"description\":\"SpinBetter\",\"alternateName\":\"Spin Better\",\"potentialAction\":[{\"@type\":\"SearchAction\",\"target\":{\"@type\":\"EntryPoint\",\"urlTemplate\":\"https:\\\/\\\/spinbetter.center\\\/lv\\\/?s={search_term_string}\"},\"query-input\":{\"@type\":\"PropertyValueSpecification\",\"valueRequired\":true,\"valueName\":\"search_term_string\"}}],\"inLanguage\":\"lv-LV\"}]}<\/script>\n<!-- \/ Yoast SEO plugin. -->","yoast_head_json":{"title":"100 Bezmaksas griezieni ar SpinBetter: \u2714\ufe0fSubscribe Telegram\u0101","description":"V\u0113laties 100 bezmaksas griezienus? Abon\u0113jiet SpinBetter Telegram un sa\u0146emiet bonusa griezienus! Esi pirmais, kas uzzina par karstajiem jaunumiem un ekskluz\u012bv\u0101m akcij\u0101m. Nepalaidiet gar\u0101m iesp\u0113ju laim\u0113t - r\u012bkojieties tagad!","robots":{"index":"index","follow":"follow","max-snippet":"max-snippet:-1","max-image-preview":"max-image-preview:large","max-video-preview":"max-video-preview:-1"},"canonical":"https:\/\/spinbetter.center\/lv\/bonuses\/freespins-telegram\/","og_locale":"lv_LV","og_type":"article","og_title":"100 Bezmaksas griezieni ar SpinBetter: \u2714\ufe0fSubscribe Telegram\u0101","og_description":"V\u0113laties 100 bezmaksas griezienus? Abon\u0113jiet SpinBetter Telegram un sa\u0146emiet bonusa griezienus! Esi pirmais, kas uzzina par karstajiem jaunumiem un ekskluz\u012bv\u0101m akcij\u0101m. Nepalaidiet gar\u0101m iesp\u0113ju laim\u0113t - r\u012bkojieties tagad!","og_url":"https:\/\/spinbetter.center\/lv\/bonuses\/freespins-telegram\/","og_site_name":"Spinbetter Center lv","article_modified_time":"2025-04-27T08:14:48+00:00","twitter_card":"summary_large_image","schema":{"@context":"https:\/\/schema.org","@graph":[{"@type":"WebPage","@id":"https:\/\/spinbetter.center\/lv\/bonuses\/freespins-telegram\/","url":"https:\/\/spinbetter.center\/lv\/bonuses\/freespins-telegram\/","name":"100 Bezmaksas griezieni ar SpinBetter: \u2714\ufe0fSubscribe Telegram\u0101","isPartOf":{"@id":"https:\/\/spinbetter.center\/lv\/#website"},"datePublished":"2025-03-31T05:43:58+00:00","dateModified":"2025-04-27T08:14:48+00:00","description":"V\u0113laties 100 bezmaksas griezienus? Abon\u0113jiet SpinBetter Telegram un sa\u0146emiet bonusa griezienus! Esi pirmais, kas uzzina par karstajiem jaunumiem un ekskluz\u012bv\u0101m akcij\u0101m. Nepalaidiet gar\u0101m iesp\u0113ju laim\u0113t - r\u012bkojieties tagad!","breadcrumb":{"@id":"https:\/\/spinbetter.center\/lv\/bonuses\/freespins-telegram\/#breadcrumb"},"inLanguage":"lv-LV","potentialAction":[{"@type":"ReadAction","target":["https:\/\/spinbetter.center\/lv\/bonuses\/freespins-telegram\/"]}]},{"@type":"BreadcrumbList","@id":"https:\/\/spinbetter.center\/lv\/bonuses\/freespins-telegram\/#breadcrumb","itemListElement":[{"@type":"ListItem","position":1,"name":"Home","item":"https:\/\/spinbetter.center\/lv\/"},{"@type":"ListItem","position":2,"name":"Bonusi","item":"https:\/\/spinbetter.center\/lv\/bonuses\/"},{"@type":"ListItem","position":3,"name":"Bezmaksas griezieni"}]},{"@type":"WebSite","@id":"https:\/\/spinbetter.center\/lv\/#website","url":"https:\/\/spinbetter.center\/lv\/","name":"SpinBetter","description":"SpinBetter","alternateName":"Spin Better","potentialAction":[{"@type":"SearchAction","target":{"@type":"EntryPoint","urlTemplate":"https:\/\/spinbetter.center\/lv\/?s={search_term_string}"},"query-input":{"@type":"PropertyValueSpecification","valueRequired":true,"valueName":"search_term_string"}}],"inLanguage":"lv-LV"}]}},"_links":{"self":[{"href":"https:\/\/spinbetter.center\/lv\/wp-json\/wp\/v2\/pages\/525","targetHints":{"allow":["GET"]}}],"collection":[{"href":"https:\/\/spinbetter.center\/lv\/wp-json\/wp\/v2\/pages"}],"about":[{"href":"https:\/\/spinbetter.center\/lv\/wp-json\/wp\/v2\/types\/page"}],"author":[{"embeddable":true,"href":"https:\/\/spinbetter.center\/lv\/wp-json\/wp\/v2\/users\/1"}],"replies":[{"embeddable":true,"href":"https:\/\/spinbetter.center\/lv\/wp-json\/wp\/v2\/comments?post=525"}],"version-history":[{"count":6,"href":"https:\/\/spinbetter.center\/lv\/wp-json\/wp\/v2\/pages\/525\/revisions"}],"predecessor-version":[{"id":585,"href":"https:\/\/spinbetter.center\/lv\/wp-json\/wp\/v2\/pages\/525\/revisions\/585"}],"up":[{"embeddable":true,"href":"https:\/\/spinbetter.center\/lv\/wp-json\/wp\/v2\/pages\/272"}],"wp:attachment":[{"href":"https:\/\/spinbetter.center\/lv\/wp-json\/wp\/v2\/media?parent=525"}],"curies":[{"name":"wp","href":"https:\/\/api.w.org\/{rel}","templated":true}]}}