{"id":523,"date":"2025-03-31T05:35:59","date_gmt":"2025-03-31T05:35:59","guid":{"rendered":"https:\/\/spinbetter.center\/lv\/?page_id=523"},"modified":"2025-04-21T09:54:38","modified_gmt":"2025-04-21T09:54:38","slug":"betting-cashback","status":"publish","type":"page","link":"https:\/\/spinbetter.center\/lv\/bonuses\/betting-cashback\/","title":{"rendered":"Likmju naudas atmaksa"},"content":{"rendered":"","protected":false},"excerpt":{"rendered":"","protected":false},"author":1,"featured_media":0,"parent":272,"menu_order":0,"comment_status":"closed","ping_status":"closed","template":"","meta":{"footnotes":""},"class_list":["post-523","page","type-page","status-publish","hentry"],"yoast_head":"<!-- This site is optimized with the Yoast SEO plugin v24.5 - https:\/\/yoast.com\/wordpress\/plugins\/seo\/ -->\n<title>SpinBetter likmju naudas atmaksa: \u2705ned\u0113\u013cas 3% naudas atmaksa<\/title>\n<meta name=\"description\" content=\"Nepadodieties p\u0113c zaud\u0113juma! Sa\u0146emiet 3% naudas atmaksu par sporta der\u012bb\u0101m ar SpinBetter un atg\u016bstiet da\u013cu no saviem zaud\u0113jumiem. Uzziniet, k\u0101 aktiviz\u0113t ikned\u0113\u013cas naudas atmaksu un padar\u012bt savu sp\u0113li v\u0113l ienes\u012bg\u0101ku!\" \/>\n<meta name=\"robots\" content=\"index, follow, max-snippet:-1, max-image-preview:large, max-video-preview:-1\" \/>\n<link rel=\"canonical\" href=\"https:\/\/spinbetter.center\/lv\/bonuses\/betting-cashback\/\" \/>\n<meta property=\"og:locale\" content=\"lv_LV\" \/>\n<meta property=\"og:type\" content=\"article\" \/>\n<meta property=\"og:title\" content=\"SpinBetter likmju naudas atmaksa: \u2705ned\u0113\u013cas 3% naudas atmaksa\" \/>\n<meta property=\"og:description\" content=\"Nepadodieties p\u0113c zaud\u0113juma! Sa\u0146emiet 3% naudas atmaksu par sporta der\u012bb\u0101m ar SpinBetter un atg\u016bstiet da\u013cu no saviem zaud\u0113jumiem. Uzziniet, k\u0101 aktiviz\u0113t ikned\u0113\u013cas naudas atmaksu un padar\u012bt savu sp\u0113li v\u0113l ienes\u012bg\u0101ku!\" \/>\n<meta property=\"og:url\" content=\"https:\/\/spinbetter.center\/lv\/bonuses\/betting-cashback\/\" \/>\n<meta property=\"og:site_name\" content=\"Spinbetter Center lv\" \/>\n<meta property=\"article:modified_time\" content=\"2025-04-21T09:54:38+00:00\" \/>\n<meta name=\"twitter:card\" content=\"summary_large_image\" \/>\n<script type=\"application\/ld+json\" class=\"yoast-schema-graph\">{\"@context\":\"https:\/\/schema.org\",\"@graph\":[{\"@type\":\"WebPage\",\"@id\":\"https:\/\/spinbetter.center\/lv\/bonuses\/betting-cashback\/\",\"url\":\"https:\/\/spinbetter.center\/lv\/bonuses\/betting-cashback\/\",\"name\":\"SpinBetter likmju naudas atmaksa: \u2705ned\u0113\u013cas 3% naudas atmaksa\",\"isPartOf\":{\"@id\":\"https:\/\/spinbetter.center\/lv\/#website\"},\"datePublished\":\"2025-03-31T05:35:59+00:00\",\"dateModified\":\"2025-04-21T09:54:38+00:00\",\"description\":\"Nepadodieties p\u0113c zaud\u0113juma! Sa\u0146emiet 3% naudas atmaksu par sporta der\u012bb\u0101m ar SpinBetter un atg\u016bstiet da\u013cu no saviem zaud\u0113jumiem. Uzziniet, k\u0101 aktiviz\u0113t ikned\u0113\u013cas naudas atmaksu un padar\u012bt savu sp\u0113li v\u0113l ienes\u012bg\u0101ku!\",\"breadcrumb\":{\"@id\":\"https:\/\/spinbetter.center\/lv\/bonuses\/betting-cashback\/#breadcrumb\"},\"inLanguage\":\"lv-LV\",\"potentialAction\":[{\"@type\":\"ReadAction\",\"target\":[\"https:\/\/spinbetter.center\/lv\/bonuses\/betting-cashback\/\"]}]},{\"@type\":\"BreadcrumbList\",\"@id\":\"https:\/\/spinbetter.center\/lv\/bonuses\/betting-cashback\/#breadcrumb\",\"itemListElement\":[{\"@type\":\"ListItem\",\"position\":1,\"name\":\"Home\",\"item\":\"https:\/\/spinbetter.center\/lv\/\"},{\"@type\":\"ListItem\",\"position\":2,\"name\":\"Bonusi\",\"item\":\"https:\/\/spinbetter.center\/lv\/bonuses\/\"},{\"@type\":\"ListItem\",\"position\":3,\"name\":\"Likmju naudas atmaksa\"}]},{\"@type\":\"WebSite\",\"@id\":\"https:\/\/spinbetter.center\/lv\/#website\",\"url\":\"https:\/\/spinbetter.center\/lv\/\",\"name\":\"SpinBetter\",\"description\":\"SpinBetter\",\"alternateName\":\"Spin Better\",\"potentialAction\":[{\"@type\":\"SearchAction\",\"target\":{\"@type\":\"EntryPoint\",\"urlTemplate\":\"https:\/\/spinbetter.center\/lv\/?s={search_term_string}\"},\"query-input\":{\"@type\":\"PropertyValueSpecification\",\"valueRequired\":true,\"valueName\":\"search_term_string\"}}],\"inLanguage\":\"lv-LV\"}]}<\/script>\n<!-- \/ Yoast SEO plugin. -->","yoast_head_json":{"title":"SpinBetter likmju naudas atmaksa: \u2705ned\u0113\u013cas 3% naudas atmaksa","description":"Nepadodieties p\u0113c zaud\u0113juma! Sa\u0146emiet 3% naudas atmaksu par sporta der\u012bb\u0101m ar SpinBetter un atg\u016bstiet da\u013cu no saviem zaud\u0113jumiem. Uzziniet, k\u0101 aktiviz\u0113t ikned\u0113\u013cas naudas atmaksu un padar\u012bt savu sp\u0113li v\u0113l ienes\u012bg\u0101ku!","robots":{"index":"index","follow":"follow","max-snippet":"max-snippet:-1","max-image-preview":"max-image-preview:large","max-video-preview":"max-video-preview:-1"},"canonical":"https:\/\/spinbetter.center\/lv\/bonuses\/betting-cashback\/","og_locale":"lv_LV","og_type":"article","og_title":"SpinBetter likmju naudas atmaksa: \u2705ned\u0113\u013cas 3% naudas atmaksa","og_description":"Nepadodieties p\u0113c zaud\u0113juma! Sa\u0146emiet 3% naudas atmaksu par sporta der\u012bb\u0101m ar SpinBetter un atg\u016bstiet da\u013cu no saviem zaud\u0113jumiem. Uzziniet, k\u0101 aktiviz\u0113t ikned\u0113\u013cas naudas atmaksu un padar\u012bt savu sp\u0113li v\u0113l ienes\u012bg\u0101ku!","og_url":"https:\/\/spinbetter.center\/lv\/bonuses\/betting-cashback\/","og_site_name":"Spinbetter Center lv","article_modified_time":"2025-04-21T09:54:38+00:00","twitter_card":"summary_large_image","schema":{"@context":"https:\/\/schema.org","@graph":[{"@type":"WebPage","@id":"https:\/\/spinbetter.center\/lv\/bonuses\/betting-cashback\/","url":"https:\/\/spinbetter.center\/lv\/bonuses\/betting-cashback\/","name":"SpinBetter likmju naudas atmaksa: \u2705ned\u0113\u013cas 3% naudas atmaksa","isPartOf":{"@id":"https:\/\/spinbetter.center\/lv\/#website"},"datePublished":"2025-03-31T05:35:59+00:00","dateModified":"2025-04-21T09:54:38+00:00","description":"Nepadodieties p\u0113c zaud\u0113juma! Sa\u0146emiet 3% naudas atmaksu par sporta der\u012bb\u0101m ar SpinBetter un atg\u016bstiet da\u013cu no saviem zaud\u0113jumiem. Uzziniet, k\u0101 aktiviz\u0113t ikned\u0113\u013cas naudas atmaksu un padar\u012bt savu sp\u0113li v\u0113l ienes\u012bg\u0101ku!","breadcrumb":{"@id":"https:\/\/spinbetter.center\/lv\/bonuses\/betting-cashback\/#breadcrumb"},"inLanguage":"lv-LV","potentialAction":[{"@type":"ReadAction","target":["https:\/\/spinbetter.center\/lv\/bonuses\/betting-cashback\/"]}]},{"@type":"BreadcrumbList","@id":"https:\/\/spinbetter.center\/lv\/bonuses\/betting-cashback\/#breadcrumb","itemListElement":[{"@type":"ListItem","position":1,"name":"Home","item":"https:\/\/spinbetter.center\/lv\/"},{"@type":"ListItem","position":2,"name":"Bonusi","item":"https:\/\/spinbetter.center\/lv\/bonuses\/"},{"@type":"ListItem","position":3,"name":"Likmju naudas atmaksa"}]},{"@type":"WebSite","@id":"https:\/\/spinbetter.center\/lv\/#website","url":"https:\/\/spinbetter.center\/lv\/","name":"SpinBetter","description":"SpinBetter","alternateName":"Spin Better","potentialAction":[{"@type":"SearchAction","target":{"@type":"EntryPoint","urlTemplate":"https:\/\/spinbetter.center\/lv\/?s={search_term_string}"},"query-input":{"@type":"PropertyValueSpecification","valueRequired":true,"valueName":"search_term_string"}}],"inLanguage":"lv-LV"}]}},"_links":{"self":[{"href":"https:\/\/spinbetter.center\/lv\/wp-json\/wp\/v2\/pages\/523","targetHints":{"allow":["GET"]}}],"collection":[{"href":"https:\/\/spinbetter.center\/lv\/wp-json\/wp\/v2\/pages"}],"about":[{"href":"https:\/\/spinbetter.center\/lv\/wp-json\/wp\/v2\/types\/page"}],"author":[{"embeddable":true,"href":"https:\/\/spinbetter.center\/lv\/wp-json\/wp\/v2\/users\/1"}],"replies":[{"embeddable":true,"href":"https:\/\/spinbetter.center\/lv\/wp-json\/wp\/v2\/comments?post=523"}],"version-history":[{"count":6,"href":"https:\/\/spinbetter.center\/lv\/wp-json\/wp\/v2\/pages\/523\/revisions"}],"predecessor-version":[{"id":581,"href":"https:\/\/spinbetter.center\/lv\/wp-json\/wp\/v2\/pages\/523\/revisions\/581"}],"up":[{"embeddable":true,"href":"https:\/\/spinbetter.center\/lv\/wp-json\/wp\/v2\/pages\/272"}],"wp:attachment":[{"href":"https:\/\/spinbetter.center\/lv\/wp-json\/wp\/v2\/media?parent=523"}],"curies":[{"name":"wp","href":"https:\/\/api.w.org\/{rel}","templated":true}]}}