{"id":519,"date":"2025-03-28T15:29:30","date_gmt":"2025-03-28T15:29:30","guid":{"rendered":"https:\/\/spinbetter.center\/lv\/?page_id=519"},"modified":"2025-04-27T08:17:42","modified_gmt":"2025-04-27T08:17:42","slug":"first-deposit","status":"publish","type":"page","link":"https:\/\/spinbetter.center\/lv\/bonuses\/first-deposit\/","title":{"rendered":"Pirmais depoz\u012bts"},"content":{"rendered":"","protected":false},"excerpt":{"rendered":"","protected":false},"author":1,"featured_media":0,"parent":272,"menu_order":0,"comment_status":"closed","ping_status":"closed","template":"","meta":{"footnotes":""},"class_list":["post-519","page","type-page","status-publish","hentry"],"yoast_head":"<!-- This site is optimized with the Yoast SEO plugin v27.4 - https:\/\/yoast.com\/product\/yoast-seo-wordpress\/ -->\n<title>SpinBetter Sagaid\u012b\u0161anas pakete: \u20ac1750 + 150 Bezmaksas griezieni<\/title>\n<meta name=\"description\" content=\"Atveriet durvis uz azartsp\u0113\u013cu pasauli ar \u017eilbino\u0161u sagaid\u012b\u0161anas paketi no SpinBetter! \u010cetri sp\u0113c\u012bgi papildin\u0101jumi, l\u012bdz pat 1750 EUR un 150 bezmaksas griezieni! Nepalaidiet gar\u0101m iesp\u0113ju izm\u0113\u0123in\u0101t veiksmi un nopeln\u012bt iespaid\u012bgus bonusus, kas padar\u012bs J\u016bsu sp\u0113\u013cu sesiju neaizmirstamu!\" \/>\n<meta name=\"robots\" content=\"index, follow, max-snippet:-1, max-image-preview:large, max-video-preview:-1\" \/>\n<link rel=\"canonical\" href=\"https:\/\/spinbetter.center\/lv\/bonuses\/first-deposit\/\" \/>\n<meta property=\"og:locale\" content=\"lv_LV\" \/>\n<meta property=\"og:type\" content=\"article\" \/>\n<meta property=\"og:title\" content=\"SpinBetter Sagaid\u012b\u0161anas pakete: \u20ac1750 + 150 Bezmaksas griezieni\" \/>\n<meta property=\"og:description\" content=\"Atveriet durvis uz azartsp\u0113\u013cu pasauli ar \u017eilbino\u0161u sagaid\u012b\u0161anas paketi no SpinBetter! \u010cetri sp\u0113c\u012bgi papildin\u0101jumi, l\u012bdz pat 1750 EUR un 150 bezmaksas griezieni! Nepalaidiet gar\u0101m iesp\u0113ju izm\u0113\u0123in\u0101t veiksmi un nopeln\u012bt iespaid\u012bgus bonusus, kas padar\u012bs J\u016bsu sp\u0113\u013cu sesiju neaizmirstamu!\" \/>\n<meta property=\"og:url\" content=\"https:\/\/spinbetter.center\/lv\/bonuses\/first-deposit\/\" \/>\n<meta property=\"og:site_name\" content=\"Spinbetter Center lv\" \/>\n<meta property=\"article:modified_time\" content=\"2025-04-27T08:17:42+00:00\" \/>\n<meta name=\"twitter:card\" content=\"summary_large_image\" \/>\n<script type=\"application\/ld+json\" class=\"yoast-schema-graph\">{\"@context\":\"https:\\\/\\\/schema.org\",\"@graph\":[{\"@type\":\"WebPage\",\"@id\":\"https:\\\/\\\/spinbetter.center\\\/lv\\\/bonuses\\\/first-deposit\\\/\",\"url\":\"https:\\\/\\\/spinbetter.center\\\/lv\\\/bonuses\\\/first-deposit\\\/\",\"name\":\"SpinBetter Sagaid\u012b\u0161anas pakete: \u20ac1750 + 150 Bezmaksas griezieni\",\"isPartOf\":{\"@id\":\"https:\\\/\\\/spinbetter.center\\\/lv\\\/#website\"},\"datePublished\":\"2025-03-28T15:29:30+00:00\",\"dateModified\":\"2025-04-27T08:17:42+00:00\",\"description\":\"Atveriet durvis uz azartsp\u0113\u013cu pasauli ar \u017eilbino\u0161u sagaid\u012b\u0161anas paketi no SpinBetter! \u010cetri sp\u0113c\u012bgi papildin\u0101jumi, l\u012bdz pat 1750 EUR un 150 bezmaksas griezieni! Nepalaidiet gar\u0101m iesp\u0113ju izm\u0113\u0123in\u0101t veiksmi un nopeln\u012bt iespaid\u012bgus bonusus, kas padar\u012bs J\u016bsu sp\u0113\u013cu sesiju neaizmirstamu!\",\"breadcrumb\":{\"@id\":\"https:\\\/\\\/spinbetter.center\\\/lv\\\/bonuses\\\/first-deposit\\\/#breadcrumb\"},\"inLanguage\":\"lv-LV\",\"potentialAction\":[{\"@type\":\"ReadAction\",\"target\":[\"https:\\\/\\\/spinbetter.center\\\/lv\\\/bonuses\\\/first-deposit\\\/\"]}]},{\"@type\":\"BreadcrumbList\",\"@id\":\"https:\\\/\\\/spinbetter.center\\\/lv\\\/bonuses\\\/first-deposit\\\/#breadcrumb\",\"itemListElement\":[{\"@type\":\"ListItem\",\"position\":1,\"name\":\"Home\",\"item\":\"https:\\\/\\\/spinbetter.center\\\/lv\\\/\"},{\"@type\":\"ListItem\",\"position\":2,\"name\":\"Bonusi\",\"item\":\"https:\\\/\\\/spinbetter.center\\\/lv\\\/bonuses\\\/\"},{\"@type\":\"ListItem\",\"position\":3,\"name\":\"Pirmais depoz\u012bts\"}]},{\"@type\":\"WebSite\",\"@id\":\"https:\\\/\\\/spinbetter.center\\\/lv\\\/#website\",\"url\":\"https:\\\/\\\/spinbetter.center\\\/lv\\\/\",\"name\":\"SpinBetter\",\"description\":\"SpinBetter\",\"alternateName\":\"Spin Better\",\"potentialAction\":[{\"@type\":\"SearchAction\",\"target\":{\"@type\":\"EntryPoint\",\"urlTemplate\":\"https:\\\/\\\/spinbetter.center\\\/lv\\\/?s={search_term_string}\"},\"query-input\":{\"@type\":\"PropertyValueSpecification\",\"valueRequired\":true,\"valueName\":\"search_term_string\"}}],\"inLanguage\":\"lv-LV\"}]}<\/script>\n<!-- \/ Yoast SEO plugin. -->","yoast_head_json":{"title":"SpinBetter Sagaid\u012b\u0161anas pakete: \u20ac1750 + 150 Bezmaksas griezieni","description":"Atveriet durvis uz azartsp\u0113\u013cu pasauli ar \u017eilbino\u0161u sagaid\u012b\u0161anas paketi no SpinBetter! \u010cetri sp\u0113c\u012bgi papildin\u0101jumi, l\u012bdz pat 1750 EUR un 150 bezmaksas griezieni! Nepalaidiet gar\u0101m iesp\u0113ju izm\u0113\u0123in\u0101t veiksmi un nopeln\u012bt iespaid\u012bgus bonusus, kas padar\u012bs J\u016bsu sp\u0113\u013cu sesiju neaizmirstamu!","robots":{"index":"index","follow":"follow","max-snippet":"max-snippet:-1","max-image-preview":"max-image-preview:large","max-video-preview":"max-video-preview:-1"},"canonical":"https:\/\/spinbetter.center\/lv\/bonuses\/first-deposit\/","og_locale":"lv_LV","og_type":"article","og_title":"SpinBetter Sagaid\u012b\u0161anas pakete: \u20ac1750 + 150 Bezmaksas griezieni","og_description":"Atveriet durvis uz azartsp\u0113\u013cu pasauli ar \u017eilbino\u0161u sagaid\u012b\u0161anas paketi no SpinBetter! \u010cetri sp\u0113c\u012bgi papildin\u0101jumi, l\u012bdz pat 1750 EUR un 150 bezmaksas griezieni! Nepalaidiet gar\u0101m iesp\u0113ju izm\u0113\u0123in\u0101t veiksmi un nopeln\u012bt iespaid\u012bgus bonusus, kas padar\u012bs J\u016bsu sp\u0113\u013cu sesiju neaizmirstamu!","og_url":"https:\/\/spinbetter.center\/lv\/bonuses\/first-deposit\/","og_site_name":"Spinbetter Center lv","article_modified_time":"2025-04-27T08:17:42+00:00","twitter_card":"summary_large_image","schema":{"@context":"https:\/\/schema.org","@graph":[{"@type":"WebPage","@id":"https:\/\/spinbetter.center\/lv\/bonuses\/first-deposit\/","url":"https:\/\/spinbetter.center\/lv\/bonuses\/first-deposit\/","name":"SpinBetter Sagaid\u012b\u0161anas pakete: \u20ac1750 + 150 Bezmaksas griezieni","isPartOf":{"@id":"https:\/\/spinbetter.center\/lv\/#website"},"datePublished":"2025-03-28T15:29:30+00:00","dateModified":"2025-04-27T08:17:42+00:00","description":"Atveriet durvis uz azartsp\u0113\u013cu pasauli ar \u017eilbino\u0161u sagaid\u012b\u0161anas paketi no SpinBetter! \u010cetri sp\u0113c\u012bgi papildin\u0101jumi, l\u012bdz pat 1750 EUR un 150 bezmaksas griezieni! Nepalaidiet gar\u0101m iesp\u0113ju izm\u0113\u0123in\u0101t veiksmi un nopeln\u012bt iespaid\u012bgus bonusus, kas padar\u012bs J\u016bsu sp\u0113\u013cu sesiju neaizmirstamu!","breadcrumb":{"@id":"https:\/\/spinbetter.center\/lv\/bonuses\/first-deposit\/#breadcrumb"},"inLanguage":"lv-LV","potentialAction":[{"@type":"ReadAction","target":["https:\/\/spinbetter.center\/lv\/bonuses\/first-deposit\/"]}]},{"@type":"BreadcrumbList","@id":"https:\/\/spinbetter.center\/lv\/bonuses\/first-deposit\/#breadcrumb","itemListElement":[{"@type":"ListItem","position":1,"name":"Home","item":"https:\/\/spinbetter.center\/lv\/"},{"@type":"ListItem","position":2,"name":"Bonusi","item":"https:\/\/spinbetter.center\/lv\/bonuses\/"},{"@type":"ListItem","position":3,"name":"Pirmais depoz\u012bts"}]},{"@type":"WebSite","@id":"https:\/\/spinbetter.center\/lv\/#website","url":"https:\/\/spinbetter.center\/lv\/","name":"SpinBetter","description":"SpinBetter","alternateName":"Spin Better","potentialAction":[{"@type":"SearchAction","target":{"@type":"EntryPoint","urlTemplate":"https:\/\/spinbetter.center\/lv\/?s={search_term_string}"},"query-input":{"@type":"PropertyValueSpecification","valueRequired":true,"valueName":"search_term_string"}}],"inLanguage":"lv-LV"}]}},"amp_enabled":true,"_links":{"self":[{"href":"https:\/\/spinbetter.center\/lv\/wp-json\/wp\/v2\/pages\/519","targetHints":{"allow":["GET"]}}],"collection":[{"href":"https:\/\/spinbetter.center\/lv\/wp-json\/wp\/v2\/pages"}],"about":[{"href":"https:\/\/spinbetter.center\/lv\/wp-json\/wp\/v2\/types\/page"}],"author":[{"embeddable":true,"href":"https:\/\/spinbetter.center\/lv\/wp-json\/wp\/v2\/users\/1"}],"replies":[{"embeddable":true,"href":"https:\/\/spinbetter.center\/lv\/wp-json\/wp\/v2\/comments?post=519"}],"version-history":[{"count":6,"href":"https:\/\/spinbetter.center\/lv\/wp-json\/wp\/v2\/pages\/519\/revisions"}],"predecessor-version":[{"id":583,"href":"https:\/\/spinbetter.center\/lv\/wp-json\/wp\/v2\/pages\/519\/revisions\/583"}],"up":[{"embeddable":true,"href":"https:\/\/spinbetter.center\/lv\/wp-json\/wp\/v2\/pages\/272"}],"wp:attachment":[{"href":"https:\/\/spinbetter.center\/lv\/wp-json\/wp\/v2\/media?parent=519"}],"curies":[{"name":"wp","href":"https:\/\/api.w.org\/{rel}","templated":true}]}}