{"id":422,"date":"2024-11-11T09:29:24","date_gmt":"2024-11-11T09:29:24","guid":{"rendered":"https:\/\/spinbetter.center\/lv\/?page_id=422"},"modified":"2025-04-21T11:42:14","modified_gmt":"2025-04-21T11:42:14","slug":"login","status":"publish","type":"page","link":"https:\/\/spinbetter.center\/lv\/login\/","title":{"rendered":"Pieteik\u0161an\u0101s"},"content":{"rendered":"","protected":false},"excerpt":{"rendered":"","protected":false},"author":1,"featured_media":0,"parent":0,"menu_order":0,"comment_status":"closed","ping_status":"closed","template":"","meta":{"footnotes":""},"class_list":["post-422","page","type-page","status-publish","hentry"],"yoast_head":"<!-- This site is optimized with the Yoast SEO plugin v24.5 - https:\/\/yoast.com\/wordpress\/plugins\/seo\/ -->\n<title>SpinBetter autoriz\u0101cija | Nor\u0101d\u012bjumi, k\u0101 atjaunot piek\u013cuvi<\/title>\n<meta name=\"description\" content=\"Pamata metodes, k\u0101 pieteikties SpinBetter kont\u0101. Soli pa solim, k\u0101 atg\u016bt aizmirstu paroli. Bie\u017e\u0101k sastopamo pieteik\u0161an\u0101s probl\u0113mu risin\u0101jumi.\" \/>\n<meta name=\"robots\" content=\"index, follow, max-snippet:-1, max-image-preview:large, max-video-preview:-1\" \/>\n<link rel=\"canonical\" href=\"https:\/\/spinbetter.center\/lv\/login\/\" \/>\n<meta property=\"og:locale\" content=\"lv_LV\" \/>\n<meta property=\"og:type\" content=\"article\" \/>\n<meta property=\"og:title\" content=\"SpinBetter autoriz\u0101cija | Nor\u0101d\u012bjumi, k\u0101 atjaunot piek\u013cuvi\" \/>\n<meta property=\"og:description\" content=\"Pamata metodes, k\u0101 pieteikties SpinBetter kont\u0101. Soli pa solim, k\u0101 atg\u016bt aizmirstu paroli. Bie\u017e\u0101k sastopamo pieteik\u0161an\u0101s probl\u0113mu risin\u0101jumi.\" \/>\n<meta property=\"og:url\" content=\"https:\/\/spinbetter.center\/lv\/login\/\" \/>\n<meta property=\"og:site_name\" content=\"Spinbetter Center lv\" \/>\n<meta property=\"article:modified_time\" content=\"2025-04-21T11:42:14+00:00\" \/>\n<meta name=\"twitter:card\" content=\"summary_large_image\" \/>\n<script type=\"application\/ld+json\" class=\"yoast-schema-graph\">{\"@context\":\"https:\/\/schema.org\",\"@graph\":[{\"@type\":\"WebPage\",\"@id\":\"https:\/\/spinbetter.center\/lv\/login\/\",\"url\":\"https:\/\/spinbetter.center\/lv\/login\/\",\"name\":\"SpinBetter autoriz\u0101cija | Nor\u0101d\u012bjumi, k\u0101 atjaunot piek\u013cuvi\",\"isPartOf\":{\"@id\":\"https:\/\/spinbetter.center\/lv\/#website\"},\"datePublished\":\"2024-11-11T09:29:24+00:00\",\"dateModified\":\"2025-04-21T11:42:14+00:00\",\"description\":\"Pamata metodes, k\u0101 pieteikties SpinBetter kont\u0101. Soli pa solim, k\u0101 atg\u016bt aizmirstu paroli. Bie\u017e\u0101k sastopamo pieteik\u0161an\u0101s probl\u0113mu risin\u0101jumi.\",\"breadcrumb\":{\"@id\":\"https:\/\/spinbetter.center\/lv\/login\/#breadcrumb\"},\"inLanguage\":\"lv-LV\",\"potentialAction\":[{\"@type\":\"ReadAction\",\"target\":[\"https:\/\/spinbetter.center\/lv\/login\/\"]}]},{\"@type\":\"BreadcrumbList\",\"@id\":\"https:\/\/spinbetter.center\/lv\/login\/#breadcrumb\",\"itemListElement\":[{\"@type\":\"ListItem\",\"position\":1,\"name\":\"Home\",\"item\":\"https:\/\/spinbetter.center\/lv\/\"},{\"@type\":\"ListItem\",\"position\":2,\"name\":\"Pieteik\u0161an\u0101s\"}]},{\"@type\":\"WebSite\",\"@id\":\"https:\/\/spinbetter.center\/lv\/#website\",\"url\":\"https:\/\/spinbetter.center\/lv\/\",\"name\":\"SpinBetter\",\"description\":\"SpinBetter\",\"alternateName\":\"Spin Better\",\"potentialAction\":[{\"@type\":\"SearchAction\",\"target\":{\"@type\":\"EntryPoint\",\"urlTemplate\":\"https:\/\/spinbetter.center\/lv\/?s={search_term_string}\"},\"query-input\":{\"@type\":\"PropertyValueSpecification\",\"valueRequired\":true,\"valueName\":\"search_term_string\"}}],\"inLanguage\":\"lv-LV\"}]}<\/script>\n<!-- \/ Yoast SEO plugin. -->","yoast_head_json":{"title":"SpinBetter autoriz\u0101cija | Nor\u0101d\u012bjumi, k\u0101 atjaunot piek\u013cuvi","description":"Pamata metodes, k\u0101 pieteikties SpinBetter kont\u0101. Soli pa solim, k\u0101 atg\u016bt aizmirstu paroli. Bie\u017e\u0101k sastopamo pieteik\u0161an\u0101s probl\u0113mu risin\u0101jumi.","robots":{"index":"index","follow":"follow","max-snippet":"max-snippet:-1","max-image-preview":"max-image-preview:large","max-video-preview":"max-video-preview:-1"},"canonical":"https:\/\/spinbetter.center\/lv\/login\/","og_locale":"lv_LV","og_type":"article","og_title":"SpinBetter autoriz\u0101cija | Nor\u0101d\u012bjumi, k\u0101 atjaunot piek\u013cuvi","og_description":"Pamata metodes, k\u0101 pieteikties SpinBetter kont\u0101. Soli pa solim, k\u0101 atg\u016bt aizmirstu paroli. Bie\u017e\u0101k sastopamo pieteik\u0161an\u0101s probl\u0113mu risin\u0101jumi.","og_url":"https:\/\/spinbetter.center\/lv\/login\/","og_site_name":"Spinbetter Center lv","article_modified_time":"2025-04-21T11:42:14+00:00","twitter_card":"summary_large_image","schema":{"@context":"https:\/\/schema.org","@graph":[{"@type":"WebPage","@id":"https:\/\/spinbetter.center\/lv\/login\/","url":"https:\/\/spinbetter.center\/lv\/login\/","name":"SpinBetter autoriz\u0101cija | Nor\u0101d\u012bjumi, k\u0101 atjaunot piek\u013cuvi","isPartOf":{"@id":"https:\/\/spinbetter.center\/lv\/#website"},"datePublished":"2024-11-11T09:29:24+00:00","dateModified":"2025-04-21T11:42:14+00:00","description":"Pamata metodes, k\u0101 pieteikties SpinBetter kont\u0101. Soli pa solim, k\u0101 atg\u016bt aizmirstu paroli. Bie\u017e\u0101k sastopamo pieteik\u0161an\u0101s probl\u0113mu risin\u0101jumi.","breadcrumb":{"@id":"https:\/\/spinbetter.center\/lv\/login\/#breadcrumb"},"inLanguage":"lv-LV","potentialAction":[{"@type":"ReadAction","target":["https:\/\/spinbetter.center\/lv\/login\/"]}]},{"@type":"BreadcrumbList","@id":"https:\/\/spinbetter.center\/lv\/login\/#breadcrumb","itemListElement":[{"@type":"ListItem","position":1,"name":"Home","item":"https:\/\/spinbetter.center\/lv\/"},{"@type":"ListItem","position":2,"name":"Pieteik\u0161an\u0101s"}]},{"@type":"WebSite","@id":"https:\/\/spinbetter.center\/lv\/#website","url":"https:\/\/spinbetter.center\/lv\/","name":"SpinBetter","description":"SpinBetter","alternateName":"Spin Better","potentialAction":[{"@type":"SearchAction","target":{"@type":"EntryPoint","urlTemplate":"https:\/\/spinbetter.center\/lv\/?s={search_term_string}"},"query-input":{"@type":"PropertyValueSpecification","valueRequired":true,"valueName":"search_term_string"}}],"inLanguage":"lv-LV"}]}},"_links":{"self":[{"href":"https:\/\/spinbetter.center\/lv\/wp-json\/wp\/v2\/pages\/422","targetHints":{"allow":["GET"]}}],"collection":[{"href":"https:\/\/spinbetter.center\/lv\/wp-json\/wp\/v2\/pages"}],"about":[{"href":"https:\/\/spinbetter.center\/lv\/wp-json\/wp\/v2\/types\/page"}],"author":[{"embeddable":true,"href":"https:\/\/spinbetter.center\/lv\/wp-json\/wp\/v2\/users\/1"}],"replies":[{"embeddable":true,"href":"https:\/\/spinbetter.center\/lv\/wp-json\/wp\/v2\/comments?post=422"}],"version-history":[{"count":2,"href":"https:\/\/spinbetter.center\/lv\/wp-json\/wp\/v2\/pages\/422\/revisions"}],"predecessor-version":[{"id":593,"href":"https:\/\/spinbetter.center\/lv\/wp-json\/wp\/v2\/pages\/422\/revisions\/593"}],"wp:attachment":[{"href":"https:\/\/spinbetter.center\/lv\/wp-json\/wp\/v2\/media?parent=422"}],"curies":[{"name":"wp","href":"https:\/\/api.w.org\/{rel}","templated":true}]}}