{"id":382,"date":"2024-11-08T08:39:19","date_gmt":"2024-11-08T08:39:19","guid":{"rendered":"https:\/\/spinbetter.center\/lv\/?page_id=382"},"modified":"2025-04-21T09:21:48","modified_gmt":"2025-04-21T09:21:48","slug":"partners","status":"publish","type":"page","link":"https:\/\/spinbetter.center\/lv\/partners\/","title":{"rendered":"Fili\u0101le"},"content":{"rendered":"","protected":false},"excerpt":{"rendered":"","protected":false},"author":1,"featured_media":0,"parent":0,"menu_order":0,"comment_status":"closed","ping_status":"closed","template":"","meta":{"footnotes":""},"class_list":["post-382","page","type-page","status-publish","hentry"],"yoast_head":"<!-- This site is optimized with the Yoast SEO plugin v27.4 - https:\/\/yoast.com\/product\/yoast-seo-wordpress\/ -->\n<title>SpinBetter partneru programma: Stabili pas\u012bvie ien\u0101kumi<\/title>\n<meta name=\"description\" content=\"SpinBetter partneru programmas funkcijas. At\u013cautie klientu piesaistes veidi un partneru maks\u0101jumu sh\u0113mas. Padomi, k\u0101 maksim\u0101li palielin\u0101t partneru ien\u0101kumus.\" \/>\n<meta name=\"robots\" content=\"index, follow, max-snippet:-1, max-image-preview:large, max-video-preview:-1\" \/>\n<link rel=\"canonical\" href=\"https:\/\/spinbetter.center\/lv\/partners\/\" \/>\n<meta property=\"og:locale\" content=\"lv_LV\" \/>\n<meta property=\"og:type\" content=\"article\" \/>\n<meta property=\"og:title\" content=\"SpinBetter partneru programma: Stabili pas\u012bvie ien\u0101kumi\" \/>\n<meta property=\"og:description\" content=\"SpinBetter partneru programmas funkcijas. At\u013cautie klientu piesaistes veidi un partneru maks\u0101jumu sh\u0113mas. Padomi, k\u0101 maksim\u0101li palielin\u0101t partneru ien\u0101kumus.\" \/>\n<meta property=\"og:url\" content=\"https:\/\/spinbetter.center\/lv\/partners\/\" \/>\n<meta property=\"og:site_name\" content=\"Spinbetter Center lv\" \/>\n<meta property=\"article:modified_time\" content=\"2025-04-21T09:21:48+00:00\" \/>\n<meta name=\"twitter:card\" content=\"summary_large_image\" \/>\n<script type=\"application\/ld+json\" class=\"yoast-schema-graph\">{\"@context\":\"https:\\\/\\\/schema.org\",\"@graph\":[{\"@type\":\"WebPage\",\"@id\":\"https:\\\/\\\/spinbetter.center\\\/lv\\\/partners\\\/\",\"url\":\"https:\\\/\\\/spinbetter.center\\\/lv\\\/partners\\\/\",\"name\":\"SpinBetter partneru programma: Stabili pas\u012bvie ien\u0101kumi\",\"isPartOf\":{\"@id\":\"https:\\\/\\\/spinbetter.center\\\/lv\\\/#website\"},\"datePublished\":\"2024-11-08T08:39:19+00:00\",\"dateModified\":\"2025-04-21T09:21:48+00:00\",\"description\":\"SpinBetter partneru programmas funkcijas. At\u013cautie klientu piesaistes veidi un partneru maks\u0101jumu sh\u0113mas. Padomi, k\u0101 maksim\u0101li palielin\u0101t partneru ien\u0101kumus.\",\"breadcrumb\":{\"@id\":\"https:\\\/\\\/spinbetter.center\\\/lv\\\/partners\\\/#breadcrumb\"},\"inLanguage\":\"lv-LV\",\"potentialAction\":[{\"@type\":\"ReadAction\",\"target\":[\"https:\\\/\\\/spinbetter.center\\\/lv\\\/partners\\\/\"]}]},{\"@type\":\"BreadcrumbList\",\"@id\":\"https:\\\/\\\/spinbetter.center\\\/lv\\\/partners\\\/#breadcrumb\",\"itemListElement\":[{\"@type\":\"ListItem\",\"position\":1,\"name\":\"Home\",\"item\":\"https:\\\/\\\/spinbetter.center\\\/lv\\\/\"},{\"@type\":\"ListItem\",\"position\":2,\"name\":\"Fili\u0101le\"}]},{\"@type\":\"WebSite\",\"@id\":\"https:\\\/\\\/spinbetter.center\\\/lv\\\/#website\",\"url\":\"https:\\\/\\\/spinbetter.center\\\/lv\\\/\",\"name\":\"SpinBetter\",\"description\":\"SpinBetter\",\"alternateName\":\"Spin Better\",\"potentialAction\":[{\"@type\":\"SearchAction\",\"target\":{\"@type\":\"EntryPoint\",\"urlTemplate\":\"https:\\\/\\\/spinbetter.center\\\/lv\\\/?s={search_term_string}\"},\"query-input\":{\"@type\":\"PropertyValueSpecification\",\"valueRequired\":true,\"valueName\":\"search_term_string\"}}],\"inLanguage\":\"lv-LV\"}]}<\/script>\n<!-- \/ Yoast SEO plugin. -->","yoast_head_json":{"title":"SpinBetter partneru programma: Stabili pas\u012bvie ien\u0101kumi","description":"SpinBetter partneru programmas funkcijas. At\u013cautie klientu piesaistes veidi un partneru maks\u0101jumu sh\u0113mas. Padomi, k\u0101 maksim\u0101li palielin\u0101t partneru ien\u0101kumus.","robots":{"index":"index","follow":"follow","max-snippet":"max-snippet:-1","max-image-preview":"max-image-preview:large","max-video-preview":"max-video-preview:-1"},"canonical":"https:\/\/spinbetter.center\/lv\/partners\/","og_locale":"lv_LV","og_type":"article","og_title":"SpinBetter partneru programma: Stabili pas\u012bvie ien\u0101kumi","og_description":"SpinBetter partneru programmas funkcijas. At\u013cautie klientu piesaistes veidi un partneru maks\u0101jumu sh\u0113mas. Padomi, k\u0101 maksim\u0101li palielin\u0101t partneru ien\u0101kumus.","og_url":"https:\/\/spinbetter.center\/lv\/partners\/","og_site_name":"Spinbetter Center lv","article_modified_time":"2025-04-21T09:21:48+00:00","twitter_card":"summary_large_image","schema":{"@context":"https:\/\/schema.org","@graph":[{"@type":"WebPage","@id":"https:\/\/spinbetter.center\/lv\/partners\/","url":"https:\/\/spinbetter.center\/lv\/partners\/","name":"SpinBetter partneru programma: Stabili pas\u012bvie ien\u0101kumi","isPartOf":{"@id":"https:\/\/spinbetter.center\/lv\/#website"},"datePublished":"2024-11-08T08:39:19+00:00","dateModified":"2025-04-21T09:21:48+00:00","description":"SpinBetter partneru programmas funkcijas. At\u013cautie klientu piesaistes veidi un partneru maks\u0101jumu sh\u0113mas. Padomi, k\u0101 maksim\u0101li palielin\u0101t partneru ien\u0101kumus.","breadcrumb":{"@id":"https:\/\/spinbetter.center\/lv\/partners\/#breadcrumb"},"inLanguage":"lv-LV","potentialAction":[{"@type":"ReadAction","target":["https:\/\/spinbetter.center\/lv\/partners\/"]}]},{"@type":"BreadcrumbList","@id":"https:\/\/spinbetter.center\/lv\/partners\/#breadcrumb","itemListElement":[{"@type":"ListItem","position":1,"name":"Home","item":"https:\/\/spinbetter.center\/lv\/"},{"@type":"ListItem","position":2,"name":"Fili\u0101le"}]},{"@type":"WebSite","@id":"https:\/\/spinbetter.center\/lv\/#website","url":"https:\/\/spinbetter.center\/lv\/","name":"SpinBetter","description":"SpinBetter","alternateName":"Spin Better","potentialAction":[{"@type":"SearchAction","target":{"@type":"EntryPoint","urlTemplate":"https:\/\/spinbetter.center\/lv\/?s={search_term_string}"},"query-input":{"@type":"PropertyValueSpecification","valueRequired":true,"valueName":"search_term_string"}}],"inLanguage":"lv-LV"}]}},"_links":{"self":[{"href":"https:\/\/spinbetter.center\/lv\/wp-json\/wp\/v2\/pages\/382","targetHints":{"allow":["GET"]}}],"collection":[{"href":"https:\/\/spinbetter.center\/lv\/wp-json\/wp\/v2\/pages"}],"about":[{"href":"https:\/\/spinbetter.center\/lv\/wp-json\/wp\/v2\/types\/page"}],"author":[{"embeddable":true,"href":"https:\/\/spinbetter.center\/lv\/wp-json\/wp\/v2\/users\/1"}],"replies":[{"embeddable":true,"href":"https:\/\/spinbetter.center\/lv\/wp-json\/wp\/v2\/comments?post=382"}],"version-history":[{"count":6,"href":"https:\/\/spinbetter.center\/lv\/wp-json\/wp\/v2\/pages\/382\/revisions"}],"predecessor-version":[{"id":576,"href":"https:\/\/spinbetter.center\/lv\/wp-json\/wp\/v2\/pages\/382\/revisions\/576"}],"wp:attachment":[{"href":"https:\/\/spinbetter.center\/lv\/wp-json\/wp\/v2\/media?parent=382"}],"curies":[{"name":"wp","href":"https:\/\/api.w.org\/{rel}","templated":true}]}}