{"id":360,"date":"2024-12-08T07:17:25","date_gmt":"2024-12-08T07:17:25","guid":{"rendered":"https:\/\/spinbetter.center\/lv\/bd\/?page_id=360"},"modified":"2025-04-21T09:32:50","modified_gmt":"2025-04-21T09:32:50","slug":"apk","status":"publish","type":"page","link":"https:\/\/spinbetter.center\/lv\/apk\/","title":{"rendered":"Apk"},"content":{"rendered":"","protected":false},"excerpt":{"rendered":"","protected":false},"author":1,"featured_media":0,"parent":0,"menu_order":0,"comment_status":"closed","ping_status":"closed","template":"","meta":{"footnotes":""},"class_list":["post-360","page","type-page","status-publish","hentry"],"yoast_head":"<!-- This site is optimized with the Yoast SEO plugin v27.4 - https:\/\/yoast.com\/product\/yoast-seo-wordpress\/ -->\n<title>SpinBetter Apk Android: Lejupiel\u0101de un instal\u0113\u0161ana<\/title>\n<meta name=\"description\" content=\"SpinBetter mobil\u0101s aplik\u0101cijas Android ier\u012bc\u0113m galven\u0101s funkcijas. Soli pa solim nor\u0101d\u012bjumi par programmas lejupiel\u0101di un instal\u0113\u0161anu. SpinBetter apk sal\u012bdzin\u0101jums ar t\u012bmek\u013ca vietnes mobilo versiju.\" \/>\n<meta name=\"robots\" content=\"index, follow, max-snippet:-1, max-image-preview:large, max-video-preview:-1\" \/>\n<link rel=\"canonical\" href=\"https:\/\/spinbetter.center\/lv\/apk\/\" \/>\n<meta property=\"og:locale\" content=\"lv_LV\" \/>\n<meta property=\"og:type\" content=\"article\" \/>\n<meta property=\"og:title\" content=\"SpinBetter Apk Android: Lejupiel\u0101de un instal\u0113\u0161ana\" \/>\n<meta property=\"og:description\" content=\"SpinBetter mobil\u0101s aplik\u0101cijas Android ier\u012bc\u0113m galven\u0101s funkcijas. Soli pa solim nor\u0101d\u012bjumi par programmas lejupiel\u0101di un instal\u0113\u0161anu. SpinBetter apk sal\u012bdzin\u0101jums ar t\u012bmek\u013ca vietnes mobilo versiju.\" \/>\n<meta property=\"og:url\" content=\"https:\/\/spinbetter.center\/lv\/apk\/\" \/>\n<meta property=\"og:site_name\" content=\"Spinbetter Center lv\" \/>\n<meta property=\"article:modified_time\" content=\"2025-04-21T09:32:50+00:00\" \/>\n<meta name=\"twitter:card\" content=\"summary_large_image\" \/>\n<script type=\"application\/ld+json\" class=\"yoast-schema-graph\">{\"@context\":\"https:\\\/\\\/schema.org\",\"@graph\":[{\"@type\":\"WebPage\",\"@id\":\"https:\\\/\\\/spinbetter.center\\\/lv\\\/apk\\\/\",\"url\":\"https:\\\/\\\/spinbetter.center\\\/lv\\\/apk\\\/\",\"name\":\"SpinBetter Apk Android: Lejupiel\u0101de un instal\u0113\u0161ana\",\"isPartOf\":{\"@id\":\"https:\\\/\\\/spinbetter.center\\\/lv\\\/#website\"},\"datePublished\":\"2024-12-08T07:17:25+00:00\",\"dateModified\":\"2025-04-21T09:32:50+00:00\",\"description\":\"SpinBetter mobil\u0101s aplik\u0101cijas Android ier\u012bc\u0113m galven\u0101s funkcijas. Soli pa solim nor\u0101d\u012bjumi par programmas lejupiel\u0101di un instal\u0113\u0161anu. SpinBetter apk sal\u012bdzin\u0101jums ar t\u012bmek\u013ca vietnes mobilo versiju.\",\"breadcrumb\":{\"@id\":\"https:\\\/\\\/spinbetter.center\\\/lv\\\/apk\\\/#breadcrumb\"},\"inLanguage\":\"lv-LV\",\"potentialAction\":[{\"@type\":\"ReadAction\",\"target\":[\"https:\\\/\\\/spinbetter.center\\\/lv\\\/apk\\\/\"]}]},{\"@type\":\"BreadcrumbList\",\"@id\":\"https:\\\/\\\/spinbetter.center\\\/lv\\\/apk\\\/#breadcrumb\",\"itemListElement\":[{\"@type\":\"ListItem\",\"position\":1,\"name\":\"Home\",\"item\":\"https:\\\/\\\/spinbetter.center\\\/lv\\\/\"},{\"@type\":\"ListItem\",\"position\":2,\"name\":\"Apk\"}]},{\"@type\":\"WebSite\",\"@id\":\"https:\\\/\\\/spinbetter.center\\\/lv\\\/#website\",\"url\":\"https:\\\/\\\/spinbetter.center\\\/lv\\\/\",\"name\":\"SpinBetter\",\"description\":\"SpinBetter\",\"alternateName\":\"Spin Better\",\"potentialAction\":[{\"@type\":\"SearchAction\",\"target\":{\"@type\":\"EntryPoint\",\"urlTemplate\":\"https:\\\/\\\/spinbetter.center\\\/lv\\\/?s={search_term_string}\"},\"query-input\":{\"@type\":\"PropertyValueSpecification\",\"valueRequired\":true,\"valueName\":\"search_term_string\"}}],\"inLanguage\":\"lv-LV\"}]}<\/script>\n<!-- \/ Yoast SEO plugin. -->","yoast_head_json":{"title":"SpinBetter Apk Android: Lejupiel\u0101de un instal\u0113\u0161ana","description":"SpinBetter mobil\u0101s aplik\u0101cijas Android ier\u012bc\u0113m galven\u0101s funkcijas. Soli pa solim nor\u0101d\u012bjumi par programmas lejupiel\u0101di un instal\u0113\u0161anu. SpinBetter apk sal\u012bdzin\u0101jums ar t\u012bmek\u013ca vietnes mobilo versiju.","robots":{"index":"index","follow":"follow","max-snippet":"max-snippet:-1","max-image-preview":"max-image-preview:large","max-video-preview":"max-video-preview:-1"},"canonical":"https:\/\/spinbetter.center\/lv\/apk\/","og_locale":"lv_LV","og_type":"article","og_title":"SpinBetter Apk Android: Lejupiel\u0101de un instal\u0113\u0161ana","og_description":"SpinBetter mobil\u0101s aplik\u0101cijas Android ier\u012bc\u0113m galven\u0101s funkcijas. Soli pa solim nor\u0101d\u012bjumi par programmas lejupiel\u0101di un instal\u0113\u0161anu. SpinBetter apk sal\u012bdzin\u0101jums ar t\u012bmek\u013ca vietnes mobilo versiju.","og_url":"https:\/\/spinbetter.center\/lv\/apk\/","og_site_name":"Spinbetter Center lv","article_modified_time":"2025-04-21T09:32:50+00:00","twitter_card":"summary_large_image","schema":{"@context":"https:\/\/schema.org","@graph":[{"@type":"WebPage","@id":"https:\/\/spinbetter.center\/lv\/apk\/","url":"https:\/\/spinbetter.center\/lv\/apk\/","name":"SpinBetter Apk Android: Lejupiel\u0101de un instal\u0113\u0161ana","isPartOf":{"@id":"https:\/\/spinbetter.center\/lv\/#website"},"datePublished":"2024-12-08T07:17:25+00:00","dateModified":"2025-04-21T09:32:50+00:00","description":"SpinBetter mobil\u0101s aplik\u0101cijas Android ier\u012bc\u0113m galven\u0101s funkcijas. Soli pa solim nor\u0101d\u012bjumi par programmas lejupiel\u0101di un instal\u0113\u0161anu. SpinBetter apk sal\u012bdzin\u0101jums ar t\u012bmek\u013ca vietnes mobilo versiju.","breadcrumb":{"@id":"https:\/\/spinbetter.center\/lv\/apk\/#breadcrumb"},"inLanguage":"lv-LV","potentialAction":[{"@type":"ReadAction","target":["https:\/\/spinbetter.center\/lv\/apk\/"]}]},{"@type":"BreadcrumbList","@id":"https:\/\/spinbetter.center\/lv\/apk\/#breadcrumb","itemListElement":[{"@type":"ListItem","position":1,"name":"Home","item":"https:\/\/spinbetter.center\/lv\/"},{"@type":"ListItem","position":2,"name":"Apk"}]},{"@type":"WebSite","@id":"https:\/\/spinbetter.center\/lv\/#website","url":"https:\/\/spinbetter.center\/lv\/","name":"SpinBetter","description":"SpinBetter","alternateName":"Spin Better","potentialAction":[{"@type":"SearchAction","target":{"@type":"EntryPoint","urlTemplate":"https:\/\/spinbetter.center\/lv\/?s={search_term_string}"},"query-input":{"@type":"PropertyValueSpecification","valueRequired":true,"valueName":"search_term_string"}}],"inLanguage":"lv-LV"}]}},"amp_enabled":true,"_links":{"self":[{"href":"https:\/\/spinbetter.center\/lv\/wp-json\/wp\/v2\/pages\/360","targetHints":{"allow":["GET"]}}],"collection":[{"href":"https:\/\/spinbetter.center\/lv\/wp-json\/wp\/v2\/pages"}],"about":[{"href":"https:\/\/spinbetter.center\/lv\/wp-json\/wp\/v2\/types\/page"}],"author":[{"embeddable":true,"href":"https:\/\/spinbetter.center\/lv\/wp-json\/wp\/v2\/users\/1"}],"replies":[{"embeddable":true,"href":"https:\/\/spinbetter.center\/lv\/wp-json\/wp\/v2\/comments?post=360"}],"version-history":[{"count":5,"href":"https:\/\/spinbetter.center\/lv\/wp-json\/wp\/v2\/pages\/360\/revisions"}],"predecessor-version":[{"id":577,"href":"https:\/\/spinbetter.center\/lv\/wp-json\/wp\/v2\/pages\/360\/revisions\/577"}],"wp:attachment":[{"href":"https:\/\/spinbetter.center\/lv\/wp-json\/wp\/v2\/media?parent=360"}],"curies":[{"name":"wp","href":"https:\/\/api.w.org\/{rel}","templated":true}]}}